{"id":5239,"date":"2023-10-20T16:10:29","date_gmt":"2023-10-20T14:10:29","guid":{"rendered":"https:\/\/hotelrosa.biz\/?page_id=5239"},"modified":"2023-10-20T16:10:29","modified_gmt":"2023-10-20T14:10:29","slug":"garaz","status":"publish","type":"page","link":"https:\/\/hotelrosa.biz\/pl\/garaz.html","title":{"rendered":"Gara\u017c"},"content":{"rendered":"<p>[vc_row][vc_column][vc_column_text]<\/p>\n<h1 style=\"text-align: center;\"><span style=\"color: #cc9933;\">Gara\u017c w Hotelu Rosa<br \/>\n<\/span><\/h1>\n<p style=\"text-align: justify;\">W Hotelu Rosa wiemy, jak wa\u017cny jest spok\u00f3j i komfort naszych go\u015bci. Dlatego stworzyli\u015bmy nowy, przestronny gara\u017c wewn\u0119trzny, zaprojektowany tak, aby pomie\u015bci\u0107 pojazdy wszystkich naszych go\u015bci. Po zaparkowaniu pojazdu w naszym gara\u017cu mo\u017cna si\u0119 zrelaksowa\u0107, wiedz\u0105c, \u017ce jest on bezpieczny przed \u017cywio\u0142ami i ciekawskimi spojrzeniami. Go\u015bcie mog\u0105 r\u00f3wnie\u017c korzysta\u0107 z niezadaszonego parkingu przed hotelem.<\/p>\n<p>[\/vc_column_text][\/vc_column][\/vc_row][vc_row][vc_column width=&#8221;1\/2&#8243;][vc_single_image image=&#8221;5163&#8243; img_size=&#8221;500&#215;300&#8243; alignment=&#8221;center&#8221;][\/vc_column][vc_column width=&#8221;1\/2&#8243;][vc_column_text]Nasz hotel w Vigo di Fassa dysponuje gara\u017cem wewn\u0119trznym i parkingiem zewn\u0119trznym:<\/p>\n<p>Du\u017ce i bezpieczne miejsca: Niezale\u017cnie od wielko\u015bci pojazdu, w naszym gara\u017cu znajdziesz wystarczaj\u0105co du\u017co miejsca. Tw\u00f3j samoch\u00f3d b\u0119dzie zabezpieczony przed \u017cywio\u0142ami, gwarantuj\u0105c maksymalny spok\u00f3j podczas pobytu.<\/p>\n<p style=\"text-align: justify;\">Bezpo\u015bredni dost\u0119p do hotelu: Zapomnij o pokonywaniu kilometr\u00f3w lub czekaniu w deszczu. Nasz gara\u017c oferuje bezpo\u015bredni dost\u0119p do hotelu, dzi\u0119ki czemu przyjazd i wyjazd s\u0105 dziecinnie proste.<\/p>\n<p style=\"text-align: justify;\">Ponadto hotel zapewnia swoim go\u015bciom niestrze\u017cony parking zewn\u0119trzny na dziedzi\u0144cu przed hotelem.<\/p>\n<p style=\"text-align: justify;\">Koszt miejsca parkingowego w krytym gara\u017cu wynosi 10 EUR za dzie\u0144.<\/p>\n<p>[\/vc_column_text][\/vc_column][\/vc_row][vc_row][vc_column width=&#8221;1\/3&#8243;][vc_single_image image=&#8221;5181&#8243; img_size=&#8221;500&#215;300&#8243; alignment=&#8221;center&#8221;][\/vc_column][vc_column width=&#8221;1\/3&#8243;][vc_single_image image=&#8221;5177&#8243; img_size=&#8221;500&#215;300&#8243; alignment=&#8221;center&#8221;][\/vc_column][vc_column width=&#8221;1\/3&#8243;][vc_single_image image=&#8221;5159&#8243; img_size=&#8221;500&#215;300&#8243; alignment=&#8221;center&#8221;][\/vc_column][\/vc_row]<\/p>\n","protected":false},"excerpt":{"rendered":"<p>[vc_row][vc_column][vc_column_text] Gara\u017c w Hotelu Rosa W Hotelu Rosa wiemy, jak wa\u017cny jest spok\u00f3j i komfort naszych go\u015bci. Dlatego stworzyli\u015bmy nowy, przestronny gara\u017c wewn\u0119trzny, zaprojektowany tak, aby pomie\u015bci\u0107 pojazdy wszystkich naszych go\u015bci. Po zaparkowaniu pojazdu w naszym gara\u017cu mo\u017cna si\u0119 zrelaksowa\u0107, wiedz\u0105c, \u017ce jest on bezpieczny przed \u017cywio\u0142ami i ciekawskimi spojrzeniami. Go\u015bcie mog\u0105 r\u00f3wnie\u017c korzysta\u0107 z [&hellip;]<\/p>\n","protected":false},"author":2,"featured_media":0,"parent":0,"menu_order":0,"comment_status":"closed","ping_status":"closed","template":"","meta":{"_acf_changed":false,"footnotes":""},"class_list":["post-5239","page","type-page","status-publish","hentry"],"acf":[],"yoast_head":"<!-- This site is optimized with the Yoast SEO plugin v27.4 - https:\/\/yoast.com\/product\/yoast-seo-wordpress\/ -->\n<title>Gara\u017c -<\/title>\n<meta name=\"robots\" content=\"index, follow, max-snippet:-1, max-image-preview:large, max-video-preview:-1\" \/>\n<link rel=\"canonical\" href=\"https:\/\/hotelrosa.biz\/pl\/garaz.html\" \/>\n<meta property=\"og:locale\" content=\"pl_PL\" \/>\n<meta property=\"og:type\" content=\"article\" \/>\n<meta property=\"og:title\" content=\"Gara\u017c -\" \/>\n<meta property=\"og:description\" content=\"[vc_row][vc_column][vc_column_text] Gara\u017c w Hotelu Rosa W Hotelu Rosa wiemy, jak wa\u017cny jest spok\u00f3j i komfort naszych go\u015bci. Dlatego stworzyli\u015bmy nowy, przestronny gara\u017c wewn\u0119trzny, zaprojektowany tak, aby pomie\u015bci\u0107 pojazdy wszystkich naszych go\u015bci. Po zaparkowaniu pojazdu w naszym gara\u017cu mo\u017cna si\u0119 zrelaksowa\u0107, wiedz\u0105c, \u017ce jest on bezpieczny przed \u017cywio\u0142ami i ciekawskimi spojrzeniami. Go\u015bcie mog\u0105 r\u00f3wnie\u017c korzysta\u0107 z [&hellip;]\" \/>\n<meta property=\"og:url\" content=\"https:\/\/hotelrosa.biz\/pl\/garaz.html\" \/>\n<meta name=\"twitter:card\" content=\"summary_large_image\" \/>\n<meta name=\"twitter:label1\" content=\"Szacowany czas czytania\" \/>\n\t<meta name=\"twitter:data1\" content=\"1 minuta\" \/>\n<script type=\"application\/ld+json\" class=\"yoast-schema-graph\">{\"@context\":\"https:\\\/\\\/schema.org\",\"@graph\":[{\"@type\":\"WebPage\",\"@id\":\"https:\\\/\\\/hotelrosa.biz\\\/pl\\\/garaz.html\",\"url\":\"https:\\\/\\\/hotelrosa.biz\\\/pl\\\/garaz.html\",\"name\":\"Gara\u017c -\",\"isPartOf\":{\"@id\":\"https:\\\/\\\/hotelrosa.biz\\\/#website\"},\"datePublished\":\"2023-10-20T14:10:29+00:00\",\"breadcrumb\":{\"@id\":\"https:\\\/\\\/hotelrosa.biz\\\/pl\\\/garaz.html#breadcrumb\"},\"inLanguage\":\"pl-PL\",\"potentialAction\":[{\"@type\":\"ReadAction\",\"target\":[\"https:\\\/\\\/hotelrosa.biz\\\/pl\\\/garaz.html\"]}]},{\"@type\":\"BreadcrumbList\",\"@id\":\"https:\\\/\\\/hotelrosa.biz\\\/pl\\\/garaz.html#breadcrumb\",\"itemListElement\":[{\"@type\":\"ListItem\",\"position\":1,\"name\":\"Home\",\"item\":\"https:\\\/\\\/hotelrosa.biz\\\/pl\\\/\"},{\"@type\":\"ListItem\",\"position\":2,\"name\":\"Gara\u017c\"}]},{\"@type\":\"WebSite\",\"@id\":\"https:\\\/\\\/hotelrosa.biz\\\/#website\",\"url\":\"https:\\\/\\\/hotelrosa.biz\\\/\",\"name\":\"\",\"description\":\"\",\"potentialAction\":[{\"@type\":\"SearchAction\",\"target\":{\"@type\":\"EntryPoint\",\"urlTemplate\":\"https:\\\/\\\/hotelrosa.biz\\\/?s={search_term_string}\"},\"query-input\":{\"@type\":\"PropertyValueSpecification\",\"valueRequired\":true,\"valueName\":\"search_term_string\"}}],\"inLanguage\":\"pl-PL\"}]}<\/script>\n<!-- \/ Yoast SEO plugin. -->","yoast_head_json":{"title":"Gara\u017c -","robots":{"index":"index","follow":"follow","max-snippet":"max-snippet:-1","max-image-preview":"max-image-preview:large","max-video-preview":"max-video-preview:-1"},"canonical":"https:\/\/hotelrosa.biz\/pl\/garaz.html","og_locale":"pl_PL","og_type":"article","og_title":"Gara\u017c -","og_description":"[vc_row][vc_column][vc_column_text] Gara\u017c w Hotelu Rosa W Hotelu Rosa wiemy, jak wa\u017cny jest spok\u00f3j i komfort naszych go\u015bci. Dlatego stworzyli\u015bmy nowy, przestronny gara\u017c wewn\u0119trzny, zaprojektowany tak, aby pomie\u015bci\u0107 pojazdy wszystkich naszych go\u015bci. Po zaparkowaniu pojazdu w naszym gara\u017cu mo\u017cna si\u0119 zrelaksowa\u0107, wiedz\u0105c, \u017ce jest on bezpieczny przed \u017cywio\u0142ami i ciekawskimi spojrzeniami. Go\u015bcie mog\u0105 r\u00f3wnie\u017c korzysta\u0107 z [&hellip;]","og_url":"https:\/\/hotelrosa.biz\/pl\/garaz.html","twitter_card":"summary_large_image","twitter_misc":{"Szacowany czas czytania":"1 minuta"},"schema":{"@context":"https:\/\/schema.org","@graph":[{"@type":"WebPage","@id":"https:\/\/hotelrosa.biz\/pl\/garaz.html","url":"https:\/\/hotelrosa.biz\/pl\/garaz.html","name":"Gara\u017c -","isPartOf":{"@id":"https:\/\/hotelrosa.biz\/#website"},"datePublished":"2023-10-20T14:10:29+00:00","breadcrumb":{"@id":"https:\/\/hotelrosa.biz\/pl\/garaz.html#breadcrumb"},"inLanguage":"pl-PL","potentialAction":[{"@type":"ReadAction","target":["https:\/\/hotelrosa.biz\/pl\/garaz.html"]}]},{"@type":"BreadcrumbList","@id":"https:\/\/hotelrosa.biz\/pl\/garaz.html#breadcrumb","itemListElement":[{"@type":"ListItem","position":1,"name":"Home","item":"https:\/\/hotelrosa.biz\/pl\/"},{"@type":"ListItem","position":2,"name":"Gara\u017c"}]},{"@type":"WebSite","@id":"https:\/\/hotelrosa.biz\/#website","url":"https:\/\/hotelrosa.biz\/","name":"","description":"","potentialAction":[{"@type":"SearchAction","target":{"@type":"EntryPoint","urlTemplate":"https:\/\/hotelrosa.biz\/?s={search_term_string}"},"query-input":{"@type":"PropertyValueSpecification","valueRequired":true,"valueName":"search_term_string"}}],"inLanguage":"pl-PL"}]}},"_links":{"self":[{"href":"https:\/\/hotelrosa.biz\/pl\/wp-json\/wp\/v2\/pages\/5239\/"}],"collection":[{"href":"https:\/\/hotelrosa.biz\/pl\/wp-json\/wp\/v2\/pages\/"}],"about":[{"href":"https:\/\/hotelrosa.biz\/pl\/wp-json\/wp\/v2\/types\/page\/"}],"author":[{"embeddable":true,"href":"https:\/\/hotelrosa.biz\/pl\/wp-json\/wp\/v2\/users\/2\/"}],"replies":[{"embeddable":true,"href":"https:\/\/hotelrosa.biz\/pl\/wp-json\/wp\/v2\/comments\/?post=5239"}],"version-history":[{"count":1,"href":"https:\/\/hotelrosa.biz\/pl\/wp-json\/wp\/v2\/pages\/5239\/revisions\/"}],"predecessor-version":[{"id":5240,"href":"https:\/\/hotelrosa.biz\/pl\/wp-json\/wp\/v2\/pages\/5239\/revisions\/5240\/"}],"wp:attachment":[{"href":"https:\/\/hotelrosa.biz\/pl\/wp-json\/wp\/v2\/media\/?parent=5239"}],"curies":[{"name":"wp","href":"https:\/\/api.w.org\/{rel}","templated":true}]}}