{"id":2600,"date":"2022-09-14T15:09:06","date_gmt":"2022-09-14T13:09:06","guid":{"rendered":"https:\/\/hotelrosa.biz\/wellness-spa.html"},"modified":"2023-04-26T17:24:07","modified_gmt":"2023-04-26T15:24:07","slug":"wellness-spa","status":"publish","type":"page","link":"https:\/\/hotelrosa.biz\/pl\/wellness-spa.html","title":{"rendered":"Wellness"},"content":{"rendered":"<p>[vc_row][vc_column][vc_column_text]<\/p>\n<h1 style=\"text-align: center;\"><span style=\"color: #cc9933;\">Hotel z Centrum Wellness &amp; Spa w Vigo di Fassa<\/span><\/h1>\n<h1 style=\"text-align: center;\"><span style=\"color: #cc9933;\">Rozpieszczaj si\u0119 i relaksuj<\/span><\/h1>\n<p>Pod koniec dnia sp\u0119dzonego w g\u00f3rach, na stokach narciarskich lub na szlakach Dolomit\u00f3w, po powrocie do hotelu fantastycznie jest zrelaksowa\u0107 si\u0119 w ciep\u0142ej i przyjaznej atmosferze zupe\u0142nie nowego Centrum Wellness &amp; Spa w Hotelu Rosa w Vigo di Fassa, pozwalaj\u0105c swojemu duchowi odlecie\u0107 i odzyska\u0107 r\u00f3wnowag\u0119 i witalno\u015b\u0107!<\/p>\n<p>Nasze us\u0142ugi wellness rozpieszcz\u0105 Ci\u0119, sprawi\u0105, \u017ce zapomnisz o codziennym stresie i dodadz\u0105 Ci nowej energii, by\u015b m\u00f3g\u0142 zacz\u0105\u0107 z nowym impetem.\u00a0 W rzeczywisto\u015bci nasze Spa oferuje wellness i relaks w najczystszym stanie, z licznymi mo\u017cliwo\u015bciami regeneracji cia\u0142a i umys\u0142u:<\/p>\n<ul>\n<li><strong>Basen<\/strong> i korzy\u015bci p\u0142yn\u0105ce z hydroterapii: nacisk strumieni wody na sk\u00f3r\u0119 generuje efekt regeneruj\u0105cy, kt\u00f3ry zmniejsza napi\u0119cie mi\u0119\u015bni i pobudza kr\u0105\u017cenie krwi i limfy. Ponadto p\u0142ywanie jest zalecane jako aerobowa aktywno\u015b\u0107 fizyczna poprawiaj\u0105ca metabolizm;<\/li>\n<li><strong>Sauna<\/strong> sprzyja relaksacji, zmniejsza niepok\u00f3j i stres, optymalizuje regeneracj\u0119 mi\u0119\u015bni, dzia\u0142a uspokajaj\u0105co na zako\u0144czenia nerwowe i poprawia kr\u0105\u017cenie centralne i obwodowe;<\/li>\n<li><strong>Whirlpool<\/strong> jest szczeg\u00f3lnie korzystny dla kr\u0105\u017cenia: tkanki i mi\u0119\u015bnie s\u0105 stymulowane dla efektu drenuj\u0105cego. W ten spos\u00f3b pomaga w walce z zatrzymywaniem wody, poniewa\u017c tonizuj\u0105cy masa\u017c wody na sk\u00f3rze uj\u0119drnia nogi, po\u015bladki, ramiona i brzuch;<\/li>\n<li><strong>\u0141a\u017ania turecka<\/strong> przynosi liczne korzy\u015bci, a w szczeg\u00f3lno\u015bci: redukuje stres i w naturalny spos\u00f3b zmniejsza napi\u0119cie; wspomaga kr\u0105\u017cenie; dzia\u0142a tonizuj\u0105co, drenuj\u0105co i relaksuj\u0105co; pomaga zwalcza\u0107 bezsenno\u015b\u0107, napi\u0119cie mi\u0119\u015bniowe i b\u00f3le reumatyczne; przyczynia si\u0119 do regularnego funkcjonowania dr\u00f3g oddechowych; korzystnie wp\u0142ywa na sk\u00f3r\u0119, poniewa\u017c para wodna rozszerza pory, pozwalaj\u0105c na usuni\u0119cie nadmiaru zanieczyszcze\u0144;<\/li>\n<li><strong>Prysznic tropikalny<\/strong> zapewnia wspania\u0142e wra\u017cenia: r\u00f3\u017cne strumienie wody o specjalnych aromatach i terapia kolorami. Prysznic tropikalny sk\u0142ada si\u0119 z lekkiego strumienia wody z mikrodyszami, bogatego w olejki i esencje aromatyczne, przydatne do utrzymania w\u0142a\u015bciwego poziomu nawil\u017cenia i od\u015bwie\u017cenia cia\u0142a;<\/li>\n<li><strong>Kaskada lodowa<\/strong>, sk\u0142ada si\u0119 z wanny z drobno pokruszonymi p\u0142atkami lodu. Wystawienie si\u0119 na dzia\u0142anie ch\u0142odniejszej temperatury, po sesjach w saunie lub \u0142a\u017ani parowej, daje nie tylko natychmiastowe orze\u017awienie, ale tak\u017ce przyjemne samopoczucie. Korzy\u015bci odnosz\u0105 r\u00f3wnie\u017c uk\u0142ad odporno\u015bciowy i kr\u0105\u017cenia;<\/li>\n<li><strong>Strefa relaksu<\/strong> jest wyposa\u017cona w le\u017caki i le\u017canki, aby umo\u017cliwi\u0107 go\u015bciom relaks i odpr\u0119\u017cenie podczas r\u00f3\u017cnych zabieg\u00f3w wellness;<\/li>\n<li><strong>Panoramiczny taras s\u0142oneczny<\/strong> pozwala na relaks podczas podziwiania wspania\u0142ej panoramy Dolomit\u00f3w ;<\/li>\n<li><strong>Herbaciarnia zio\u0142owa<\/strong> oferuje mo\u017cliwo\u015b\u0107 delektowania si\u0119 r\u00f3\u017cnymi rodzajami herbat zio\u0142owych, aby zrelaksowa\u0107 si\u0119 i odzyska\u0107 dobre samopoczucie ;<\/li>\n<li><strong>\u015acie\u017cka Kneippa<\/strong> ma natychmiastowy wp\u0142yw na uk\u0142ad kr\u0105\u017cenia i uk\u0142ad odporno\u015bciowy; zabieg tonizuje i o\u017cywia cia\u0142o oraz ma dzia\u0142anie drenuj\u0105ce, kt\u00f3re zwalcza zatrzymywanie wody i cellulit;<br \/>\n<strong>I wiele wi\u0119cej &#8230;<\/strong><\/li>\n<\/ul>\n<p>W pi\u0119kne letnie dni mo\u017cna cieszy\u0107 si\u0119 dobrym samopoczuciem na tarasie hotelu Rosa lub w du\u017cym prywatnym ogrodzie otoczonym zieleni\u0105, albo skorzysta\u0107 z solarium UV-A w centrum wellness.[\/vc_column_text][\/vc_column][\/vc_row][vc_row][vc_column width=&#8221;1\/2&#8243;][vc_single_image image=&#8221;4789&#8243; img_size=&#8221;400&#215;300&#8243;][\/vc_column][vc_column width=&#8221;1\/2&#8243;][vc_column_text]<strong>Basen<\/strong><\/p>\n<p>W zupe\u0142nie nowym SPA znajduje si\u0119 wspania\u0142y basen z ciep\u0142\u0105 wod\u0105, w kt\u00f3rym mo\u017cna si\u0119 zrelaksowa\u0107 po dniu sp\u0119dzonym w Dolomitach. Basen wyposa\u017cony jest w wann\u0119 z hydromasa\u017cem.[\/vc_column_text][\/vc_column][\/vc_row][vc_row][vc_column][vc_separator border_width=&#8221;2&#8243;][\/vc_column][\/vc_row][vc_row][vc_column width=&#8221;1\/2&#8243;][vc_column_text]<strong>Sauna<\/strong><\/p>\n<p>Pocenie si\u0119 w saunie fi\u0144skiej pozwala organizmowi oczy\u015bci\u0107 si\u0119 z toksyn nagromadzonych w wyniku codziennego stresu. Po prostu usi\u0105d\u017a wygodnie i ciesz si\u0119 chwil\u0105.[\/vc_column_text][\/vc_column][vc_column width=&#8221;1\/2&#8243;][vc_single_image image=&#8221;4261&#8243; img_size=&#8221;400&#215;300&#8243; alignment=&#8221;right&#8221;][\/vc_column][\/vc_row][vc_row][vc_column][vc_separator border_width=&#8221;2&#8243;][\/vc_column][\/vc_row][vc_row][vc_column width=&#8221;1\/2&#8243;][vc_single_image image=&#8221;4302&#8243; img_size=&#8221;400&#215;300&#8243;][\/vc_column][vc_column width=&#8221;1\/2&#8243;][vc_column_text]<strong>Strefa relaksu<\/strong><\/p>\n<p>W strefie relaksu mo\u017cna zregenerowa\u0107 si\u0142y po saunie lub \u0142a\u017ani parowej, s\u0142uchaj\u0105c dobrej muzyki, pij\u0105c herbat\u0119 zio\u0142ow\u0105 lub po prostu rozmawiaj\u0105c z innymi go\u015b\u0107mi.<\/p>\n<p>[\/vc_column_text][\/vc_column][\/vc_row][vc_row full_width=&#8221;stretch_row_content_no_spaces&#8221; css=&#8221;.vc_custom_1663927376058{background-color: #000000 !important;}&#8221;][vc_column][vc_gallery type=&#8221;image_grid&#8221; images=&#8221;4789,4785,4693,4360,4705,4701,4352,4356,4733,4737,4717,4725,4729,4713,4324,4328,4332,4336,4340,4344,4348,4364,4368,4372,4376,4380,4685,4689,4745,4749,4753&#8243; img_size=&#8221;300&#215;200&#8243;][\/vc_column][\/vc_row]<\/p>\n","protected":false},"excerpt":{"rendered":"<p>[vc_row][vc_column][vc_column_text] Hotel z Centrum Wellness &amp; Spa w Vigo di Fassa Rozpieszczaj si\u0119 i relaksuj Pod koniec dnia sp\u0119dzonego w g\u00f3rach, na stokach narciarskich lub na szlakach Dolomit\u00f3w, po powrocie do hotelu fantastycznie jest zrelaksowa\u0107 si\u0119 w ciep\u0142ej i przyjaznej atmosferze zupe\u0142nie nowego Centrum Wellness &amp; Spa w Hotelu Rosa w Vigo di Fassa, pozwalaj\u0105c [&hellip;]<\/p>\n","protected":false},"author":2,"featured_media":0,"parent":0,"menu_order":0,"comment_status":"closed","ping_status":"closed","template":"","meta":{"_acf_changed":false,"footnotes":""},"class_list":["post-2600","page","type-page","status-publish","hentry"],"acf":[],"yoast_head":"<!-- This site is optimized with the Yoast SEO plugin v27.4 - https:\/\/yoast.com\/product\/yoast-seo-wordpress\/ -->\n<title>SPA Vigo Fassa Wellness Hotel Val Fassa<\/title>\n<meta name=\"description\" content=\"Hotel Rosa posiada nowe Centrum Wellness i SPA w Vigo di Fassa. Hotel Wellness jest idealny na relaksuj\u0105cy urlop wellness w Val Fassa.\" \/>\n<meta name=\"robots\" content=\"index, follow, max-snippet:-1, max-image-preview:large, max-video-preview:-1\" \/>\n<link rel=\"canonical\" href=\"https:\/\/hotelrosa.biz\/pl\/wellness-spa.html\" \/>\n<meta property=\"og:locale\" content=\"pl_PL\" \/>\n<meta property=\"og:type\" content=\"article\" \/>\n<meta property=\"og:title\" content=\"SPA Vigo Fassa Wellness Hotel Val Fassa\" \/>\n<meta property=\"og:description\" content=\"Hotel Rosa posiada nowe Centrum Wellness i SPA w Vigo di Fassa. Hotel Wellness jest idealny na relaksuj\u0105cy urlop wellness w Val Fassa.\" \/>\n<meta property=\"og:url\" content=\"https:\/\/hotelrosa.biz\/pl\/wellness-spa.html\" \/>\n<meta property=\"article:modified_time\" content=\"2023-04-26T15:24:07+00:00\" \/>\n<meta name=\"twitter:card\" content=\"summary_large_image\" \/>\n<meta name=\"twitter:label1\" content=\"Szacowany czas czytania\" \/>\n\t<meta name=\"twitter:data1\" content=\"3 minuty\" \/>\n<script type=\"application\/ld+json\" class=\"yoast-schema-graph\">{\"@context\":\"https:\\\/\\\/schema.org\",\"@graph\":[{\"@type\":\"WebPage\",\"@id\":\"https:\\\/\\\/hotelrosa.biz\\\/pl\\\/wellness-spa.html\",\"url\":\"https:\\\/\\\/hotelrosa.biz\\\/pl\\\/wellness-spa.html\",\"name\":\"SPA Vigo Fassa Wellness Hotel Val Fassa\",\"isPartOf\":{\"@id\":\"https:\\\/\\\/hotelrosa.biz\\\/#website\"},\"datePublished\":\"2022-09-14T13:09:06+00:00\",\"dateModified\":\"2023-04-26T15:24:07+00:00\",\"description\":\"Hotel Rosa posiada nowe Centrum Wellness i SPA w Vigo di Fassa. Hotel Wellness jest idealny na relaksuj\u0105cy urlop wellness w Val Fassa.\",\"breadcrumb\":{\"@id\":\"https:\\\/\\\/hotelrosa.biz\\\/pl\\\/wellness-spa.html#breadcrumb\"},\"inLanguage\":\"pl-PL\",\"potentialAction\":[{\"@type\":\"ReadAction\",\"target\":[\"https:\\\/\\\/hotelrosa.biz\\\/pl\\\/wellness-spa.html\"]}]},{\"@type\":\"BreadcrumbList\",\"@id\":\"https:\\\/\\\/hotelrosa.biz\\\/pl\\\/wellness-spa.html#breadcrumb\",\"itemListElement\":[{\"@type\":\"ListItem\",\"position\":1,\"name\":\"Home\",\"item\":\"https:\\\/\\\/hotelrosa.biz\\\/pl\\\/\"},{\"@type\":\"ListItem\",\"position\":2,\"name\":\"Wellness\"}]},{\"@type\":\"WebSite\",\"@id\":\"https:\\\/\\\/hotelrosa.biz\\\/#website\",\"url\":\"https:\\\/\\\/hotelrosa.biz\\\/\",\"name\":\"\",\"description\":\"\",\"potentialAction\":[{\"@type\":\"SearchAction\",\"target\":{\"@type\":\"EntryPoint\",\"urlTemplate\":\"https:\\\/\\\/hotelrosa.biz\\\/?s={search_term_string}\"},\"query-input\":{\"@type\":\"PropertyValueSpecification\",\"valueRequired\":true,\"valueName\":\"search_term_string\"}}],\"inLanguage\":\"pl-PL\"}]}<\/script>\n<!-- \/ Yoast SEO plugin. -->","yoast_head_json":{"title":"SPA Vigo Fassa Wellness Hotel Val Fassa","description":"Hotel Rosa posiada nowe Centrum Wellness i SPA w Vigo di Fassa. Hotel Wellness jest idealny na relaksuj\u0105cy urlop wellness w Val Fassa.","robots":{"index":"index","follow":"follow","max-snippet":"max-snippet:-1","max-image-preview":"max-image-preview:large","max-video-preview":"max-video-preview:-1"},"canonical":"https:\/\/hotelrosa.biz\/pl\/wellness-spa.html","og_locale":"pl_PL","og_type":"article","og_title":"SPA Vigo Fassa Wellness Hotel Val Fassa","og_description":"Hotel Rosa posiada nowe Centrum Wellness i SPA w Vigo di Fassa. Hotel Wellness jest idealny na relaksuj\u0105cy urlop wellness w Val Fassa.","og_url":"https:\/\/hotelrosa.biz\/pl\/wellness-spa.html","article_modified_time":"2023-04-26T15:24:07+00:00","twitter_card":"summary_large_image","twitter_misc":{"Szacowany czas czytania":"3 minuty"},"schema":{"@context":"https:\/\/schema.org","@graph":[{"@type":"WebPage","@id":"https:\/\/hotelrosa.biz\/pl\/wellness-spa.html","url":"https:\/\/hotelrosa.biz\/pl\/wellness-spa.html","name":"SPA Vigo Fassa Wellness Hotel Val Fassa","isPartOf":{"@id":"https:\/\/hotelrosa.biz\/#website"},"datePublished":"2022-09-14T13:09:06+00:00","dateModified":"2023-04-26T15:24:07+00:00","description":"Hotel Rosa posiada nowe Centrum Wellness i SPA w Vigo di Fassa. Hotel Wellness jest idealny na relaksuj\u0105cy urlop wellness w Val Fassa.","breadcrumb":{"@id":"https:\/\/hotelrosa.biz\/pl\/wellness-spa.html#breadcrumb"},"inLanguage":"pl-PL","potentialAction":[{"@type":"ReadAction","target":["https:\/\/hotelrosa.biz\/pl\/wellness-spa.html"]}]},{"@type":"BreadcrumbList","@id":"https:\/\/hotelrosa.biz\/pl\/wellness-spa.html#breadcrumb","itemListElement":[{"@type":"ListItem","position":1,"name":"Home","item":"https:\/\/hotelrosa.biz\/pl\/"},{"@type":"ListItem","position":2,"name":"Wellness"}]},{"@type":"WebSite","@id":"https:\/\/hotelrosa.biz\/#website","url":"https:\/\/hotelrosa.biz\/","name":"","description":"","potentialAction":[{"@type":"SearchAction","target":{"@type":"EntryPoint","urlTemplate":"https:\/\/hotelrosa.biz\/?s={search_term_string}"},"query-input":{"@type":"PropertyValueSpecification","valueRequired":true,"valueName":"search_term_string"}}],"inLanguage":"pl-PL"}]}},"_links":{"self":[{"href":"https:\/\/hotelrosa.biz\/pl\/wp-json\/wp\/v2\/pages\/2600\/"}],"collection":[{"href":"https:\/\/hotelrosa.biz\/pl\/wp-json\/wp\/v2\/pages\/"}],"about":[{"href":"https:\/\/hotelrosa.biz\/pl\/wp-json\/wp\/v2\/types\/page\/"}],"author":[{"embeddable":true,"href":"https:\/\/hotelrosa.biz\/pl\/wp-json\/wp\/v2\/users\/2\/"}],"replies":[{"embeddable":true,"href":"https:\/\/hotelrosa.biz\/pl\/wp-json\/wp\/v2\/comments\/?post=2600"}],"version-history":[{"count":12,"href":"https:\/\/hotelrosa.biz\/pl\/wp-json\/wp\/v2\/pages\/2600\/revisions\/"}],"predecessor-version":[{"id":4824,"href":"https:\/\/hotelrosa.biz\/pl\/wp-json\/wp\/v2\/pages\/2600\/revisions\/4824\/"}],"wp:attachment":[{"href":"https:\/\/hotelrosa.biz\/pl\/wp-json\/wp\/v2\/media\/?parent=2600"}],"curies":[{"name":"wp","href":"https:\/\/api.w.org\/{rel}","templated":true}]}}