{"id":2597,"date":"2022-09-14T15:11:03","date_gmt":"2022-09-14T13:11:03","guid":{"rendered":"https:\/\/hotelrosa.biz\/val-di-fassa-experience.html"},"modified":"2022-10-05T11:00:04","modified_gmt":"2022-10-05T09:00:04","slug":"przezycia-w-dolinie-fassa","status":"publish","type":"page","link":"https:\/\/hotelrosa.biz\/pl\/przezycia-w-dolinie-fassa.html","title":{"rendered":"Prze\u017cycia w Dolinie Fassa"},"content":{"rendered":"<p>[vc_row][vc_column][vc_column_text]<\/p>\n<h1 style=\"text-align: center;\"><span style=\"color: #cc9933;\">Dolinie Fassa Experience: wspania\u0142e wakacje w Vigo di Fassa<\/span><\/h1>\n<p>&nbsp;<\/p>\n<p>Vigo di Fassa jest idealnym miejscem na wakacje w Dolomitach, Hotel Rosa jest obiektem turystycznym dla Twojego relaksuj\u0105cego urlopu w g\u00f3rach Trentino<\/p>\n<p>Letnie wakacje w Val di Fassa s\u0105 idealne na wycieczki i spacery szlakami Dolomit\u00f3w, Roda di Vael lub Torri del Vaiolet, Grupy Monzoni i Sasso Lungo, Marmolady lub pod\u0105\u017canie \u015bcie\u017ckami na dnie doliny.<\/p>\n<p>B\u0119dziesz rozpieszczany przez wyb\u00f3r! Od tras wycieczkowych po prze\u0142\u0119czach Dolomit\u00f3w takich jak Costalunga, Pordoi, Sella, Fedaia u podn\u00f3\u017ca Marmolady, czy te\u017c kolarstwa g\u00f3rskiego, lub trekkingu i nordic walking, po romantyczne spacery w lesie lub nad charakterystycznymi alpejskimi jeziorami, w bezpo\u015brednim kontakcie z natur\u0105.<\/p>\n<p>Dla mi\u0142o\u015bnik\u00f3w wspinaczki ska\u0142kowej Dolomity oferuj\u0105 to, co najlepsze do wspinaczki o r\u00f3\u017cnym poziomie trudno\u015bci; wszystkie Dolomity oferuj\u0105 mo\u017cliwo\u015b\u0107 noclegu w schroniskach g\u00f3rskich, aby do\u015bwiadczy\u0107 emocji zwi\u0105zanych ze wschodem i zachodem s\u0142o\u0144ca.<\/p>\n<p>Wreszcie, organizowane s\u0105 wycieczki do malghe, gdzie mo\u017cna obserwowa\u0107 produkcj\u0119 sera i orze\u017awi\u0107 si\u0119 specja\u0142ami smacznej i po\u017cywnej kuchni g\u00f3rskiej Trentino.<\/p>\n<p>Letnie wakacje w Vigo di Fassa w Dolomitach Val di Fassa pozostawiaj\u0105 na zawsze emocje i wspomnienia.[\/vc_column_text][\/vc_column][\/vc_row][vc_row full_width=&#8221;stretch_row_content_no_spaces&#8221; css=&#8221;.vc_custom_1663929285883{background-color: #000000 !important;}&#8221;][vc_column][vc_gallery type=&#8221;image_grid&#8221; images=&#8221;154,1031,1039,1055,1140,1108,1967,1976&#8243; img_size=&#8221;300&#215;200&#8243;][\/vc_column][\/vc_row]<\/p>\n","protected":false},"excerpt":{"rendered":"<p>[vc_row][vc_column][vc_column_text] Dolinie Fassa Experience: wspania\u0142e wakacje w Vigo di Fassa &nbsp; Vigo di Fassa jest idealnym miejscem na wakacje w Dolomitach, Hotel Rosa jest obiektem turystycznym dla Twojego relaksuj\u0105cego urlopu w g\u00f3rach Trentino Letnie wakacje w Val di Fassa s\u0105 idealne na wycieczki i spacery szlakami Dolomit\u00f3w, Roda di Vael lub Torri del Vaiolet, Grupy [&hellip;]<\/p>\n","protected":false},"author":2,"featured_media":0,"parent":0,"menu_order":0,"comment_status":"closed","ping_status":"closed","template":"","meta":{"_acf_changed":false,"footnotes":""},"class_list":["post-2597","page","type-page","status-publish","hentry"],"acf":[],"yoast_head":"<!-- This site is optimized with the Yoast SEO plugin v27.4 - https:\/\/yoast.com\/product\/yoast-seo-wordpress\/ -->\n<title>Wakacje w Vigo di Fassa Lato Zima Dolinie Fassa<\/title>\n<meta name=\"description\" content=\"Hotel Rosa dla Twoich wakacyjnych do\u015bwiadcze\u0144 w Val di Fassa zim\u0105 i latem w pi\u0119knej, dziewiczej przyrodzie Dolomit\u00f3w\" \/>\n<meta name=\"robots\" content=\"index, follow, max-snippet:-1, max-image-preview:large, max-video-preview:-1\" \/>\n<link rel=\"canonical\" href=\"https:\/\/hotelrosa.biz\/pl\/przezycia-w-dolinie-fassa.html\" \/>\n<meta property=\"og:locale\" content=\"pl_PL\" \/>\n<meta property=\"og:type\" content=\"article\" \/>\n<meta property=\"og:title\" content=\"Wakacje w Vigo di Fassa Lato Zima Dolinie Fassa\" \/>\n<meta property=\"og:description\" content=\"Hotel Rosa dla Twoich wakacyjnych do\u015bwiadcze\u0144 w Val di Fassa zim\u0105 i latem w pi\u0119knej, dziewiczej przyrodzie Dolomit\u00f3w\" \/>\n<meta property=\"og:url\" content=\"https:\/\/hotelrosa.biz\/pl\/przezycia-w-dolinie-fassa.html\" \/>\n<meta property=\"article:modified_time\" content=\"2022-10-05T09:00:04+00:00\" \/>\n<meta name=\"twitter:card\" content=\"summary_large_image\" \/>\n<meta name=\"twitter:label1\" content=\"Szacowany czas czytania\" \/>\n\t<meta name=\"twitter:data1\" content=\"1 minuta\" \/>\n<script type=\"application\/ld+json\" class=\"yoast-schema-graph\">{\"@context\":\"https:\\\/\\\/schema.org\",\"@graph\":[{\"@type\":\"WebPage\",\"@id\":\"https:\\\/\\\/hotelrosa.biz\\\/pl\\\/przezycia-w-dolinie-fassa.html\",\"url\":\"https:\\\/\\\/hotelrosa.biz\\\/pl\\\/przezycia-w-dolinie-fassa.html\",\"name\":\"Wakacje w Vigo di Fassa Lato Zima Dolinie Fassa\",\"isPartOf\":{\"@id\":\"https:\\\/\\\/hotelrosa.biz\\\/#website\"},\"datePublished\":\"2022-09-14T13:11:03+00:00\",\"dateModified\":\"2022-10-05T09:00:04+00:00\",\"description\":\"Hotel Rosa dla Twoich wakacyjnych do\u015bwiadcze\u0144 w Val di Fassa zim\u0105 i latem w pi\u0119knej, dziewiczej przyrodzie Dolomit\u00f3w\",\"breadcrumb\":{\"@id\":\"https:\\\/\\\/hotelrosa.biz\\\/pl\\\/przezycia-w-dolinie-fassa.html#breadcrumb\"},\"inLanguage\":\"pl-PL\",\"potentialAction\":[{\"@type\":\"ReadAction\",\"target\":[\"https:\\\/\\\/hotelrosa.biz\\\/pl\\\/przezycia-w-dolinie-fassa.html\"]}]},{\"@type\":\"BreadcrumbList\",\"@id\":\"https:\\\/\\\/hotelrosa.biz\\\/pl\\\/przezycia-w-dolinie-fassa.html#breadcrumb\",\"itemListElement\":[{\"@type\":\"ListItem\",\"position\":1,\"name\":\"Home\",\"item\":\"https:\\\/\\\/hotelrosa.biz\\\/pl\\\/\"},{\"@type\":\"ListItem\",\"position\":2,\"name\":\"Prze\u017cycia w Dolinie Fassa\"}]},{\"@type\":\"WebSite\",\"@id\":\"https:\\\/\\\/hotelrosa.biz\\\/#website\",\"url\":\"https:\\\/\\\/hotelrosa.biz\\\/\",\"name\":\"\",\"description\":\"\",\"potentialAction\":[{\"@type\":\"SearchAction\",\"target\":{\"@type\":\"EntryPoint\",\"urlTemplate\":\"https:\\\/\\\/hotelrosa.biz\\\/?s={search_term_string}\"},\"query-input\":{\"@type\":\"PropertyValueSpecification\",\"valueRequired\":true,\"valueName\":\"search_term_string\"}}],\"inLanguage\":\"pl-PL\"}]}<\/script>\n<!-- \/ Yoast SEO plugin. -->","yoast_head_json":{"title":"Wakacje w Vigo di Fassa Lato Zima Dolinie Fassa","description":"Hotel Rosa dla Twoich wakacyjnych do\u015bwiadcze\u0144 w Val di Fassa zim\u0105 i latem w pi\u0119knej, dziewiczej przyrodzie Dolomit\u00f3w","robots":{"index":"index","follow":"follow","max-snippet":"max-snippet:-1","max-image-preview":"max-image-preview:large","max-video-preview":"max-video-preview:-1"},"canonical":"https:\/\/hotelrosa.biz\/pl\/przezycia-w-dolinie-fassa.html","og_locale":"pl_PL","og_type":"article","og_title":"Wakacje w Vigo di Fassa Lato Zima Dolinie Fassa","og_description":"Hotel Rosa dla Twoich wakacyjnych do\u015bwiadcze\u0144 w Val di Fassa zim\u0105 i latem w pi\u0119knej, dziewiczej przyrodzie Dolomit\u00f3w","og_url":"https:\/\/hotelrosa.biz\/pl\/przezycia-w-dolinie-fassa.html","article_modified_time":"2022-10-05T09:00:04+00:00","twitter_card":"summary_large_image","twitter_misc":{"Szacowany czas czytania":"1 minuta"},"schema":{"@context":"https:\/\/schema.org","@graph":[{"@type":"WebPage","@id":"https:\/\/hotelrosa.biz\/pl\/przezycia-w-dolinie-fassa.html","url":"https:\/\/hotelrosa.biz\/pl\/przezycia-w-dolinie-fassa.html","name":"Wakacje w Vigo di Fassa Lato Zima Dolinie Fassa","isPartOf":{"@id":"https:\/\/hotelrosa.biz\/#website"},"datePublished":"2022-09-14T13:11:03+00:00","dateModified":"2022-10-05T09:00:04+00:00","description":"Hotel Rosa dla Twoich wakacyjnych do\u015bwiadcze\u0144 w Val di Fassa zim\u0105 i latem w pi\u0119knej, dziewiczej przyrodzie Dolomit\u00f3w","breadcrumb":{"@id":"https:\/\/hotelrosa.biz\/pl\/przezycia-w-dolinie-fassa.html#breadcrumb"},"inLanguage":"pl-PL","potentialAction":[{"@type":"ReadAction","target":["https:\/\/hotelrosa.biz\/pl\/przezycia-w-dolinie-fassa.html"]}]},{"@type":"BreadcrumbList","@id":"https:\/\/hotelrosa.biz\/pl\/przezycia-w-dolinie-fassa.html#breadcrumb","itemListElement":[{"@type":"ListItem","position":1,"name":"Home","item":"https:\/\/hotelrosa.biz\/pl\/"},{"@type":"ListItem","position":2,"name":"Prze\u017cycia w Dolinie Fassa"}]},{"@type":"WebSite","@id":"https:\/\/hotelrosa.biz\/#website","url":"https:\/\/hotelrosa.biz\/","name":"","description":"","potentialAction":[{"@type":"SearchAction","target":{"@type":"EntryPoint","urlTemplate":"https:\/\/hotelrosa.biz\/?s={search_term_string}"},"query-input":{"@type":"PropertyValueSpecification","valueRequired":true,"valueName":"search_term_string"}}],"inLanguage":"pl-PL"}]}},"_links":{"self":[{"href":"https:\/\/hotelrosa.biz\/pl\/wp-json\/wp\/v2\/pages\/2597\/"}],"collection":[{"href":"https:\/\/hotelrosa.biz\/pl\/wp-json\/wp\/v2\/pages\/"}],"about":[{"href":"https:\/\/hotelrosa.biz\/pl\/wp-json\/wp\/v2\/types\/page\/"}],"author":[{"embeddable":true,"href":"https:\/\/hotelrosa.biz\/pl\/wp-json\/wp\/v2\/users\/2\/"}],"replies":[{"embeddable":true,"href":"https:\/\/hotelrosa.biz\/pl\/wp-json\/wp\/v2\/comments\/?post=2597"}],"version-history":[{"count":2,"href":"https:\/\/hotelrosa.biz\/pl\/wp-json\/wp\/v2\/pages\/2597\/revisions\/"}],"predecessor-version":[{"id":2599,"href":"https:\/\/hotelrosa.biz\/pl\/wp-json\/wp\/v2\/pages\/2597\/revisions\/2599\/"}],"wp:attachment":[{"href":"https:\/\/hotelrosa.biz\/pl\/wp-json\/wp\/v2\/media\/?parent=2597"}],"curies":[{"name":"wp","href":"https:\/\/api.w.org\/{rel}","templated":true}]}}