{"id":2594,"date":"2022-09-14T15:12:20","date_gmt":"2022-09-14T13:12:20","guid":{"rendered":"https:\/\/hotelrosa.biz\/sport-activity.html"},"modified":"2022-10-05T10:57:21","modified_gmt":"2022-10-05T08:57:21","slug":"dzialalnosc-sportowa","status":"publish","type":"page","link":"https:\/\/hotelrosa.biz\/pl\/dzialalnosc-sportowa.html","title":{"rendered":"Dzia\u0142alno\u015b\u0107 sportowa"},"content":{"rendered":"<p>[vc_row][vc_column][vc_column_text]<\/p>\n<h1 style=\"text-align: center;\"><span style=\"color: #cc9933;\">Aktywno\u015b\u0107 sportowa: wakacje sportowe w Dolinie Fassa<\/span><\/h1>\n<p>Turystyka sportowa to anga\u017cuj\u0105ce do\u015bwiadczenie wakacyjne, kt\u00f3re pozwala turystom cieszy\u0107 si\u0119 ich ulubionym sportem. Zwi\u0105zek mi\u0119dzy turystyk\u0105 a sportem staje si\u0119 w ostatnich latach coraz bli\u017cszy, staj\u0105c si\u0119 wa\u017cnym zasobem ekonomicznym dla podmiot\u00f3w dzia\u0142aj\u0105cych w obu sektorach.<\/p>\n<p>Istnieje wiele sport\u00f3w i dzia\u0142a\u0144, kt\u00f3re wchodz\u0105 w zakres tego parasola, w tym kolarstwo i kolarstwo g\u00f3rskie, trekking i turystyka piesza, narciarstwo i sporty \u015bnie\u017cne, nordic walking, turystyka \u017ceglarska, \u017ceglarstwo i windsurfing, w\u0119dkarstwo, golf, wspinaczka, a nawet turystyka na \u015bwie\u017cym powietrzu, parki i przyroda itp.<\/p>\n<p>Podstawowym celem podmiot\u00f3w sektora jest zaspokojenie potrzeb turysty sportowego poprzez zapewnienie wysokiego standardu specjalistycznych us\u0142ug, takich jak pomoc techniczna, przechowywanie\/magazynowanie, przewodnicy, instruktorzy, trasy wycieczek, mapy, wypo\u017cyczalnie, odpowiednia gastronomia, us\u0142ugi relaksacyjne i wellness oraz zr\u00f3\u017cnicowane trasy turystyczne, kt\u00f3re uzupe\u0142niaj\u0105 pakiety wakacyjne dedykowane towarzyszeniu sportowcom.<\/p>\n<p>Turystyka sportowa stale si\u0119 rozwija i dla wielu destynacji stanowi mo\u017cliwo\u015b\u0107 uzupe\u0142nienia lokalnej oferty turystycznej. Do\u015bwiadczalne wakacje narodzi\u0142y si\u0119 z pomys\u0142u wykorzystania sportu jako ko\u0142a zamachowego do promowania ob\u0142o\u017cenia hoteli i deseasonalizacji turystyki, przyci\u0105gaj\u0105c du\u017c\u0105 pul\u0119 turyst\u00f3w, zar\u00f3wno krajowych, jak i mi\u0119dzynarodowych, zw\u0142aszcza poza sezonem.<\/p>\n<p>Podmioty turystyczne dzia\u0142aj\u0105ce w tym sektorze musz\u0105 zaproponowa\u0107 go\u015bciom-sportowcom wakacje dostosowane do ich potrzeb; obiekty noclegowe musz\u0105 spe\u0142nia\u0107 precyzyjne normy jako\u015bciowe, a oferowane us\u0142ugi maj\u0105 na celu przyj\u0119cie turysty sportowego, aby m\u00f3g\u0142 uprawia\u0107 sw\u00f3j ulubiony sport, a jednocze\u015bnie oferowa\u0107 mo\u017cliwo\u015b\u0107 poznania i podziwiania r\u00f3\u017cnych atrakcji turystycznych tego obszaru.[\/vc_column_text][vc_single_image image=&#8221;1557&#8243; img_size=&#8221;full&#8221; alignment=&#8221;center&#8221;][\/vc_column][\/vc_row][vc_row full_width=&#8221;stretch_row_content_no_spaces&#8221; css=&#8221;.vc_custom_1663928701001{background-color: #000000 !important;}&#8221;][vc_column][vc_gallery type=&#8221;image_grid&#8221; images=&#8221;907,915,923,931,1116,1039,1177&#8243; img_size=&#8221;300&#215;200&#8243; css=&#8221;.vc_custom_1663928496904{background-color: #000000 !important;}&#8221;][\/vc_column][\/vc_row]<\/p>\n","protected":false},"excerpt":{"rendered":"<p>[vc_row][vc_column][vc_column_text] Aktywno\u015b\u0107 sportowa: wakacje sportowe w Dolinie Fassa Turystyka sportowa to anga\u017cuj\u0105ce do\u015bwiadczenie wakacyjne, kt\u00f3re pozwala turystom cieszy\u0107 si\u0119 ich ulubionym sportem. Zwi\u0105zek mi\u0119dzy turystyk\u0105 a sportem staje si\u0119 w ostatnich latach coraz bli\u017cszy, staj\u0105c si\u0119 wa\u017cnym zasobem ekonomicznym dla podmiot\u00f3w dzia\u0142aj\u0105cych w obu sektorach. Istnieje wiele sport\u00f3w i dzia\u0142a\u0144, kt\u00f3re wchodz\u0105 w zakres tego [&hellip;]<\/p>\n","protected":false},"author":2,"featured_media":0,"parent":0,"menu_order":0,"comment_status":"closed","ping_status":"closed","template":"","meta":{"_acf_changed":false,"footnotes":""},"class_list":["post-2594","page","type-page","status-publish","hentry"],"acf":[],"yoast_head":"<!-- This site is optimized with the Yoast SEO plugin v27.5 - https:\/\/yoast.com\/product\/yoast-seo-wordpress\/ -->\n<title>Wakacje Turystyka Outdoor Sport Natura Vigo Fassa Valley<\/title>\n<meta name=\"description\" content=\"Hotel Rosa jest punktem wyj\u015bcia dla Twojego aktywnego wypoczynku w Vigo di Fassa: Turystyka na \u015bwie\u017cym powietrzu, Natura, Sport\" \/>\n<meta name=\"robots\" content=\"index, follow, max-snippet:-1, max-image-preview:large, max-video-preview:-1\" \/>\n<link rel=\"canonical\" href=\"https:\/\/hotelrosa.biz\/pl\/dzialalnosc-sportowa.html\" \/>\n<meta property=\"og:locale\" content=\"pl_PL\" \/>\n<meta property=\"og:type\" content=\"article\" \/>\n<meta property=\"og:title\" content=\"Wakacje Turystyka Outdoor Sport Natura Vigo Fassa Valley\" \/>\n<meta property=\"og:description\" content=\"Hotel Rosa jest punktem wyj\u015bcia dla Twojego aktywnego wypoczynku w Vigo di Fassa: Turystyka na \u015bwie\u017cym powietrzu, Natura, Sport\" \/>\n<meta property=\"og:url\" content=\"https:\/\/hotelrosa.biz\/pl\/dzialalnosc-sportowa.html\" \/>\n<meta property=\"article:modified_time\" content=\"2022-10-05T08:57:21+00:00\" \/>\n<meta name=\"twitter:card\" content=\"summary_large_image\" \/>\n<meta name=\"twitter:label1\" content=\"Szacowany czas czytania\" \/>\n\t<meta name=\"twitter:data1\" content=\"2 minuty\" \/>\n<script type=\"application\/ld+json\" class=\"yoast-schema-graph\">{\"@context\":\"https:\\\/\\\/schema.org\",\"@graph\":[{\"@type\":\"WebPage\",\"@id\":\"https:\\\/\\\/hotelrosa.biz\\\/pl\\\/dzialalnosc-sportowa.html\",\"url\":\"https:\\\/\\\/hotelrosa.biz\\\/pl\\\/dzialalnosc-sportowa.html\",\"name\":\"Wakacje Turystyka Outdoor Sport Natura Vigo Fassa Valley\",\"isPartOf\":{\"@id\":\"https:\\\/\\\/hotelrosa.biz\\\/#website\"},\"datePublished\":\"2022-09-14T13:12:20+00:00\",\"dateModified\":\"2022-10-05T08:57:21+00:00\",\"description\":\"Hotel Rosa jest punktem wyj\u015bcia dla Twojego aktywnego wypoczynku w Vigo di Fassa: Turystyka na \u015bwie\u017cym powietrzu, Natura, Sport\",\"breadcrumb\":{\"@id\":\"https:\\\/\\\/hotelrosa.biz\\\/pl\\\/dzialalnosc-sportowa.html#breadcrumb\"},\"inLanguage\":\"pl-PL\",\"potentialAction\":[{\"@type\":\"ReadAction\",\"target\":[\"https:\\\/\\\/hotelrosa.biz\\\/pl\\\/dzialalnosc-sportowa.html\"]}]},{\"@type\":\"BreadcrumbList\",\"@id\":\"https:\\\/\\\/hotelrosa.biz\\\/pl\\\/dzialalnosc-sportowa.html#breadcrumb\",\"itemListElement\":[{\"@type\":\"ListItem\",\"position\":1,\"name\":\"Home\",\"item\":\"https:\\\/\\\/hotelrosa.biz\\\/pl\\\/\"},{\"@type\":\"ListItem\",\"position\":2,\"name\":\"Dzia\u0142alno\u015b\u0107 sportowa\"}]},{\"@type\":\"WebSite\",\"@id\":\"https:\\\/\\\/hotelrosa.biz\\\/#website\",\"url\":\"https:\\\/\\\/hotelrosa.biz\\\/\",\"name\":\"\",\"description\":\"\",\"potentialAction\":[{\"@type\":\"SearchAction\",\"target\":{\"@type\":\"EntryPoint\",\"urlTemplate\":\"https:\\\/\\\/hotelrosa.biz\\\/?s={search_term_string}\"},\"query-input\":{\"@type\":\"PropertyValueSpecification\",\"valueRequired\":true,\"valueName\":\"search_term_string\"}}],\"inLanguage\":\"pl-PL\"}]}<\/script>\n<!-- \/ Yoast SEO plugin. -->","yoast_head_json":{"title":"Wakacje Turystyka Outdoor Sport Natura Vigo Fassa Valley","description":"Hotel Rosa jest punktem wyj\u015bcia dla Twojego aktywnego wypoczynku w Vigo di Fassa: Turystyka na \u015bwie\u017cym powietrzu, Natura, Sport","robots":{"index":"index","follow":"follow","max-snippet":"max-snippet:-1","max-image-preview":"max-image-preview:large","max-video-preview":"max-video-preview:-1"},"canonical":"https:\/\/hotelrosa.biz\/pl\/dzialalnosc-sportowa.html","og_locale":"pl_PL","og_type":"article","og_title":"Wakacje Turystyka Outdoor Sport Natura Vigo Fassa Valley","og_description":"Hotel Rosa jest punktem wyj\u015bcia dla Twojego aktywnego wypoczynku w Vigo di Fassa: Turystyka na \u015bwie\u017cym powietrzu, Natura, Sport","og_url":"https:\/\/hotelrosa.biz\/pl\/dzialalnosc-sportowa.html","article_modified_time":"2022-10-05T08:57:21+00:00","twitter_card":"summary_large_image","twitter_misc":{"Szacowany czas czytania":"2 minuty"},"schema":{"@context":"https:\/\/schema.org","@graph":[{"@type":"WebPage","@id":"https:\/\/hotelrosa.biz\/pl\/dzialalnosc-sportowa.html","url":"https:\/\/hotelrosa.biz\/pl\/dzialalnosc-sportowa.html","name":"Wakacje Turystyka Outdoor Sport Natura Vigo Fassa Valley","isPartOf":{"@id":"https:\/\/hotelrosa.biz\/#website"},"datePublished":"2022-09-14T13:12:20+00:00","dateModified":"2022-10-05T08:57:21+00:00","description":"Hotel Rosa jest punktem wyj\u015bcia dla Twojego aktywnego wypoczynku w Vigo di Fassa: Turystyka na \u015bwie\u017cym powietrzu, Natura, Sport","breadcrumb":{"@id":"https:\/\/hotelrosa.biz\/pl\/dzialalnosc-sportowa.html#breadcrumb"},"inLanguage":"pl-PL","potentialAction":[{"@type":"ReadAction","target":["https:\/\/hotelrosa.biz\/pl\/dzialalnosc-sportowa.html"]}]},{"@type":"BreadcrumbList","@id":"https:\/\/hotelrosa.biz\/pl\/dzialalnosc-sportowa.html#breadcrumb","itemListElement":[{"@type":"ListItem","position":1,"name":"Home","item":"https:\/\/hotelrosa.biz\/pl\/"},{"@type":"ListItem","position":2,"name":"Dzia\u0142alno\u015b\u0107 sportowa"}]},{"@type":"WebSite","@id":"https:\/\/hotelrosa.biz\/#website","url":"https:\/\/hotelrosa.biz\/","name":"","description":"","potentialAction":[{"@type":"SearchAction","target":{"@type":"EntryPoint","urlTemplate":"https:\/\/hotelrosa.biz\/?s={search_term_string}"},"query-input":{"@type":"PropertyValueSpecification","valueRequired":true,"valueName":"search_term_string"}}],"inLanguage":"pl-PL"}]}},"_links":{"self":[{"href":"https:\/\/hotelrosa.biz\/pl\/wp-json\/wp\/v2\/pages\/2594\/"}],"collection":[{"href":"https:\/\/hotelrosa.biz\/pl\/wp-json\/wp\/v2\/pages\/"}],"about":[{"href":"https:\/\/hotelrosa.biz\/pl\/wp-json\/wp\/v2\/types\/page\/"}],"author":[{"embeddable":true,"href":"https:\/\/hotelrosa.biz\/pl\/wp-json\/wp\/v2\/users\/2\/"}],"replies":[{"embeddable":true,"href":"https:\/\/hotelrosa.biz\/pl\/wp-json\/wp\/v2\/comments\/?post=2594"}],"version-history":[{"count":2,"href":"https:\/\/hotelrosa.biz\/pl\/wp-json\/wp\/v2\/pages\/2594\/revisions\/"}],"predecessor-version":[{"id":2596,"href":"https:\/\/hotelrosa.biz\/pl\/wp-json\/wp\/v2\/pages\/2594\/revisions\/2596\/"}],"wp:attachment":[{"href":"https:\/\/hotelrosa.biz\/pl\/wp-json\/wp\/v2\/media\/?parent=2594"}],"curies":[{"name":"wp","href":"https:\/\/api.w.org\/{rel}","templated":true}]}}