{"id":2591,"date":"2022-09-14T15:14:59","date_gmt":"2022-09-14T13:14:59","guid":{"rendered":"https:\/\/hotelrosa.biz\/ski-experience.html"},"modified":"2022-10-05T10:55:48","modified_gmt":"2022-10-05T08:55:48","slug":"doswiadczenie-narciarskie","status":"publish","type":"page","link":"https:\/\/hotelrosa.biz\/pl\/doswiadczenie-narciarskie.html","title":{"rendered":"Do\u015bwiadczenie narciarskie"},"content":{"rendered":"<p>[vc_row][vc_column][vc_column_text]<\/p>\n<h1 style=\"text-align: center;\"><span style=\"color: #cc9933;\">Do\u015bwiadczenie narciarskie: Urlop zimowy i Ferie na \u015bniegu w Vigo di Fassa<\/span><\/h1>\n<p>Urok i magia urlopu narciarskiego w Val di Fassa i Vigo di Fassa s\u0105 trudne do opisania.<br \/>\nSp\u0119d\u017a sw\u00f3j urlop narciarski w Vigo di Fassa, aby do\u015bwiadczy\u0107 emocji zwi\u0105zanych z jazd\u0105 na nartach w Dolomitach Trentino, jest to najlepszy spos\u00f3b, aby zakosztowa\u0107 i cieszy\u0107 si\u0119 emocjami i zabaw\u0105 na \u015bniegu, kt\u00f3re Trentino i Val di Fassa mog\u0105 zaoferowa\u0107.<br \/>\nWybierz, aby sp\u0119dzi\u0107 urlop narciarski w Vigo di Fassa w Hotelu Rosa.<\/p>\n<p>Do g\u0142\u00f3wnych tras narciarskich i teren\u00f3w narciarskich Val di Fassa mo\u017cna dotrze\u0107 w bardzo kr\u00f3tkim czasie, korzystaj\u0105c z autobusu dla narciarzy, kt\u00f3ry zatrzymuje si\u0119 przed hotelem Rosa, w centrum Vigo di Fassa.<\/p>\n<p>Na tydzie\u0144 narciarski w Val di Fassa, Hotel Rosa, dzi\u0119ki swojemu po\u0142o\u017ceniu, umo\u017cliwia bezpo\u015bredni dost\u0119p do wyci\u0105g\u00f3w z butami na nogach. Kolejka linowa Catinaccio jest pierwszym wyci\u0105giem, na kt\u00f3ry si\u0119 natkniecie (znajduje si\u0119 150 metr\u00f3w od hotelu) i pozwala na dotarcie na stoki, kt\u00f3re schodz\u0105 z grupy Catinaccio; mo\u017cna r\u00f3wnie\u017c je\u017adzi\u0107 na nartach na stokach Gardeccia i Ciampedie, a\u017c do s\u0142ynnej Sella Ronda, kt\u00f3ra umo\u017cliwia zwiedzanie 4 prze\u0142\u0119czy. Pordoi Pass, Sella Pass, Gardena Pass i Campolongo Pass.<\/p>\n<p>Wreszcie stoki Latemar, wyci\u0105gi Alpe di Lusia i wyci\u0105gi San Pellegrino Pass czekaj\u0105, aby zapewni\u0107 Ci emocje podczas narciarskiego tygodnia w Dolinie Fassa.[\/vc_column_text][vc_single_image image=&#8221;1512&#8243; img_size=&#8221;full&#8221; alignment=&#8221;center&#8221;][\/vc_column][\/vc_row][vc_row full_width=&#8221;stretch_row_content_no_spaces&#8221; css=&#8221;.vc_custom_1663928854710{background-color: #000000 !important;}&#8221;][vc_column][vc_gallery type=&#8221;image_grid&#8221; images=&#8221;1529,1521,940,956,964,980,988,538&#8243; img_size=&#8221;300&#215;200&#8243;][\/vc_column][\/vc_row]<\/p>\n","protected":false},"excerpt":{"rendered":"<p>[vc_row][vc_column][vc_column_text] Do\u015bwiadczenie narciarskie: Urlop zimowy i Ferie na \u015bniegu w Vigo di Fassa Urok i magia urlopu narciarskiego w Val di Fassa i Vigo di Fassa s\u0105 trudne do opisania. Sp\u0119d\u017a sw\u00f3j urlop narciarski w Vigo di Fassa, aby do\u015bwiadczy\u0107 emocji zwi\u0105zanych z jazd\u0105 na nartach w Dolomitach Trentino, jest to najlepszy spos\u00f3b, aby zakosztowa\u0107 [&hellip;]<\/p>\n","protected":false},"author":2,"featured_media":0,"parent":0,"menu_order":0,"comment_status":"closed","ping_status":"closed","template":"","meta":{"_acf_changed":false,"footnotes":""},"class_list":["post-2591","page","type-page","status-publish","hentry"],"acf":[],"yoast_head":"<!-- This site is optimized with the Yoast SEO plugin v27.4 - https:\/\/yoast.com\/product\/yoast-seo-wordpress\/ -->\n<title>Bia\u0142y tydzie\u0144 Vigo di Fassa \u015anie\u017cny urlop narciarski Dolinie Fassa<\/title>\n<meta name=\"description\" content=\"Hotel Rosa jest idealny na urlop narciarski w Dolinie Fassa i na Bia\u0142y Tydzie\u0144 w Vigo di Fassa w g\u00f3rach Trentino\" \/>\n<meta name=\"robots\" content=\"index, follow, max-snippet:-1, max-image-preview:large, max-video-preview:-1\" \/>\n<link rel=\"canonical\" href=\"https:\/\/hotelrosa.biz\/pl\/doswiadczenie-narciarskie.html\" \/>\n<meta property=\"og:locale\" content=\"pl_PL\" \/>\n<meta property=\"og:type\" content=\"article\" \/>\n<meta property=\"og:title\" content=\"Bia\u0142y tydzie\u0144 Vigo di Fassa \u015anie\u017cny urlop narciarski Dolinie Fassa\" \/>\n<meta property=\"og:description\" content=\"Hotel Rosa jest idealny na urlop narciarski w Dolinie Fassa i na Bia\u0142y Tydzie\u0144 w Vigo di Fassa w g\u00f3rach Trentino\" \/>\n<meta property=\"og:url\" content=\"https:\/\/hotelrosa.biz\/pl\/doswiadczenie-narciarskie.html\" \/>\n<meta property=\"article:modified_time\" content=\"2022-10-05T08:55:48+00:00\" \/>\n<meta name=\"twitter:card\" content=\"summary_large_image\" \/>\n<meta name=\"twitter:label1\" content=\"Szacowany czas czytania\" \/>\n\t<meta name=\"twitter:data1\" content=\"2 minuty\" \/>\n<script type=\"application\/ld+json\" class=\"yoast-schema-graph\">{\"@context\":\"https:\\\/\\\/schema.org\",\"@graph\":[{\"@type\":\"WebPage\",\"@id\":\"https:\\\/\\\/hotelrosa.biz\\\/pl\\\/doswiadczenie-narciarskie.html\",\"url\":\"https:\\\/\\\/hotelrosa.biz\\\/pl\\\/doswiadczenie-narciarskie.html\",\"name\":\"Bia\u0142y tydzie\u0144 Vigo di Fassa \u015anie\u017cny urlop narciarski Dolinie Fassa\",\"isPartOf\":{\"@id\":\"https:\\\/\\\/hotelrosa.biz\\\/#website\"},\"datePublished\":\"2022-09-14T13:14:59+00:00\",\"dateModified\":\"2022-10-05T08:55:48+00:00\",\"description\":\"Hotel Rosa jest idealny na urlop narciarski w Dolinie Fassa i na Bia\u0142y Tydzie\u0144 w Vigo di Fassa w g\u00f3rach Trentino\",\"breadcrumb\":{\"@id\":\"https:\\\/\\\/hotelrosa.biz\\\/pl\\\/doswiadczenie-narciarskie.html#breadcrumb\"},\"inLanguage\":\"pl-PL\",\"potentialAction\":[{\"@type\":\"ReadAction\",\"target\":[\"https:\\\/\\\/hotelrosa.biz\\\/pl\\\/doswiadczenie-narciarskie.html\"]}]},{\"@type\":\"BreadcrumbList\",\"@id\":\"https:\\\/\\\/hotelrosa.biz\\\/pl\\\/doswiadczenie-narciarskie.html#breadcrumb\",\"itemListElement\":[{\"@type\":\"ListItem\",\"position\":1,\"name\":\"Home\",\"item\":\"https:\\\/\\\/hotelrosa.biz\\\/pl\\\/\"},{\"@type\":\"ListItem\",\"position\":2,\"name\":\"Do\u015bwiadczenie narciarskie\"}]},{\"@type\":\"WebSite\",\"@id\":\"https:\\\/\\\/hotelrosa.biz\\\/#website\",\"url\":\"https:\\\/\\\/hotelrosa.biz\\\/\",\"name\":\"\",\"description\":\"\",\"potentialAction\":[{\"@type\":\"SearchAction\",\"target\":{\"@type\":\"EntryPoint\",\"urlTemplate\":\"https:\\\/\\\/hotelrosa.biz\\\/?s={search_term_string}\"},\"query-input\":{\"@type\":\"PropertyValueSpecification\",\"valueRequired\":true,\"valueName\":\"search_term_string\"}}],\"inLanguage\":\"pl-PL\"}]}<\/script>\n<!-- \/ Yoast SEO plugin. -->","yoast_head_json":{"title":"Bia\u0142y tydzie\u0144 Vigo di Fassa \u015anie\u017cny urlop narciarski Dolinie Fassa","description":"Hotel Rosa jest idealny na urlop narciarski w Dolinie Fassa i na Bia\u0142y Tydzie\u0144 w Vigo di Fassa w g\u00f3rach Trentino","robots":{"index":"index","follow":"follow","max-snippet":"max-snippet:-1","max-image-preview":"max-image-preview:large","max-video-preview":"max-video-preview:-1"},"canonical":"https:\/\/hotelrosa.biz\/pl\/doswiadczenie-narciarskie.html","og_locale":"pl_PL","og_type":"article","og_title":"Bia\u0142y tydzie\u0144 Vigo di Fassa \u015anie\u017cny urlop narciarski Dolinie Fassa","og_description":"Hotel Rosa jest idealny na urlop narciarski w Dolinie Fassa i na Bia\u0142y Tydzie\u0144 w Vigo di Fassa w g\u00f3rach Trentino","og_url":"https:\/\/hotelrosa.biz\/pl\/doswiadczenie-narciarskie.html","article_modified_time":"2022-10-05T08:55:48+00:00","twitter_card":"summary_large_image","twitter_misc":{"Szacowany czas czytania":"2 minuty"},"schema":{"@context":"https:\/\/schema.org","@graph":[{"@type":"WebPage","@id":"https:\/\/hotelrosa.biz\/pl\/doswiadczenie-narciarskie.html","url":"https:\/\/hotelrosa.biz\/pl\/doswiadczenie-narciarskie.html","name":"Bia\u0142y tydzie\u0144 Vigo di Fassa \u015anie\u017cny urlop narciarski Dolinie Fassa","isPartOf":{"@id":"https:\/\/hotelrosa.biz\/#website"},"datePublished":"2022-09-14T13:14:59+00:00","dateModified":"2022-10-05T08:55:48+00:00","description":"Hotel Rosa jest idealny na urlop narciarski w Dolinie Fassa i na Bia\u0142y Tydzie\u0144 w Vigo di Fassa w g\u00f3rach Trentino","breadcrumb":{"@id":"https:\/\/hotelrosa.biz\/pl\/doswiadczenie-narciarskie.html#breadcrumb"},"inLanguage":"pl-PL","potentialAction":[{"@type":"ReadAction","target":["https:\/\/hotelrosa.biz\/pl\/doswiadczenie-narciarskie.html"]}]},{"@type":"BreadcrumbList","@id":"https:\/\/hotelrosa.biz\/pl\/doswiadczenie-narciarskie.html#breadcrumb","itemListElement":[{"@type":"ListItem","position":1,"name":"Home","item":"https:\/\/hotelrosa.biz\/pl\/"},{"@type":"ListItem","position":2,"name":"Do\u015bwiadczenie narciarskie"}]},{"@type":"WebSite","@id":"https:\/\/hotelrosa.biz\/#website","url":"https:\/\/hotelrosa.biz\/","name":"","description":"","potentialAction":[{"@type":"SearchAction","target":{"@type":"EntryPoint","urlTemplate":"https:\/\/hotelrosa.biz\/?s={search_term_string}"},"query-input":{"@type":"PropertyValueSpecification","valueRequired":true,"valueName":"search_term_string"}}],"inLanguage":"pl-PL"}]}},"_links":{"self":[{"href":"https:\/\/hotelrosa.biz\/pl\/wp-json\/wp\/v2\/pages\/2591\/"}],"collection":[{"href":"https:\/\/hotelrosa.biz\/pl\/wp-json\/wp\/v2\/pages\/"}],"about":[{"href":"https:\/\/hotelrosa.biz\/pl\/wp-json\/wp\/v2\/types\/page\/"}],"author":[{"embeddable":true,"href":"https:\/\/hotelrosa.biz\/pl\/wp-json\/wp\/v2\/users\/2\/"}],"replies":[{"embeddable":true,"href":"https:\/\/hotelrosa.biz\/pl\/wp-json\/wp\/v2\/comments\/?post=2591"}],"version-history":[{"count":2,"href":"https:\/\/hotelrosa.biz\/pl\/wp-json\/wp\/v2\/pages\/2591\/revisions\/"}],"predecessor-version":[{"id":2593,"href":"https:\/\/hotelrosa.biz\/pl\/wp-json\/wp\/v2\/pages\/2591\/revisions\/2593\/"}],"wp:attachment":[{"href":"https:\/\/hotelrosa.biz\/pl\/wp-json\/wp\/v2\/media\/?parent=2591"}],"curies":[{"name":"wp","href":"https:\/\/api.w.org\/{rel}","templated":true}]}}