{"id":2588,"date":"2022-09-14T15:10:06","date_gmt":"2022-09-14T13:10:06","guid":{"rendered":"https:\/\/hotelrosa.biz\/ristorante.html"},"modified":"2022-10-05T10:51:45","modified_gmt":"2022-10-05T08:51:45","slug":"restauracja","status":"publish","type":"page","link":"https:\/\/hotelrosa.biz\/pl\/restauracja.html","title":{"rendered":"Restauracja"},"content":{"rendered":"<p>[vc_row][vc_column][vc_column_text]<\/p>\n<h1 style=\"text-align: center;\"><span style=\"color: #cc9933;\">Catering w Hotelu Rosa<\/span><\/h1>\n<h1 style=\"text-align: center;\"><span style=\"color: #cc9933;\">Autentyczne smaki Trentino<\/span><\/h1>\n<p>&nbsp;<\/p>\n<p>Catering w Hotelu Rosa oznacza autentyczno\u015b\u0107 i jako\u015b\u0107. Oto zasady, kt\u00f3re kr\u00f3luj\u0105 w kuchni Hotelu Rosa. Nasz szef kuchni codziennie wybiera \u015bwie\u017ce, wysokiej jako\u015bci produkty, aby przynie\u015b\u0107 na st\u00f3\u0142 dania i specja\u0142y, kt\u00f3re zaspokoj\u0105 ka\u017cd\u0105 potrzeb\u0119.<\/p>\n<p>W menu znajdziemy najbardziej lubiane potrawy kuchni regionalnej i narodowej, typowe w\u0142oskie przepisy oraz najs\u0142ynniejsze dania kuchni Trentino, interpretowane i podawane zar\u00f3wno w tradycyjnej formie, jak i w ciekawych, nowoczesnych przer\u00f3bkach.<\/p>\n<p>W Restauracji Hotelu Rosa w Vigo di Fassa mo\u017cna delektowa\u0107 si\u0119 autentycznymi smakami Trentino, smakuj\u0105c prawdziwe lokalne i regionalne potrawy, przygotowane wed\u0142ug staro\u017cytnych przepis\u00f3w tradycji kulinarnej Trentino umiej\u0119tnie przygotowane przez naszego szefa kuchni.<\/p>\n<p>\u015aniadanie: na dzie\u0144 dobry &#8230;<\/p>\n<p>Dzie\u0144 urlopu w hotelu Rosa zaczyna si\u0119 zawsze od wspania\u0142ego bufetu \u015bniadaniowego, kt\u00f3ry oferuje szeroki wyb\u00f3r s\u0142odkich i pikantnych specja\u0142\u00f3w, kaw\u0119, mleko, czekolad\u0119, herbat\u0119, soki owocowe itp. wszystko, co potrzebne jest do na\u0142adowania baterii, aby aktywnie sp\u0119dzi\u0107 d\u0142ugi dzie\u0144 w g\u00f3rach.<\/p>\n<p>Na lunch i kolacj\u0119 na pierwszy plan wysuwaj\u0105 si\u0119 r\u00f3\u017cne propozycje kulinarne, z daniami, kt\u00f3re zaspokoj\u0105 nawet najbardziej wymagaj\u0105ce podniebienia, daniami inspirowanymi tradycyjn\u0105 kuchni\u0105 w\u0142osk\u0105 i stworzonymi dzi\u0119ki kreatywno\u015bci naszego szefa kuchni.<\/p>\n<p>W jadalni restauracji Hotelu Rosa panuje przytulna i ciep\u0142a atmosfera; obecno\u015b\u0107 stuby i typowych mebli z drewna g\u00f3rskiego sprawi, \u017ce nawet czas posi\u0142k\u00f3w b\u0119dzie przyjemny i relaksuj\u0105cy.<\/p>\n<p>Kuchnia restauracji oferuje codziennie dania regionalne i narodowe, przystawki z typowymi produktami z Val di Fassa, pierwsze dania z tradycji po\u0142udniowotyrolskiej, takie jak charakterystyczne strangolapreti, canederli i tyrolskie spatzle, ale tak\u017ce drugie dania z mi\u0119sa przygotowane wed\u0142ug starodawnych lokalnych przepis\u00f3w, takie jak grzyby, golonka wieprzowa i gulasz z dziczyzny.<\/p>\n<p>Restauracja jest otwarta zar\u00f3wno dla go\u015bci hotelowych jak i przeje\u017cd\u017caj\u0105cych turyst\u00f3w.[\/vc_column_text][\/vc_column][\/vc_row][vc_row][vc_column width=&#8221;1\/2&#8243;][vc_single_image image=&#8221;2172&#8243; img_size=&#8221;full&#8221;][\/vc_column][vc_column width=&#8221;1\/2&#8243;][vc_column_text]<\/p>\n<h2><span style=\"color: #cc9933;\">\u015aniadanie<\/span><\/h2>\n<p>Bogaty bufet \u015bniadaniowy czeka na Pa\u0144stwa z szerokim wyborem s\u0142odkich i wytrawnych specja\u0142\u00f3w: croissanty, ciasta, w\u0119dliny, sery, jajka, owoce, gor\u0105ce lub zimne napoje itp.[\/vc_column_text][\/vc_column][\/vc_row][vc_row][vc_column][vc_separator border_width=&#8221;2&#8243;][\/vc_column][\/vc_row][vc_row][vc_column width=&#8221;1\/2&#8243;][vc_column_text]<\/p>\n<h2><span style=\"color: #cc9933;\">Lunch<\/span><\/h2>\n<p>W porze obiadowej oferujemy szeroki wyb\u00f3r lekkich i smacznych da\u0144, kt\u00f3re serwowane s\u0105 w przestronnej jadalni restauracji z widokiem na ogr\u00f3d. Lekki lunch, idealny dla tych, kt\u00f3rzy chc\u0105 zrobi\u0107 sobie smaczn\u0105 przerw\u0119.[\/vc_column_text][\/vc_column][vc_column width=&#8221;1\/2&#8243;][vc_single_image image=&#8221;1985&#8243; img_size=&#8221;400&#215;300&#8243; alignment=&#8221;right&#8221;][\/vc_column][\/vc_row][vc_row][vc_column][vc_separator border_width=&#8221;2&#8243;][\/vc_column][\/vc_row][vc_row][vc_column width=&#8221;1\/2&#8243;][vc_single_image image=&#8221;1151&#8243; img_size=&#8221;400&#215;300&#8243;][\/vc_column][vc_column width=&#8221;1\/2&#8243;][vc_column_text]<\/p>\n<h2><span style=\"color: #cc9933;\">Kolacja<\/span><\/h2>\n<p style=\"text-align: justify;\">Na kolacj\u0119 proponujemy dania oparte na tradycyjnych w\u0142oskich recepturach, kt\u00f3re zapewni\u0105 odpowiedni\u0105 dawk\u0119 od\u017cywienia po dniu sp\u0119dzonym w g\u00f3rach: przystawki w formie bufetu, dania g\u0142\u00f3wne, dania boczne i asortymentowe desery. Wszystko w towarzystwie s\u0142ynnych win z Trentino.<\/p>\n<p>[\/vc_column_text][\/vc_column][\/vc_row][vc_row full_width=&#8221;stretch_row_content_no_spaces&#8221; css=&#8221;.vc_custom_1663929741680{background-color: #000000 !important;}&#8221;][vc_column][vc_gallery type=&#8221;image_grid&#8221; images=&#8221;783,727,735,743,1088,1167,1151,1985&#8243; img_size=&#8221;300&#215;200&#8243;][\/vc_column][\/vc_row]<\/p>\n","protected":false},"excerpt":{"rendered":"<p>[vc_row][vc_column][vc_column_text] Catering w Hotelu Rosa Autentyczne smaki Trentino &nbsp; Catering w Hotelu Rosa oznacza autentyczno\u015b\u0107 i jako\u015b\u0107. Oto zasady, kt\u00f3re kr\u00f3luj\u0105 w kuchni Hotelu Rosa. Nasz szef kuchni codziennie wybiera \u015bwie\u017ce, wysokiej jako\u015bci produkty, aby przynie\u015b\u0107 na st\u00f3\u0142 dania i specja\u0142y, kt\u00f3re zaspokoj\u0105 ka\u017cd\u0105 potrzeb\u0119. W menu znajdziemy najbardziej lubiane potrawy kuchni regionalnej i narodowej, [&hellip;]<\/p>\n","protected":false},"author":2,"featured_media":0,"parent":0,"menu_order":0,"comment_status":"closed","ping_status":"closed","template":"","meta":{"_acf_changed":false,"footnotes":""},"class_list":["post-2588","page","type-page","status-publish","hentry"],"acf":[],"yoast_head":"<!-- This site is optimized with the Yoast SEO plugin v27.4 - https:\/\/yoast.com\/product\/yoast-seo-wordpress\/ -->\n<title>Restauracja w Vigo di Fassa Hotel Rosa<\/title>\n<meta name=\"description\" content=\"Restauracja w hotelu Rosa w Vigo di Fassa oferuje smaczne dania tradycyjnej kuchni g\u00f3rskiej Trentino, kt\u00f3re charakteryzuj\u0105 dolin\u0119 Fassa\" \/>\n<meta name=\"robots\" content=\"index, follow, max-snippet:-1, max-image-preview:large, max-video-preview:-1\" \/>\n<link rel=\"canonical\" href=\"https:\/\/hotelrosa.biz\/pl\/restauracja.html\" \/>\n<meta property=\"og:locale\" content=\"pl_PL\" \/>\n<meta property=\"og:type\" content=\"article\" \/>\n<meta property=\"og:title\" content=\"Restauracja w Vigo di Fassa Hotel Rosa\" \/>\n<meta property=\"og:description\" content=\"Restauracja w hotelu Rosa w Vigo di Fassa oferuje smaczne dania tradycyjnej kuchni g\u00f3rskiej Trentino, kt\u00f3re charakteryzuj\u0105 dolin\u0119 Fassa\" \/>\n<meta property=\"og:url\" content=\"https:\/\/hotelrosa.biz\/pl\/restauracja.html\" \/>\n<meta property=\"article:modified_time\" content=\"2022-10-05T08:51:45+00:00\" \/>\n<meta name=\"twitter:card\" content=\"summary_large_image\" \/>\n<meta name=\"twitter:label1\" content=\"Szacowany czas czytania\" \/>\n\t<meta name=\"twitter:data1\" content=\"3 minuty\" \/>\n<script type=\"application\/ld+json\" class=\"yoast-schema-graph\">{\"@context\":\"https:\\\/\\\/schema.org\",\"@graph\":[{\"@type\":\"WebPage\",\"@id\":\"https:\\\/\\\/hotelrosa.biz\\\/pl\\\/restauracja.html\",\"url\":\"https:\\\/\\\/hotelrosa.biz\\\/pl\\\/restauracja.html\",\"name\":\"Restauracja w Vigo di Fassa Hotel Rosa\",\"isPartOf\":{\"@id\":\"https:\\\/\\\/hotelrosa.biz\\\/#website\"},\"datePublished\":\"2022-09-14T13:10:06+00:00\",\"dateModified\":\"2022-10-05T08:51:45+00:00\",\"description\":\"Restauracja w hotelu Rosa w Vigo di Fassa oferuje smaczne dania tradycyjnej kuchni g\u00f3rskiej Trentino, kt\u00f3re charakteryzuj\u0105 dolin\u0119 Fassa\",\"breadcrumb\":{\"@id\":\"https:\\\/\\\/hotelrosa.biz\\\/pl\\\/restauracja.html#breadcrumb\"},\"inLanguage\":\"pl-PL\",\"potentialAction\":[{\"@type\":\"ReadAction\",\"target\":[\"https:\\\/\\\/hotelrosa.biz\\\/pl\\\/restauracja.html\"]}]},{\"@type\":\"BreadcrumbList\",\"@id\":\"https:\\\/\\\/hotelrosa.biz\\\/pl\\\/restauracja.html#breadcrumb\",\"itemListElement\":[{\"@type\":\"ListItem\",\"position\":1,\"name\":\"Home\",\"item\":\"https:\\\/\\\/hotelrosa.biz\\\/pl\\\/\"},{\"@type\":\"ListItem\",\"position\":2,\"name\":\"Restauracja\"}]},{\"@type\":\"WebSite\",\"@id\":\"https:\\\/\\\/hotelrosa.biz\\\/#website\",\"url\":\"https:\\\/\\\/hotelrosa.biz\\\/\",\"name\":\"\",\"description\":\"\",\"potentialAction\":[{\"@type\":\"SearchAction\",\"target\":{\"@type\":\"EntryPoint\",\"urlTemplate\":\"https:\\\/\\\/hotelrosa.biz\\\/?s={search_term_string}\"},\"query-input\":{\"@type\":\"PropertyValueSpecification\",\"valueRequired\":true,\"valueName\":\"search_term_string\"}}],\"inLanguage\":\"pl-PL\"}]}<\/script>\n<!-- \/ Yoast SEO plugin. -->","yoast_head_json":{"title":"Restauracja w Vigo di Fassa Hotel Rosa","description":"Restauracja w hotelu Rosa w Vigo di Fassa oferuje smaczne dania tradycyjnej kuchni g\u00f3rskiej Trentino, kt\u00f3re charakteryzuj\u0105 dolin\u0119 Fassa","robots":{"index":"index","follow":"follow","max-snippet":"max-snippet:-1","max-image-preview":"max-image-preview:large","max-video-preview":"max-video-preview:-1"},"canonical":"https:\/\/hotelrosa.biz\/pl\/restauracja.html","og_locale":"pl_PL","og_type":"article","og_title":"Restauracja w Vigo di Fassa Hotel Rosa","og_description":"Restauracja w hotelu Rosa w Vigo di Fassa oferuje smaczne dania tradycyjnej kuchni g\u00f3rskiej Trentino, kt\u00f3re charakteryzuj\u0105 dolin\u0119 Fassa","og_url":"https:\/\/hotelrosa.biz\/pl\/restauracja.html","article_modified_time":"2022-10-05T08:51:45+00:00","twitter_card":"summary_large_image","twitter_misc":{"Szacowany czas czytania":"3 minuty"},"schema":{"@context":"https:\/\/schema.org","@graph":[{"@type":"WebPage","@id":"https:\/\/hotelrosa.biz\/pl\/restauracja.html","url":"https:\/\/hotelrosa.biz\/pl\/restauracja.html","name":"Restauracja w Vigo di Fassa Hotel Rosa","isPartOf":{"@id":"https:\/\/hotelrosa.biz\/#website"},"datePublished":"2022-09-14T13:10:06+00:00","dateModified":"2022-10-05T08:51:45+00:00","description":"Restauracja w hotelu Rosa w Vigo di Fassa oferuje smaczne dania tradycyjnej kuchni g\u00f3rskiej Trentino, kt\u00f3re charakteryzuj\u0105 dolin\u0119 Fassa","breadcrumb":{"@id":"https:\/\/hotelrosa.biz\/pl\/restauracja.html#breadcrumb"},"inLanguage":"pl-PL","potentialAction":[{"@type":"ReadAction","target":["https:\/\/hotelrosa.biz\/pl\/restauracja.html"]}]},{"@type":"BreadcrumbList","@id":"https:\/\/hotelrosa.biz\/pl\/restauracja.html#breadcrumb","itemListElement":[{"@type":"ListItem","position":1,"name":"Home","item":"https:\/\/hotelrosa.biz\/pl\/"},{"@type":"ListItem","position":2,"name":"Restauracja"}]},{"@type":"WebSite","@id":"https:\/\/hotelrosa.biz\/#website","url":"https:\/\/hotelrosa.biz\/","name":"","description":"","potentialAction":[{"@type":"SearchAction","target":{"@type":"EntryPoint","urlTemplate":"https:\/\/hotelrosa.biz\/?s={search_term_string}"},"query-input":{"@type":"PropertyValueSpecification","valueRequired":true,"valueName":"search_term_string"}}],"inLanguage":"pl-PL"}]}},"_links":{"self":[{"href":"https:\/\/hotelrosa.biz\/pl\/wp-json\/wp\/v2\/pages\/2588\/"}],"collection":[{"href":"https:\/\/hotelrosa.biz\/pl\/wp-json\/wp\/v2\/pages\/"}],"about":[{"href":"https:\/\/hotelrosa.biz\/pl\/wp-json\/wp\/v2\/types\/page\/"}],"author":[{"embeddable":true,"href":"https:\/\/hotelrosa.biz\/pl\/wp-json\/wp\/v2\/users\/2\/"}],"replies":[{"embeddable":true,"href":"https:\/\/hotelrosa.biz\/pl\/wp-json\/wp\/v2\/comments\/?post=2588"}],"version-history":[{"count":2,"href":"https:\/\/hotelrosa.biz\/pl\/wp-json\/wp\/v2\/pages\/2588\/revisions\/"}],"predecessor-version":[{"id":2590,"href":"https:\/\/hotelrosa.biz\/pl\/wp-json\/wp\/v2\/pages\/2588\/revisions\/2590\/"}],"wp:attachment":[{"href":"https:\/\/hotelrosa.biz\/pl\/wp-json\/wp\/v2\/media\/?parent=2588"}],"curies":[{"name":"wp","href":"https:\/\/api.w.org\/{rel}","templated":true}]}}