{"id":2580,"date":"2022-09-14T15:13:10","date_gmt":"2022-09-14T13:13:10","guid":{"rendered":"https:\/\/hotelrosa.biz\/radfahren-und-mountainbiking.html"},"modified":"2022-10-05T10:05:38","modified_gmt":"2022-10-05T08:05:38","slug":"turystyka-rowerowa-i-kolarstwo-gorskie","status":"publish","type":"page","link":"https:\/\/hotelrosa.biz\/pl\/turystyka-rowerowa-i-kolarstwo-gorskie.html","title":{"rendered":"Turystyka rowerowa i kolarstwo g\u00f3rskie"},"content":{"rendered":"<p>[vc_row][vc_column][vc_column_text]<\/p>\n<h1 style=\"text-align: center;\"><span style=\"color: #cc9933;\">Turystyka rowerowa i kolarstwo g\u00f3rskie w dolinie Fassa<\/span><\/h1>\n<p>Turystyka rowerowa jest form\u0105 turystyki na rowerze, w wariancie &#8222;poci\u0105g + rower&#8221; lub z wycieczkami organizowanymi przez biura oferuj\u0105ce wsparcie logistyczne i transport baga\u017cu. Jest to szczeg\u00f3lnie ekonomiczny spos\u00f3b podr\u00f3\u017cowania, odbiegaj\u0105cy od utartych kanon\u00f3w i szlak\u00f3w masowej turystyki. Czasami mo\u017cna podr\u00f3\u017cowa\u0107 poza utartymi szlakami, na przyk\u0142ad na rowerze g\u00f3rskim.<\/p>\n<p>Dla rowerzyst\u00f3w i kolarzy g\u00f3rskich Dolomity oferuj\u0105 zapieraj\u0105ce dech w piersiach widoki i ekscytuj\u0105ce krajobrazy z r\u00f3\u017cnorodnymi trasami.<br \/>\nG\u00f3rskie trasy rowerowe w dolinie Fassa mi\u0119dzy prze\u0142\u0119czami Velle i Dolomitami s\u0105 liczne i o r\u00f3\u017cnym stopniu trudno\u015bci. Ka\u017cdy mo\u017ce wybra\u0107 tras\u0119 najlepiej dostosowan\u0105 do swoich mo\u017cliwo\u015bci: najbardziej wytrenowani mog\u0105 zmierzy\u0107 si\u0119 z najbardziej stromymi podjazdami, podczas gdy ci, kt\u00f3rzy uprawiaj\u0105 ten sport, aby ca\u0142kowicie zanurzy\u0107 si\u0119 w naturze, mog\u0105 wybra\u0107 mniej strome i bardziej relaksuj\u0105ce trasy.<\/p>\n<p>W Dolomitach jazda na rowerze i kolarstwo g\u00f3rskie staj\u0105 si\u0119 przygod\u0105 w g\u00f3rskich krajobrazach tych szczyt\u00f3w.<br \/>\nPod\u0105\u017caj licznymi szlakami rowerowymi Dolomit\u00f3w, kt\u00f3re prowadz\u0105 Ci\u0119 z jednej doliny do drugiej, a\u017c do szczyt\u00f3w i schronisk g\u00f3rskich. Profesjonalni przewodnicy poka\u017c\u0105 Ci najpi\u0119kniejsze miejsca w Dolomitach.[\/vc_column_text][vc_single_image image=&#8221;1548&#8243; img_size=&#8221;full&#8221; alignment=&#8221;center&#8221;][\/vc_column][\/vc_row][vc_row full_width=&#8221;stretch_row_content_no_spaces&#8221; css=&#8221;.vc_custom_1663929041719{background-color: #000000 !important;}&#8221;][vc_column][vc_gallery type=&#8221;image_grid&#8221; images=&#8221;998,119,1014,1072,1124,1186,1194&#8243; img_size=&#8221;300&#215;200&#8243;][\/vc_column][\/vc_row]<\/p>\n","protected":false},"excerpt":{"rendered":"<p>[vc_row][vc_column][vc_column_text] Turystyka rowerowa i kolarstwo g\u00f3rskie w dolinie Fassa Turystyka rowerowa jest form\u0105 turystyki na rowerze, w wariancie &#8222;poci\u0105g + rower&#8221; lub z wycieczkami organizowanymi przez biura oferuj\u0105ce wsparcie logistyczne i transport baga\u017cu. Jest to szczeg\u00f3lnie ekonomiczny spos\u00f3b podr\u00f3\u017cowania, odbiegaj\u0105cy od utartych kanon\u00f3w i szlak\u00f3w masowej turystyki. Czasami mo\u017cna podr\u00f3\u017cowa\u0107 poza utartymi szlakami, na przyk\u0142ad [&hellip;]<\/p>\n","protected":false},"author":2,"featured_media":0,"parent":0,"menu_order":0,"comment_status":"closed","ping_status":"closed","template":"","meta":{"_acf_changed":false,"footnotes":""},"class_list":["post-2580","page","type-page","status-publish","hentry"],"acf":[],"yoast_head":"<!-- This site is optimized with the Yoast SEO plugin v27.4 - https:\/\/yoast.com\/product\/yoast-seo-wordpress\/ -->\n<title>Urlop rowerowy Kolarstwo g\u00f3rskie Vigo di Fassa w Dolinie Fassa<\/title>\n<meta name=\"description\" content=\"Hotel Rosa jest idealnym punktem wyj\u015bcia dla rowerowych i g\u00f3rskich wakacji w pi\u0119knej Dolinie Fassa w Dolomitach.\" \/>\n<meta name=\"robots\" content=\"index, follow, max-snippet:-1, max-image-preview:large, max-video-preview:-1\" \/>\n<link rel=\"canonical\" href=\"https:\/\/hotelrosa.biz\/pl\/turystyka-rowerowa-i-kolarstwo-gorskie.html\" \/>\n<meta property=\"og:locale\" content=\"pl_PL\" \/>\n<meta property=\"og:type\" content=\"article\" \/>\n<meta property=\"og:title\" content=\"Urlop rowerowy Kolarstwo g\u00f3rskie Vigo di Fassa w Dolinie Fassa\" \/>\n<meta property=\"og:description\" content=\"Hotel Rosa jest idealnym punktem wyj\u015bcia dla rowerowych i g\u00f3rskich wakacji w pi\u0119knej Dolinie Fassa w Dolomitach.\" \/>\n<meta property=\"og:url\" content=\"https:\/\/hotelrosa.biz\/pl\/turystyka-rowerowa-i-kolarstwo-gorskie.html\" \/>\n<meta property=\"article:modified_time\" content=\"2022-10-05T08:05:38+00:00\" \/>\n<meta name=\"twitter:card\" content=\"summary_large_image\" \/>\n<meta name=\"twitter:label1\" content=\"Szacowany czas czytania\" \/>\n\t<meta name=\"twitter:data1\" content=\"1 minuta\" \/>\n<script type=\"application\/ld+json\" class=\"yoast-schema-graph\">{\"@context\":\"https:\\\/\\\/schema.org\",\"@graph\":[{\"@type\":\"WebPage\",\"@id\":\"https:\\\/\\\/hotelrosa.biz\\\/pl\\\/turystyka-rowerowa-i-kolarstwo-gorskie.html\",\"url\":\"https:\\\/\\\/hotelrosa.biz\\\/pl\\\/turystyka-rowerowa-i-kolarstwo-gorskie.html\",\"name\":\"Urlop rowerowy Kolarstwo g\u00f3rskie Vigo di Fassa w Dolinie Fassa\",\"isPartOf\":{\"@id\":\"https:\\\/\\\/hotelrosa.biz\\\/#website\"},\"datePublished\":\"2022-09-14T13:13:10+00:00\",\"dateModified\":\"2022-10-05T08:05:38+00:00\",\"description\":\"Hotel Rosa jest idealnym punktem wyj\u015bcia dla rowerowych i g\u00f3rskich wakacji w pi\u0119knej Dolinie Fassa w Dolomitach.\",\"breadcrumb\":{\"@id\":\"https:\\\/\\\/hotelrosa.biz\\\/pl\\\/turystyka-rowerowa-i-kolarstwo-gorskie.html#breadcrumb\"},\"inLanguage\":\"pl-PL\",\"potentialAction\":[{\"@type\":\"ReadAction\",\"target\":[\"https:\\\/\\\/hotelrosa.biz\\\/pl\\\/turystyka-rowerowa-i-kolarstwo-gorskie.html\"]}]},{\"@type\":\"BreadcrumbList\",\"@id\":\"https:\\\/\\\/hotelrosa.biz\\\/pl\\\/turystyka-rowerowa-i-kolarstwo-gorskie.html#breadcrumb\",\"itemListElement\":[{\"@type\":\"ListItem\",\"position\":1,\"name\":\"Home\",\"item\":\"https:\\\/\\\/hotelrosa.biz\\\/pl\\\/\"},{\"@type\":\"ListItem\",\"position\":2,\"name\":\"Turystyka rowerowa i kolarstwo g\u00f3rskie\"}]},{\"@type\":\"WebSite\",\"@id\":\"https:\\\/\\\/hotelrosa.biz\\\/#website\",\"url\":\"https:\\\/\\\/hotelrosa.biz\\\/\",\"name\":\"\",\"description\":\"\",\"potentialAction\":[{\"@type\":\"SearchAction\",\"target\":{\"@type\":\"EntryPoint\",\"urlTemplate\":\"https:\\\/\\\/hotelrosa.biz\\\/?s={search_term_string}\"},\"query-input\":{\"@type\":\"PropertyValueSpecification\",\"valueRequired\":true,\"valueName\":\"search_term_string\"}}],\"inLanguage\":\"pl-PL\"}]}<\/script>\n<!-- \/ Yoast SEO plugin. -->","yoast_head_json":{"title":"Urlop rowerowy Kolarstwo g\u00f3rskie Vigo di Fassa w Dolinie Fassa","description":"Hotel Rosa jest idealnym punktem wyj\u015bcia dla rowerowych i g\u00f3rskich wakacji w pi\u0119knej Dolinie Fassa w Dolomitach.","robots":{"index":"index","follow":"follow","max-snippet":"max-snippet:-1","max-image-preview":"max-image-preview:large","max-video-preview":"max-video-preview:-1"},"canonical":"https:\/\/hotelrosa.biz\/pl\/turystyka-rowerowa-i-kolarstwo-gorskie.html","og_locale":"pl_PL","og_type":"article","og_title":"Urlop rowerowy Kolarstwo g\u00f3rskie Vigo di Fassa w Dolinie Fassa","og_description":"Hotel Rosa jest idealnym punktem wyj\u015bcia dla rowerowych i g\u00f3rskich wakacji w pi\u0119knej Dolinie Fassa w Dolomitach.","og_url":"https:\/\/hotelrosa.biz\/pl\/turystyka-rowerowa-i-kolarstwo-gorskie.html","article_modified_time":"2022-10-05T08:05:38+00:00","twitter_card":"summary_large_image","twitter_misc":{"Szacowany czas czytania":"1 minuta"},"schema":{"@context":"https:\/\/schema.org","@graph":[{"@type":"WebPage","@id":"https:\/\/hotelrosa.biz\/pl\/turystyka-rowerowa-i-kolarstwo-gorskie.html","url":"https:\/\/hotelrosa.biz\/pl\/turystyka-rowerowa-i-kolarstwo-gorskie.html","name":"Urlop rowerowy Kolarstwo g\u00f3rskie Vigo di Fassa w Dolinie Fassa","isPartOf":{"@id":"https:\/\/hotelrosa.biz\/#website"},"datePublished":"2022-09-14T13:13:10+00:00","dateModified":"2022-10-05T08:05:38+00:00","description":"Hotel Rosa jest idealnym punktem wyj\u015bcia dla rowerowych i g\u00f3rskich wakacji w pi\u0119knej Dolinie Fassa w Dolomitach.","breadcrumb":{"@id":"https:\/\/hotelrosa.biz\/pl\/turystyka-rowerowa-i-kolarstwo-gorskie.html#breadcrumb"},"inLanguage":"pl-PL","potentialAction":[{"@type":"ReadAction","target":["https:\/\/hotelrosa.biz\/pl\/turystyka-rowerowa-i-kolarstwo-gorskie.html"]}]},{"@type":"BreadcrumbList","@id":"https:\/\/hotelrosa.biz\/pl\/turystyka-rowerowa-i-kolarstwo-gorskie.html#breadcrumb","itemListElement":[{"@type":"ListItem","position":1,"name":"Home","item":"https:\/\/hotelrosa.biz\/pl\/"},{"@type":"ListItem","position":2,"name":"Turystyka rowerowa i kolarstwo g\u00f3rskie"}]},{"@type":"WebSite","@id":"https:\/\/hotelrosa.biz\/#website","url":"https:\/\/hotelrosa.biz\/","name":"","description":"","potentialAction":[{"@type":"SearchAction","target":{"@type":"EntryPoint","urlTemplate":"https:\/\/hotelrosa.biz\/?s={search_term_string}"},"query-input":{"@type":"PropertyValueSpecification","valueRequired":true,"valueName":"search_term_string"}}],"inLanguage":"pl-PL"}]}},"_links":{"self":[{"href":"https:\/\/hotelrosa.biz\/pl\/wp-json\/wp\/v2\/pages\/2580\/"}],"collection":[{"href":"https:\/\/hotelrosa.biz\/pl\/wp-json\/wp\/v2\/pages\/"}],"about":[{"href":"https:\/\/hotelrosa.biz\/pl\/wp-json\/wp\/v2\/types\/page\/"}],"author":[{"embeddable":true,"href":"https:\/\/hotelrosa.biz\/pl\/wp-json\/wp\/v2\/users\/2\/"}],"replies":[{"embeddable":true,"href":"https:\/\/hotelrosa.biz\/pl\/wp-json\/wp\/v2\/comments\/?post=2580"}],"version-history":[{"count":3,"href":"https:\/\/hotelrosa.biz\/pl\/wp-json\/wp\/v2\/pages\/2580\/revisions\/"}],"predecessor-version":[{"id":2587,"href":"https:\/\/hotelrosa.biz\/pl\/wp-json\/wp\/v2\/pages\/2580\/revisions\/2587\/"}],"wp:attachment":[{"href":"https:\/\/hotelrosa.biz\/pl\/wp-json\/wp\/v2\/media\/?parent=2580"}],"curies":[{"name":"wp","href":"https:\/\/api.w.org\/{rel}","templated":true}]}}