{"id":2577,"date":"2022-09-10T16:17:06","date_gmt":"2022-09-10T14:17:06","guid":{"rendered":"https:\/\/hotelrosa.biz\/offerte.html"},"modified":"2025-09-22T18:01:29","modified_gmt":"2025-09-22T16:01:29","slug":"oferty","status":"publish","type":"page","link":"https:\/\/hotelrosa.biz\/pl\/oferty.html","title":{"rendered":"Oferty"},"content":{"rendered":"<p>[vc_row][vc_column][vc_column_text]<\/p>\n<h1 style=\"text-align: center;\"><span style=\"color: #cc9933;\">Oferty Hotel Rosa w Vigo di Fassa<\/span><\/h1>\n<p>Oferty ferii w Vigo di Fassa w Dolomitach Val di Fassa w Trentino<\/p>\n<p data-start=\"648\" data-end=\"772\">Ceny mog\u0105 si\u0119 r\u00f3\u017cni\u0107 w zale\u017cno\u015bci od:<br data-start=\"704\" data-end=\"707\" \/>\u00b7 terminu<br data-start=\"716\" data-end=\"719\" \/>\u00b7 rodzaju pokoju<br data-start=\"735\" data-end=\"738\" \/>\u00b7 wy\u017cywienia<br data-start=\"750\" data-end=\"753\" \/>\u00b7 d\u0142ugo\u015bci pobytu<\/p>\n<p data-start=\"774\" data-end=\"899\"><strong data-start=\"774\" data-end=\"835\">Dlatego zalecamy poprosi\u0107 o indywidualn\u0105 wycen\u0119 wakacji!!<\/strong><br data-start=\"835\" data-end=\"838\" \/>Prosimy o przes\u0142anie zapytania na adres: <a class=\"decorated-link cursor-pointer\" href=\"mailto:info@hotelrosa.biz\" rel=\"noopener\" data-start=\"879\" data-end=\"897\">info@hotelrosa.biz<\/a><\/p>\n<hr \/>\n<p><strong>Mi\u0142o\u015bnicy jazdy na rowerze s\u0105 mile widziani w Hotelu Rosa.<\/strong> W rzeczywisto\u015bci jest to punkt odniesienia dla tych, kt\u00f3rzy chc\u0105 sp\u0119dzi\u0107 wakacje w sercu Dolomit\u00f3w. Hotel, kt\u00f3ry \u0142\u0105czy dobr\u0105 obs\u0142ug\u0119 z przyjaznym przyj\u0119ciem.<br \/>\nPosiadamy gara\u017c dla motocykli oraz obszerny parking dla Pa\u0144stwa w\u00f3zk\u00f3w motocyklowych.<br \/>\n5% od cen katalogowych (minimalny pobyt 3 noce)<\/p>\n<hr \/>\n<h2 data-start=\"3146\" data-end=\"3206\"><strong data-start=\"3146\" data-end=\"3204\">Oferta: Wiosna zabiera Ci\u0119 na stok (z 1 dniem gratis!)<\/strong><\/h2>\n<p data-start=\"3208\" data-end=\"3636\">Od 15 marca do 7 kwietnia 2026 roku Val di Fassa podaruje Ci najbardziej energetyczn\u0105 stron\u0119 zimy: d\u0142ugie dni, wysokie s\u0142o\u0144ce, panoramiczne schroniska g\u00f3rskie, spokojne przerwy na tarasie, mi\u0119kki \u015bnieg i ten wyj\u0105tkowy, zrelaksowany klimat ostatnich zjazd\u00f3w sezonu.<br data-start=\"3472\" data-end=\"3475\" \/>Dzi\u0119ki ofercie <strong data-start=\"3490\" data-end=\"3513\">Dolomiti Springdays<\/strong> mo\u017cesz wybra\u0107 jedn\u0105 z dw\u00f3ch korzystnych formu\u0142, aby zako\u0144czy\u0107 sezon w najlepszy spos\u00f3b\u2026 i ju\u017c zacz\u0105\u0107 marzy\u0107 o nast\u0119pnym!<\/p>\n<p data-start=\"3638\" data-end=\"4172\"><strong data-start=\"3638\" data-end=\"3694\">Dolomiti Springdays L (7=6), 15.03.2026 \u2013 21.03.2026<\/strong><br data-start=\"3694\" data-end=\"3697\" \/>Oferta obejmuje:<br data-start=\"3713\" data-end=\"3716\" \/>\u00b7 Zakwaterowanie. Zarezerwuj 7 nocy (w hotelu, apartamencie lub na kempingu), a zap\u0142acisz tylko za 6<br data-start=\"3816\" data-end=\"3819\" \/>\u00b7 Skipass. 6 dni na stokach w cenie 5, do wyboru skipassy Val di Fassa\/Carezza, Alpe Lusia\/San Pellegrino lub Dolomiti Superski<br data-start=\"3946\" data-end=\"3949\" \/>\u00b7 Szko\u0142a narciarska. Naucz si\u0119 od podstaw lub udoskonal swoje umiej\u0119tno\u015bci na grupowym kursie narciarskim lub snowboardowym (minimum 5 dni) dla doros\u0142ych i dzieci z rabatem 15%<br data-start=\"4125\" data-end=\"4128\" \/>Pobyt od 14\/03\/2026; skipass od 15\/03\/2026<\/p>\n<p data-start=\"4174\" data-end=\"4654\"><strong data-start=\"4174\" data-end=\"4230\">Dolomiti Springdays S (4=3), 22.03.2026 \u2013 07.04.2026<\/strong><br data-start=\"4230\" data-end=\"4233\" \/>Oferta obejmuje:<br data-start=\"4249\" data-end=\"4252\" \/>\u00b7 Zakwaterowanie. Zarezerwuj 4 noce (w hotelu, apartamencie lub na kempingu), a zap\u0142acisz tylko za 3<br data-start=\"4352\" data-end=\"4355\" \/>\u00b7 Skipass. 4 dni na stokach w cenie 3, do wyboru skipassy Val di Fassa\/Carezza, Alpe Lusia\/San Pellegrino lub Dolomiti Superski<br data-start=\"4482\" data-end=\"4485\" \/>\u00b7 Szko\u0142a narciarska. Naucz si\u0119 od podstaw lub udoskonal swoje umiej\u0119tno\u015bci podczas 4 prywatnych lekcji narciarskich lub snowboardowych dla doros\u0142ych i dzieci w cenie 3<\/p>\n<hr \/>\n<p><strong>W cen\u0119 wliczone s\u0105 r\u00f3wnie\u017c nast\u0119puj\u0105ce us\u0142ugi:<\/strong><\/p>\n<p>&#8211; Gara\u017c dla motocykli w zale\u017cno\u015bci od dost\u0119pno\u015bci i\/lub miejsca parkingowego dla motocykli;<br \/>\n&#8211; Porady dotycz\u0105ce wycieczek w Dolomity z mapami i wyja\u015bnieniami;<br \/>\n&#8211; Pomieszczenie do suszenia mokrej odzie\u017cy;<br \/>\n&#8211; Bezp\u0142atne korzystanie z sauny fi\u0144skiej;<br \/>\n&#8211; Bezp\u0142atne korzystanie z jacuzzi[\/vc_column_text][\/vc_column][\/vc_row][vc_row][vc_column][vc_separator color=&#8221;chino&#8221; style=&#8221;shadow&#8221;][vc_column_text]<strong>Przydatne informacje<\/strong><br \/>\nCheck-In Times: W dniu przyjazdu pokoje dost\u0119pne s\u0105 od godziny 14:00<br \/>\nCheck-out and Late Check-out Times:<br \/>\nW dniu wyjazdu Go\u015bcie proszeni s\u0105 o opuszczenie pokoju do godziny 10:00. Istnieje jednak mo\u017cliwo\u015b\u0107 zatrzymania pokoju do godziny 17:00 za dodatkow\u0105 op\u0142at\u0105 w wysoko\u015bci 35 \u20ac za pok\u00f3j.<\/p>\n<p>Godziny posi\u0142k\u00f3w:<br \/>\n\u015aniadanie: 07:30 &#8211; 10:00.<br \/>\nKolacja: 19:30 &#8211; 20:00.<br \/>\nGodziny otwarcia Centrum Wellness<\/p>\n<p>Centrum Wellness: od 15:00 do 19:00.<br \/>\nCentrum wellness (strefa saun) zarezerwowane jest dla os\u00f3b doros\u0142ych.<br \/>\nDzieci poni\u017cej 16 roku \u017cycia mog\u0105 mie\u0107 dost\u0119p tylko do strefy basenowej.<br \/>\n&#8211; za op\u0142at\u0105, wypo\u017cyczenie szlafroka \u20ac 20,00<br \/>\nBezp\u0142atny Internet WI-FI: o nazw\u0119 u\u017cytkownika i has\u0142o dost\u0119pu do hotelowego Wi-FI mo\u017cna poprosi\u0107 bezpo\u015brednio w hotelu podczas zameldowania.[\/vc_column_text][\/vc_column][\/vc_row]<\/p>\n","protected":false},"excerpt":{"rendered":"<p>[vc_row][vc_column][vc_column_text] Oferty Hotel Rosa w Vigo di Fassa Oferty ferii w Vigo di Fassa w Dolomitach Val di Fassa w Trentino Ceny mog\u0105 si\u0119 r\u00f3\u017cni\u0107 w zale\u017cno\u015bci od:\u00b7 terminu\u00b7 rodzaju pokoju\u00b7 wy\u017cywienia\u00b7 d\u0142ugo\u015bci pobytu Dlatego zalecamy poprosi\u0107 o indywidualn\u0105 wycen\u0119 wakacji!!Prosimy o przes\u0142anie zapytania na adres: info@hotelrosa.biz Mi\u0142o\u015bnicy jazdy na rowerze s\u0105 mile widziani w [&hellip;]<\/p>\n","protected":false},"author":2,"featured_media":0,"parent":0,"menu_order":0,"comment_status":"closed","ping_status":"closed","template":"","meta":{"_acf_changed":false,"footnotes":""},"class_list":["post-2577","page","type-page","status-publish","hentry"],"acf":[],"yoast_head":"<!-- This site is optimized with the Yoast SEO plugin v27.4 - https:\/\/yoast.com\/product\/yoast-seo-wordpress\/ -->\n<title>Oferty hoteli Vigo di Fassa<\/title>\n<meta name=\"description\" content=\"Hotel Rosa oferuje pobyty, wakacje i weekendy w Vigo di Fassa w cudownym i zaskakuj\u0105cym Dolinie Fassa w Trentino\" \/>\n<meta name=\"robots\" content=\"index, follow, max-snippet:-1, max-image-preview:large, max-video-preview:-1\" \/>\n<link rel=\"canonical\" href=\"https:\/\/hotelrosa.biz\/pl\/oferty.html\" \/>\n<meta property=\"og:locale\" content=\"pl_PL\" \/>\n<meta property=\"og:type\" content=\"article\" \/>\n<meta property=\"og:title\" content=\"Oferty hoteli Vigo di Fassa\" \/>\n<meta property=\"og:description\" content=\"Hotel Rosa oferuje pobyty, wakacje i weekendy w Vigo di Fassa w cudownym i zaskakuj\u0105cym Dolinie Fassa w Trentino\" \/>\n<meta property=\"og:url\" content=\"https:\/\/hotelrosa.biz\/pl\/oferty.html\" \/>\n<meta property=\"article:modified_time\" content=\"2025-09-22T16:01:29+00:00\" \/>\n<meta name=\"twitter:card\" content=\"summary_large_image\" \/>\n<meta name=\"twitter:label1\" content=\"Szacowany czas czytania\" \/>\n\t<meta name=\"twitter:data1\" content=\"3 minuty\" \/>\n<script type=\"application\/ld+json\" class=\"yoast-schema-graph\">{\"@context\":\"https:\\\/\\\/schema.org\",\"@graph\":[{\"@type\":\"WebPage\",\"@id\":\"https:\\\/\\\/hotelrosa.biz\\\/pl\\\/oferty.html\",\"url\":\"https:\\\/\\\/hotelrosa.biz\\\/pl\\\/oferty.html\",\"name\":\"Oferty hoteli Vigo di Fassa\",\"isPartOf\":{\"@id\":\"https:\\\/\\\/hotelrosa.biz\\\/#website\"},\"datePublished\":\"2022-09-10T14:17:06+00:00\",\"dateModified\":\"2025-09-22T16:01:29+00:00\",\"description\":\"Hotel Rosa oferuje pobyty, wakacje i weekendy w Vigo di Fassa w cudownym i zaskakuj\u0105cym Dolinie Fassa w Trentino\",\"breadcrumb\":{\"@id\":\"https:\\\/\\\/hotelrosa.biz\\\/pl\\\/oferty.html#breadcrumb\"},\"inLanguage\":\"pl-PL\",\"potentialAction\":[{\"@type\":\"ReadAction\",\"target\":[\"https:\\\/\\\/hotelrosa.biz\\\/pl\\\/oferty.html\"]}]},{\"@type\":\"BreadcrumbList\",\"@id\":\"https:\\\/\\\/hotelrosa.biz\\\/pl\\\/oferty.html#breadcrumb\",\"itemListElement\":[{\"@type\":\"ListItem\",\"position\":1,\"name\":\"Home\",\"item\":\"https:\\\/\\\/hotelrosa.biz\\\/pl\\\/\"},{\"@type\":\"ListItem\",\"position\":2,\"name\":\"Oferty\"}]},{\"@type\":\"WebSite\",\"@id\":\"https:\\\/\\\/hotelrosa.biz\\\/#website\",\"url\":\"https:\\\/\\\/hotelrosa.biz\\\/\",\"name\":\"\",\"description\":\"\",\"potentialAction\":[{\"@type\":\"SearchAction\",\"target\":{\"@type\":\"EntryPoint\",\"urlTemplate\":\"https:\\\/\\\/hotelrosa.biz\\\/?s={search_term_string}\"},\"query-input\":{\"@type\":\"PropertyValueSpecification\",\"valueRequired\":true,\"valueName\":\"search_term_string\"}}],\"inLanguage\":\"pl-PL\"}]}<\/script>\n<!-- \/ Yoast SEO plugin. -->","yoast_head_json":{"title":"Oferty hoteli Vigo di Fassa","description":"Hotel Rosa oferuje pobyty, wakacje i weekendy w Vigo di Fassa w cudownym i zaskakuj\u0105cym Dolinie Fassa w Trentino","robots":{"index":"index","follow":"follow","max-snippet":"max-snippet:-1","max-image-preview":"max-image-preview:large","max-video-preview":"max-video-preview:-1"},"canonical":"https:\/\/hotelrosa.biz\/pl\/oferty.html","og_locale":"pl_PL","og_type":"article","og_title":"Oferty hoteli Vigo di Fassa","og_description":"Hotel Rosa oferuje pobyty, wakacje i weekendy w Vigo di Fassa w cudownym i zaskakuj\u0105cym Dolinie Fassa w Trentino","og_url":"https:\/\/hotelrosa.biz\/pl\/oferty.html","article_modified_time":"2025-09-22T16:01:29+00:00","twitter_card":"summary_large_image","twitter_misc":{"Szacowany czas czytania":"3 minuty"},"schema":{"@context":"https:\/\/schema.org","@graph":[{"@type":"WebPage","@id":"https:\/\/hotelrosa.biz\/pl\/oferty.html","url":"https:\/\/hotelrosa.biz\/pl\/oferty.html","name":"Oferty hoteli Vigo di Fassa","isPartOf":{"@id":"https:\/\/hotelrosa.biz\/#website"},"datePublished":"2022-09-10T14:17:06+00:00","dateModified":"2025-09-22T16:01:29+00:00","description":"Hotel Rosa oferuje pobyty, wakacje i weekendy w Vigo di Fassa w cudownym i zaskakuj\u0105cym Dolinie Fassa w Trentino","breadcrumb":{"@id":"https:\/\/hotelrosa.biz\/pl\/oferty.html#breadcrumb"},"inLanguage":"pl-PL","potentialAction":[{"@type":"ReadAction","target":["https:\/\/hotelrosa.biz\/pl\/oferty.html"]}]},{"@type":"BreadcrumbList","@id":"https:\/\/hotelrosa.biz\/pl\/oferty.html#breadcrumb","itemListElement":[{"@type":"ListItem","position":1,"name":"Home","item":"https:\/\/hotelrosa.biz\/pl\/"},{"@type":"ListItem","position":2,"name":"Oferty"}]},{"@type":"WebSite","@id":"https:\/\/hotelrosa.biz\/#website","url":"https:\/\/hotelrosa.biz\/","name":"","description":"","potentialAction":[{"@type":"SearchAction","target":{"@type":"EntryPoint","urlTemplate":"https:\/\/hotelrosa.biz\/?s={search_term_string}"},"query-input":{"@type":"PropertyValueSpecification","valueRequired":true,"valueName":"search_term_string"}}],"inLanguage":"pl-PL"}]}},"_links":{"self":[{"href":"https:\/\/hotelrosa.biz\/pl\/wp-json\/wp\/v2\/pages\/2577\/"}],"collection":[{"href":"https:\/\/hotelrosa.biz\/pl\/wp-json\/wp\/v2\/pages\/"}],"about":[{"href":"https:\/\/hotelrosa.biz\/pl\/wp-json\/wp\/v2\/types\/page\/"}],"author":[{"embeddable":true,"href":"https:\/\/hotelrosa.biz\/pl\/wp-json\/wp\/v2\/users\/2\/"}],"replies":[{"embeddable":true,"href":"https:\/\/hotelrosa.biz\/pl\/wp-json\/wp\/v2\/comments\/?post=2577"}],"version-history":[{"count":17,"href":"https:\/\/hotelrosa.biz\/pl\/wp-json\/wp\/v2\/pages\/2577\/revisions\/"}],"predecessor-version":[{"id":7086,"href":"https:\/\/hotelrosa.biz\/pl\/wp-json\/wp\/v2\/pages\/2577\/revisions\/7086\/"}],"wp:attachment":[{"href":"https:\/\/hotelrosa.biz\/pl\/wp-json\/wp\/v2\/media\/?parent=2577"}],"curies":[{"name":"wp","href":"https:\/\/api.w.org\/{rel}","templated":true}]}}