{"id":2574,"date":"2022-09-24T21:28:01","date_gmt":"2022-09-24T19:28:01","guid":{"rendered":"https:\/\/hotelrosa.biz\/parchi-avventura-val-di-fassa.html"},"modified":"2022-10-05T10:25:04","modified_gmt":"2022-10-05T08:25:04","slug":"parki-przyrody-i-przygody","status":"publish","type":"page","link":"https:\/\/hotelrosa.biz\/pl\/parki-przyrody-i-przygody.html","title":{"rendered":"Parki przyrody i przygody"},"content":{"rendered":"<p>[vc_row][vc_column][vc_column_text]<\/p>\n<h1 style=\"text-align: center;\"><span style=\"color: #cc9933;\">Parki Przyrody i Przygody w Dolinie Fassa<\/span><\/h1>\n<p>Dolinie Fassa, otoczona majestatycznymi Dolomitami, jest uprzywilejowanym terytorium z bujn\u0105 przyrod\u0105 o niezr\u00f3wnanym pi\u0119knie.<\/p>\n<p>Wystarczy rozejrze\u0107 si\u0119 dooko\u0142a lub podnie\u015b\u0107 wzrok na horyzont, by podziwia\u0107 wspania\u0142e nieska\u017cone \u015brodowisko, z aksamitnymi lasami, dolinami, \u0142\u0105kami, skalistymi szczytami, nad kt\u00f3rymi g\u00f3ruje b\u0142\u0119kitne niebo.<\/p>\n<p>Do wszystkich tych miejsc prowadz\u0105 \u015bcie\u017cki, kt\u00f3re mo\u017cna pokona\u0107 pieszo, z kijkami do nordic walking lub na rowerze g\u00f3rskim, ekscytuj\u0105c si\u0119 przed niezr\u00f3wnan\u0105 sceneri\u0105 przyrody.<\/p>\n<p>Przemierzaj\u0105c lasy i doliny mo\u017cemy r\u00f3wnie\u017c zaobserwowa\u0107 zwierz\u0119ta zamieszkuj\u0105ce te tereny, takie jak jelenie, sarny, wiewi\u00f3rki czy \u015bwistaki lub podziwia\u0107 majestatyczny lot or\u0142a.<\/p>\n<p>W\u015br\u00f3d Park\u00f3w Przyrody utworzonych na obszarze turystycznym wskazujemy na Park Paneveggio-Pale di San Martino, Integralny Rezerwat Lusia-Bocche oraz Oaz\u0119 Sciliar-Catinaccio.<\/p>\n<p>Zamiast tego, jako parki przyg\u00f3d w Val di Fassa wskazujemy Dolomiti Action Adventure Park i Adventure Park Piciocaa.[\/vc_column_text][\/vc_column][\/vc_row][vc_row full_width=&#8221;stretch_row_content_no_spaces&#8221; css=&#8221;.vc_custom_1664134021818{background-color: #000000 !important;}&#8221;][vc_column][vc_gallery type=&#8221;image_grid&#8221; images=&#8221;2301,2309,2317,2325,2333,2341&#8243;][\/vc_column][\/vc_row]<\/p>\n","protected":false},"excerpt":{"rendered":"<p>[vc_row][vc_column][vc_column_text] Parki Przyrody i Przygody w Dolinie Fassa Dolinie Fassa, otoczona majestatycznymi Dolomitami, jest uprzywilejowanym terytorium z bujn\u0105 przyrod\u0105 o niezr\u00f3wnanym pi\u0119knie. Wystarczy rozejrze\u0107 si\u0119 dooko\u0142a lub podnie\u015b\u0107 wzrok na horyzont, by podziwia\u0107 wspania\u0142e nieska\u017cone \u015brodowisko, z aksamitnymi lasami, dolinami, \u0142\u0105kami, skalistymi szczytami, nad kt\u00f3rymi g\u00f3ruje b\u0142\u0119kitne niebo. Do wszystkich tych miejsc prowadz\u0105 \u015bcie\u017cki, kt\u00f3re [&hellip;]<\/p>\n","protected":false},"author":2,"featured_media":0,"parent":0,"menu_order":0,"comment_status":"closed","ping_status":"closed","template":"","meta":{"_acf_changed":false,"footnotes":""},"class_list":["post-2574","page","type-page","status-publish","hentry"],"acf":[],"yoast_head":"<!-- This site is optimized with the Yoast SEO plugin v27.4 - https:\/\/yoast.com\/product\/yoast-seo-wordpress\/ -->\n<title>Urlop przyrodniczy w parkach Dolinie Fassa<\/title>\n<meta name=\"description\" content=\"Hotel Rosa w Vigo di Fassa jest idealny na relaksuj\u0105ce wakacje, odkrywanie przyrody i park\u00f3w w Val di Fassa w Trentino\" \/>\n<meta name=\"robots\" content=\"index, follow, max-snippet:-1, max-image-preview:large, max-video-preview:-1\" \/>\n<link rel=\"canonical\" href=\"https:\/\/hotelrosa.biz\/pl\/parki-przyrody-i-przygody.html\" \/>\n<meta property=\"og:locale\" content=\"pl_PL\" \/>\n<meta property=\"og:type\" content=\"article\" \/>\n<meta property=\"og:title\" content=\"Urlop przyrodniczy w parkach Dolinie Fassa\" \/>\n<meta property=\"og:description\" content=\"Hotel Rosa w Vigo di Fassa jest idealny na relaksuj\u0105ce wakacje, odkrywanie przyrody i park\u00f3w w Val di Fassa w Trentino\" \/>\n<meta property=\"og:url\" content=\"https:\/\/hotelrosa.biz\/pl\/parki-przyrody-i-przygody.html\" \/>\n<meta property=\"article:modified_time\" content=\"2022-10-05T08:25:04+00:00\" \/>\n<meta name=\"twitter:card\" content=\"summary_large_image\" \/>\n<meta name=\"twitter:label1\" content=\"Szacowany czas czytania\" \/>\n\t<meta name=\"twitter:data1\" content=\"1 minuta\" \/>\n<script type=\"application\/ld+json\" class=\"yoast-schema-graph\">{\"@context\":\"https:\\\/\\\/schema.org\",\"@graph\":[{\"@type\":\"WebPage\",\"@id\":\"https:\\\/\\\/hotelrosa.biz\\\/pl\\\/parki-przyrody-i-przygody.html\",\"url\":\"https:\\\/\\\/hotelrosa.biz\\\/pl\\\/parki-przyrody-i-przygody.html\",\"name\":\"Urlop przyrodniczy w parkach Dolinie Fassa\",\"isPartOf\":{\"@id\":\"https:\\\/\\\/hotelrosa.biz\\\/#website\"},\"datePublished\":\"2022-09-24T19:28:01+00:00\",\"dateModified\":\"2022-10-05T08:25:04+00:00\",\"description\":\"Hotel Rosa w Vigo di Fassa jest idealny na relaksuj\u0105ce wakacje, odkrywanie przyrody i park\u00f3w w Val di Fassa w Trentino\",\"breadcrumb\":{\"@id\":\"https:\\\/\\\/hotelrosa.biz\\\/pl\\\/parki-przyrody-i-przygody.html#breadcrumb\"},\"inLanguage\":\"pl-PL\",\"potentialAction\":[{\"@type\":\"ReadAction\",\"target\":[\"https:\\\/\\\/hotelrosa.biz\\\/pl\\\/parki-przyrody-i-przygody.html\"]}]},{\"@type\":\"BreadcrumbList\",\"@id\":\"https:\\\/\\\/hotelrosa.biz\\\/pl\\\/parki-przyrody-i-przygody.html#breadcrumb\",\"itemListElement\":[{\"@type\":\"ListItem\",\"position\":1,\"name\":\"Home\",\"item\":\"https:\\\/\\\/hotelrosa.biz\\\/pl\\\/\"},{\"@type\":\"ListItem\",\"position\":2,\"name\":\"Parki przyrody i przygody\"}]},{\"@type\":\"WebSite\",\"@id\":\"https:\\\/\\\/hotelrosa.biz\\\/#website\",\"url\":\"https:\\\/\\\/hotelrosa.biz\\\/\",\"name\":\"\",\"description\":\"\",\"potentialAction\":[{\"@type\":\"SearchAction\",\"target\":{\"@type\":\"EntryPoint\",\"urlTemplate\":\"https:\\\/\\\/hotelrosa.biz\\\/?s={search_term_string}\"},\"query-input\":{\"@type\":\"PropertyValueSpecification\",\"valueRequired\":true,\"valueName\":\"search_term_string\"}}],\"inLanguage\":\"pl-PL\"}]}<\/script>\n<!-- \/ Yoast SEO plugin. -->","yoast_head_json":{"title":"Urlop przyrodniczy w parkach Dolinie Fassa","description":"Hotel Rosa w Vigo di Fassa jest idealny na relaksuj\u0105ce wakacje, odkrywanie przyrody i park\u00f3w w Val di Fassa w Trentino","robots":{"index":"index","follow":"follow","max-snippet":"max-snippet:-1","max-image-preview":"max-image-preview:large","max-video-preview":"max-video-preview:-1"},"canonical":"https:\/\/hotelrosa.biz\/pl\/parki-przyrody-i-przygody.html","og_locale":"pl_PL","og_type":"article","og_title":"Urlop przyrodniczy w parkach Dolinie Fassa","og_description":"Hotel Rosa w Vigo di Fassa jest idealny na relaksuj\u0105ce wakacje, odkrywanie przyrody i park\u00f3w w Val di Fassa w Trentino","og_url":"https:\/\/hotelrosa.biz\/pl\/parki-przyrody-i-przygody.html","article_modified_time":"2022-10-05T08:25:04+00:00","twitter_card":"summary_large_image","twitter_misc":{"Szacowany czas czytania":"1 minuta"},"schema":{"@context":"https:\/\/schema.org","@graph":[{"@type":"WebPage","@id":"https:\/\/hotelrosa.biz\/pl\/parki-przyrody-i-przygody.html","url":"https:\/\/hotelrosa.biz\/pl\/parki-przyrody-i-przygody.html","name":"Urlop przyrodniczy w parkach Dolinie Fassa","isPartOf":{"@id":"https:\/\/hotelrosa.biz\/#website"},"datePublished":"2022-09-24T19:28:01+00:00","dateModified":"2022-10-05T08:25:04+00:00","description":"Hotel Rosa w Vigo di Fassa jest idealny na relaksuj\u0105ce wakacje, odkrywanie przyrody i park\u00f3w w Val di Fassa w Trentino","breadcrumb":{"@id":"https:\/\/hotelrosa.biz\/pl\/parki-przyrody-i-przygody.html#breadcrumb"},"inLanguage":"pl-PL","potentialAction":[{"@type":"ReadAction","target":["https:\/\/hotelrosa.biz\/pl\/parki-przyrody-i-przygody.html"]}]},{"@type":"BreadcrumbList","@id":"https:\/\/hotelrosa.biz\/pl\/parki-przyrody-i-przygody.html#breadcrumb","itemListElement":[{"@type":"ListItem","position":1,"name":"Home","item":"https:\/\/hotelrosa.biz\/pl\/"},{"@type":"ListItem","position":2,"name":"Parki przyrody i przygody"}]},{"@type":"WebSite","@id":"https:\/\/hotelrosa.biz\/#website","url":"https:\/\/hotelrosa.biz\/","name":"","description":"","potentialAction":[{"@type":"SearchAction","target":{"@type":"EntryPoint","urlTemplate":"https:\/\/hotelrosa.biz\/?s={search_term_string}"},"query-input":{"@type":"PropertyValueSpecification","valueRequired":true,"valueName":"search_term_string"}}],"inLanguage":"pl-PL"}]}},"_links":{"self":[{"href":"https:\/\/hotelrosa.biz\/pl\/wp-json\/wp\/v2\/pages\/2574\/"}],"collection":[{"href":"https:\/\/hotelrosa.biz\/pl\/wp-json\/wp\/v2\/pages\/"}],"about":[{"href":"https:\/\/hotelrosa.biz\/pl\/wp-json\/wp\/v2\/types\/page\/"}],"author":[{"embeddable":true,"href":"https:\/\/hotelrosa.biz\/pl\/wp-json\/wp\/v2\/users\/2\/"}],"replies":[{"embeddable":true,"href":"https:\/\/hotelrosa.biz\/pl\/wp-json\/wp\/v2\/comments\/?post=2574"}],"version-history":[{"count":2,"href":"https:\/\/hotelrosa.biz\/pl\/wp-json\/wp\/v2\/pages\/2574\/revisions\/"}],"predecessor-version":[{"id":2576,"href":"https:\/\/hotelrosa.biz\/pl\/wp-json\/wp\/v2\/pages\/2574\/revisions\/2576\/"}],"wp:attachment":[{"href":"https:\/\/hotelrosa.biz\/pl\/wp-json\/wp\/v2\/media\/?parent=2574"}],"curies":[{"name":"wp","href":"https:\/\/api.w.org\/{rel}","templated":true}]}}