{"id":2571,"date":"2022-09-14T15:14:21","date_gmt":"2022-09-14T13:14:21","guid":{"rendered":"https:\/\/hotelrosa.biz\/motorbike.html"},"modified":"2022-10-05T10:13:53","modified_gmt":"2022-10-05T08:13:53","slug":"motocykl","status":"publish","type":"page","link":"https:\/\/hotelrosa.biz\/pl\/motocykl.html","title":{"rendered":"Motocykl"},"content":{"rendered":"<p>[vc_row][vc_column][vc_column_text]<\/p>\n<h1 style=\"text-align: center;\"><span style=\"color: #cc9933;\">Motobikers: Wakacje dla motocyklist\u00f3w<\/span><\/h1>\n<p>Wakacje motocyklowe to okazja, by w pe\u0142ni pozna\u0107 urok Val di Fassa i fantastyczne krajobrazy Dolomit\u00f3w.<\/p>\n<p>Val di Fassa ze swoimi trasami w Dolomitach oferuje drogi i prze\u0142\u0119cze pe\u0142ne zakr\u0119t\u00f3w, aby przej\u015b\u0107 z jednej strony na drug\u0105 i zapieraj\u0105ce dech w piersiach widoki g\u00f3rskie.<br \/>\nWczasy motocyklowe w Val di Fassa to dla motocyklisty szczyt mo\u017cliwo\u015bci prze\u017cycia emocji i przygody w g\u00f3rach.<\/p>\n<p>Dzi\u0119ki strategicznemu po\u0142o\u017ceniu w Vigo di Fassa, Hotel Rosa jest idealnym punktem wyj\u015bcia dla urlopu motocyklist\u00f3w, kt\u00f3rzy w kr\u00f3tkim czasie mog\u0105 dotrze\u0107 do wi\u0119kszo\u015bci prze\u0142\u0119czy w Dolomitach i podziwia\u0107 wspania\u0142e krajobrazy.<\/p>\n<p>W Val di Fassa istniej\u0105 liczne us\u0142ugi spe\u0142niaj\u0105ce potrzeby motocyklist\u00f3w, z informacjami na temat tras zwiedzania najciekawszych miejsc w Dolomitach i ca\u0142ym Trentino, idealnym terytorium dla motocyklist\u00f3w zainteresowanych odkrywaniem g\u00f3r, jezior, park\u00f3w naturalnych, zamk\u00f3w, tras winiarskich i gastronomicznych, itp.<\/p>\n<p>Wakacje dla motocyklist\u00f3w, aby w ca\u0142kowitej wolno\u015bci do\u015bwiadczy\u0107 emocji Dolomit\u00f3w Val di Fassa.[\/vc_column_text][\/vc_column][\/vc_row][vc_row full_width=&#8221;stretch_row_content_no_spaces&#8221; css=&#8221;.vc_custom_1663929924487{background-color: #000000 !important;}&#8221;][vc_column][vc_gallery type=&#8221;image_grid&#8221; images=&#8221;514,506,1099,1203,1211,1219,1227,1502&#8243; img_size=&#8221;300&#215;200&#8243;][\/vc_column][\/vc_row]<\/p>\n","protected":false},"excerpt":{"rendered":"<p>[vc_row][vc_column][vc_column_text] Motobikers: Wakacje dla motocyklist\u00f3w Wakacje motocyklowe to okazja, by w pe\u0142ni pozna\u0107 urok Val di Fassa i fantastyczne krajobrazy Dolomit\u00f3w. Val di Fassa ze swoimi trasami w Dolomitach oferuje drogi i prze\u0142\u0119cze pe\u0142ne zakr\u0119t\u00f3w, aby przej\u015b\u0107 z jednej strony na drug\u0105 i zapieraj\u0105ce dech w piersiach widoki g\u00f3rskie. Wczasy motocyklowe w Val di Fassa [&hellip;]<\/p>\n","protected":false},"author":2,"featured_media":0,"parent":0,"menu_order":0,"comment_status":"closed","ping_status":"closed","template":"","meta":{"_acf_changed":false,"footnotes":""},"class_list":["post-2571","page","type-page","status-publish","hentry"],"acf":[],"yoast_head":"<!-- This site is optimized with the Yoast SEO plugin v27.4 - https:\/\/yoast.com\/product\/yoast-seo-wordpress\/ -->\n<title>Wakacje motocyklist\u00f3w Motocykli\u015bci Vigo di Fassa Dolinie Fassa<\/title>\n<meta name=\"description\" content=\"Hotel Rosa to idealny hotel na wakacje dla motocyklist\u00f3w odkrywaj\u0105cych g\u00f3rskie krajobrazy Dolomit\u00f3w w Trentino\" \/>\n<meta name=\"robots\" content=\"index, follow, max-snippet:-1, max-image-preview:large, max-video-preview:-1\" \/>\n<link rel=\"canonical\" href=\"https:\/\/hotelrosa.biz\/pl\/motocykl.html\" \/>\n<meta property=\"og:locale\" content=\"pl_PL\" \/>\n<meta property=\"og:type\" content=\"article\" \/>\n<meta property=\"og:title\" content=\"Wakacje motocyklist\u00f3w Motocykli\u015bci Vigo di Fassa Dolinie Fassa\" \/>\n<meta property=\"og:description\" content=\"Hotel Rosa to idealny hotel na wakacje dla motocyklist\u00f3w odkrywaj\u0105cych g\u00f3rskie krajobrazy Dolomit\u00f3w w Trentino\" \/>\n<meta property=\"og:url\" content=\"https:\/\/hotelrosa.biz\/pl\/motocykl.html\" \/>\n<meta property=\"article:modified_time\" content=\"2022-10-05T08:13:53+00:00\" \/>\n<meta name=\"twitter:card\" content=\"summary_large_image\" \/>\n<meta name=\"twitter:label1\" content=\"Szacowany czas czytania\" \/>\n\t<meta name=\"twitter:data1\" content=\"1 minuta\" \/>\n<script type=\"application\/ld+json\" class=\"yoast-schema-graph\">{\"@context\":\"https:\\\/\\\/schema.org\",\"@graph\":[{\"@type\":\"WebPage\",\"@id\":\"https:\\\/\\\/hotelrosa.biz\\\/pl\\\/motocykl.html\",\"url\":\"https:\\\/\\\/hotelrosa.biz\\\/pl\\\/motocykl.html\",\"name\":\"Wakacje motocyklist\u00f3w Motocykli\u015bci Vigo di Fassa Dolinie Fassa\",\"isPartOf\":{\"@id\":\"https:\\\/\\\/hotelrosa.biz\\\/#website\"},\"datePublished\":\"2022-09-14T13:14:21+00:00\",\"dateModified\":\"2022-10-05T08:13:53+00:00\",\"description\":\"Hotel Rosa to idealny hotel na wakacje dla motocyklist\u00f3w odkrywaj\u0105cych g\u00f3rskie krajobrazy Dolomit\u00f3w w Trentino\",\"breadcrumb\":{\"@id\":\"https:\\\/\\\/hotelrosa.biz\\\/pl\\\/motocykl.html#breadcrumb\"},\"inLanguage\":\"pl-PL\",\"potentialAction\":[{\"@type\":\"ReadAction\",\"target\":[\"https:\\\/\\\/hotelrosa.biz\\\/pl\\\/motocykl.html\"]}]},{\"@type\":\"BreadcrumbList\",\"@id\":\"https:\\\/\\\/hotelrosa.biz\\\/pl\\\/motocykl.html#breadcrumb\",\"itemListElement\":[{\"@type\":\"ListItem\",\"position\":1,\"name\":\"Home\",\"item\":\"https:\\\/\\\/hotelrosa.biz\\\/pl\\\/\"},{\"@type\":\"ListItem\",\"position\":2,\"name\":\"Motocykl\"}]},{\"@type\":\"WebSite\",\"@id\":\"https:\\\/\\\/hotelrosa.biz\\\/#website\",\"url\":\"https:\\\/\\\/hotelrosa.biz\\\/\",\"name\":\"\",\"description\":\"\",\"potentialAction\":[{\"@type\":\"SearchAction\",\"target\":{\"@type\":\"EntryPoint\",\"urlTemplate\":\"https:\\\/\\\/hotelrosa.biz\\\/?s={search_term_string}\"},\"query-input\":{\"@type\":\"PropertyValueSpecification\",\"valueRequired\":true,\"valueName\":\"search_term_string\"}}],\"inLanguage\":\"pl-PL\"}]}<\/script>\n<!-- \/ Yoast SEO plugin. -->","yoast_head_json":{"title":"Wakacje motocyklist\u00f3w Motocykli\u015bci Vigo di Fassa Dolinie Fassa","description":"Hotel Rosa to idealny hotel na wakacje dla motocyklist\u00f3w odkrywaj\u0105cych g\u00f3rskie krajobrazy Dolomit\u00f3w w Trentino","robots":{"index":"index","follow":"follow","max-snippet":"max-snippet:-1","max-image-preview":"max-image-preview:large","max-video-preview":"max-video-preview:-1"},"canonical":"https:\/\/hotelrosa.biz\/pl\/motocykl.html","og_locale":"pl_PL","og_type":"article","og_title":"Wakacje motocyklist\u00f3w Motocykli\u015bci Vigo di Fassa Dolinie Fassa","og_description":"Hotel Rosa to idealny hotel na wakacje dla motocyklist\u00f3w odkrywaj\u0105cych g\u00f3rskie krajobrazy Dolomit\u00f3w w Trentino","og_url":"https:\/\/hotelrosa.biz\/pl\/motocykl.html","article_modified_time":"2022-10-05T08:13:53+00:00","twitter_card":"summary_large_image","twitter_misc":{"Szacowany czas czytania":"1 minuta"},"schema":{"@context":"https:\/\/schema.org","@graph":[{"@type":"WebPage","@id":"https:\/\/hotelrosa.biz\/pl\/motocykl.html","url":"https:\/\/hotelrosa.biz\/pl\/motocykl.html","name":"Wakacje motocyklist\u00f3w Motocykli\u015bci Vigo di Fassa Dolinie Fassa","isPartOf":{"@id":"https:\/\/hotelrosa.biz\/#website"},"datePublished":"2022-09-14T13:14:21+00:00","dateModified":"2022-10-05T08:13:53+00:00","description":"Hotel Rosa to idealny hotel na wakacje dla motocyklist\u00f3w odkrywaj\u0105cych g\u00f3rskie krajobrazy Dolomit\u00f3w w Trentino","breadcrumb":{"@id":"https:\/\/hotelrosa.biz\/pl\/motocykl.html#breadcrumb"},"inLanguage":"pl-PL","potentialAction":[{"@type":"ReadAction","target":["https:\/\/hotelrosa.biz\/pl\/motocykl.html"]}]},{"@type":"BreadcrumbList","@id":"https:\/\/hotelrosa.biz\/pl\/motocykl.html#breadcrumb","itemListElement":[{"@type":"ListItem","position":1,"name":"Home","item":"https:\/\/hotelrosa.biz\/pl\/"},{"@type":"ListItem","position":2,"name":"Motocykl"}]},{"@type":"WebSite","@id":"https:\/\/hotelrosa.biz\/#website","url":"https:\/\/hotelrosa.biz\/","name":"","description":"","potentialAction":[{"@type":"SearchAction","target":{"@type":"EntryPoint","urlTemplate":"https:\/\/hotelrosa.biz\/?s={search_term_string}"},"query-input":{"@type":"PropertyValueSpecification","valueRequired":true,"valueName":"search_term_string"}}],"inLanguage":"pl-PL"}]}},"_links":{"self":[{"href":"https:\/\/hotelrosa.biz\/pl\/wp-json\/wp\/v2\/pages\/2571\/"}],"collection":[{"href":"https:\/\/hotelrosa.biz\/pl\/wp-json\/wp\/v2\/pages\/"}],"about":[{"href":"https:\/\/hotelrosa.biz\/pl\/wp-json\/wp\/v2\/types\/page\/"}],"author":[{"embeddable":true,"href":"https:\/\/hotelrosa.biz\/pl\/wp-json\/wp\/v2\/users\/2\/"}],"replies":[{"embeddable":true,"href":"https:\/\/hotelrosa.biz\/pl\/wp-json\/wp\/v2\/comments\/?post=2571"}],"version-history":[{"count":2,"href":"https:\/\/hotelrosa.biz\/pl\/wp-json\/wp\/v2\/pages\/2571\/revisions\/"}],"predecessor-version":[{"id":2573,"href":"https:\/\/hotelrosa.biz\/pl\/wp-json\/wp\/v2\/pages\/2571\/revisions\/2573\/"}],"wp:attachment":[{"href":"https:\/\/hotelrosa.biz\/pl\/wp-json\/wp\/v2\/media\/?parent=2571"}],"curies":[{"name":"wp","href":"https:\/\/api.w.org\/{rel}","templated":true}]}}