{"id":2568,"date":"2022-09-10T16:16:17","date_gmt":"2022-09-10T14:16:17","guid":{"rendered":"https:\/\/hotelrosa.biz\/hotel.html"},"modified":"2025-07-03T19:52:15","modified_gmt":"2025-07-03T17:52:15","slug":"hotele","status":"publish","type":"page","link":"https:\/\/hotelrosa.biz\/pl\/hotele.html","title":{"rendered":"Hotele"},"content":{"rendered":"<p>[vc_row][vc_column][vc_column_text]<\/p>\n<h1 style=\"text-align: center;\"><span style=\"color: #cc9933;\">Hotel 3-gwiazdkowy w Vigo di Fassa<\/span><\/h1>\n<h1 style=\"text-align: center;\"><span style=\"color: #cc9933;\">Tradycyjna go\u015bcinno\u015b\u0107 hoteli g\u00f3rskich<\/span><\/h1>\n<p>&nbsp;<\/p>\n<p>Hotel Rosa wyr\u00f3\u017cnia si\u0119 wspania\u0142\u0105 lokalizacj\u0105 w centrum Val di Fassa. Ka\u017cdego dnia, od rana do wieczora, jest ca\u0142owany przez s\u0142o\u0144ce, kt\u00f3re obejmuje go swoim ciep\u0142em, roz\u015bwietlaj\u0105c wakacje jego go\u015bci.<\/p>\n<p>Jego prawdziwa go\u015bcinno\u015b\u0107 i us\u0142ugi sprawiaj\u0105, \u017ce jest to wspania\u0142y 3-gwiazdkowy hotel w Vigo di Fassa idealny dla tych, kt\u00f3rzy chc\u0105 prze\u017cy\u0107 wakacje w Val di Fassa, zanurzony we wspania\u0142ym obszarze turystycznym Dolomit\u00f3w Trentino.<\/p>\n<p>Wystarczy wyj\u015b\u0107 z hotelu, przej\u015b\u0107 si\u0119 \u015bcie\u017ckami, kt\u00f3re prowadz\u0105 do lasu, lub podej\u015b\u0107 w kierunku prze\u0142\u0119czy Costalunga, aby do\u015bwiadczy\u0107 emocji natury. Dla tych, kt\u00f3rzy chc\u0105 podziwia\u0107 majestatyczne krajobrazy Dolomit\u00f3w, wystarczy wjecha\u0107 kolejk\u0105 linow\u0105, znajduj\u0105c\u0105 si\u0119 oko\u0142o 300 metr\u00f3w od hotelu, na Catinaccio i cieszy\u0107 si\u0119 widokiem.<\/p>\n<p>Hotel Rosa, 3-gwiazdkowy hotel po\u0142o\u017cony na wysoko\u015bci 1396 metr\u00f3w w centrum charakterystycznej g\u00f3rskiej miejscowo\u015bci Vigo di Fassa, zosta\u0142 ca\u0142kowicie odnowiony i wyremontowany. Hotel posiada 26 pokoi r\u00f3\u017cnego typu oraz 6 apartament\u00f3w wyposa\u017conych we wszystkie wygody: z panoramicznym widokiem na Val di Fassa i Dolomity.<\/p>\n<p>Okr\u0119tem flagowym hotelu jest zupe\u0142nie nowe Centrum Wellness &amp; SPA, wyposa\u017cone w najnowocze\u015bniejsze technologie, zdolne zaspokoi\u0107 ka\u017cd\u0105 potrzeb\u0119.[\/vc_column_text][\/vc_column][\/vc_row][vc_row][vc_column width=&#8221;1\/4&#8243;][vc_single_image image=&#8221;2218&#8243; img_size=&#8221;400&#215;300&#8243;][\/vc_column][vc_column width=&#8221;1\/4&#8243;][vc_single_image image=&#8221;2242&#8243; img_size=&#8221;400&#215;300&#8243;][\/vc_column][vc_column width=&#8221;1\/4&#8243;][vc_single_image image=&#8221;2234&#8243; img_size=&#8221;400&#215;300&#8243;][\/vc_column][vc_column width=&#8221;1\/4&#8243;][vc_single_image image=&#8221;719&#8243; img_size=&#8221;400&#215;300&#8243;][\/vc_column][\/vc_row][vc_row][vc_column][vc_column_text]Go\u015bcie maj\u0105 do dyspozycji du\u017cy salon ze stub\u0105 do sp\u0119dzania mi\u0142ych wieczor\u00f3w w towarzystwie, dobrze zaopatrzony bar oraz restauracj\u0119 oferuj\u0105c\u0105 tradycyjne potrawy z regionu Trentino.<\/p>\n<p>Do dyspozycji go\u015bci jest kilka wa\u017cnych us\u0142ug, takich jak gara\u017c z zadaszonymi miejscami parkingowymi, niezadaszony parking oraz du\u017ce pomieszczenie do przechowywania nart i but\u00f3w.<\/p>\n<p>Dzi\u0119ki swojemu uprzywilejowanemu po\u0142o\u017ceniu, w niewielkiej odleg\u0142o\u015bci od wyci\u0105g\u00f3w narciarskich, do kt\u00f3rych mo\u017cna dotrze\u0107 na nartach, hotel jest punktem wyj\u015bcia do spacer\u00f3w i wycieczek po ca\u0142ej dolinie.<\/p>\n<p>Hotel Rosa jest punktem odniesienia dla wszystkich tych, kt\u00f3rzy chc\u0105 korzysta\u0107 z najbardziej autentycznych do\u015bwiadcze\u0144 g\u00f3rskich, aktywno\u015bci sportowych, wycieczek, przyrody, kultury, itp., ale tak\u017ce dla tych, kt\u00f3rzy szukaj\u0105 prostej przyjemno\u015bci absolutnego relaksu, aby zregenerowa\u0107 cia\u0142o i umys\u0142.[\/vc_column_text][\/vc_column][\/vc_row][vc_row full_width=&#8221;stretch_row_content_no_spaces&#8221; css=&#8221;.vc_custom_1664101642789{background-color: #000000 !important;}&#8221;][vc_column][vc_gallery type=&#8221;image_grid&#8221; images=&#8221;5874,799,783,775,767,759,751,6842,3407,3519,3515,4538,4534,4530,4526,4522,4518,4514,4510,4506,6742,6786,6729,6762&#8243; img_size=&#8221;300&#215;200&#8243;][\/vc_column][\/vc_row]<\/p>\n","protected":false},"excerpt":{"rendered":"<p>[vc_row][vc_column][vc_column_text] Hotel 3-gwiazdkowy w Vigo di Fassa Tradycyjna go\u015bcinno\u015b\u0107 hoteli g\u00f3rskich &nbsp; Hotel Rosa wyr\u00f3\u017cnia si\u0119 wspania\u0142\u0105 lokalizacj\u0105 w centrum Val di Fassa. Ka\u017cdego dnia, od rana do wieczora, jest ca\u0142owany przez s\u0142o\u0144ce, kt\u00f3re obejmuje go swoim ciep\u0142em, roz\u015bwietlaj\u0105c wakacje jego go\u015bci. Jego prawdziwa go\u015bcinno\u015b\u0107 i us\u0142ugi sprawiaj\u0105, \u017ce jest to wspania\u0142y 3-gwiazdkowy hotel w [&hellip;]<\/p>\n","protected":false},"author":2,"featured_media":0,"parent":0,"menu_order":0,"comment_status":"closed","ping_status":"closed","template":"","meta":{"_acf_changed":false,"footnotes":""},"class_list":["post-2568","page","type-page","status-publish","hentry"],"acf":[],"yoast_head":"<!-- This site is optimized with the Yoast SEO plugin v27.4 - https:\/\/yoast.com\/product\/yoast-seo-wordpress\/ -->\n<title>Hotele 3-gwiazdkowe w Vigo di Fassa<\/title>\n<meta name=\"description\" content=\"3-gwiazdkowy hotel w Vigo di Fassa to idealny hotel na relaksuj\u0105ce wakacje w Dolinie Fassa w Dolomitach Trentino\" \/>\n<meta name=\"robots\" content=\"index, follow, max-snippet:-1, max-image-preview:large, max-video-preview:-1\" \/>\n<link rel=\"canonical\" href=\"https:\/\/hotelrosa.biz\/pl\/hotele.html\" \/>\n<meta property=\"og:locale\" content=\"pl_PL\" \/>\n<meta property=\"og:type\" content=\"article\" \/>\n<meta property=\"og:title\" content=\"Hotele 3-gwiazdkowe w Vigo di Fassa\" \/>\n<meta property=\"og:description\" content=\"3-gwiazdkowy hotel w Vigo di Fassa to idealny hotel na relaksuj\u0105ce wakacje w Dolinie Fassa w Dolomitach Trentino\" \/>\n<meta property=\"og:url\" content=\"https:\/\/hotelrosa.biz\/pl\/hotele.html\" \/>\n<meta property=\"article:modified_time\" content=\"2025-07-03T17:52:15+00:00\" \/>\n<meta name=\"twitter:card\" content=\"summary_large_image\" \/>\n<meta name=\"twitter:label1\" content=\"Szacowany czas czytania\" \/>\n\t<meta name=\"twitter:data1\" content=\"8 minuty\" \/>\n<script type=\"application\/ld+json\" class=\"yoast-schema-graph\">{\"@context\":\"https:\\\/\\\/schema.org\",\"@graph\":[{\"@type\":\"WebPage\",\"@id\":\"https:\\\/\\\/hotelrosa.biz\\\/pl\\\/hotele.html\",\"url\":\"https:\\\/\\\/hotelrosa.biz\\\/pl\\\/hotele.html\",\"name\":\"Hotele 3-gwiazdkowe w Vigo di Fassa\",\"isPartOf\":{\"@id\":\"https:\\\/\\\/hotelrosa.biz\\\/#website\"},\"datePublished\":\"2022-09-10T14:16:17+00:00\",\"dateModified\":\"2025-07-03T17:52:15+00:00\",\"description\":\"3-gwiazdkowy hotel w Vigo di Fassa to idealny hotel na relaksuj\u0105ce wakacje w Dolinie Fassa w Dolomitach Trentino\",\"breadcrumb\":{\"@id\":\"https:\\\/\\\/hotelrosa.biz\\\/pl\\\/hotele.html#breadcrumb\"},\"inLanguage\":\"pl-PL\",\"potentialAction\":[{\"@type\":\"ReadAction\",\"target\":[\"https:\\\/\\\/hotelrosa.biz\\\/pl\\\/hotele.html\"]}]},{\"@type\":\"BreadcrumbList\",\"@id\":\"https:\\\/\\\/hotelrosa.biz\\\/pl\\\/hotele.html#breadcrumb\",\"itemListElement\":[{\"@type\":\"ListItem\",\"position\":1,\"name\":\"Home\",\"item\":\"https:\\\/\\\/hotelrosa.biz\\\/pl\\\/\"},{\"@type\":\"ListItem\",\"position\":2,\"name\":\"Hotele\"}]},{\"@type\":\"WebSite\",\"@id\":\"https:\\\/\\\/hotelrosa.biz\\\/#website\",\"url\":\"https:\\\/\\\/hotelrosa.biz\\\/\",\"name\":\"\",\"description\":\"\",\"potentialAction\":[{\"@type\":\"SearchAction\",\"target\":{\"@type\":\"EntryPoint\",\"urlTemplate\":\"https:\\\/\\\/hotelrosa.biz\\\/?s={search_term_string}\"},\"query-input\":{\"@type\":\"PropertyValueSpecification\",\"valueRequired\":true,\"valueName\":\"search_term_string\"}}],\"inLanguage\":\"pl-PL\"}]}<\/script>\n<!-- \/ Yoast SEO plugin. -->","yoast_head_json":{"title":"Hotele 3-gwiazdkowe w Vigo di Fassa","description":"3-gwiazdkowy hotel w Vigo di Fassa to idealny hotel na relaksuj\u0105ce wakacje w Dolinie Fassa w Dolomitach Trentino","robots":{"index":"index","follow":"follow","max-snippet":"max-snippet:-1","max-image-preview":"max-image-preview:large","max-video-preview":"max-video-preview:-1"},"canonical":"https:\/\/hotelrosa.biz\/pl\/hotele.html","og_locale":"pl_PL","og_type":"article","og_title":"Hotele 3-gwiazdkowe w Vigo di Fassa","og_description":"3-gwiazdkowy hotel w Vigo di Fassa to idealny hotel na relaksuj\u0105ce wakacje w Dolinie Fassa w Dolomitach Trentino","og_url":"https:\/\/hotelrosa.biz\/pl\/hotele.html","article_modified_time":"2025-07-03T17:52:15+00:00","twitter_card":"summary_large_image","twitter_misc":{"Szacowany czas czytania":"8 minuty"},"schema":{"@context":"https:\/\/schema.org","@graph":[{"@type":"WebPage","@id":"https:\/\/hotelrosa.biz\/pl\/hotele.html","url":"https:\/\/hotelrosa.biz\/pl\/hotele.html","name":"Hotele 3-gwiazdkowe w Vigo di Fassa","isPartOf":{"@id":"https:\/\/hotelrosa.biz\/#website"},"datePublished":"2022-09-10T14:16:17+00:00","dateModified":"2025-07-03T17:52:15+00:00","description":"3-gwiazdkowy hotel w Vigo di Fassa to idealny hotel na relaksuj\u0105ce wakacje w Dolinie Fassa w Dolomitach Trentino","breadcrumb":{"@id":"https:\/\/hotelrosa.biz\/pl\/hotele.html#breadcrumb"},"inLanguage":"pl-PL","potentialAction":[{"@type":"ReadAction","target":["https:\/\/hotelrosa.biz\/pl\/hotele.html"]}]},{"@type":"BreadcrumbList","@id":"https:\/\/hotelrosa.biz\/pl\/hotele.html#breadcrumb","itemListElement":[{"@type":"ListItem","position":1,"name":"Home","item":"https:\/\/hotelrosa.biz\/pl\/"},{"@type":"ListItem","position":2,"name":"Hotele"}]},{"@type":"WebSite","@id":"https:\/\/hotelrosa.biz\/#website","url":"https:\/\/hotelrosa.biz\/","name":"","description":"","potentialAction":[{"@type":"SearchAction","target":{"@type":"EntryPoint","urlTemplate":"https:\/\/hotelrosa.biz\/?s={search_term_string}"},"query-input":{"@type":"PropertyValueSpecification","valueRequired":true,"valueName":"search_term_string"}}],"inLanguage":"pl-PL"}]}},"_links":{"self":[{"href":"https:\/\/hotelrosa.biz\/pl\/wp-json\/wp\/v2\/pages\/2568\/"}],"collection":[{"href":"https:\/\/hotelrosa.biz\/pl\/wp-json\/wp\/v2\/pages\/"}],"about":[{"href":"https:\/\/hotelrosa.biz\/pl\/wp-json\/wp\/v2\/types\/page\/"}],"author":[{"embeddable":true,"href":"https:\/\/hotelrosa.biz\/pl\/wp-json\/wp\/v2\/users\/2\/"}],"replies":[{"embeddable":true,"href":"https:\/\/hotelrosa.biz\/pl\/wp-json\/wp\/v2\/comments\/?post=2568"}],"version-history":[{"count":4,"href":"https:\/\/hotelrosa.biz\/pl\/wp-json\/wp\/v2\/pages\/2568\/revisions\/"}],"predecessor-version":[{"id":6865,"href":"https:\/\/hotelrosa.biz\/pl\/wp-json\/wp\/v2\/pages\/2568\/revisions\/6865\/"}],"wp:attachment":[{"href":"https:\/\/hotelrosa.biz\/pl\/wp-json\/wp\/v2\/media\/?parent=2568"}],"curies":[{"name":"wp","href":"https:\/\/api.w.org\/{rel}","templated":true}]}}