{"id":2565,"date":"2022-08-27T09:51:33","date_gmt":"2022-08-27T07:51:33","guid":{"rendered":"https:\/\/hotelrosa.biz\/pagina-di-esempio.html"},"modified":"2025-07-26T09:37:43","modified_gmt":"2025-07-26T07:37:43","slug":"pagina-di-esempio","status":"publish","type":"page","link":"https:\/\/hotelrosa.biz\/pl\/","title":{"rendered":"Home"},"content":{"rendered":"<p>[vc_row][vc_column][vc_column_text]<\/p>\n<div class=\"n2_ss_slider_publish__option_code\" dir=\"ltr\" data-mode=\"id\"><\/div>\n<p>[\/vc_column_text][\/vc_column][\/vc_row][vc_row css=&#8221;.vc_custom_1663920012423{background-position: center !important;background-repeat: no-repeat !important;background-size: cover !important;}&#8221;][vc_column][vc_column_text]<\/p>\n<h1 style=\"text-align: center;\"><span style=\"color: #cc9933;\">Witamy w Hotelu Rosa *** w Vigo di Fassa<\/span><\/h1>\n<h1 style=\"text-align: center;\"><span style=\"color: #cc9933;\">Prze\u017cyj wakacje w Dolomitach Trentino<\/span><\/h1>\n<p>[\/vc_column_text][\/vc_column][\/vc_row][vc_row css=&#8221;.vc_custom_1663920012423{background-position: center !important;background-repeat: no-repeat !important;background-size: cover !important;}&#8221;][vc_column width=&#8221;1\/2&#8243;][vc_column_text]<\/p>\n<p style=\"text-align: justify;\">Majestatyczne krajobrazy, zapieraj\u0105ce dech w piersiach panoramy i tereny o ogromnych walorach przyrodniczych obejmuj\u0105 Hotel Rosa w Vigo di Fassa, kt\u00f3ry dzi\u0119ki nowej renowacji stworzy\u0142 now\u0105 koncepcj\u0119 go\u015bcinno\u015bci, gdzie komfort i dobre samopoczucie \u0142\u0105cz\u0105 si\u0119, aby zaanga\u017cowa\u0107 go\u015bcia w niezapomniane wakacje.<\/p>\n<p style=\"text-align: justify;\">Kontekst \u015brodowiskowy Val di Fassa otoczony przez Dolomity, g\u00f3ry dziedzictwa Unesco, sprawia, \u017ce ka\u017cda chwila sp\u0119dzona w kontakcie z natur\u0105 jest magiczna i wieczna, a urok panoram Dolomit\u00f3w, zachowuje i utrwala najcenniejsz\u0105 autentyczno\u015b\u0107 prze\u017cywanych do\u015bwiadcze\u0144, w ka\u017cdej chwili dnia.<\/p>\n<p style=\"text-align: justify;\">W tej magicznej atmosferze czeka na Was Hotel Rosa w Vigo di Fassa, kt\u00f3ry pozwoli Wam prze\u017cy\u0107 wakacje w Dolomitach Trentino, zanurzaj\u0105c si\u0119 w dziewiczej przyrodzie, w\u015br\u00f3d dolin, las\u00f3w i zielonych \u0142\u0105k, kt\u00f3re zim\u0105, dzi\u0119ki wyci\u0105gom Dolomiti Superski, oferuj\u0105 to, co najlepsze dla mi\u0142o\u015bnik\u00f3w narciarstwa i \u015bnie\u017cnych wakacji w Trentino.<\/p>\n<p style=\"text-align: justify;\">Dum\u0105 naszego hotelu w Vigo di Fassa jest zupe\u0142nie nowe i dobrze wyposa\u017cone Centrum Wellness &amp; Spa Dolomiti, gdzie go\u015bcie mog\u0105 zanurzy\u0107 si\u0119, aby doceni\u0107 i cieszy\u0107 si\u0119 absolutnym wellness i relaksem.<\/p>\n<p>[\/vc_column_text][\/vc_column][vc_column width=&#8221;1\/2&#8243;][vc_video link=&#8221;https:\/\/www.youtube.com\/watch?v=btJR08UHc4Y&#8221; title=&#8221;OBEJRZYJ FILM PANORAMICZNY&#8221;][\/vc_column][\/vc_row][vc_row][vc_column][vc_column_text]<\/p>\n<h1 style=\"text-align: center;\"><span style=\"color: #cc9933;\">Highlights Hotel Rosa: hotelarstwo i us\u0142ugi<\/span><\/h1>\n<p>[\/vc_column_text][\/vc_column][\/vc_row][vc_row][vc_column width=&#8221;1\/2&#8243;][vc_column_text]<\/p>\n<p style=\"text-align: justify;\">Po\u0142o\u017cony w centrum Vigo di Fassa, w niewielkiej odleg\u0142o\u015bci od wyci\u0105g\u00f3w narciarskich, nowo wyremontowany i ca\u0142kowicie odnowiony, Hotel Rosa posiada 26 przestronnych i komfortowych pokoi i 6 apartament\u00f3w, du\u017ce centrum odnowy biologicznej, taras z solarium, ogr\u00f3d, restauracj\u0119, gara\u017c, parking zewn\u0119trzny, depozyt nart i rower\u00f3w oraz wspania\u0142y panoramiczny widok na dolin\u0119 Fassa i Dolomity.<\/p>\n<p style=\"text-align: justify;\">Opr\u00f3cz ca\u0142kowicie odnowionej struktury, Hotel Rosa w Vigo di Fassa oferuje prawdziw\u0105 go\u015bcinno\u015b\u0107 Trentino i ludzi g\u00f3r, wykonane z profesjonalizmu, autentyczno\u015bci i ludzkiego ciep\u0142a.<\/p>\n<p>[\/vc_column_text][\/vc_column][vc_column width=&#8221;1\/2&#8243;][vc_video link=&#8221;https:\/\/www.youtube.com\/watch?v=_oFhCox0pK8&#8243; title=&#8221;OBEJRZYJ FILM O OGRODZIE&#8221;][\/vc_column][\/vc_row][vc_row full_width=&#8221;stretch_row_content_no_spaces&#8221; css=&#8221;.vc_custom_1664033625838{background-color: #a3a3a3 !important;}&#8221;][vc_column][vc_column_text]\t\t<div class=\"wpsisac-slick-carousal-wrp wpsisac-clearfix \" data-conf=\"{&quot;slidestoshow&quot;:&quot;3&quot;,&quot;slidestoscroll&quot;:1,&quot;dots&quot;:&quot;true&quot;,&quot;arrows&quot;:&quot;true&quot;,&quot;autoplay&quot;:&quot;true&quot;,&quot;autoplay_interval&quot;:3000,&quot;speed&quot;:300,&quot;rtl&quot;:&quot;false&quot;,&quot;centermode&quot;:&quot;false&quot;,&quot;lazyload&quot;:&quot;&quot;,&quot;variablewidth&quot;:&quot;false&quot;,&quot;loop&quot;:&quot;true&quot;,&quot;hover_pause&quot;:&quot;true&quot;}\">\r\t\t\t<div id=\"wpsisac-slick-carousal-1\" class=\"wpsisac-slick-init wpsisac-slick-carousal design-1  simplecarousal\">\r\r\t\t\t\t<div class=\"wpsisac-image-slide\">\r\t\t\t<a href=\"https:\/\/hotelrosa.biz\/pl\/restauracja.html\">\r\t\t\t<div class=\"wpsisac-image-slide-wrap\" style=\"\">\r\t\t\t\t<img decoding=\"async\"  src=\"https:\/\/hotelrosa.biz\/wp-content\/uploads\/2022\/09\/stube1.jpg\" alt=\"RestaurantPOL\" \/>\r\t\t\t<\/div>\r\t\t<\/a>\r\t<\/div><div class=\"wpsisac-image-slide\">\r\t\t\t<a href=\"https:\/\/hotelrosa.biz\/pl\/wellness-spa.html\">\r\t\t\t<div class=\"wpsisac-image-slide-wrap\" style=\"\">\r\t\t\t\t<img decoding=\"async\"  src=\"https:\/\/hotelrosa.biz\/wp-content\/uploads\/2022\/09\/wellnessespahotelrosa.jpg\" alt=\"WellnessPOL\" \/>\r\t\t\t<\/div>\r\t\t<\/a>\r\t<\/div><div class=\"wpsisac-image-slide\">\r\t\t\t<a href=\"https:\/\/hotelrosa.biz\/pl\/hotele.html\">\r\t\t\t<div class=\"wpsisac-image-slide-wrap\" style=\"\">\r\t\t\t\t<img decoding=\"async\"  src=\"https:\/\/hotelrosa.biz\/wp-content\/uploads\/2022\/10\/hotel-rosa-scritta-4sett.jpg\" alt=\"HotelPOL\" \/>\r\t\t\t<\/div>\r\t\t<\/a>\r\t<\/div><div class=\"wpsisac-image-slide\">\r\t\t\t<a href=\"https:\/\/hotelrosa.biz\/pl\/pokoje-i-apartamenty.html\">\r\t\t\t<div class=\"wpsisac-image-slide-wrap\" style=\"\">\r\t\t\t\t<img decoding=\"async\"  src=\"https:\/\/hotelrosa.biz\/wp-content\/uploads\/2022\/10\/Welness-SPA-3.png\" alt=\"Camere&#038;SuitesPOL\" \/>\r\t\t\t<\/div>\r\t\t<\/a>\r\t<\/div>\r\t\t\t<\/div>\r\t\t<\/div>\r\t[\/vc_column_text][\/vc_column][\/vc_row][vc_row][vc_column][vc_column_text]<\/p>\n<h1 style=\"text-align: center;\"><span style=\"color: #cc9933;\">Twoje do\u015bwiadczenia w Val di Fassa<\/span><\/h1>\n<h1 style=\"text-align: center;\"><span style=\"color: #cc9933;\">Natura &#8211; Sport &#8211; Wellness &#8211; Kultura<\/span><\/h1>\n<p>[\/vc_column_text][vc_column_text]Vigo di Fassa jest idealnym miejscem na prze\u017cycie wakacji w Val di Fassa w Dolomitach, wczas\u00f3w, pobyt\u00f3w i weekend\u00f3w pod has\u0142em przyrody, sportu, smaku i smak\u00f3w Trentino, kultury lub bardziej po prostu relaksu i odpoczynku, aby w pe\u0142ni cieszy\u0107 si\u0119 urlopem w g\u00f3rach Trentino.<\/p>\n<p>Letnie do\u015bwiadczenia wakacyjne z wycieczkami, spacerami, trekkingiem, kolarstwem g\u00f3rskim itp. Lub w zimie do\u015bwiadczenia z urlop\u00f3w narciarskich i tygodni narciarskich, aby do\u015bwiadczy\u0107 emocji zwi\u0105zanych z jazd\u0105 na nartach.<\/p>\n<p>Dzi\u0119ki swojemu uprzywilejowanemu po\u0142o\u017ceniu, Hotel Rosa jest hotelem odniesienia dla Twoich do\u015bwiadcze\u0144 w Val di Fassa, czy chcesz sp\u0119dzi\u0107 relaksuj\u0105ce wakacje lub aktywne wakacje, aby uprawia\u0107 sport.[\/vc_column_text][\/vc_column][\/vc_row][vc_row full_width=&#8221;stretch_row_content&#8221; css=&#8221;.vc_custom_1664032296238{background-color: #a3a3a3 !important;}&#8221;][vc_column][vc_column_text]\t\t<div class=\"wpsisac-slick-carousal-wrp wpsisac-clearfix \" data-conf=\"{&quot;slidestoshow&quot;:&quot;3&quot;,&quot;slidestoscroll&quot;:1,&quot;dots&quot;:&quot;true&quot;,&quot;arrows&quot;:&quot;true&quot;,&quot;autoplay&quot;:&quot;true&quot;,&quot;autoplay_interval&quot;:3000,&quot;speed&quot;:300,&quot;rtl&quot;:&quot;false&quot;,&quot;centermode&quot;:&quot;false&quot;,&quot;lazyload&quot;:&quot;&quot;,&quot;variablewidth&quot;:&quot;false&quot;,&quot;loop&quot;:&quot;true&quot;,&quot;hover_pause&quot;:&quot;true&quot;}\">\r\t\t\t<div id=\"wpsisac-slick-carousal-2\" class=\"wpsisac-slick-init wpsisac-slick-carousal design-1  simplecarousal\">\r\r\t\t\t\t<div class=\"wpsisac-image-slide\">\r\t\t\t<a href=\"https:\/\/hotelrosa.biz\/pl\/dzialalnosc-sportowa.html\">\r\t\t\t<div class=\"wpsisac-image-slide-wrap\" style=\"\">\r\t\t\t\t<img decoding=\"async\"  src=\"https:\/\/hotelrosa.biz\/wp-content\/uploads\/2022\/10\/pl-sportattivita.jpg\" alt=\"ex-sport-pol\" \/>\r\t\t\t<\/div>\r\t\t<\/a>\r\t<\/div><div class=\"wpsisac-image-slide\">\r\t\t\t<a href=\"https:\/\/hotelrosa.biz\/pl\/turystyka-rowerowa-i-kolarstwo-gorskie.html\">\r\t\t\t<div class=\"wpsisac-image-slide-wrap\" style=\"\">\r\t\t\t\t<img decoding=\"async\"  src=\"https:\/\/hotelrosa.biz\/wp-content\/uploads\/2022\/10\/pl-cicloturismo.jpg\" alt=\"ex-cicloturismo-pol\" \/>\r\t\t\t<\/div>\r\t\t<\/a>\r\t<\/div><div class=\"wpsisac-image-slide\">\r\t\t\t<a href=\"https:\/\/hotelrosa.biz\/pl\/motocykl.html\">\r\t\t\t<div class=\"wpsisac-image-slide-wrap\" style=\"\">\r\t\t\t\t<img decoding=\"async\"  src=\"https:\/\/hotelrosa.biz\/wp-content\/uploads\/2022\/09\/motorbikehotelrosa.jpg\" alt=\"ex-motorbike-pol\" \/>\r\t\t\t<\/div>\r\t\t<\/a>\r\t<\/div><div class=\"wpsisac-image-slide\">\r\t\t\t<a href=\"https:\/\/hotelrosa.biz\/pl\/doswiadczenie-narciarskie.html\">\r\t\t\t<div class=\"wpsisac-image-slide-wrap\" style=\"\">\r\t\t\t\t<img decoding=\"async\"  src=\"https:\/\/hotelrosa.biz\/wp-content\/uploads\/2022\/10\/pl-ski.jpg\" alt=\"ex-skiexp-pol\" \/>\r\t\t\t<\/div>\r\t\t<\/a>\r\t<\/div><div class=\"wpsisac-image-slide\">\r\t\t\t<a href=\"https:\/\/hotelrosa.biz\/pl\/parki-przyrody-i-przygody.html\">\r\t\t\t<div class=\"wpsisac-image-slide-wrap\" style=\"\">\r\t\t\t\t<img decoding=\"async\"  src=\"https:\/\/hotelrosa.biz\/wp-content\/uploads\/2022\/10\/pl-parchiavventura.jpg\" alt=\"ex-parchi-pol\" \/>\r\t\t\t<\/div>\r\t\t<\/a>\r\t<\/div><div class=\"wpsisac-image-slide\">\r\t\t\t<a href=\"https:\/\/hotelrosa.biz\/pl\/sztuka-i-kultura-dolinie-fassa.html\">\r\t\t\t<div class=\"wpsisac-image-slide-wrap\" style=\"\">\r\t\t\t\t<img decoding=\"async\"  src=\"https:\/\/hotelrosa.biz\/wp-content\/uploads\/2022\/10\/pl-cultura.jpg\" alt=\"ex-cultura-pol\" \/>\r\t\t\t<\/div>\r\t\t<\/a>\r\t<\/div><div class=\"wpsisac-image-slide\">\r\t\t\t<a href=\"https:\/\/hotelrosa.biz\/pl\/przezycia-w-dolinie-fassa.html\">\r\t\t\t<div class=\"wpsisac-image-slide-wrap\" style=\"\">\r\t\t\t\t<img decoding=\"async\"  src=\"https:\/\/hotelrosa.biz\/wp-content\/uploads\/2022\/10\/pl-valdifassaexperience.jpg\" alt=\"ex-expvaldifassa-pol\" \/>\r\t\t\t<\/div>\r\t\t<\/a>\r\t<\/div>\r\t\t\t<\/div>\r\t\t<\/div>\r\t[\/vc_column_text][\/vc_column][\/vc_row][vc_row][vc_column][vc_column_text]<\/p>\n<h1 style=\"text-align: center;\"><span style=\"color: #cc9933;\">Book your experiences in Val di Fassa<\/span><\/h1>\n<h3 style=\"text-align: center;\"><strong>Hotel Rosa is an Outdoor Hotel affiliated with FASSASPORT.COM<\/strong><br \/>\n<strong>Discounts up to 50% on the different experiences of the &#8222;SUMMER OUTDOOR&#8221; Package<\/strong><\/h3>\n<p><!-- FareHarbor item grid of flow #385703 --><br \/>\n<script src=\"https:\/\/fareharbor.com\/embeds\/script\/items\/fassasport\/?full-items=yes&#038;fallback=simple&#038;ref=rosavigo-asn&#038;asn=hotelrosavigo-eur&#038;asn-ref=rosavigo-asn&#038;flow=385703&#038;language=en-gb\"><\/script>[\/vc_column_text][\/vc_column][\/vc_row][vc_row][vc_column][vc_column_text]<\/p>\n<h1 style=\"text-align: center;\"><span style=\"color: #cc9933;\">Galeria zdj\u0119\u0107<\/span><\/h1>\n<p>[\/vc_column_text][\/vc_column][\/vc_row][vc_row full_width=&#8221;stretch_row_content_no_spaces&#8221; css=&#8221;.vc_custom_1664033838293{background-color: #a3a3a3 !important;}&#8221;][vc_column css=&#8221;.vc_custom_1664100611973{padding-left: 50px !important;}&#8221;][vc_gallery type=&#8221;image_grid&#8221; images=&#8221;474,4009,4789,4785,4733,4717,4713,4705,4701,4689,727,735,743,498,759,767,3531,703,4650,4662,3900,4666,3929,783,791,506,514,530,538,522&#8243; css_animation=&#8221;none&#8221; css=&#8221;.vc_custom_1682519057989{padding-right: 5px !important;padding-left: 5px !important;}&#8221;][\/vc_column][\/vc_row][vc_row full_width=&#8221;stretch_row&#8221; css=&#8221;.vc_custom_1663946989080{background-color: #e5e5e5 !important;}&#8221;][vc_column width=&#8221;1\/2&#8243;][vc_column_text]<\/p>\n<p><strong>Val di Fassa &#8211; Vigo di Fassa (TN) <\/strong><\/p>\n<p>[\/vc_column_text][vc_single_image image=&#8221;870&#8243; img_size=&#8221;573X506&#8243;][\/vc_column][vc_column width=&#8221;1\/2&#8243; css=&#8221;.vc_custom_1663947287208{border-left-width: 1px !important;padding-left: 30px !important;background-color: #e5e5e5 !important;border-left-color: #000000 !important;border-left-style: dashed !important;}&#8221;][vc_column_text css=&#8221;.vc_custom_1664528827332{background-color: #e5e5e5 !important;}&#8221;]<strong>Formularz zapytania o informacje<\/strong>[\/vc_column_text][vc_column_text]<\/p>\n\n<div class=\"wpcf7 no-js\" id=\"wpcf7-f6-o1\" lang=\"it-IT\" dir=\"ltr\" data-wpcf7-id=\"6\">\n<div class=\"screen-reader-response\"><p role=\"status\" aria-live=\"polite\" aria-atomic=\"true\"><\/p> <ul><\/ul><\/div>\n<form action=\"\/pl\/wp-json\/wp\/v2\/pages\/2565\/#wpcf7-f6-o1\" method=\"post\" class=\"wpcf7-form init\" aria-label=\"Modulo di contatto\" novalidate=\"novalidate\" data-status=\"init\">\n<fieldset class=\"hidden-fields-container\"><input type=\"hidden\" name=\"_wpcf7\" value=\"6\" \/><input type=\"hidden\" name=\"_wpcf7_version\" value=\"6.1.5\" \/><input type=\"hidden\" name=\"_wpcf7_locale\" value=\"it_IT\" \/><input type=\"hidden\" name=\"_wpcf7_unit_tag\" value=\"wpcf7-f6-o1\" \/><input type=\"hidden\" name=\"_wpcf7_container_post\" value=\"0\" \/><input type=\"hidden\" name=\"_wpcf7_posted_data_hash\" value=\"\" \/>\n<\/fieldset>\n<p><label> Nome e Cognome (*)<br \/>\n<span class=\"wpcf7-form-control-wrap\" data-name=\"nome\"><input size=\"40\" maxlength=\"400\" class=\"wpcf7-form-control wpcf7-text wpcf7-validates-as-required\" aria-required=\"true\" aria-invalid=\"false\" value=\"\" type=\"text\" name=\"nome\" \/><\/span> <\/label>\n<\/p>\n<p><label> Telefono (*)<br \/>\n<span class=\"wpcf7-form-control-wrap\" data-name=\"telefono\"><input size=\"40\" maxlength=\"400\" class=\"wpcf7-form-control wpcf7-text wpcf7-validates-as-required\" aria-required=\"true\" aria-invalid=\"false\" value=\"\" type=\"text\" name=\"telefono\" \/><\/span> <\/label>\n<\/p>\n<p><label> Email (*)<br \/>\n<span class=\"wpcf7-form-control-wrap\" data-name=\"your-email\"><input size=\"40\" maxlength=\"400\" class=\"wpcf7-form-control wpcf7-text wpcf7-validates-as-required\" aria-required=\"true\" aria-invalid=\"false\" value=\"\" type=\"text\" name=\"your-email\" \/><\/span> <\/label>\n<\/p>\n<p><label> Il tuo messaggio (*)<br \/>\n<span class=\"wpcf7-form-control-wrap\" data-name=\"your-message\"><input size=\"40\" maxlength=\"400\" class=\"wpcf7-form-control wpcf7-text wpcf7-validates-as-required\" aria-required=\"true\" aria-invalid=\"false\" value=\"\" type=\"text\" name=\"your-message\" \/><\/span> <\/label>\n<\/p>\n<p><label>Cliccando il pulsante \"Invia\" autorizzi il trattamento dei tuoi dati personali ai sensi del D.Lgs 196\/2003<\/label><br \/>\n<input class=\"wpcf7-form-control wpcf7-submit has-spinner\" type=\"submit\" value=\"Invia\" \/>\n<\/p><p style=\"display: none !important;\" class=\"akismet-fields-container\" data-prefix=\"_wpcf7_ak_\"><label>&#916;<textarea name=\"_wpcf7_ak_hp_textarea\" cols=\"45\" rows=\"8\" maxlength=\"100\"><\/textarea><\/label><input type=\"hidden\" id=\"ak_js_1\" name=\"_wpcf7_ak_js\" value=\"237\"\/><script>document.getElementById( \"ak_js_1\" ).setAttribute( \"value\", ( new Date() ).getTime() );<\/script><\/p><div class=\"wpcf7-response-output\" aria-hidden=\"true\"><\/div>\n<\/form>\n<\/div>\n\n<p>[\/vc_column_text][\/vc_column][\/vc_row]<\/p>\n","protected":false},"excerpt":{"rendered":"<p>[vc_row][vc_column][vc_column_text] [\/vc_column_text][\/vc_column][\/vc_row][vc_row css=&#8221;.vc_custom_1663920012423{background-position: center !important;background-repeat: no-repeat !important;background-size: cover !important;}&#8221;][vc_column][vc_column_text] Witamy w Hotelu Rosa *** w Vigo di Fassa Prze\u017cyj wakacje w Dolomitach Trentino [\/vc_column_text][\/vc_column][\/vc_row][vc_row css=&#8221;.vc_custom_1663920012423{background-position: center !important;background-repeat: no-repeat !important;background-size: cover !important;}&#8221;][vc_column width=&#8221;1\/2&#8243;][vc_column_text] Majestatyczne krajobrazy, zapieraj\u0105ce dech w piersiach panoramy i tereny o ogromnych walorach przyrodniczych obejmuj\u0105 Hotel Rosa w Vigo di Fassa, kt\u00f3ry dzi\u0119ki nowej [&hellip;]<\/p>\n","protected":false},"author":1,"featured_media":0,"parent":0,"menu_order":0,"comment_status":"closed","ping_status":"open","template":"","meta":{"_acf_changed":false,"footnotes":""},"class_list":["post-2565","page","type-page","status-publish","hentry"],"acf":[],"yoast_head":"<!-- This site is optimized with the Yoast SEO plugin v27.4 - https:\/\/yoast.com\/product\/yoast-seo-wordpress\/ -->\n<title>Hotele w Vigo di Fassa Hotel Vigo di Fassa<\/title>\n<meta name=\"description\" content=\"Hotel Rosa znajduje si\u0119 w Vigo di Fassa, z hotelu roztacza si\u0119 widok na pi\u0119kn\u0105 Dolinie Fassa otoczon\u0105 Dolomitami.\" \/>\n<meta name=\"robots\" content=\"index, follow, max-snippet:-1, max-image-preview:large, max-video-preview:-1\" \/>\n<link rel=\"canonical\" href=\"https:\/\/hotelrosa.biz\/pl\/\" \/>\n<meta property=\"og:locale\" content=\"pl_PL\" \/>\n<meta property=\"og:type\" content=\"article\" \/>\n<meta property=\"og:title\" content=\"Hotele w Vigo di Fassa Hotel Vigo di Fassa\" \/>\n<meta property=\"og:description\" content=\"Hotel Rosa znajduje si\u0119 w Vigo di Fassa, z hotelu roztacza si\u0119 widok na pi\u0119kn\u0105 Dolinie Fassa otoczon\u0105 Dolomitami.\" \/>\n<meta property=\"og:url\" content=\"https:\/\/hotelrosa.biz\/pl\/\" \/>\n<meta property=\"article:modified_time\" content=\"2025-07-26T07:37:43+00:00\" \/>\n<meta name=\"twitter:card\" content=\"summary_large_image\" \/>\n<meta name=\"twitter:label1\" content=\"Szacowany czas czytania\" \/>\n\t<meta name=\"twitter:data1\" content=\"9 minuty\" \/>\n<script type=\"application\/ld+json\" class=\"yoast-schema-graph\">{\"@context\":\"https:\\\/\\\/schema.org\",\"@graph\":[{\"@type\":\"WebPage\",\"@id\":\"https:\\\/\\\/hotelrosa.biz\\\/pl\\\/\",\"url\":\"https:\\\/\\\/hotelrosa.biz\\\/pl\\\/\",\"name\":\"Hotele w Vigo di Fassa Hotel Vigo di Fassa\",\"isPartOf\":{\"@id\":\"https:\\\/\\\/hotelrosa.biz\\\/#website\"},\"datePublished\":\"2022-08-27T07:51:33+00:00\",\"dateModified\":\"2025-07-26T07:37:43+00:00\",\"description\":\"Hotel Rosa znajduje si\u0119 w Vigo di Fassa, z hotelu roztacza si\u0119 widok na pi\u0119kn\u0105 Dolinie Fassa otoczon\u0105 Dolomitami.\",\"breadcrumb\":{\"@id\":\"https:\\\/\\\/hotelrosa.biz\\\/pl\\\/#breadcrumb\"},\"inLanguage\":\"pl-PL\",\"potentialAction\":[{\"@type\":\"ReadAction\",\"target\":[\"https:\\\/\\\/hotelrosa.biz\\\/pl\\\/\"]}]},{\"@type\":\"BreadcrumbList\",\"@id\":\"https:\\\/\\\/hotelrosa.biz\\\/pl\\\/#breadcrumb\",\"itemListElement\":[{\"@type\":\"ListItem\",\"position\":1,\"name\":\"Home\",\"item\":\"https:\\\/\\\/hotelrosa.biz\\\/pl\\\/\"},{\"@type\":\"ListItem\",\"position\":2,\"name\":\"Home\"}]},{\"@type\":\"WebSite\",\"@id\":\"https:\\\/\\\/hotelrosa.biz\\\/#website\",\"url\":\"https:\\\/\\\/hotelrosa.biz\\\/\",\"name\":\"\",\"description\":\"\",\"potentialAction\":[{\"@type\":\"SearchAction\",\"target\":{\"@type\":\"EntryPoint\",\"urlTemplate\":\"https:\\\/\\\/hotelrosa.biz\\\/?s={search_term_string}\"},\"query-input\":{\"@type\":\"PropertyValueSpecification\",\"valueRequired\":true,\"valueName\":\"search_term_string\"}}],\"inLanguage\":\"pl-PL\"}]}<\/script>\n<!-- \/ Yoast SEO plugin. -->","yoast_head_json":{"title":"Hotele w Vigo di Fassa Hotel Vigo di Fassa","description":"Hotel Rosa znajduje si\u0119 w Vigo di Fassa, z hotelu roztacza si\u0119 widok na pi\u0119kn\u0105 Dolinie Fassa otoczon\u0105 Dolomitami.","robots":{"index":"index","follow":"follow","max-snippet":"max-snippet:-1","max-image-preview":"max-image-preview:large","max-video-preview":"max-video-preview:-1"},"canonical":"https:\/\/hotelrosa.biz\/pl\/","og_locale":"pl_PL","og_type":"article","og_title":"Hotele w Vigo di Fassa Hotel Vigo di Fassa","og_description":"Hotel Rosa znajduje si\u0119 w Vigo di Fassa, z hotelu roztacza si\u0119 widok na pi\u0119kn\u0105 Dolinie Fassa otoczon\u0105 Dolomitami.","og_url":"https:\/\/hotelrosa.biz\/pl\/","article_modified_time":"2025-07-26T07:37:43+00:00","twitter_card":"summary_large_image","twitter_misc":{"Szacowany czas czytania":"9 minuty"},"schema":{"@context":"https:\/\/schema.org","@graph":[{"@type":"WebPage","@id":"https:\/\/hotelrosa.biz\/pl\/","url":"https:\/\/hotelrosa.biz\/pl\/","name":"Hotele w Vigo di Fassa Hotel Vigo di Fassa","isPartOf":{"@id":"https:\/\/hotelrosa.biz\/#website"},"datePublished":"2022-08-27T07:51:33+00:00","dateModified":"2025-07-26T07:37:43+00:00","description":"Hotel Rosa znajduje si\u0119 w Vigo di Fassa, z hotelu roztacza si\u0119 widok na pi\u0119kn\u0105 Dolinie Fassa otoczon\u0105 Dolomitami.","breadcrumb":{"@id":"https:\/\/hotelrosa.biz\/pl\/#breadcrumb"},"inLanguage":"pl-PL","potentialAction":[{"@type":"ReadAction","target":["https:\/\/hotelrosa.biz\/pl\/"]}]},{"@type":"BreadcrumbList","@id":"https:\/\/hotelrosa.biz\/pl\/#breadcrumb","itemListElement":[{"@type":"ListItem","position":1,"name":"Home","item":"https:\/\/hotelrosa.biz\/pl\/"},{"@type":"ListItem","position":2,"name":"Home"}]},{"@type":"WebSite","@id":"https:\/\/hotelrosa.biz\/#website","url":"https:\/\/hotelrosa.biz\/","name":"","description":"","potentialAction":[{"@type":"SearchAction","target":{"@type":"EntryPoint","urlTemplate":"https:\/\/hotelrosa.biz\/?s={search_term_string}"},"query-input":{"@type":"PropertyValueSpecification","valueRequired":true,"valueName":"search_term_string"}}],"inLanguage":"pl-PL"}]}},"_links":{"self":[{"href":"https:\/\/hotelrosa.biz\/pl\/wp-json\/wp\/v2\/pages\/2565\/"}],"collection":[{"href":"https:\/\/hotelrosa.biz\/pl\/wp-json\/wp\/v2\/pages\/"}],"about":[{"href":"https:\/\/hotelrosa.biz\/pl\/wp-json\/wp\/v2\/types\/page\/"}],"author":[{"embeddable":true,"href":"https:\/\/hotelrosa.biz\/pl\/wp-json\/wp\/v2\/users\/1\/"}],"replies":[{"embeddable":true,"href":"https:\/\/hotelrosa.biz\/pl\/wp-json\/wp\/v2\/comments\/?post=2565"}],"version-history":[{"count":17,"href":"https:\/\/hotelrosa.biz\/pl\/wp-json\/wp\/v2\/pages\/2565\/revisions\/"}],"predecessor-version":[{"id":6953,"href":"https:\/\/hotelrosa.biz\/pl\/wp-json\/wp\/v2\/pages\/2565\/revisions\/6953\/"}],"wp:attachment":[{"href":"https:\/\/hotelrosa.biz\/pl\/wp-json\/wp\/v2\/media\/?parent=2565"}],"curies":[{"name":"wp","href":"https:\/\/api.w.org\/{rel}","templated":true}]}}