{"id":2562,"date":"2022-09-14T15:08:29","date_gmt":"2022-09-14T13:08:29","guid":{"rendered":"https:\/\/hotelrosa.biz\/camere-suite.html"},"modified":"2025-10-13T18:01:11","modified_gmt":"2025-10-13T16:01:11","slug":"pokoje-i-apartamenty","status":"publish","type":"page","link":"https:\/\/hotelrosa.biz\/pl\/pokoje-i-apartamenty.html","title":{"rendered":"Pokoje"},"content":{"rendered":"<p>[vc_row][vc_column][vc_column_text]<\/p>\n<h1 style=\"text-align: center;\"><span style=\"color: #cc9933;\">Pokoje i apartamenty w Vigo di Fassa<\/span><\/h1>\n<h1 style=\"text-align: center;\"><span style=\"color: #cc9933;\">S\u0142odki sen w Dolomitach<\/span><\/h1>\n<p>&nbsp;<\/p>\n<p>Hotel Rosa oferuje swoim go\u015bciom zupe\u0142nie nowe i przytulne 26 pokoi i 6 apartament\u00f3w, kt\u00f3re s\u0105 cenione za ich komfort i za bogate wyposa\u017cenie zdolne zaspokoi\u0107 ka\u017cd\u0105 potrzeb\u0119, idealne do spania i odpoczynku w Vigo di Fassa w otoczeniu Dolomit\u00f3w, aby odzyska\u0107 dobre samopoczucie fizyczne.<\/p>\n<p>Pokoje hotelowe s\u0105 podzielone na r\u00f3\u017cne rodzaje, ale ka\u017cdy z nich oferuje maksymalny komfort dzi\u0119ki obecno\u015bci prywatnej \u0142azienki, \u0142azienki z prysznicem, toalety, suszarki do w\u0142os\u00f3w i telewizji satelitarnej.<\/p>\n<p>Dla bardziej wymagaj\u0105cych go\u015bci i du\u017cych rodzin istnieje mo\u017cliwo\u015b\u0107 wynaj\u0119cia mieszka\u0144 w centrum Vigo di Fassa, kt\u00f3re sprawi\u0105, \u017ce poczujesz si\u0119 jak w domu. Mieszkania w dolinie to idealne rozwi\u0105zanie na sp\u0119dzenie wspania\u0142ych wakacji z dzie\u0107mi w maksymalnym komforcie.[\/vc_column_text][\/vc_column][\/vc_row][vc_row][vc_column width=&#8221;1\/2&#8243;][vc_column_text]<\/p>\n<h3><strong>Pok\u00f3j Ekonomiczny<\/strong><\/h3>\n<p>Pok\u00f3j dwuosobowy, 14 metr\u00f3w kwadratowych, wyposa\u017cony w podw\u00f3jne \u0142\u00f3\u017cko.<br \/>\n<strong>Wyposa\u017cenie<\/strong><br \/>\nWIFI<br \/>\nSejf<br \/>\nTelefon z bezpo\u015brednim wyj\u015bciem<br \/>\nTelewizja satelitarna<br \/>\nPrysznic, WC, umywalka, bidet<br \/>\nSuszarka do w\u0142os\u00f3w<br \/>\nProdukty \u0142azienkowe<br \/>\nBezp\u0142atne kapcie<br \/>\nBezp\u0142atny r\u0119cznik do sauny[\/vc_column_text][\/vc_column][vc_column width=&#8221;1\/2&#8243;][vc_column_text]<\/p>\n<p style=\"text-align: center;\"><strong>PRZYK\u0141AD POKOJU EKONOMICZNEGO<\/strong><\/p>\n<p>[\/vc_column_text][vc_images_carousel images=&#8221;4589,4593,4597,4601,4605,4585,4613,4617,4621,4625,4609&#8243; img_size=&#8221;full&#8221;][\/vc_column][\/vc_row][vc_row][vc_column width=&#8221;1\/2&#8243;][vc_column_text]<\/p>\n<p style=\"text-align: center;\"><strong>PRZYK\u0141AD KLASYCZNEGO POMIESZCZENIA<\/strong><\/p>\n<p>[\/vc_column_text][vc_images_carousel images=&#8221;7120,7114,7144,7140,7136,7132,7128,7124&#8243; img_size=&#8221;full&#8221;][\/vc_column][vc_column width=&#8221;1\/2&#8243;][vc_column_text]<\/p>\n<h3><strong>Pok\u00f3j typu Classic<\/strong><\/h3>\n<p>Komfortowy pok\u00f3j dwuosobowy, nowocze\u015bnie urz\u0105dzony z podw\u00f3jnym \u0142\u00f3\u017ckiem. Mo\u017cliwo\u015b\u0107 zakwaterowania do 3 os\u00f3b.z mo\u017cliwo\u015bci\u0105 dostawienia \u0142\u00f3\u017ceczka dzieci\u0119cego<br \/>\n<strong>Sprz\u0119t<\/strong><br \/>\nWIFI<br \/>\nBezpieczna<br \/>\nTelefon z bezpo\u015brednim wybieraniem<br \/>\nTelewizja satelitarna<br \/>\nPrysznic, WC, umywalka, bidet<br \/>\nSuszarka do w\u0142os\u00f3w<br \/>\nProdukty grzeczno\u015bciowe do \u0142azienki[\/vc_column_text][\/vc_column][\/vc_row][vc_row][vc_column][vc_separator border_width=&#8221;2&#8243;][\/vc_column][\/vc_row][vc_row][vc_column width=&#8221;1\/2&#8243;][vc_column_text]<\/p>\n<h3><strong>Apartament<\/strong><\/h3>\n<p>Przestronny pok\u00f3j dwuosobowy o powierzchni 36 metr\u00f3w kwadratowych, kt\u00f3ry mo\u017ce pomie\u015bci\u0107 do czterech os\u00f3b po dodaniu rozk\u0142adanych sof.<br \/>\n<strong>Sprz\u0119t<\/strong><br \/>\nWIFI<br \/>\nBezpieczny<br \/>\nTelefon z bezpo\u015brednim wybieraniem<br \/>\nTelewizja satelitarna<br \/>\nPrysznic lub wanna, WC, umywalka, bidet<br \/>\nSuszarka do w\u0142os\u00f3w<br \/>\nProdukty grzeczno\u015bciowe do \u0142azienki[\/vc_column_text][\/vc_column][vc_column width=&#8221;1\/2&#8243;][vc_column_text]<\/p>\n<p style=\"text-align: center;\"><strong>PRZYK\u0141AD APARTAMENTU JUNIOR<\/strong><\/p>\n<p>[\/vc_column_text][vc_images_carousel images=&#8221;3808,3812,3816,3820,3824,3828,3832,3836,3840,3844,3848,3852,3856,3860,3864,3868,3872,3876,3880,3884,3888,3892,3896,3900,3904,3908,3912&#8243; img_size=&#8221;full&#8221;][\/vc_column][\/vc_row][vc_row full_width=&#8221;stretch_row_content_no_spaces&#8221; css=&#8221;.vc_custom_1663926300173{background-color: #000000 !important;}&#8221;][vc_column][vc_gallery type=&#8221;image_grid&#8221; images=&#8221;7144,7140,7136,7132,703,482,3063,3059,3055,3051,3978,3974,3970,3966,3962,3958,3954,3950,3946,3942,3937,3933,3929,3925,3921,3917,3912,3908,3904,3900,3896,3892,3888,3884,3880,3876,3872,3868,3864,3860,3856,3852,3848,3844,3840,3836,3832,3828,3824,3820,3816,3812,3808&#8243; img_size=&#8221;300&#215;200&#8243; onclick=&#8221;img_link_large&#8221;][\/vc_column][\/vc_row]<\/p>\n","protected":false},"excerpt":{"rendered":"<p>[vc_row][vc_column][vc_column_text] Pokoje i apartamenty w Vigo di Fassa S\u0142odki sen w Dolomitach &nbsp; Hotel Rosa oferuje swoim go\u015bciom zupe\u0142nie nowe i przytulne 26 pokoi i 6 apartament\u00f3w, kt\u00f3re s\u0105 cenione za ich komfort i za bogate wyposa\u017cenie zdolne zaspokoi\u0107 ka\u017cd\u0105 potrzeb\u0119, idealne do spania i odpoczynku w Vigo di Fassa w otoczeniu Dolomit\u00f3w, aby odzyska\u0107 [&hellip;]<\/p>\n","protected":false},"author":2,"featured_media":0,"parent":0,"menu_order":0,"comment_status":"closed","ping_status":"closed","template":"","meta":{"_acf_changed":false,"footnotes":""},"class_list":["post-2562","page","type-page","status-publish","hentry"],"acf":[],"yoast_head":"<!-- This site is optimized with the Yoast SEO plugin v27.4 - https:\/\/yoast.com\/product\/yoast-seo-wordpress\/ -->\n<title>Rooms and Suites Vigo di Fassa Sleeping Vigo di Fassa<\/title>\n<meta name=\"description\" content=\"Hotel Rosa w Vigo di Fassa posiada pokoje i apartamenty do spania w absolutnym relaksie w Vigo di Fassa w Dolomitach\" \/>\n<meta name=\"robots\" content=\"index, follow, max-snippet:-1, max-image-preview:large, max-video-preview:-1\" \/>\n<link rel=\"canonical\" href=\"https:\/\/hotelrosa.biz\/pl\/pokoje-i-apartamenty.html\" \/>\n<meta property=\"og:locale\" content=\"pl_PL\" \/>\n<meta property=\"og:type\" content=\"article\" \/>\n<meta property=\"og:title\" content=\"Rooms and Suites Vigo di Fassa Sleeping Vigo di Fassa\" \/>\n<meta property=\"og:description\" content=\"Hotel Rosa w Vigo di Fassa posiada pokoje i apartamenty do spania w absolutnym relaksie w Vigo di Fassa w Dolomitach\" \/>\n<meta property=\"og:url\" content=\"https:\/\/hotelrosa.biz\/pl\/pokoje-i-apartamenty.html\" \/>\n<meta property=\"article:modified_time\" content=\"2025-10-13T16:01:11+00:00\" \/>\n<meta name=\"twitter:card\" content=\"summary_large_image\" \/>\n<meta name=\"twitter:label1\" content=\"Szacowany czas czytania\" \/>\n\t<meta name=\"twitter:data1\" content=\"22 minuty\" \/>\n<script type=\"application\/ld+json\" class=\"yoast-schema-graph\">{\"@context\":\"https:\\\/\\\/schema.org\",\"@graph\":[{\"@type\":\"WebPage\",\"@id\":\"https:\\\/\\\/hotelrosa.biz\\\/pl\\\/pokoje-i-apartamenty.html\",\"url\":\"https:\\\/\\\/hotelrosa.biz\\\/pl\\\/pokoje-i-apartamenty.html\",\"name\":\"Rooms and Suites Vigo di Fassa Sleeping Vigo di Fassa\",\"isPartOf\":{\"@id\":\"https:\\\/\\\/hotelrosa.biz\\\/#website\"},\"datePublished\":\"2022-09-14T13:08:29+00:00\",\"dateModified\":\"2025-10-13T16:01:11+00:00\",\"description\":\"Hotel Rosa w Vigo di Fassa posiada pokoje i apartamenty do spania w absolutnym relaksie w Vigo di Fassa w Dolomitach\",\"breadcrumb\":{\"@id\":\"https:\\\/\\\/hotelrosa.biz\\\/pl\\\/pokoje-i-apartamenty.html#breadcrumb\"},\"inLanguage\":\"pl-PL\",\"potentialAction\":[{\"@type\":\"ReadAction\",\"target\":[\"https:\\\/\\\/hotelrosa.biz\\\/pl\\\/pokoje-i-apartamenty.html\"]}]},{\"@type\":\"BreadcrumbList\",\"@id\":\"https:\\\/\\\/hotelrosa.biz\\\/pl\\\/pokoje-i-apartamenty.html#breadcrumb\",\"itemListElement\":[{\"@type\":\"ListItem\",\"position\":1,\"name\":\"Home\",\"item\":\"https:\\\/\\\/hotelrosa.biz\\\/pl\\\/\"},{\"@type\":\"ListItem\",\"position\":2,\"name\":\"Pokoje\"}]},{\"@type\":\"WebSite\",\"@id\":\"https:\\\/\\\/hotelrosa.biz\\\/#website\",\"url\":\"https:\\\/\\\/hotelrosa.biz\\\/\",\"name\":\"\",\"description\":\"\",\"potentialAction\":[{\"@type\":\"SearchAction\",\"target\":{\"@type\":\"EntryPoint\",\"urlTemplate\":\"https:\\\/\\\/hotelrosa.biz\\\/?s={search_term_string}\"},\"query-input\":{\"@type\":\"PropertyValueSpecification\",\"valueRequired\":true,\"valueName\":\"search_term_string\"}}],\"inLanguage\":\"pl-PL\"}]}<\/script>\n<!-- \/ Yoast SEO plugin. -->","yoast_head_json":{"title":"Rooms and Suites Vigo di Fassa Sleeping Vigo di Fassa","description":"Hotel Rosa w Vigo di Fassa posiada pokoje i apartamenty do spania w absolutnym relaksie w Vigo di Fassa w Dolomitach","robots":{"index":"index","follow":"follow","max-snippet":"max-snippet:-1","max-image-preview":"max-image-preview:large","max-video-preview":"max-video-preview:-1"},"canonical":"https:\/\/hotelrosa.biz\/pl\/pokoje-i-apartamenty.html","og_locale":"pl_PL","og_type":"article","og_title":"Rooms and Suites Vigo di Fassa Sleeping Vigo di Fassa","og_description":"Hotel Rosa w Vigo di Fassa posiada pokoje i apartamenty do spania w absolutnym relaksie w Vigo di Fassa w Dolomitach","og_url":"https:\/\/hotelrosa.biz\/pl\/pokoje-i-apartamenty.html","article_modified_time":"2025-10-13T16:01:11+00:00","twitter_card":"summary_large_image","twitter_misc":{"Szacowany czas czytania":"22 minuty"},"schema":{"@context":"https:\/\/schema.org","@graph":[{"@type":"WebPage","@id":"https:\/\/hotelrosa.biz\/pl\/pokoje-i-apartamenty.html","url":"https:\/\/hotelrosa.biz\/pl\/pokoje-i-apartamenty.html","name":"Rooms and Suites Vigo di Fassa Sleeping Vigo di Fassa","isPartOf":{"@id":"https:\/\/hotelrosa.biz\/#website"},"datePublished":"2022-09-14T13:08:29+00:00","dateModified":"2025-10-13T16:01:11+00:00","description":"Hotel Rosa w Vigo di Fassa posiada pokoje i apartamenty do spania w absolutnym relaksie w Vigo di Fassa w Dolomitach","breadcrumb":{"@id":"https:\/\/hotelrosa.biz\/pl\/pokoje-i-apartamenty.html#breadcrumb"},"inLanguage":"pl-PL","potentialAction":[{"@type":"ReadAction","target":["https:\/\/hotelrosa.biz\/pl\/pokoje-i-apartamenty.html"]}]},{"@type":"BreadcrumbList","@id":"https:\/\/hotelrosa.biz\/pl\/pokoje-i-apartamenty.html#breadcrumb","itemListElement":[{"@type":"ListItem","position":1,"name":"Home","item":"https:\/\/hotelrosa.biz\/pl\/"},{"@type":"ListItem","position":2,"name":"Pokoje"}]},{"@type":"WebSite","@id":"https:\/\/hotelrosa.biz\/#website","url":"https:\/\/hotelrosa.biz\/","name":"","description":"","potentialAction":[{"@type":"SearchAction","target":{"@type":"EntryPoint","urlTemplate":"https:\/\/hotelrosa.biz\/?s={search_term_string}"},"query-input":{"@type":"PropertyValueSpecification","valueRequired":true,"valueName":"search_term_string"}}],"inLanguage":"pl-PL"}]}},"_links":{"self":[{"href":"https:\/\/hotelrosa.biz\/pl\/wp-json\/wp\/v2\/pages\/2562\/"}],"collection":[{"href":"https:\/\/hotelrosa.biz\/pl\/wp-json\/wp\/v2\/pages\/"}],"about":[{"href":"https:\/\/hotelrosa.biz\/pl\/wp-json\/wp\/v2\/types\/page\/"}],"author":[{"embeddable":true,"href":"https:\/\/hotelrosa.biz\/pl\/wp-json\/wp\/v2\/users\/2\/"}],"replies":[{"embeddable":true,"href":"https:\/\/hotelrosa.biz\/pl\/wp-json\/wp\/v2\/comments\/?post=2562"}],"version-history":[{"count":14,"href":"https:\/\/hotelrosa.biz\/pl\/wp-json\/wp\/v2\/pages\/2562\/revisions\/"}],"predecessor-version":[{"id":7149,"href":"https:\/\/hotelrosa.biz\/pl\/wp-json\/wp\/v2\/pages\/2562\/revisions\/7149\/"}],"wp:attachment":[{"href":"https:\/\/hotelrosa.biz\/pl\/wp-json\/wp\/v2\/media\/?parent=2562"}],"curies":[{"name":"wp","href":"https:\/\/api.w.org\/{rel}","templated":true}]}}