{"id":2559,"date":"2022-09-24T11:46:43","date_gmt":"2022-09-24T09:46:43","guid":{"rendered":"https:\/\/hotelrosa.biz\/arte-cultura-in-val-di-fassa.html"},"modified":"2022-10-05T09:56:48","modified_gmt":"2022-10-05T07:56:48","slug":"sztuka-i-kultura-dolinie-fassa","status":"publish","type":"page","link":"https:\/\/hotelrosa.biz\/pl\/sztuka-i-kultura-dolinie-fassa.html","title":{"rendered":"Sztuka i kultura w Dolinie Fassa"},"content":{"rendered":"<p>[vc_row][vc_column][vc_column_text]<\/p>\n<h1 style=\"text-align: center;\"><span style=\"color: #cc9933;\">Sztuka i kultura w Val di Fassa, staro\u017cytnej krainie Ladyn\u00f3w<\/span><\/h1>\n<p>[\/vc_column_text][vc_column_text]<\/p>\n<p style=\"text-align: justify;\">La Val di Fassa oltre alle Dolomiti e all&#8217;incontaminata natura, offre un importanta patrimonio culturale storico e artistico della terra dei Ladini che custodisce con orgoglio le proprie radici culturali, linguistiche e gastronomiche.<\/p>\n<p style=\"text-align: justify;\">I turisti della Val di Fassa potranno conoscere la cultura millenaria ladina che ha conservato nei secoli costumi e tradizioni popolari.<\/p>\n<p style=\"text-align: justify;\">Nella cultura della Val di Fassa viene dato grande risalto alle tradizioni, al senso di appartenenza alla comunit\u00e0 e al grande amore per la montagna.<br \/>\nRitroviamo questi valori nelle leggende riportate nelle numerose opere letterarie e nei racconti che si facevano davanti al camino, nelle numerose feste e nelle manifestazioni folkloristiche.<br \/>\nDa sottolineiare la cultura dell&#8217;artigianato artistico del legno della Val di Fassa con le caratteristiche botteghe dove gli operosi artigiani con l&#8217;aiuto di scalpelli e martello, scolpiscono il legno creando fantastiche opere artistiche .<\/p>\n<p style=\"text-align: justify;\">Inoltre segnaliamo il Museo Ladino di Fassa, la chiese, le mostre sulla prima guerra mondiale, le gallerie artistiche, le mostre sui minerali, etc.<\/p>\n<p style=\"text-align: justify;\">Per finire gli eventi e le coinvolgenti feste folkloristiche come il Carnevale Ladino\u00a0 che arricchiscono le vacanze e coninvolgono i turisti.<\/p>\n<p>[\/vc_column_text][\/vc_column][\/vc_row][vc_row full_width=&#8221;stretch_row_content_no_spaces&#8221; css=&#8221;.vc_custom_1664133984417{background-color: #000000 !important;}&#8221;][vc_column][vc_gallery type=&#8221;image_grid&#8221; images=&#8221;2350,2358,2366,2374,2382,2390&#8243;][\/vc_column][\/vc_row]<\/p>\n","protected":false},"excerpt":{"rendered":"<p>[vc_row][vc_column][vc_column_text] Sztuka i kultura w Val di Fassa, staro\u017cytnej krainie Ladyn\u00f3w [\/vc_column_text][vc_column_text] La Val di Fassa oltre alle Dolomiti e all&#8217;incontaminata natura, offre un importanta patrimonio culturale storico e artistico della terra dei Ladini che custodisce con orgoglio le proprie radici culturali, linguistiche e gastronomiche. I turisti della Val di Fassa potranno conoscere la cultura [&hellip;]<\/p>\n","protected":false},"author":2,"featured_media":0,"parent":0,"menu_order":0,"comment_status":"closed","ping_status":"closed","template":"","meta":{"_acf_changed":false,"footnotes":""},"class_list":["post-2559","page","type-page","status-publish","hentry"],"acf":[],"yoast_head":"<!-- This site is optimized with the Yoast SEO plugin v27.4 - https:\/\/yoast.com\/product\/yoast-seo-wordpress\/ -->\n<title>Sztuka i kultura Wakacje w Dolinie Fassa<\/title>\n<meta name=\"description\" content=\"Wakacje z kultur\u0105 i sztuk\u0105 w Val di Fassa : Hotel Rosa jest punktem wyj\u015bcia dla kulturalnych wakacji w Dolinie Fassa w Vigo di Fassa\" \/>\n<meta name=\"robots\" content=\"index, follow, max-snippet:-1, max-image-preview:large, max-video-preview:-1\" \/>\n<link rel=\"canonical\" href=\"https:\/\/hotelrosa.biz\/pl\/sztuka-i-kultura-dolinie-fassa.html\" \/>\n<meta property=\"og:locale\" content=\"pl_PL\" \/>\n<meta property=\"og:type\" content=\"article\" \/>\n<meta property=\"og:title\" content=\"Sztuka i kultura Wakacje w Dolinie Fassa\" \/>\n<meta property=\"og:description\" content=\"Wakacje z kultur\u0105 i sztuk\u0105 w Val di Fassa : Hotel Rosa jest punktem wyj\u015bcia dla kulturalnych wakacji w Dolinie Fassa w Vigo di Fassa\" \/>\n<meta property=\"og:url\" content=\"https:\/\/hotelrosa.biz\/pl\/sztuka-i-kultura-dolinie-fassa.html\" \/>\n<meta property=\"article:modified_time\" content=\"2022-10-05T07:56:48+00:00\" \/>\n<meta name=\"twitter:card\" content=\"summary_large_image\" \/>\n<meta name=\"twitter:label1\" content=\"Szacowany czas czytania\" \/>\n\t<meta name=\"twitter:data1\" content=\"2 minuty\" \/>\n<script type=\"application\/ld+json\" class=\"yoast-schema-graph\">{\"@context\":\"https:\\\/\\\/schema.org\",\"@graph\":[{\"@type\":\"WebPage\",\"@id\":\"https:\\\/\\\/hotelrosa.biz\\\/pl\\\/sztuka-i-kultura-dolinie-fassa.html\",\"url\":\"https:\\\/\\\/hotelrosa.biz\\\/pl\\\/sztuka-i-kultura-dolinie-fassa.html\",\"name\":\"Sztuka i kultura Wakacje w Dolinie Fassa\",\"isPartOf\":{\"@id\":\"https:\\\/\\\/hotelrosa.biz\\\/#website\"},\"datePublished\":\"2022-09-24T09:46:43+00:00\",\"dateModified\":\"2022-10-05T07:56:48+00:00\",\"description\":\"Wakacje z kultur\u0105 i sztuk\u0105 w Val di Fassa : Hotel Rosa jest punktem wyj\u015bcia dla kulturalnych wakacji w Dolinie Fassa w Vigo di Fassa\",\"breadcrumb\":{\"@id\":\"https:\\\/\\\/hotelrosa.biz\\\/pl\\\/sztuka-i-kultura-dolinie-fassa.html#breadcrumb\"},\"inLanguage\":\"pl-PL\",\"potentialAction\":[{\"@type\":\"ReadAction\",\"target\":[\"https:\\\/\\\/hotelrosa.biz\\\/pl\\\/sztuka-i-kultura-dolinie-fassa.html\"]}]},{\"@type\":\"BreadcrumbList\",\"@id\":\"https:\\\/\\\/hotelrosa.biz\\\/pl\\\/sztuka-i-kultura-dolinie-fassa.html#breadcrumb\",\"itemListElement\":[{\"@type\":\"ListItem\",\"position\":1,\"name\":\"Home\",\"item\":\"https:\\\/\\\/hotelrosa.biz\\\/pl\\\/\"},{\"@type\":\"ListItem\",\"position\":2,\"name\":\"Sztuka i kultura w Dolinie Fassa\"}]},{\"@type\":\"WebSite\",\"@id\":\"https:\\\/\\\/hotelrosa.biz\\\/#website\",\"url\":\"https:\\\/\\\/hotelrosa.biz\\\/\",\"name\":\"\",\"description\":\"\",\"potentialAction\":[{\"@type\":\"SearchAction\",\"target\":{\"@type\":\"EntryPoint\",\"urlTemplate\":\"https:\\\/\\\/hotelrosa.biz\\\/?s={search_term_string}\"},\"query-input\":{\"@type\":\"PropertyValueSpecification\",\"valueRequired\":true,\"valueName\":\"search_term_string\"}}],\"inLanguage\":\"pl-PL\"}]}<\/script>\n<!-- \/ Yoast SEO plugin. -->","yoast_head_json":{"title":"Sztuka i kultura Wakacje w Dolinie Fassa","description":"Wakacje z kultur\u0105 i sztuk\u0105 w Val di Fassa : Hotel Rosa jest punktem wyj\u015bcia dla kulturalnych wakacji w Dolinie Fassa w Vigo di Fassa","robots":{"index":"index","follow":"follow","max-snippet":"max-snippet:-1","max-image-preview":"max-image-preview:large","max-video-preview":"max-video-preview:-1"},"canonical":"https:\/\/hotelrosa.biz\/pl\/sztuka-i-kultura-dolinie-fassa.html","og_locale":"pl_PL","og_type":"article","og_title":"Sztuka i kultura Wakacje w Dolinie Fassa","og_description":"Wakacje z kultur\u0105 i sztuk\u0105 w Val di Fassa : Hotel Rosa jest punktem wyj\u015bcia dla kulturalnych wakacji w Dolinie Fassa w Vigo di Fassa","og_url":"https:\/\/hotelrosa.biz\/pl\/sztuka-i-kultura-dolinie-fassa.html","article_modified_time":"2022-10-05T07:56:48+00:00","twitter_card":"summary_large_image","twitter_misc":{"Szacowany czas czytania":"2 minuty"},"schema":{"@context":"https:\/\/schema.org","@graph":[{"@type":"WebPage","@id":"https:\/\/hotelrosa.biz\/pl\/sztuka-i-kultura-dolinie-fassa.html","url":"https:\/\/hotelrosa.biz\/pl\/sztuka-i-kultura-dolinie-fassa.html","name":"Sztuka i kultura Wakacje w Dolinie Fassa","isPartOf":{"@id":"https:\/\/hotelrosa.biz\/#website"},"datePublished":"2022-09-24T09:46:43+00:00","dateModified":"2022-10-05T07:56:48+00:00","description":"Wakacje z kultur\u0105 i sztuk\u0105 w Val di Fassa : Hotel Rosa jest punktem wyj\u015bcia dla kulturalnych wakacji w Dolinie Fassa w Vigo di Fassa","breadcrumb":{"@id":"https:\/\/hotelrosa.biz\/pl\/sztuka-i-kultura-dolinie-fassa.html#breadcrumb"},"inLanguage":"pl-PL","potentialAction":[{"@type":"ReadAction","target":["https:\/\/hotelrosa.biz\/pl\/sztuka-i-kultura-dolinie-fassa.html"]}]},{"@type":"BreadcrumbList","@id":"https:\/\/hotelrosa.biz\/pl\/sztuka-i-kultura-dolinie-fassa.html#breadcrumb","itemListElement":[{"@type":"ListItem","position":1,"name":"Home","item":"https:\/\/hotelrosa.biz\/pl\/"},{"@type":"ListItem","position":2,"name":"Sztuka i kultura w Dolinie Fassa"}]},{"@type":"WebSite","@id":"https:\/\/hotelrosa.biz\/#website","url":"https:\/\/hotelrosa.biz\/","name":"","description":"","potentialAction":[{"@type":"SearchAction","target":{"@type":"EntryPoint","urlTemplate":"https:\/\/hotelrosa.biz\/?s={search_term_string}"},"query-input":{"@type":"PropertyValueSpecification","valueRequired":true,"valueName":"search_term_string"}}],"inLanguage":"pl-PL"}]}},"_links":{"self":[{"href":"https:\/\/hotelrosa.biz\/pl\/wp-json\/wp\/v2\/pages\/2559\/"}],"collection":[{"href":"https:\/\/hotelrosa.biz\/pl\/wp-json\/wp\/v2\/pages\/"}],"about":[{"href":"https:\/\/hotelrosa.biz\/pl\/wp-json\/wp\/v2\/types\/page\/"}],"author":[{"embeddable":true,"href":"https:\/\/hotelrosa.biz\/pl\/wp-json\/wp\/v2\/users\/2\/"}],"replies":[{"embeddable":true,"href":"https:\/\/hotelrosa.biz\/pl\/wp-json\/wp\/v2\/comments\/?post=2559"}],"version-history":[{"count":2,"href":"https:\/\/hotelrosa.biz\/pl\/wp-json\/wp\/v2\/pages\/2559\/revisions\/"}],"predecessor-version":[{"id":2561,"href":"https:\/\/hotelrosa.biz\/pl\/wp-json\/wp\/v2\/pages\/2559\/revisions\/2561\/"}],"wp:attachment":[{"href":"https:\/\/hotelrosa.biz\/pl\/wp-json\/wp\/v2\/media\/?parent=2559"}],"curies":[{"name":"wp","href":"https:\/\/api.w.org\/{rel}","templated":true}]}}