{"id":6365,"date":"2025-03-11T15:50:21","date_gmt":"2025-03-11T14:50:21","guid":{"rendered":"https:\/\/hotelrosa.biz\/giardino-multisensoriale.html"},"modified":"2025-07-03T19:36:21","modified_gmt":"2025-07-03T17:36:21","slug":"multisensorischer-garten","status":"publish","type":"page","link":"https:\/\/hotelrosa.biz\/de\/multisensorischer-garten.html","title":{"rendered":"Multisensorischer Garten"},"content":{"rendered":"<p>[vc_row][vc_column][vc_column_text]<\/p>\n<h1 style=\"text-align: center;\"><span style=\"color: #cc9933;\">Multisensorischer Garten des Hotel Rosa<\/span><\/h1>\n<p style=\"text-align: justify;\"><b><br \/>\nEin multisensorisches Erlebnis f\u00fcr die G\u00e4ste des Hotel Rosa:<\/b> Wohlbefinden und Entspannung durch den Kontakt mit der Natur<\/p>\n<p style=\"text-align: justify;\">Der neue 300 m2 gro\u00dfe multisensorische Garten mit Blick auf die Dolomiten des Fassatals und direktem Zugang vom Hotelschwimmbad ist mit einer Lounge\/Terrasse, einer Pavillon-Ecke und einer gro\u00dfen Gr\u00fcnfl\u00e4che mit Sonnenliegen ausgestattet, alles umgeben von Blumenbeeten mit f\u00fcr die Alpen typischen Blumen und Str\u00e4uchern. Der Garten kann auch abends genutzt werden, da er beleuchtet ist<\/p>\n<p style=\"text-align: justify;\">Unser Sinnesgarten ist nicht nur eine Gr\u00fcnfl\u00e4che, sondern eine Umgebung, die alle f\u00fcnf Sinne anspricht und den G\u00e4sten ein umfassendes Erlebnis von Ruhe, Entspannung und Wohlbefinden bietet. Er verf\u00fcgt \u00fcber eine reiche Vielfalt an B\u00e4umen, Pflanzen, B\u00fcschen und Kletterpflanzen. Wir haben versucht, diesen Raum weiter zu bereichern, indem wir ein Futterh\u00e4uschen eingef\u00fcgt haben, um den V\u00f6geln, die uns mit ihrem Zwitschern Gesellschaft leisten, Unterschlupf zu bieten.<\/p>\n<p style=\"text-align: justify;\">Der Glaube, dass die Entdeckungen, die bei der Begegnung mit der Natur gemacht werden, tiefe und unersetzliche Empfindungen und Emotionen hervorrufen, veranlasste uns, \u00fcber einige besondere Ecken nachzudenken und sie zu entwerfen; Auch der Erwachsene ist voll involviert und beteiligt, begleitet das Kind bei seinen Entdeckungen, unterst\u00fctzt es und hilft ihm, die Erfahrungen, die es gemacht hat, noch einmal zu verarbeiten.<\/p>\n<p>[\/vc_column_text][\/vc_column][\/vc_row][vc_row][vc_column width=&#8220;1\/4&#8243;][vc_single_image image=&#8220;6723&#8243; img_size=&#8220;400&#215;300&#8243;][\/vc_column][vc_column width=&#8220;1\/4&#8243;][vc_single_image image=&#8220;6764&#8243; img_size=&#8220;400&#215;300&#8243;][\/vc_column][vc_column width=&#8220;1\/4&#8243;][vc_single_image image=&#8220;6731&#8243; img_size=&#8220;400&#215;300&#8243;][\/vc_column][vc_column width=&#8220;1\/4&#8243;][vc_single_image image=&#8220;6735&#8243; img_size=&#8220;400&#215;300&#8243;][\/vc_column][\/vc_row][vc_row][vc_column][vc_column_text]<\/p>\n<p style=\"text-align: center;\">Im Garten des Hotell Rosa k\u00f6nnen Sie Wohlbefinden und Entspannung durch den Kontakt mit der Natur entdecken<\/p>\n<p>[\/vc_column_text][\/vc_column][\/vc_row][vc_row full_width=&#8220;stretch_row_content_no_spaces&#8220; css=&#8220;.vc_custom_1751531890623{background-color: #000000 !important;}&#8220;][vc_column][vc_gallery type=&#8220;image_grid&#8220; images=&#8220;6738,6742,6746,6750,6754,6786,6782,6790,6794,6798,6802,6758,6814,6762,6766,6770,6774,6778&#8243; img_size=&#8220;300&#215;200&#8243;][\/vc_column][\/vc_row]<\/p>\n","protected":false},"excerpt":{"rendered":"<p>[vc_row][vc_column][vc_column_text] Multisensorischer Garten des Hotel Rosa Ein multisensorisches Erlebnis f\u00fcr die G\u00e4ste des Hotel Rosa: Wohlbefinden und Entspannung durch den Kontakt mit der Natur Der neue 300 m2 gro\u00dfe multisensorische Garten mit Blick auf die Dolomiten des Fassatals und direktem Zugang vom Hotelschwimmbad ist mit einer Lounge\/Terrasse, einer Pavillon-Ecke und einer gro\u00dfen Gr\u00fcnfl\u00e4che mit Sonnenliegen [&hellip;]<\/p>\n","protected":false},"author":2,"featured_media":0,"parent":0,"menu_order":0,"comment_status":"closed","ping_status":"closed","template":"","meta":{"_acf_changed":false,"footnotes":""},"class_list":["post-6365","page","type-page","status-publish","hentry"],"acf":[],"yoast_head":"<!-- This site is optimized with the Yoast SEO plugin v27.4 - https:\/\/yoast.com\/product\/yoast-seo-wordpress\/ -->\n<title>Multisensorischer Garten des Hotel Rosa<\/title>\n<meta name=\"description\" content=\"Multisensorischer Garten des Hotel Rosa, umgeben von den Dolomiten des Fassatals, eine Oase der Ruhe, Entspannung und des Wohlbefindens\" \/>\n<meta name=\"robots\" content=\"index, follow, max-snippet:-1, max-image-preview:large, max-video-preview:-1\" \/>\n<link rel=\"canonical\" href=\"https:\/\/hotelrosa.biz\/de\/multisensorischer-garten.html\" \/>\n<meta property=\"og:locale\" content=\"de_DE\" \/>\n<meta property=\"og:type\" content=\"article\" \/>\n<meta property=\"og:title\" content=\"Multisensorischer Garten des Hotel Rosa\" \/>\n<meta property=\"og:description\" content=\"Multisensorischer Garten des Hotel Rosa, umgeben von den Dolomiten des Fassatals, eine Oase der Ruhe, Entspannung und des Wohlbefindens\" \/>\n<meta property=\"og:url\" content=\"https:\/\/hotelrosa.biz\/de\/multisensorischer-garten.html\" \/>\n<meta property=\"article:modified_time\" content=\"2025-07-03T17:36:21+00:00\" \/>\n<meta name=\"twitter:card\" content=\"summary_large_image\" \/>\n<meta name=\"twitter:label1\" content=\"Gesch\u00e4tzte Lesezeit\" \/>\n\t<meta name=\"twitter:data1\" content=\"6\u00a0Minuten\" \/>\n<script type=\"application\/ld+json\" class=\"yoast-schema-graph\">{\"@context\":\"https:\\\/\\\/schema.org\",\"@graph\":[{\"@type\":\"WebPage\",\"@id\":\"https:\\\/\\\/hotelrosa.biz\\\/de\\\/multisensorischer-garten.html\",\"url\":\"https:\\\/\\\/hotelrosa.biz\\\/de\\\/multisensorischer-garten.html\",\"name\":\"Multisensorischer Garten des Hotel Rosa\",\"isPartOf\":{\"@id\":\"https:\\\/\\\/hotelrosa.biz\\\/#website\"},\"datePublished\":\"2025-03-11T14:50:21+00:00\",\"dateModified\":\"2025-07-03T17:36:21+00:00\",\"description\":\"Multisensorischer Garten des Hotel Rosa, umgeben von den Dolomiten des Fassatals, eine Oase der Ruhe, Entspannung und des Wohlbefindens\",\"breadcrumb\":{\"@id\":\"https:\\\/\\\/hotelrosa.biz\\\/de\\\/multisensorischer-garten.html#breadcrumb\"},\"inLanguage\":\"de\",\"potentialAction\":[{\"@type\":\"ReadAction\",\"target\":[\"https:\\\/\\\/hotelrosa.biz\\\/de\\\/multisensorischer-garten.html\"]}]},{\"@type\":\"BreadcrumbList\",\"@id\":\"https:\\\/\\\/hotelrosa.biz\\\/de\\\/multisensorischer-garten.html#breadcrumb\",\"itemListElement\":[{\"@type\":\"ListItem\",\"position\":1,\"name\":\"Home\",\"item\":\"https:\\\/\\\/hotelrosa.biz\\\/de\\\/\"},{\"@type\":\"ListItem\",\"position\":2,\"name\":\"Multisensorischer Garten\"}]},{\"@type\":\"WebSite\",\"@id\":\"https:\\\/\\\/hotelrosa.biz\\\/#website\",\"url\":\"https:\\\/\\\/hotelrosa.biz\\\/\",\"name\":\"\",\"description\":\"\",\"potentialAction\":[{\"@type\":\"SearchAction\",\"target\":{\"@type\":\"EntryPoint\",\"urlTemplate\":\"https:\\\/\\\/hotelrosa.biz\\\/?s={search_term_string}\"},\"query-input\":{\"@type\":\"PropertyValueSpecification\",\"valueRequired\":true,\"valueName\":\"search_term_string\"}}],\"inLanguage\":\"de\"}]}<\/script>\n<!-- \/ Yoast SEO plugin. -->","yoast_head_json":{"title":"Multisensorischer Garten des Hotel Rosa","description":"Multisensorischer Garten des Hotel Rosa, umgeben von den Dolomiten des Fassatals, eine Oase der Ruhe, Entspannung und des Wohlbefindens","robots":{"index":"index","follow":"follow","max-snippet":"max-snippet:-1","max-image-preview":"max-image-preview:large","max-video-preview":"max-video-preview:-1"},"canonical":"https:\/\/hotelrosa.biz\/de\/multisensorischer-garten.html","og_locale":"de_DE","og_type":"article","og_title":"Multisensorischer Garten des Hotel Rosa","og_description":"Multisensorischer Garten des Hotel Rosa, umgeben von den Dolomiten des Fassatals, eine Oase der Ruhe, Entspannung und des Wohlbefindens","og_url":"https:\/\/hotelrosa.biz\/de\/multisensorischer-garten.html","article_modified_time":"2025-07-03T17:36:21+00:00","twitter_card":"summary_large_image","twitter_misc":{"Gesch\u00e4tzte Lesezeit":"6\u00a0Minuten"},"schema":{"@context":"https:\/\/schema.org","@graph":[{"@type":"WebPage","@id":"https:\/\/hotelrosa.biz\/de\/multisensorischer-garten.html","url":"https:\/\/hotelrosa.biz\/de\/multisensorischer-garten.html","name":"Multisensorischer Garten des Hotel Rosa","isPartOf":{"@id":"https:\/\/hotelrosa.biz\/#website"},"datePublished":"2025-03-11T14:50:21+00:00","dateModified":"2025-07-03T17:36:21+00:00","description":"Multisensorischer Garten des Hotel Rosa, umgeben von den Dolomiten des Fassatals, eine Oase der Ruhe, Entspannung und des Wohlbefindens","breadcrumb":{"@id":"https:\/\/hotelrosa.biz\/de\/multisensorischer-garten.html#breadcrumb"},"inLanguage":"de","potentialAction":[{"@type":"ReadAction","target":["https:\/\/hotelrosa.biz\/de\/multisensorischer-garten.html"]}]},{"@type":"BreadcrumbList","@id":"https:\/\/hotelrosa.biz\/de\/multisensorischer-garten.html#breadcrumb","itemListElement":[{"@type":"ListItem","position":1,"name":"Home","item":"https:\/\/hotelrosa.biz\/de\/"},{"@type":"ListItem","position":2,"name":"Multisensorischer Garten"}]},{"@type":"WebSite","@id":"https:\/\/hotelrosa.biz\/#website","url":"https:\/\/hotelrosa.biz\/","name":"","description":"","potentialAction":[{"@type":"SearchAction","target":{"@type":"EntryPoint","urlTemplate":"https:\/\/hotelrosa.biz\/?s={search_term_string}"},"query-input":{"@type":"PropertyValueSpecification","valueRequired":true,"valueName":"search_term_string"}}],"inLanguage":"de"}]}},"_links":{"self":[{"href":"https:\/\/hotelrosa.biz\/de\/wp-json\/wp\/v2\/pages\/6365\/"}],"collection":[{"href":"https:\/\/hotelrosa.biz\/de\/wp-json\/wp\/v2\/pages\/"}],"about":[{"href":"https:\/\/hotelrosa.biz\/de\/wp-json\/wp\/v2\/types\/page\/"}],"author":[{"embeddable":true,"href":"https:\/\/hotelrosa.biz\/de\/wp-json\/wp\/v2\/users\/2\/"}],"replies":[{"embeddable":true,"href":"https:\/\/hotelrosa.biz\/de\/wp-json\/wp\/v2\/comments\/?post=6365"}],"version-history":[{"count":9,"href":"https:\/\/hotelrosa.biz\/de\/wp-json\/wp\/v2\/pages\/6365\/revisions\/"}],"predecessor-version":[{"id":6860,"href":"https:\/\/hotelrosa.biz\/de\/wp-json\/wp\/v2\/pages\/6365\/revisions\/6860\/"}],"wp:attachment":[{"href":"https:\/\/hotelrosa.biz\/de\/wp-json\/wp\/v2\/media\/?parent=6365"}],"curies":[{"name":"wp","href":"https:\/\/api.w.org\/{rel}","templated":true}]}}