{"id":5235,"date":"2023-10-20T15:41:19","date_gmt":"2023-10-20T13:41:19","guid":{"rendered":"https:\/\/hotelrosa.biz\/?page_id=5235"},"modified":"2023-10-20T15:56:04","modified_gmt":"2023-10-20T13:56:04","slug":"garage","status":"publish","type":"page","link":"https:\/\/hotelrosa.biz\/de\/garage.html","title":{"rendered":"Garage"},"content":{"rendered":"<p>[vc_row][vc_column][vc_column_text]<\/p>\n<h1 style=\"text-align: center;\"><span style=\"color: #cc9933;\">Hotel Rosa Garage<br \/>\n<\/span><\/h1>\n<p style=\"text-align: justify;\">Im Hotel Rosa wissen wir, wie wichtig die Ruhe und der Komfort unserer G\u00e4ste sind. Deshalb haben wir eine neue, ger\u00e4umige Garage entwickelt, die f\u00fcr die Fahrzeuge all unserer G\u00e4ste ausgelegt ist. Wenn Sie Ihr Fahrzeug in unserer Garage abstellen, k\u00f6nnen Sie sich entspannen, denn Sie wissen, dass es vor den Elementen und neugierigen Blicken gesch\u00fctzt ist. Alternativ k\u00f6nnen die G\u00e4ste auch den nicht \u00fcberdachten Parkplatz vor dem Hotel nutzen.<\/p>\n<p>[\/vc_column_text][\/vc_column][\/vc_row][vc_row][vc_column width=&#8220;1\/2&#8243;][vc_single_image image=&#8220;5162&#8243; img_size=&#8220;500&#215;300&#8243; alignment=&#8220;center&#8220;][\/vc_column][vc_column width=&#8220;1\/2&#8243;][vc_column_text]Unser Hotel in Vigo di Fassa verf\u00fcgt \u00fcber eine \u00fcberdachte Garage und einen Au\u00dfenparkplatz:<\/p>\n<p>Gro\u00dfe und sichere Pl\u00e4tze: Unabh\u00e4ngig von der Gr\u00f6\u00dfe Ihres Fahrzeugs finden Sie in unserer Garage ausreichend Platz. Ihr Auto ist vor Witterungseinfl\u00fcssen gesch\u00fctzt, so dass Sie sich w\u00e4hrend Ihres Aufenthalts in aller Ruhe umsehen k\u00f6nnen.<\/p>\n<p style=\"text-align: justify;\">Direkter Zugang zum Hotel: Sie m\u00fcssen nicht kilometerweit laufen oder im Regen warten. Unsere Garage bietet einen direkten Zugang zum Hotel, was Ihre An- und Abreise zu einem Kinderspiel macht.<\/p>\n<p style=\"text-align: justify;\">Dar\u00fcber hinaus bietet das Hotel seinen G\u00e4sten unbeaufsichtigte Au\u00dfenparkpl\u00e4tze auf dem Vorplatz vor dem Hotel an.<\/p>\n<p style=\"text-align: justify;\">Die Kosten f\u00fcr einen Stellplatz in der Tiefgarage betragen 10 EUR pro Tag.<\/p>\n<p>[\/vc_column_text][\/vc_column][\/vc_row][vc_row][vc_column width=&#8220;1\/3&#8243;][vc_single_image image=&#8220;5176&#8243; img_size=&#8220;500&#215;300&#8243; alignment=&#8220;center&#8220;][\/vc_column][vc_column width=&#8220;1\/3&#8243;][vc_single_image image=&#8220;5180&#8243; img_size=&#8220;500&#215;300&#8243; alignment=&#8220;center&#8220;][\/vc_column][vc_column width=&#8220;1\/3&#8243;][vc_single_image image=&#8220;5158&#8243; img_size=&#8220;500&#215;300&#8243;][\/vc_column][\/vc_row]<\/p>\n","protected":false},"excerpt":{"rendered":"<p>[vc_row][vc_column][vc_column_text] Hotel Rosa Garage Im Hotel Rosa wissen wir, wie wichtig die Ruhe und der Komfort unserer G\u00e4ste sind. Deshalb haben wir eine neue, ger\u00e4umige Garage entwickelt, die f\u00fcr die Fahrzeuge all unserer G\u00e4ste ausgelegt ist. Wenn Sie Ihr Fahrzeug in unserer Garage abstellen, k\u00f6nnen Sie sich entspannen, denn Sie wissen, dass es vor den [&hellip;]<\/p>\n","protected":false},"author":2,"featured_media":0,"parent":0,"menu_order":0,"comment_status":"closed","ping_status":"closed","template":"","meta":{"_acf_changed":false,"footnotes":""},"class_list":["post-5235","page","type-page","status-publish","hentry"],"acf":[],"yoast_head":"<!-- This site is optimized with the Yoast SEO plugin v27.4 - https:\/\/yoast.com\/product\/yoast-seo-wordpress\/ -->\n<title>Garage -<\/title>\n<meta name=\"robots\" content=\"index, follow, max-snippet:-1, max-image-preview:large, max-video-preview:-1\" \/>\n<link rel=\"canonical\" href=\"https:\/\/hotelrosa.biz\/de\/garage.html\" \/>\n<meta property=\"og:locale\" content=\"de_DE\" \/>\n<meta property=\"og:type\" content=\"article\" \/>\n<meta property=\"og:title\" content=\"Garage -\" \/>\n<meta property=\"og:description\" content=\"[vc_row][vc_column][vc_column_text] Hotel Rosa Garage Im Hotel Rosa wissen wir, wie wichtig die Ruhe und der Komfort unserer G\u00e4ste sind. Deshalb haben wir eine neue, ger\u00e4umige Garage entwickelt, die f\u00fcr die Fahrzeuge all unserer G\u00e4ste ausgelegt ist. Wenn Sie Ihr Fahrzeug in unserer Garage abstellen, k\u00f6nnen Sie sich entspannen, denn Sie wissen, dass es vor den [&hellip;]\" \/>\n<meta property=\"og:url\" content=\"https:\/\/hotelrosa.biz\/de\/garage.html\" \/>\n<meta property=\"article:modified_time\" content=\"2023-10-20T13:56:04+00:00\" \/>\n<meta name=\"twitter:card\" content=\"summary_large_image\" \/>\n<meta name=\"twitter:label1\" content=\"Gesch\u00e4tzte Lesezeit\" \/>\n\t<meta name=\"twitter:data1\" content=\"2\u00a0Minuten\" \/>\n<script type=\"application\/ld+json\" class=\"yoast-schema-graph\">{\"@context\":\"https:\\\/\\\/schema.org\",\"@graph\":[{\"@type\":\"WebPage\",\"@id\":\"https:\\\/\\\/hotelrosa.biz\\\/de\\\/garage.html\",\"url\":\"https:\\\/\\\/hotelrosa.biz\\\/de\\\/garage.html\",\"name\":\"Garage -\",\"isPartOf\":{\"@id\":\"https:\\\/\\\/hotelrosa.biz\\\/#website\"},\"datePublished\":\"2023-10-20T13:41:19+00:00\",\"dateModified\":\"2023-10-20T13:56:04+00:00\",\"breadcrumb\":{\"@id\":\"https:\\\/\\\/hotelrosa.biz\\\/de\\\/garage.html#breadcrumb\"},\"inLanguage\":\"de\",\"potentialAction\":[{\"@type\":\"ReadAction\",\"target\":[\"https:\\\/\\\/hotelrosa.biz\\\/de\\\/garage.html\"]}]},{\"@type\":\"BreadcrumbList\",\"@id\":\"https:\\\/\\\/hotelrosa.biz\\\/de\\\/garage.html#breadcrumb\",\"itemListElement\":[{\"@type\":\"ListItem\",\"position\":1,\"name\":\"Home\",\"item\":\"https:\\\/\\\/hotelrosa.biz\\\/de\\\/\"},{\"@type\":\"ListItem\",\"position\":2,\"name\":\"Garage\"}]},{\"@type\":\"WebSite\",\"@id\":\"https:\\\/\\\/hotelrosa.biz\\\/#website\",\"url\":\"https:\\\/\\\/hotelrosa.biz\\\/\",\"name\":\"\",\"description\":\"\",\"potentialAction\":[{\"@type\":\"SearchAction\",\"target\":{\"@type\":\"EntryPoint\",\"urlTemplate\":\"https:\\\/\\\/hotelrosa.biz\\\/?s={search_term_string}\"},\"query-input\":{\"@type\":\"PropertyValueSpecification\",\"valueRequired\":true,\"valueName\":\"search_term_string\"}}],\"inLanguage\":\"de\"}]}<\/script>\n<!-- \/ Yoast SEO plugin. -->","yoast_head_json":{"title":"Garage -","robots":{"index":"index","follow":"follow","max-snippet":"max-snippet:-1","max-image-preview":"max-image-preview:large","max-video-preview":"max-video-preview:-1"},"canonical":"https:\/\/hotelrosa.biz\/de\/garage.html","og_locale":"de_DE","og_type":"article","og_title":"Garage -","og_description":"[vc_row][vc_column][vc_column_text] Hotel Rosa Garage Im Hotel Rosa wissen wir, wie wichtig die Ruhe und der Komfort unserer G\u00e4ste sind. Deshalb haben wir eine neue, ger\u00e4umige Garage entwickelt, die f\u00fcr die Fahrzeuge all unserer G\u00e4ste ausgelegt ist. Wenn Sie Ihr Fahrzeug in unserer Garage abstellen, k\u00f6nnen Sie sich entspannen, denn Sie wissen, dass es vor den [&hellip;]","og_url":"https:\/\/hotelrosa.biz\/de\/garage.html","article_modified_time":"2023-10-20T13:56:04+00:00","twitter_card":"summary_large_image","twitter_misc":{"Gesch\u00e4tzte Lesezeit":"2\u00a0Minuten"},"schema":{"@context":"https:\/\/schema.org","@graph":[{"@type":"WebPage","@id":"https:\/\/hotelrosa.biz\/de\/garage.html","url":"https:\/\/hotelrosa.biz\/de\/garage.html","name":"Garage -","isPartOf":{"@id":"https:\/\/hotelrosa.biz\/#website"},"datePublished":"2023-10-20T13:41:19+00:00","dateModified":"2023-10-20T13:56:04+00:00","breadcrumb":{"@id":"https:\/\/hotelrosa.biz\/de\/garage.html#breadcrumb"},"inLanguage":"de","potentialAction":[{"@type":"ReadAction","target":["https:\/\/hotelrosa.biz\/de\/garage.html"]}]},{"@type":"BreadcrumbList","@id":"https:\/\/hotelrosa.biz\/de\/garage.html#breadcrumb","itemListElement":[{"@type":"ListItem","position":1,"name":"Home","item":"https:\/\/hotelrosa.biz\/de\/"},{"@type":"ListItem","position":2,"name":"Garage"}]},{"@type":"WebSite","@id":"https:\/\/hotelrosa.biz\/#website","url":"https:\/\/hotelrosa.biz\/","name":"","description":"","potentialAction":[{"@type":"SearchAction","target":{"@type":"EntryPoint","urlTemplate":"https:\/\/hotelrosa.biz\/?s={search_term_string}"},"query-input":{"@type":"PropertyValueSpecification","valueRequired":true,"valueName":"search_term_string"}}],"inLanguage":"de"}]}},"_links":{"self":[{"href":"https:\/\/hotelrosa.biz\/de\/wp-json\/wp\/v2\/pages\/5235\/"}],"collection":[{"href":"https:\/\/hotelrosa.biz\/de\/wp-json\/wp\/v2\/pages\/"}],"about":[{"href":"https:\/\/hotelrosa.biz\/de\/wp-json\/wp\/v2\/types\/page\/"}],"author":[{"embeddable":true,"href":"https:\/\/hotelrosa.biz\/de\/wp-json\/wp\/v2\/users\/2\/"}],"replies":[{"embeddable":true,"href":"https:\/\/hotelrosa.biz\/de\/wp-json\/wp\/v2\/comments\/?post=5235"}],"version-history":[{"count":3,"href":"https:\/\/hotelrosa.biz\/de\/wp-json\/wp\/v2\/pages\/5235\/revisions\/"}],"predecessor-version":[{"id":5238,"href":"https:\/\/hotelrosa.biz\/de\/wp-json\/wp\/v2\/pages\/5235\/revisions\/5238\/"}],"wp:attachment":[{"href":"https:\/\/hotelrosa.biz\/de\/wp-json\/wp\/v2\/media\/?parent=5235"}],"curies":[{"name":"wp","href":"https:\/\/api.w.org\/{rel}","templated":true}]}}