{"id":2681,"date":"2022-10-05T16:29:44","date_gmt":"2022-10-05T14:29:44","guid":{"rendered":"https:\/\/hotelrosa.biz\/storia.html"},"modified":"2022-10-07T10:55:14","modified_gmt":"2022-10-07T08:55:14","slug":"storia","status":"publish","type":"page","link":"https:\/\/hotelrosa.biz\/de\/storia.html","title":{"rendered":"Unsere Geschichte"},"content":{"rendered":"<p>[vc_row][vc_column][vc_column_text]<\/p>\n<h1 style=\"text-align: center;\"><span style=\"color: #cc9933;\">Unsere Geschichte<\/span><\/h1>\n<p>[\/vc_column_text][vc_separator][\/vc_column][\/vc_row][vc_row][vc_column width=&#8220;1\/2&#8243;][vc_single_image image=&#8220;2738&#8243; img_size=&#8220;400&#215;700&#8243;][\/vc_column][vc_column width=&#8220;1\/2&#8243;][vc_column_text]<\/p>\n<p style=\"text-align: justify;\">Kurze Geschichte des Hotels Rosa d&#8217;Oro, basierend auf den Erinnerungen von Lodovico Detomas und Frau Giulia Detomas.<br \/>\nIn der zweiten H\u00e4lfte des 19. Jahrhunderts begannen Botaniker und Sprachwissenschaftler das Tal zu besuchen, gefolgt von Geologen, Mineralogen und einer wachsenden Zahl von Bergsteigern.<br \/>\nIn der zweiten H\u00e4lfte des 19. Jahrhunderts kam es zu einem zaghaften Aufschwung des Fremdenverkehrs, der die Talbewohner dazu veranlasste, Hotels zu er\u00f6ffnen. In fast jeder \u00f6ffentlichen Einrichtung, jedem Gasthaus oder Hotel, wurde eine Sammlung von Fossilien und Kristallen zu kommerziellen Zwecken aufbewahrt.<br \/>\nGiovanni Battista Masaner er\u00f6ffnete das Hotel &#8222;Alla Rosa&#8220; zu einem ungewissen Zeitpunkt; bekannt ist, dass das Geb\u00e4ude, das urspr\u00fcnglich ein ganz aus Holz gebautes Bauernhaus war, mit einem Bauwerk, das zum Teil aus mit Kalk gebundenen Steinen bestand und zum Teil als Scheune mit darunter liegenden Stallungen genutzt wurde, konsolidiert wurde. Aus uns unbekannten Gr\u00fcnden gerieten die Masaner Landwirte in finanzielle Schwierigkeiten und sahen sich gezwungen, das Geb\u00e4ude mit den dazugeh\u00f6rigen l\u00e4ndlichen Grundst\u00fccken an Herrn Desilvestro Lazzaro da Medil zu verkaufen, der die Grundst\u00fccke 1902 kaufte und Maria Giovanna Rasom heiratete; aus dieser Verbindung ging 1903 die einzige Tochter Veronica Desilvestro hervor. Das Gasthaus-Hotel (heute Agritour genannt) konnte Zimmer mit Voll- oder Halbpension vermieten. Im Sommer zog die Struktur die ersten st\u00e4ndigen Touristen an, im Winter lebte die Familie vom Verkauf von Getr\u00e4nken, einem kleinen Catering in der stets ge\u00f6ffneten Osteria und dem Schlachten von Tieren und Produkten aus der Umgebung.<\/p>\n<p>[\/vc_column_text][vc_single_image image=&#8220;2702&#8243; img_size=&#8220;400&#215;300&#8243;][vc_separator][\/vc_column][\/vc_row][vc_row][vc_column width=&#8220;1\/2&#8243;][vc_column_text]W\u00e4hrend des Ersten Weltkriegs wurde das Hotel Alla Rosa von den \u00f6sterreichischen Streitkr\u00e4ften beschlagnahmt und zu einer Kaserne mit G\u00e4stezimmern und Milit\u00e4rkantine, Sanit\u00e4tsr\u00e4umen und Schlafs\u00e4len f\u00fcr die von der nahen Selle-Front zur\u00fcckkehrenden Soldaten umgebaut.<br \/>\nNach dem Ersten Weltkrieg war das Ungl\u00fcck f\u00fcr die Familie Desilvestro noch nicht vorbei. 1921 brennt Vigo ab, und auch das Hotel Alla Rosa brennt ab. Die Familie Desilvestro krempelte die \u00c4rmel hoch und baute das Geb\u00e4ude unter gro\u00dfen Opfern wieder auf, um das Hotel Alla Rosa mit sturer Beharrlichkeit wiederzubeleben. Von diesem Zeitpunkt an sollte das Hotel Alla Rosa, wie Herr Lodovico Detomas, der heutige Besitzer, bezeugt, den Namen Alla Rosa d&#8217;Oro tragen. Im Jahr 1928 heiratet Veronica Lodovico Detomas aus Pozza und von nun an leitet die Familie Detomas das Hotel Alla Rosa d&#8217;Oro, indem sie die touristischen Aktivit\u00e4ten fortsetzt, die es ihnen bisher erm\u00f6glichten, von den Einnahmen des Betriebs zu leben, mit einer wachsenden Zahl von Touristen, die nun auch Bergsteigeraktivit\u00e4ten nachgehen, wodurch sich die Aufenthaltsdauer verl\u00e4ngert. Jedes Jahr wurden die Einrichtungen und Dienstleistungen so weit wie m\u00f6glich verbessert, bis 1939, nach der Sommersaison, die Winde des Krieges wehten, das Hotel Alla Rosa d&#8217;Oro bis Februar 1945 geschlossen wurde.[\/vc_column_text][vc_separator][\/vc_column][vc_column width=&#8220;1\/2&#8243;][vc_single_image image=&#8220;2710&#8243; img_size=&#8220;400&#215;300&#8243;][\/vc_column][\/vc_row][vc_row][vc_column width=&#8220;1\/2&#8243;][vc_single_image image=&#8220;2706&#8243; img_size=&#8220;400&#215;300&#8243;][\/vc_column][vc_column width=&#8220;1\/2&#8243;][vc_column_text]Nach dem Ende des Zweiten Weltkriegs erlebte das Tal einen neuen Aufschwung des Tourismus. 1950 verwandelte das Hotel Rosa das gesamte Geb\u00e4ude in ein Hotel und baute sogar die Scheune und die Stallungen in eine Touristenunterkunft um.<br \/>\nIm Jahr 1959 installierte Rosa die Heizungsanlage und gab gr\u00fcnes Licht f\u00fcr die Er\u00f6ffnung der Wintersaison, und die ersten Skilifte wurden installiert, um den alpinen Skisport auszu\u00fcben. Der Wendepunkt mit dem wirtschaftlichen Aufschwung der Nachkriegsrenaissance kam im Jahr 1964. Das Hotel Rosa erstreckt sich von einem Stockwerk mit Zimmern bis zu vier Stockwerken. Im Jahr 1966 wird der Speisesaal erweitert, die Einrichtung wird auf einzigartige Weise bereichert und versch\u00f6nert und wird auch heute noch von den G\u00e4sten genutzt und gesch\u00e4tzt. Im Jahr 1968 wurde im Untergeschoss des Hotels Rosa das erste Schwimmbad des Fassatals gebaut, das die Gr\u00f6\u00dfe eines olympischen Schwimmbeckens hat, sehr gro\u00df ist und durch seine Glasfenster ein bezauberndes Panorama bietet, das von der Marmolada bis zu den Bergen von San Martino di Castrozza reicht.[\/vc_column_text][vc_separator][\/vc_column][\/vc_row][vc_row][vc_column width=&#8220;1\/2&#8243;][vc_column_text]Angesichts der steigenden Kosten f\u00fcr Heizstoffe wird das Schwimmbad um zwei Drittel reduziert und dann geschlossen. Im Laufe der Jahre wurde das Hotel jedoch nach und nach erneuert und an die von der Provinz Trient auferlegten Vorschriften angepasst.<br \/>\nJetzt m\u00f6chte der Enkel von Lodovico Detomas, der den gleichen Namen tr\u00e4gt und derzeitiger Besitzer des Hotels Rosa ist, der Stadt ein neues Image geben, indem er ein innovatives Bauwerk errichtet, das einen Platz f\u00fcr die gesamte Gemeinde von Vigo schafft, die Lebensqualit\u00e4t verbessert und das gesamte architektonische Ensemble des Hotels Rosa aufwertet, denn er m\u00f6chte der sch\u00f6nen Stadt Vigo den Namen Albergo alla Rosa d&#8217;Oro zur\u00fcckgeben.[\/vc_column_text][vc_separator][\/vc_column][vc_column width=&#8220;1\/2&#8243;][vc_single_image image=&#8220;2714&#8243; img_size=&#8220;400&#215;300&#8243;][\/vc_column][\/vc_row]<\/p>\n","protected":false},"excerpt":{"rendered":"<p>[vc_row][vc_column][vc_column_text] Unsere Geschichte [\/vc_column_text][vc_separator][\/vc_column][\/vc_row][vc_row][vc_column width=&#8220;1\/2&#8243;][vc_single_image image=&#8220;2738&#8243; img_size=&#8220;400&#215;700&#8243;][\/vc_column][vc_column width=&#8220;1\/2&#8243;][vc_column_text] Kurze Geschichte des Hotels Rosa d&#8217;Oro, basierend auf den Erinnerungen von Lodovico Detomas und Frau Giulia Detomas. In der zweiten H\u00e4lfte des 19. Jahrhunderts begannen Botaniker und Sprachwissenschaftler das Tal zu besuchen, gefolgt von Geologen, Mineralogen und einer wachsenden Zahl von Bergsteigern. In der zweiten H\u00e4lfte des [&hellip;]<\/p>\n","protected":false},"author":2,"featured_media":0,"parent":0,"menu_order":0,"comment_status":"closed","ping_status":"closed","template":"","meta":{"_acf_changed":false,"footnotes":""},"class_list":["post-2681","page","type-page","status-publish","hentry"],"acf":[],"yoast_head":"<!-- This site is optimized with the Yoast SEO plugin v27.4 - https:\/\/yoast.com\/product\/yoast-seo-wordpress\/ -->\n<title>Die Geschichte des Hotel Rosa im Vigo di Fassa Tal<\/title>\n<meta name=\"description\" content=\"Die Geschichte der Entstehung des Hotel Rosa in Vigo di Fassa Im Fassatal in den wundersch\u00f6nen Bergen der Dolomiten\" \/>\n<meta name=\"robots\" content=\"index, follow, max-snippet:-1, max-image-preview:large, max-video-preview:-1\" \/>\n<link rel=\"canonical\" href=\"https:\/\/hotelrosa.biz\/de\/storia.html\" \/>\n<meta property=\"og:locale\" content=\"de_DE\" \/>\n<meta property=\"og:type\" content=\"article\" \/>\n<meta property=\"og:title\" content=\"Die Geschichte des Hotel Rosa im Vigo di Fassa Tal\" \/>\n<meta property=\"og:description\" content=\"Die Geschichte der Entstehung des Hotel Rosa in Vigo di Fassa Im Fassatal in den wundersch\u00f6nen Bergen der Dolomiten\" \/>\n<meta property=\"og:url\" content=\"https:\/\/hotelrosa.biz\/de\/storia.html\" \/>\n<meta property=\"article:modified_time\" content=\"2022-10-07T08:55:14+00:00\" \/>\n<meta name=\"twitter:card\" content=\"summary_large_image\" \/>\n<meta name=\"twitter:label1\" content=\"Gesch\u00e4tzte Lesezeit\" \/>\n\t<meta name=\"twitter:data1\" content=\"4\u00a0Minuten\" \/>\n<script type=\"application\/ld+json\" class=\"yoast-schema-graph\">{\"@context\":\"https:\\\/\\\/schema.org\",\"@graph\":[{\"@type\":\"WebPage\",\"@id\":\"https:\\\/\\\/hotelrosa.biz\\\/de\\\/storia.html\",\"url\":\"https:\\\/\\\/hotelrosa.biz\\\/de\\\/storia.html\",\"name\":\"Die Geschichte des Hotel Rosa im Vigo di Fassa Tal\",\"isPartOf\":{\"@id\":\"https:\\\/\\\/hotelrosa.biz\\\/#website\"},\"datePublished\":\"2022-10-05T14:29:44+00:00\",\"dateModified\":\"2022-10-07T08:55:14+00:00\",\"description\":\"Die Geschichte der Entstehung des Hotel Rosa in Vigo di Fassa Im Fassatal in den wundersch\u00f6nen Bergen der Dolomiten\",\"breadcrumb\":{\"@id\":\"https:\\\/\\\/hotelrosa.biz\\\/de\\\/storia.html#breadcrumb\"},\"inLanguage\":\"de\",\"potentialAction\":[{\"@type\":\"ReadAction\",\"target\":[\"https:\\\/\\\/hotelrosa.biz\\\/de\\\/storia.html\"]}]},{\"@type\":\"BreadcrumbList\",\"@id\":\"https:\\\/\\\/hotelrosa.biz\\\/de\\\/storia.html#breadcrumb\",\"itemListElement\":[{\"@type\":\"ListItem\",\"position\":1,\"name\":\"Home\",\"item\":\"https:\\\/\\\/hotelrosa.biz\\\/de\\\/\"},{\"@type\":\"ListItem\",\"position\":2,\"name\":\"Unsere Geschichte\"}]},{\"@type\":\"WebSite\",\"@id\":\"https:\\\/\\\/hotelrosa.biz\\\/#website\",\"url\":\"https:\\\/\\\/hotelrosa.biz\\\/\",\"name\":\"\",\"description\":\"\",\"potentialAction\":[{\"@type\":\"SearchAction\",\"target\":{\"@type\":\"EntryPoint\",\"urlTemplate\":\"https:\\\/\\\/hotelrosa.biz\\\/?s={search_term_string}\"},\"query-input\":{\"@type\":\"PropertyValueSpecification\",\"valueRequired\":true,\"valueName\":\"search_term_string\"}}],\"inLanguage\":\"de\"}]}<\/script>\n<!-- \/ Yoast SEO plugin. -->","yoast_head_json":{"title":"Die Geschichte des Hotel Rosa im Vigo di Fassa Tal","description":"Die Geschichte der Entstehung des Hotel Rosa in Vigo di Fassa Im Fassatal in den wundersch\u00f6nen Bergen der Dolomiten","robots":{"index":"index","follow":"follow","max-snippet":"max-snippet:-1","max-image-preview":"max-image-preview:large","max-video-preview":"max-video-preview:-1"},"canonical":"https:\/\/hotelrosa.biz\/de\/storia.html","og_locale":"de_DE","og_type":"article","og_title":"Die Geschichte des Hotel Rosa im Vigo di Fassa Tal","og_description":"Die Geschichte der Entstehung des Hotel Rosa in Vigo di Fassa Im Fassatal in den wundersch\u00f6nen Bergen der Dolomiten","og_url":"https:\/\/hotelrosa.biz\/de\/storia.html","article_modified_time":"2022-10-07T08:55:14+00:00","twitter_card":"summary_large_image","twitter_misc":{"Gesch\u00e4tzte Lesezeit":"4\u00a0Minuten"},"schema":{"@context":"https:\/\/schema.org","@graph":[{"@type":"WebPage","@id":"https:\/\/hotelrosa.biz\/de\/storia.html","url":"https:\/\/hotelrosa.biz\/de\/storia.html","name":"Die Geschichte des Hotel Rosa im Vigo di Fassa Tal","isPartOf":{"@id":"https:\/\/hotelrosa.biz\/#website"},"datePublished":"2022-10-05T14:29:44+00:00","dateModified":"2022-10-07T08:55:14+00:00","description":"Die Geschichte der Entstehung des Hotel Rosa in Vigo di Fassa Im Fassatal in den wundersch\u00f6nen Bergen der Dolomiten","breadcrumb":{"@id":"https:\/\/hotelrosa.biz\/de\/storia.html#breadcrumb"},"inLanguage":"de","potentialAction":[{"@type":"ReadAction","target":["https:\/\/hotelrosa.biz\/de\/storia.html"]}]},{"@type":"BreadcrumbList","@id":"https:\/\/hotelrosa.biz\/de\/storia.html#breadcrumb","itemListElement":[{"@type":"ListItem","position":1,"name":"Home","item":"https:\/\/hotelrosa.biz\/de\/"},{"@type":"ListItem","position":2,"name":"Unsere Geschichte"}]},{"@type":"WebSite","@id":"https:\/\/hotelrosa.biz\/#website","url":"https:\/\/hotelrosa.biz\/","name":"","description":"","potentialAction":[{"@type":"SearchAction","target":{"@type":"EntryPoint","urlTemplate":"https:\/\/hotelrosa.biz\/?s={search_term_string}"},"query-input":{"@type":"PropertyValueSpecification","valueRequired":true,"valueName":"search_term_string"}}],"inLanguage":"de"}]}},"_links":{"self":[{"href":"https:\/\/hotelrosa.biz\/de\/wp-json\/wp\/v2\/pages\/2681\/"}],"collection":[{"href":"https:\/\/hotelrosa.biz\/de\/wp-json\/wp\/v2\/pages\/"}],"about":[{"href":"https:\/\/hotelrosa.biz\/de\/wp-json\/wp\/v2\/types\/page\/"}],"author":[{"embeddable":true,"href":"https:\/\/hotelrosa.biz\/de\/wp-json\/wp\/v2\/users\/2\/"}],"replies":[{"embeddable":true,"href":"https:\/\/hotelrosa.biz\/de\/wp-json\/wp\/v2\/comments\/?post=2681"}],"version-history":[{"count":6,"href":"https:\/\/hotelrosa.biz\/de\/wp-json\/wp\/v2\/pages\/2681\/revisions\/"}],"predecessor-version":[{"id":2764,"href":"https:\/\/hotelrosa.biz\/de\/wp-json\/wp\/v2\/pages\/2681\/revisions\/2764\/"}],"wp:attachment":[{"href":"https:\/\/hotelrosa.biz\/de\/wp-json\/wp\/v2\/media\/?parent=2681"}],"curies":[{"name":"wp","href":"https:\/\/api.w.org\/{rel}","templated":true}]}}