{"id":2556,"date":"2022-09-14T15:14:21","date_gmt":"2022-09-14T13:14:21","guid":{"rendered":"https:\/\/hotelrosa.biz\/motorbike.html"},"modified":"2022-10-03T11:28:22","modified_gmt":"2022-10-03T09:28:22","slug":"ferien-fuer-radfahrer","status":"publish","type":"page","link":"https:\/\/hotelrosa.biz\/de\/ferien-fuer-radfahrer.html","title":{"rendered":"Motorrad"},"content":{"rendered":"<p>[vc_row][vc_column][vc_column_text]<\/p>\n<h1 style=\"text-align: center;\"><span style=\"color: #cc9933;\">Motobikers: Urlaub f\u00fcr Motorradfahrer<\/span><\/h1>\n<p>Ein Motorradurlaub bietet die M\u00f6glichkeit, den Charme des Fassatals und die fantastische Landschaft der Dolomiten in vollen Z\u00fcgen zu genie\u00dfen.<\/p>\n<p>Das Fassatal mit seinen Dolomiten-Routen bietet kurvenreiche Stra\u00dfen und P\u00e4sse, um von einer Seite zur anderen zu gelangen, und atemberaubende Bergpanoramen.<br \/>\nEin Motorradurlaub im Fassatal ist f\u00fcr Motorradfahrer das Nonplusultra, wenn es darum geht, die Aufregung und das Abenteuer in den Bergen zu erleben.<\/p>\n<p>Dank seiner strategischen Lage in Vigo di Fassa ist das Hotel Rosa der ideale Ausgangspunkt f\u00fcr Motorradfahrer, die in kurzer Zeit die meisten Dolomitenp\u00e4sse erreichen und die herrlichen Landschaften genie\u00dfen k\u00f6nnen.<\/p>\n<p>Im Fassatal gibt es zahlreiche Dienstleistungen, die den Bed\u00fcrfnissen der Motorradfahrer entgegenkommen, mit Informationen \u00fcber die interessantesten Orte in den Dolomiten und im gesamten Trentino, einem idealen Gebiet f\u00fcr Motorradfahrer, die Berge, Seen, Naturparks, Schl\u00f6sser, Wein- und Gastronomierouten usw. entdecken m\u00f6chten.<\/p>\n<p>Ferien f\u00fcr Motorradfahrer, um die Aufregung der Dolomiten des Fassatals in v\u00f6lliger Freiheit zu erleben.[\/vc_column_text][\/vc_column][\/vc_row][vc_row full_width=&#8220;stretch_row_content_no_spaces&#8220; css=&#8220;.vc_custom_1663929924487{background-color: #000000 !important;}&#8220;][vc_column][vc_gallery type=&#8220;image_grid&#8220; images=&#8220;514,506,1099,1203,1211,1219,1227,1502&#8243; img_size=&#8220;300&#215;200&#8243;][\/vc_column][\/vc_row]<\/p>\n","protected":false},"excerpt":{"rendered":"<p>[vc_row][vc_column][vc_column_text] Motobikers: Urlaub f\u00fcr Motorradfahrer Ein Motorradurlaub bietet die M\u00f6glichkeit, den Charme des Fassatals und die fantastische Landschaft der Dolomiten in vollen Z\u00fcgen zu genie\u00dfen. Das Fassatal mit seinen Dolomiten-Routen bietet kurvenreiche Stra\u00dfen und P\u00e4sse, um von einer Seite zur anderen zu gelangen, und atemberaubende Bergpanoramen. Ein Motorradurlaub im Fassatal ist f\u00fcr Motorradfahrer das Nonplusultra, [&hellip;]<\/p>\n","protected":false},"author":2,"featured_media":0,"parent":0,"menu_order":0,"comment_status":"closed","ping_status":"closed","template":"","meta":{"_acf_changed":false,"footnotes":""},"class_list":["post-2556","page","type-page","status-publish","hentry"],"acf":[],"yoast_head":"<!-- This site is optimized with the Yoast SEO plugin v27.4 - https:\/\/yoast.com\/product\/yoast-seo-wordpress\/ -->\n<title>Motorradfahrer Urlaub Motorradfahrer Vigo di Fassa Fassatal<\/title>\n<meta name=\"description\" content=\"Das Hotel Rosa ist das ideale Hotel f\u00fcr Motorradfahrer, die die unvergessliche Aussicht auf die Dolomiten entdecken wollen.\" \/>\n<meta name=\"robots\" content=\"index, follow, max-snippet:-1, max-image-preview:large, max-video-preview:-1\" \/>\n<link rel=\"canonical\" href=\"https:\/\/hotelrosa.biz\/de\/ferien-fuer-radfahrer.html\" \/>\n<meta property=\"og:locale\" content=\"de_DE\" \/>\n<meta property=\"og:type\" content=\"article\" \/>\n<meta property=\"og:title\" content=\"Motorradfahrer Urlaub Motorradfahrer Vigo di Fassa Fassatal\" \/>\n<meta property=\"og:description\" content=\"Das Hotel Rosa ist das ideale Hotel f\u00fcr Motorradfahrer, die die unvergessliche Aussicht auf die Dolomiten entdecken wollen.\" \/>\n<meta property=\"og:url\" content=\"https:\/\/hotelrosa.biz\/de\/ferien-fuer-radfahrer.html\" \/>\n<meta property=\"article:modified_time\" content=\"2022-10-03T09:28:22+00:00\" \/>\n<meta name=\"twitter:card\" content=\"summary_large_image\" \/>\n<meta name=\"twitter:label1\" content=\"Gesch\u00e4tzte Lesezeit\" \/>\n\t<meta name=\"twitter:data1\" content=\"1\u00a0Minute\" \/>\n<script type=\"application\/ld+json\" class=\"yoast-schema-graph\">{\"@context\":\"https:\\\/\\\/schema.org\",\"@graph\":[{\"@type\":\"WebPage\",\"@id\":\"https:\\\/\\\/hotelrosa.biz\\\/de\\\/ferien-fuer-radfahrer.html\",\"url\":\"https:\\\/\\\/hotelrosa.biz\\\/de\\\/ferien-fuer-radfahrer.html\",\"name\":\"Motorradfahrer Urlaub Motorradfahrer Vigo di Fassa Fassatal\",\"isPartOf\":{\"@id\":\"https:\\\/\\\/hotelrosa.biz\\\/#website\"},\"datePublished\":\"2022-09-14T13:14:21+00:00\",\"dateModified\":\"2022-10-03T09:28:22+00:00\",\"description\":\"Das Hotel Rosa ist das ideale Hotel f\u00fcr Motorradfahrer, die die unvergessliche Aussicht auf die Dolomiten entdecken wollen.\",\"breadcrumb\":{\"@id\":\"https:\\\/\\\/hotelrosa.biz\\\/de\\\/ferien-fuer-radfahrer.html#breadcrumb\"},\"inLanguage\":\"de\",\"potentialAction\":[{\"@type\":\"ReadAction\",\"target\":[\"https:\\\/\\\/hotelrosa.biz\\\/de\\\/ferien-fuer-radfahrer.html\"]}]},{\"@type\":\"BreadcrumbList\",\"@id\":\"https:\\\/\\\/hotelrosa.biz\\\/de\\\/ferien-fuer-radfahrer.html#breadcrumb\",\"itemListElement\":[{\"@type\":\"ListItem\",\"position\":1,\"name\":\"Home\",\"item\":\"https:\\\/\\\/hotelrosa.biz\\\/de\\\/\"},{\"@type\":\"ListItem\",\"position\":2,\"name\":\"Motorrad\"}]},{\"@type\":\"WebSite\",\"@id\":\"https:\\\/\\\/hotelrosa.biz\\\/#website\",\"url\":\"https:\\\/\\\/hotelrosa.biz\\\/\",\"name\":\"\",\"description\":\"\",\"potentialAction\":[{\"@type\":\"SearchAction\",\"target\":{\"@type\":\"EntryPoint\",\"urlTemplate\":\"https:\\\/\\\/hotelrosa.biz\\\/?s={search_term_string}\"},\"query-input\":{\"@type\":\"PropertyValueSpecification\",\"valueRequired\":true,\"valueName\":\"search_term_string\"}}],\"inLanguage\":\"de\"}]}<\/script>\n<!-- \/ Yoast SEO plugin. -->","yoast_head_json":{"title":"Motorradfahrer Urlaub Motorradfahrer Vigo di Fassa Fassatal","description":"Das Hotel Rosa ist das ideale Hotel f\u00fcr Motorradfahrer, die die unvergessliche Aussicht auf die Dolomiten entdecken wollen.","robots":{"index":"index","follow":"follow","max-snippet":"max-snippet:-1","max-image-preview":"max-image-preview:large","max-video-preview":"max-video-preview:-1"},"canonical":"https:\/\/hotelrosa.biz\/de\/ferien-fuer-radfahrer.html","og_locale":"de_DE","og_type":"article","og_title":"Motorradfahrer Urlaub Motorradfahrer Vigo di Fassa Fassatal","og_description":"Das Hotel Rosa ist das ideale Hotel f\u00fcr Motorradfahrer, die die unvergessliche Aussicht auf die Dolomiten entdecken wollen.","og_url":"https:\/\/hotelrosa.biz\/de\/ferien-fuer-radfahrer.html","article_modified_time":"2022-10-03T09:28:22+00:00","twitter_card":"summary_large_image","twitter_misc":{"Gesch\u00e4tzte Lesezeit":"1\u00a0Minute"},"schema":{"@context":"https:\/\/schema.org","@graph":[{"@type":"WebPage","@id":"https:\/\/hotelrosa.biz\/de\/ferien-fuer-radfahrer.html","url":"https:\/\/hotelrosa.biz\/de\/ferien-fuer-radfahrer.html","name":"Motorradfahrer Urlaub Motorradfahrer Vigo di Fassa Fassatal","isPartOf":{"@id":"https:\/\/hotelrosa.biz\/#website"},"datePublished":"2022-09-14T13:14:21+00:00","dateModified":"2022-10-03T09:28:22+00:00","description":"Das Hotel Rosa ist das ideale Hotel f\u00fcr Motorradfahrer, die die unvergessliche Aussicht auf die Dolomiten entdecken wollen.","breadcrumb":{"@id":"https:\/\/hotelrosa.biz\/de\/ferien-fuer-radfahrer.html#breadcrumb"},"inLanguage":"de","potentialAction":[{"@type":"ReadAction","target":["https:\/\/hotelrosa.biz\/de\/ferien-fuer-radfahrer.html"]}]},{"@type":"BreadcrumbList","@id":"https:\/\/hotelrosa.biz\/de\/ferien-fuer-radfahrer.html#breadcrumb","itemListElement":[{"@type":"ListItem","position":1,"name":"Home","item":"https:\/\/hotelrosa.biz\/de\/"},{"@type":"ListItem","position":2,"name":"Motorrad"}]},{"@type":"WebSite","@id":"https:\/\/hotelrosa.biz\/#website","url":"https:\/\/hotelrosa.biz\/","name":"","description":"","potentialAction":[{"@type":"SearchAction","target":{"@type":"EntryPoint","urlTemplate":"https:\/\/hotelrosa.biz\/?s={search_term_string}"},"query-input":{"@type":"PropertyValueSpecification","valueRequired":true,"valueName":"search_term_string"}}],"inLanguage":"de"}]}},"_links":{"self":[{"href":"https:\/\/hotelrosa.biz\/de\/wp-json\/wp\/v2\/pages\/2556\/"}],"collection":[{"href":"https:\/\/hotelrosa.biz\/de\/wp-json\/wp\/v2\/pages\/"}],"about":[{"href":"https:\/\/hotelrosa.biz\/de\/wp-json\/wp\/v2\/types\/page\/"}],"author":[{"embeddable":true,"href":"https:\/\/hotelrosa.biz\/de\/wp-json\/wp\/v2\/users\/2\/"}],"replies":[{"embeddable":true,"href":"https:\/\/hotelrosa.biz\/de\/wp-json\/wp\/v2\/comments\/?post=2556"}],"version-history":[{"count":2,"href":"https:\/\/hotelrosa.biz\/de\/wp-json\/wp\/v2\/pages\/2556\/revisions\/"}],"predecessor-version":[{"id":2558,"href":"https:\/\/hotelrosa.biz\/de\/wp-json\/wp\/v2\/pages\/2556\/revisions\/2558\/"}],"wp:attachment":[{"href":"https:\/\/hotelrosa.biz\/de\/wp-json\/wp\/v2\/media\/?parent=2556"}],"curies":[{"name":"wp","href":"https:\/\/api.w.org\/{rel}","templated":true}]}}