{"id":2553,"date":"2022-09-14T15:14:59","date_gmt":"2022-09-14T13:14:59","guid":{"rendered":"https:\/\/hotelrosa.biz\/ski-experience.html"},"modified":"2022-10-03T11:35:11","modified_gmt":"2022-10-03T09:35:11","slug":"winter-urlaub-val-assa","status":"publish","type":"page","link":"https:\/\/hotelrosa.biz\/de\/winter-urlaub-val-assa.html","title":{"rendered":"Erlebnis Ski"},"content":{"rendered":"<p>[vc_row][vc_column][vc_column_text]<\/p>\n<h1 style=\"text-align: center;\"><span style=\"color: #cc9933;\">Ski Experience: Winterurlaub und Schneeferien in Vigo di Fassa<\/span><\/h1>\n<p>Der Charme und der Zauber eines Skiurlaubs im Fassatal und in Vigo di Fassa sind schwer zu beschreiben.<br \/>\nVerbringen Sie Ihren Skiurlaub in Vigo di Fassa, um den Nervenkitzel des Skifahrens in den Dolomiten des Trentino zu erleben. Es ist die beste Art und Weise, die Aufregung und den Spa\u00df im Schnee zu genie\u00dfen, den das Trentino und das Fassatal bieten k\u00f6nnen.<br \/>\nVerbringen Sie Ihren Skiurlaub in Vigo di Fassa im Hotel Rosa.<\/p>\n<p>Die wichtigsten Skipisten und das Skigebiet des Fassatals k\u00f6nnen in k\u00fcrzester Zeit mit dem Skibus erreicht werden, der vor dem Hotel Rosa im Zentrum von Vigo di Fassa h\u00e4lt.<\/p>\n<p>F\u00fcr Ihre Skiwoche im Fassatal bietet Ihnen das Hotel Rosa dank seiner Lage die M\u00f6glichkeit, direkt mit den Skischuhen zu den Liften zu gelangen. Die Seilbahn Catinaccio ist der erste Lift, auf den man st\u00f6\u00dft (er ist 150 m vom Hotel entfernt) und erm\u00f6glicht es, die Pisten der Rosengartengruppe zu erreichen; man kann auch auf den Pisten Gardeccia und Ciampedie fahren, bis hin zur ber\u00fchmten Sella Ronda, die eine Tour \u00fcber die 4 P\u00e4sse erm\u00f6glicht. Pordoijoch, Sellajoch, Gr\u00f6dnerjoch und Campolongo-Pass.<\/p>\n<p>Die Pisten des Latemar, die Aufstiegsanlagen der Alpe di Lusia und die Aufstiegsanlagen des San Pellegrino-Passes laden zu einer aufregenden Skiwoche im Fassa-Tal ein.[\/vc_column_text][vc_single_image image=&#8220;1512&#8243; img_size=&#8220;full&#8220; alignment=&#8220;center&#8220;][\/vc_column][\/vc_row][vc_row full_width=&#8220;stretch_row_content_no_spaces&#8220; css=&#8220;.vc_custom_1663928854710{background-color: #000000 !important;}&#8220;][vc_column][vc_gallery type=&#8220;image_grid&#8220; images=&#8220;1529,1521,940,956,964,980,988,538&#8243; img_size=&#8220;300&#215;200&#8243;][\/vc_column][\/vc_row]<\/p>\n","protected":false},"excerpt":{"rendered":"<p>[vc_row][vc_column][vc_column_text] Ski Experience: Winterurlaub und Schneeferien in Vigo di Fassa Der Charme und der Zauber eines Skiurlaubs im Fassatal und in Vigo di Fassa sind schwer zu beschreiben. Verbringen Sie Ihren Skiurlaub in Vigo di Fassa, um den Nervenkitzel des Skifahrens in den Dolomiten des Trentino zu erleben. Es ist die beste Art und Weise, [&hellip;]<\/p>\n","protected":false},"author":2,"featured_media":0,"parent":0,"menu_order":0,"comment_status":"closed","ping_status":"closed","template":"","meta":{"_acf_changed":false,"footnotes":""},"class_list":["post-2553","page","type-page","status-publish","hentry"],"acf":[],"yoast_head":"<!-- This site is optimized with the Yoast SEO plugin v27.4 - https:\/\/yoast.com\/product\/yoast-seo-wordpress\/ -->\n<title>Wei\u00dfe Woche Vigo di Fassa Schneeurlaub Skifahren Val di Fassa<\/title>\n<meta name=\"description\" content=\"Das Hotel Rosa ist ideal f\u00fcr einen Skiurlaub im Fassatal und f\u00fcr eine Wei\u00dfe Woche in Vigo di Fassa inmitten der Dolomiten\" \/>\n<meta name=\"robots\" content=\"index, follow, max-snippet:-1, max-image-preview:large, max-video-preview:-1\" \/>\n<link rel=\"canonical\" href=\"https:\/\/hotelrosa.biz\/de\/winter-urlaub-val-assa.html\" \/>\n<meta property=\"og:locale\" content=\"de_DE\" \/>\n<meta property=\"og:type\" content=\"article\" \/>\n<meta property=\"og:title\" content=\"Wei\u00dfe Woche Vigo di Fassa Schneeurlaub Skifahren Val di Fassa\" \/>\n<meta property=\"og:description\" content=\"Das Hotel Rosa ist ideal f\u00fcr einen Skiurlaub im Fassatal und f\u00fcr eine Wei\u00dfe Woche in Vigo di Fassa inmitten der Dolomiten\" \/>\n<meta property=\"og:url\" content=\"https:\/\/hotelrosa.biz\/de\/winter-urlaub-val-assa.html\" \/>\n<meta property=\"article:modified_time\" content=\"2022-10-03T09:35:11+00:00\" \/>\n<meta name=\"twitter:card\" content=\"summary_large_image\" \/>\n<meta name=\"twitter:label1\" content=\"Gesch\u00e4tzte Lesezeit\" \/>\n\t<meta name=\"twitter:data1\" content=\"2\u00a0Minuten\" \/>\n<script type=\"application\/ld+json\" class=\"yoast-schema-graph\">{\"@context\":\"https:\\\/\\\/schema.org\",\"@graph\":[{\"@type\":\"WebPage\",\"@id\":\"https:\\\/\\\/hotelrosa.biz\\\/de\\\/winter-urlaub-val-assa.html\",\"url\":\"https:\\\/\\\/hotelrosa.biz\\\/de\\\/winter-urlaub-val-assa.html\",\"name\":\"Wei\u00dfe Woche Vigo di Fassa Schneeurlaub Skifahren Val di Fassa\",\"isPartOf\":{\"@id\":\"https:\\\/\\\/hotelrosa.biz\\\/#website\"},\"datePublished\":\"2022-09-14T13:14:59+00:00\",\"dateModified\":\"2022-10-03T09:35:11+00:00\",\"description\":\"Das Hotel Rosa ist ideal f\u00fcr einen Skiurlaub im Fassatal und f\u00fcr eine Wei\u00dfe Woche in Vigo di Fassa inmitten der Dolomiten\",\"breadcrumb\":{\"@id\":\"https:\\\/\\\/hotelrosa.biz\\\/de\\\/winter-urlaub-val-assa.html#breadcrumb\"},\"inLanguage\":\"de\",\"potentialAction\":[{\"@type\":\"ReadAction\",\"target\":[\"https:\\\/\\\/hotelrosa.biz\\\/de\\\/winter-urlaub-val-assa.html\"]}]},{\"@type\":\"BreadcrumbList\",\"@id\":\"https:\\\/\\\/hotelrosa.biz\\\/de\\\/winter-urlaub-val-assa.html#breadcrumb\",\"itemListElement\":[{\"@type\":\"ListItem\",\"position\":1,\"name\":\"Home\",\"item\":\"https:\\\/\\\/hotelrosa.biz\\\/de\\\/\"},{\"@type\":\"ListItem\",\"position\":2,\"name\":\"Erlebnis Ski\"}]},{\"@type\":\"WebSite\",\"@id\":\"https:\\\/\\\/hotelrosa.biz\\\/#website\",\"url\":\"https:\\\/\\\/hotelrosa.biz\\\/\",\"name\":\"\",\"description\":\"\",\"potentialAction\":[{\"@type\":\"SearchAction\",\"target\":{\"@type\":\"EntryPoint\",\"urlTemplate\":\"https:\\\/\\\/hotelrosa.biz\\\/?s={search_term_string}\"},\"query-input\":{\"@type\":\"PropertyValueSpecification\",\"valueRequired\":true,\"valueName\":\"search_term_string\"}}],\"inLanguage\":\"de\"}]}<\/script>\n<!-- \/ Yoast SEO plugin. -->","yoast_head_json":{"title":"Wei\u00dfe Woche Vigo di Fassa Schneeurlaub Skifahren Val di Fassa","description":"Das Hotel Rosa ist ideal f\u00fcr einen Skiurlaub im Fassatal und f\u00fcr eine Wei\u00dfe Woche in Vigo di Fassa inmitten der Dolomiten","robots":{"index":"index","follow":"follow","max-snippet":"max-snippet:-1","max-image-preview":"max-image-preview:large","max-video-preview":"max-video-preview:-1"},"canonical":"https:\/\/hotelrosa.biz\/de\/winter-urlaub-val-assa.html","og_locale":"de_DE","og_type":"article","og_title":"Wei\u00dfe Woche Vigo di Fassa Schneeurlaub Skifahren Val di Fassa","og_description":"Das Hotel Rosa ist ideal f\u00fcr einen Skiurlaub im Fassatal und f\u00fcr eine Wei\u00dfe Woche in Vigo di Fassa inmitten der Dolomiten","og_url":"https:\/\/hotelrosa.biz\/de\/winter-urlaub-val-assa.html","article_modified_time":"2022-10-03T09:35:11+00:00","twitter_card":"summary_large_image","twitter_misc":{"Gesch\u00e4tzte Lesezeit":"2\u00a0Minuten"},"schema":{"@context":"https:\/\/schema.org","@graph":[{"@type":"WebPage","@id":"https:\/\/hotelrosa.biz\/de\/winter-urlaub-val-assa.html","url":"https:\/\/hotelrosa.biz\/de\/winter-urlaub-val-assa.html","name":"Wei\u00dfe Woche Vigo di Fassa Schneeurlaub Skifahren Val di Fassa","isPartOf":{"@id":"https:\/\/hotelrosa.biz\/#website"},"datePublished":"2022-09-14T13:14:59+00:00","dateModified":"2022-10-03T09:35:11+00:00","description":"Das Hotel Rosa ist ideal f\u00fcr einen Skiurlaub im Fassatal und f\u00fcr eine Wei\u00dfe Woche in Vigo di Fassa inmitten der Dolomiten","breadcrumb":{"@id":"https:\/\/hotelrosa.biz\/de\/winter-urlaub-val-assa.html#breadcrumb"},"inLanguage":"de","potentialAction":[{"@type":"ReadAction","target":["https:\/\/hotelrosa.biz\/de\/winter-urlaub-val-assa.html"]}]},{"@type":"BreadcrumbList","@id":"https:\/\/hotelrosa.biz\/de\/winter-urlaub-val-assa.html#breadcrumb","itemListElement":[{"@type":"ListItem","position":1,"name":"Home","item":"https:\/\/hotelrosa.biz\/de\/"},{"@type":"ListItem","position":2,"name":"Erlebnis Ski"}]},{"@type":"WebSite","@id":"https:\/\/hotelrosa.biz\/#website","url":"https:\/\/hotelrosa.biz\/","name":"","description":"","potentialAction":[{"@type":"SearchAction","target":{"@type":"EntryPoint","urlTemplate":"https:\/\/hotelrosa.biz\/?s={search_term_string}"},"query-input":{"@type":"PropertyValueSpecification","valueRequired":true,"valueName":"search_term_string"}}],"inLanguage":"de"}]}},"_links":{"self":[{"href":"https:\/\/hotelrosa.biz\/de\/wp-json\/wp\/v2\/pages\/2553\/"}],"collection":[{"href":"https:\/\/hotelrosa.biz\/de\/wp-json\/wp\/v2\/pages\/"}],"about":[{"href":"https:\/\/hotelrosa.biz\/de\/wp-json\/wp\/v2\/types\/page\/"}],"author":[{"embeddable":true,"href":"https:\/\/hotelrosa.biz\/de\/wp-json\/wp\/v2\/users\/2\/"}],"replies":[{"embeddable":true,"href":"https:\/\/hotelrosa.biz\/de\/wp-json\/wp\/v2\/comments\/?post=2553"}],"version-history":[{"count":2,"href":"https:\/\/hotelrosa.biz\/de\/wp-json\/wp\/v2\/pages\/2553\/revisions\/"}],"predecessor-version":[{"id":2555,"href":"https:\/\/hotelrosa.biz\/de\/wp-json\/wp\/v2\/pages\/2553\/revisions\/2555\/"}],"wp:attachment":[{"href":"https:\/\/hotelrosa.biz\/de\/wp-json\/wp\/v2\/media\/?parent=2553"}],"curies":[{"name":"wp","href":"https:\/\/api.w.org\/{rel}","templated":true}]}}