{"id":2549,"date":"2022-09-14T15:12:20","date_gmt":"2022-09-14T13:12:20","guid":{"rendered":"https:\/\/hotelrosa.biz\/sport-activity.html"},"modified":"2022-10-05T09:30:25","modified_gmt":"2022-10-05T07:30:25","slug":"sportliche-aktivitaet","status":"publish","type":"page","link":"https:\/\/hotelrosa.biz\/de\/sportliche-aktivitaet.html","title":{"rendered":"Sportliche Aktivit\u00e4t"},"content":{"rendered":"<p>[vc_row][vc_column][vc_column_text]<\/p>\n<h1 style=\"text-align: center;\"><span style=\"color: #cc9933;\">Sportliche Aktivit\u00e4ten: Sporturlaub im Fassatal<\/span><\/h1>\n<p>Sporttourismus ist ein attraktives Urlaubserlebnis, bei dem die Touristen ihren Lieblingssport aus\u00fcben k\u00f6nnen. Die Verbindung zwischen Tourismus und Sport ist in den letzten Jahren immer enger geworden und hat sich zu einer wichtigen wirtschaftlichen Ressource f\u00fcr die Akteure in beiden Sektoren entwickelt.<\/p>\n<p>Es gibt viele Sportarten und Aktivit\u00e4ten, die unter diesen Begriff fallen, darunter Radfahren und Mountainbiking, Trekking und Wandern, Skifahren und Schneesport, Nordic Walking, nautischer Tourismus, Segeln und Windsurfen, Angeln, Golf, Klettern und sogar Outdoor-Tourismus, Parks und Natur usw.<\/p>\n<p>Das Hauptziel der Betreiber des Sektors besteht darin, die Bed\u00fcrfnisse der Sporttouristen zu befriedigen, indem sie einen hohen Standard an spezialisierten Dienstleistungen anbieten, wie z. B. technische Unterst\u00fctzung, Lagerung\/Lagerung, F\u00fchrer, Ausbilder, Routen, Karten, Verleih, angemessene Verpflegung, Entspannungs- und Wellnessdienste und abwechslungsreiche touristische Routen zur Vervollst\u00e4ndigung der Urlaubspakete f\u00fcr die Begleitung von Sportlern.<\/p>\n<p>Der Sporttourismus nimmt st\u00e4ndig zu und stellt f\u00fcr viele Reiseziele eine M\u00f6glichkeit dar, das lokale Tourismusangebot zu vervollst\u00e4ndigen. Der Erlebnisurlaub entstand aus der Idee, den Sport als Schwungrad zu nutzen, um die Auslastung der Hotels und die Entsaisonalisierung des Tourismus zu f\u00f6rdern und so vor allem in der Nebensaison eine gro\u00dfe Zahl nationaler und internationaler Touristen anzulocken.<\/p>\n<p>Die Reiseveranstalter des Sektors m\u00fcssen dem sportbegeisterten Gast einen ma\u00dfgeschneiderten Urlaub anbieten; die Beherbergungsbetriebe m\u00fcssen genaue Qualit\u00e4tsstandards erf\u00fcllen und Dienstleistungen anbieten, die darauf ausgerichtet sind, den Sporttouristen zu empfangen, damit er seinen Lieblingssport aus\u00fcben kann, w\u00e4hrend er gleichzeitig die M\u00f6glichkeit hat, die verschiedenen touristischen Attraktionen der Region kennen zu lernen und zu bewundern.[\/vc_column_text][vc_single_image image=&#8220;1557&#8243; img_size=&#8220;full&#8220; alignment=&#8220;center&#8220;][\/vc_column][\/vc_row][vc_row full_width=&#8220;stretch_row_content_no_spaces&#8220; css=&#8220;.vc_custom_1663928701001{background-color: #000000 !important;}&#8220;][vc_column][vc_gallery type=&#8220;image_grid&#8220; images=&#8220;907,915,923,931,1116,1039,1177&#8243; img_size=&#8220;300&#215;200&#8243; css=&#8220;.vc_custom_1663928496904{background-color: #000000 !important;}&#8220;][\/vc_column][\/vc_row]<\/p>\n","protected":false},"excerpt":{"rendered":"<p>[vc_row][vc_column][vc_column_text] Sportliche Aktivit\u00e4ten: Sporturlaub im Fassatal Sporttourismus ist ein attraktives Urlaubserlebnis, bei dem die Touristen ihren Lieblingssport aus\u00fcben k\u00f6nnen. Die Verbindung zwischen Tourismus und Sport ist in den letzten Jahren immer enger geworden und hat sich zu einer wichtigen wirtschaftlichen Ressource f\u00fcr die Akteure in beiden Sektoren entwickelt. Es gibt viele Sportarten und Aktivit\u00e4ten, die [&hellip;]<\/p>\n","protected":false},"author":2,"featured_media":0,"parent":0,"menu_order":0,"comment_status":"closed","ping_status":"closed","template":"","meta":{"_acf_changed":false,"footnotes":""},"class_list":["post-2549","page","type-page","status-publish","hentry"],"acf":[],"yoast_head":"<!-- This site is optimized with the Yoast SEO plugin v27.4 - https:\/\/yoast.com\/product\/yoast-seo-wordpress\/ -->\n<title>Urlaub Tourismus Outdoor Sport Natur Vigo Fassa Tal<\/title>\n<meta name=\"description\" content=\"Das Hotel Rosa ist der Ausgangspunkt f\u00fcr Ihren Aktivurlaub in Vigo di Fassa: Outdoor-Tourismus, Natur, Sport im Fassatal\" \/>\n<meta name=\"robots\" content=\"index, follow, max-snippet:-1, max-image-preview:large, max-video-preview:-1\" \/>\n<link rel=\"canonical\" href=\"https:\/\/hotelrosa.biz\/de\/sportliche-aktivitaet.html\" \/>\n<meta property=\"og:locale\" content=\"de_DE\" \/>\n<meta property=\"og:type\" content=\"article\" \/>\n<meta property=\"og:title\" content=\"Urlaub Tourismus Outdoor Sport Natur Vigo Fassa Tal\" \/>\n<meta property=\"og:description\" content=\"Das Hotel Rosa ist der Ausgangspunkt f\u00fcr Ihren Aktivurlaub in Vigo di Fassa: Outdoor-Tourismus, Natur, Sport im Fassatal\" \/>\n<meta property=\"og:url\" content=\"https:\/\/hotelrosa.biz\/de\/sportliche-aktivitaet.html\" \/>\n<meta property=\"article:modified_time\" content=\"2022-10-05T07:30:25+00:00\" \/>\n<meta name=\"twitter:card\" content=\"summary_large_image\" \/>\n<meta name=\"twitter:label1\" content=\"Gesch\u00e4tzte Lesezeit\" \/>\n\t<meta name=\"twitter:data1\" content=\"2\u00a0Minuten\" \/>\n<script type=\"application\/ld+json\" class=\"yoast-schema-graph\">{\"@context\":\"https:\\\/\\\/schema.org\",\"@graph\":[{\"@type\":\"WebPage\",\"@id\":\"https:\\\/\\\/hotelrosa.biz\\\/de\\\/sportliche-aktivitaet.html\",\"url\":\"https:\\\/\\\/hotelrosa.biz\\\/de\\\/sportliche-aktivitaet.html\",\"name\":\"Urlaub Tourismus Outdoor Sport Natur Vigo Fassa Tal\",\"isPartOf\":{\"@id\":\"https:\\\/\\\/hotelrosa.biz\\\/#website\"},\"datePublished\":\"2022-09-14T13:12:20+00:00\",\"dateModified\":\"2022-10-05T07:30:25+00:00\",\"description\":\"Das Hotel Rosa ist der Ausgangspunkt f\u00fcr Ihren Aktivurlaub in Vigo di Fassa: Outdoor-Tourismus, Natur, Sport im Fassatal\",\"breadcrumb\":{\"@id\":\"https:\\\/\\\/hotelrosa.biz\\\/de\\\/sportliche-aktivitaet.html#breadcrumb\"},\"inLanguage\":\"de\",\"potentialAction\":[{\"@type\":\"ReadAction\",\"target\":[\"https:\\\/\\\/hotelrosa.biz\\\/de\\\/sportliche-aktivitaet.html\"]}]},{\"@type\":\"BreadcrumbList\",\"@id\":\"https:\\\/\\\/hotelrosa.biz\\\/de\\\/sportliche-aktivitaet.html#breadcrumb\",\"itemListElement\":[{\"@type\":\"ListItem\",\"position\":1,\"name\":\"Home\",\"item\":\"https:\\\/\\\/hotelrosa.biz\\\/de\\\/\"},{\"@type\":\"ListItem\",\"position\":2,\"name\":\"Sportliche Aktivit\u00e4t\"}]},{\"@type\":\"WebSite\",\"@id\":\"https:\\\/\\\/hotelrosa.biz\\\/#website\",\"url\":\"https:\\\/\\\/hotelrosa.biz\\\/\",\"name\":\"\",\"description\":\"\",\"potentialAction\":[{\"@type\":\"SearchAction\",\"target\":{\"@type\":\"EntryPoint\",\"urlTemplate\":\"https:\\\/\\\/hotelrosa.biz\\\/?s={search_term_string}\"},\"query-input\":{\"@type\":\"PropertyValueSpecification\",\"valueRequired\":true,\"valueName\":\"search_term_string\"}}],\"inLanguage\":\"de\"}]}<\/script>\n<!-- \/ Yoast SEO plugin. -->","yoast_head_json":{"title":"Urlaub Tourismus Outdoor Sport Natur Vigo Fassa Tal","description":"Das Hotel Rosa ist der Ausgangspunkt f\u00fcr Ihren Aktivurlaub in Vigo di Fassa: Outdoor-Tourismus, Natur, Sport im Fassatal","robots":{"index":"index","follow":"follow","max-snippet":"max-snippet:-1","max-image-preview":"max-image-preview:large","max-video-preview":"max-video-preview:-1"},"canonical":"https:\/\/hotelrosa.biz\/de\/sportliche-aktivitaet.html","og_locale":"de_DE","og_type":"article","og_title":"Urlaub Tourismus Outdoor Sport Natur Vigo Fassa Tal","og_description":"Das Hotel Rosa ist der Ausgangspunkt f\u00fcr Ihren Aktivurlaub in Vigo di Fassa: Outdoor-Tourismus, Natur, Sport im Fassatal","og_url":"https:\/\/hotelrosa.biz\/de\/sportliche-aktivitaet.html","article_modified_time":"2022-10-05T07:30:25+00:00","twitter_card":"summary_large_image","twitter_misc":{"Gesch\u00e4tzte Lesezeit":"2\u00a0Minuten"},"schema":{"@context":"https:\/\/schema.org","@graph":[{"@type":"WebPage","@id":"https:\/\/hotelrosa.biz\/de\/sportliche-aktivitaet.html","url":"https:\/\/hotelrosa.biz\/de\/sportliche-aktivitaet.html","name":"Urlaub Tourismus Outdoor Sport Natur Vigo Fassa Tal","isPartOf":{"@id":"https:\/\/hotelrosa.biz\/#website"},"datePublished":"2022-09-14T13:12:20+00:00","dateModified":"2022-10-05T07:30:25+00:00","description":"Das Hotel Rosa ist der Ausgangspunkt f\u00fcr Ihren Aktivurlaub in Vigo di Fassa: Outdoor-Tourismus, Natur, Sport im Fassatal","breadcrumb":{"@id":"https:\/\/hotelrosa.biz\/de\/sportliche-aktivitaet.html#breadcrumb"},"inLanguage":"de","potentialAction":[{"@type":"ReadAction","target":["https:\/\/hotelrosa.biz\/de\/sportliche-aktivitaet.html"]}]},{"@type":"BreadcrumbList","@id":"https:\/\/hotelrosa.biz\/de\/sportliche-aktivitaet.html#breadcrumb","itemListElement":[{"@type":"ListItem","position":1,"name":"Home","item":"https:\/\/hotelrosa.biz\/de\/"},{"@type":"ListItem","position":2,"name":"Sportliche Aktivit\u00e4t"}]},{"@type":"WebSite","@id":"https:\/\/hotelrosa.biz\/#website","url":"https:\/\/hotelrosa.biz\/","name":"","description":"","potentialAction":[{"@type":"SearchAction","target":{"@type":"EntryPoint","urlTemplate":"https:\/\/hotelrosa.biz\/?s={search_term_string}"},"query-input":{"@type":"PropertyValueSpecification","valueRequired":true,"valueName":"search_term_string"}}],"inLanguage":"de"}]}},"_links":{"self":[{"href":"https:\/\/hotelrosa.biz\/de\/wp-json\/wp\/v2\/pages\/2549\/"}],"collection":[{"href":"https:\/\/hotelrosa.biz\/de\/wp-json\/wp\/v2\/pages\/"}],"about":[{"href":"https:\/\/hotelrosa.biz\/de\/wp-json\/wp\/v2\/types\/page\/"}],"author":[{"embeddable":true,"href":"https:\/\/hotelrosa.biz\/de\/wp-json\/wp\/v2\/users\/2\/"}],"replies":[{"embeddable":true,"href":"https:\/\/hotelrosa.biz\/de\/wp-json\/wp\/v2\/comments\/?post=2549"}],"version-history":[{"count":2,"href":"https:\/\/hotelrosa.biz\/de\/wp-json\/wp\/v2\/pages\/2549\/revisions\/"}],"predecessor-version":[{"id":2552,"href":"https:\/\/hotelrosa.biz\/de\/wp-json\/wp\/v2\/pages\/2549\/revisions\/2552\/"}],"wp:attachment":[{"href":"https:\/\/hotelrosa.biz\/de\/wp-json\/wp\/v2\/media\/?parent=2549"}],"curies":[{"name":"wp","href":"https:\/\/api.w.org\/{rel}","templated":true}]}}