{"id":2546,"date":"2022-09-14T15:13:10","date_gmt":"2022-09-14T13:13:10","guid":{"rendered":"https:\/\/hotelrosa.biz\/cicloturismo-mountain-bike.html"},"modified":"2022-10-03T11:20:13","modified_gmt":"2022-10-03T09:20:13","slug":"radtourismus-und-mountainbiking","status":"publish","type":"page","link":"https:\/\/hotelrosa.biz\/de\/radtourismus-und-mountainbiking.html","title":{"rendered":"Radtourismus und Mountainbiking"},"content":{"rendered":"<p>[vc_row][vc_column][vc_column_text]<\/p>\n<h1 style=\"text-align: center;\"><span style=\"color: #cc9933;\">Radtourismus und Mountainbiking im Fassa-Tal<\/span><\/h1>\n<p>Der Radtourismus ist eine Form des Fahrradtourismus, mit der Variante &#8222;Zug + Fahrrad&#8220; oder mit Touren, die von Agenturen organisiert werden, die logistische Unterst\u00fctzung und Gep\u00e4cktransport anbieten. Es handelt sich um eine besonders wirtschaftliche Art des Reisens, die von den \u00fcblichen Kanons und Routen des Massentourismus abweicht. Manchmal ist es m\u00f6glich, abseits der ausgetretenen Pfade zu reisen, zum Beispiel auf Reitwegen mit dem Mountainbike.<\/p>\n<p>F\u00fcr Radfahrer und Mountainbiker bieten die Dolomiten atemberaubende Ausblicke und spannende Landschaften mit einer Vielzahl von Routen.<br \/>\nDie Mountainbike-Routen im Fassatal zwischen Velle und den Dolomitenp\u00e4ssen sind zahlreich und von unterschiedlichem Schwierigkeitsgrad. Jeder kann die Route w\u00e4hlen, die am besten zu seinen F\u00e4higkeiten passt: Die Trainiertesten k\u00f6nnen die steilsten Anstiege in Angriff nehmen, w\u00e4hrend diejenigen, die diesen Sport betreiben, um ganz in die Natur einzutauchen, weniger steile und entspanntere Routen w\u00e4hlen k\u00f6nnen.<\/p>\n<p>In den Dolomiten wird das Radfahren und Mountainbiken in den Berglandschaften dieser Gipfel zum Abenteuer.<br \/>\nFolgen Sie den zahlreichen Dolomitenradwegen, die Sie von einem Tal zum n\u00e4chsten, zu den Gipfeln und Bergh\u00fctten f\u00fchren. Professionelle F\u00fchrer zeigen Ihnen die sch\u00f6nsten Orte in den Dolomiten.[\/vc_column_text][vc_single_image image=&#8220;1548&#8243; img_size=&#8220;full&#8220; alignment=&#8220;center&#8220;][\/vc_column][\/vc_row][vc_row full_width=&#8220;stretch_row_content_no_spaces&#8220; css=&#8220;.vc_custom_1663929041719{background-color: #000000 !important;}&#8220;][vc_column][vc_gallery type=&#8220;image_grid&#8220; images=&#8220;998,119,1014,1072,1124,1186,1194&#8243; img_size=&#8220;300&#215;200&#8243;][\/vc_column][\/vc_row]<\/p>\n","protected":false},"excerpt":{"rendered":"<p>[vc_row][vc_column][vc_column_text] Radtourismus und Mountainbiking im Fassa-Tal Der Radtourismus ist eine Form des Fahrradtourismus, mit der Variante &#8222;Zug + Fahrrad&#8220; oder mit Touren, die von Agenturen organisiert werden, die logistische Unterst\u00fctzung und Gep\u00e4cktransport anbieten. Es handelt sich um eine besonders wirtschaftliche Art des Reisens, die von den \u00fcblichen Kanons und Routen des Massentourismus abweicht. Manchmal ist [&hellip;]<\/p>\n","protected":false},"author":2,"featured_media":0,"parent":0,"menu_order":0,"comment_status":"closed","ping_status":"closed","template":"","meta":{"_acf_changed":false,"footnotes":""},"class_list":["post-2546","page","type-page","status-publish","hentry"],"acf":[],"yoast_head":"<!-- This site is optimized with the Yoast SEO plugin v27.3 - https:\/\/yoast.com\/product\/yoast-seo-wordpress\/ -->\n<title>Radtourismus Urlaub Mountainbiking Vigo di Fassa im Fassatal<\/title>\n<meta name=\"description\" content=\"Das Hotel Rosa ist der ideale Ausgangspunkt f\u00fcr Rad- und Mountainbike-Urlaube im sch\u00f6nen Fassatal in den Dolomiten\" \/>\n<meta name=\"robots\" content=\"index, follow, max-snippet:-1, max-image-preview:large, max-video-preview:-1\" \/>\n<link rel=\"canonical\" href=\"https:\/\/hotelrosa.biz\/de\/radtourismus-und-mountainbiking.html\" \/>\n<meta property=\"og:locale\" content=\"de_DE\" \/>\n<meta property=\"og:type\" content=\"article\" \/>\n<meta property=\"og:title\" content=\"Radtourismus Urlaub Mountainbiking Vigo di Fassa im Fassatal\" \/>\n<meta property=\"og:description\" content=\"Das Hotel Rosa ist der ideale Ausgangspunkt f\u00fcr Rad- und Mountainbike-Urlaube im sch\u00f6nen Fassatal in den Dolomiten\" \/>\n<meta property=\"og:url\" content=\"https:\/\/hotelrosa.biz\/de\/radtourismus-und-mountainbiking.html\" \/>\n<meta property=\"article:modified_time\" content=\"2022-10-03T09:20:13+00:00\" \/>\n<meta name=\"twitter:card\" content=\"summary_large_image\" \/>\n<meta name=\"twitter:label1\" content=\"Gesch\u00e4tzte Lesezeit\" \/>\n\t<meta name=\"twitter:data1\" content=\"2\u00a0Minuten\" \/>\n<script type=\"application\/ld+json\" class=\"yoast-schema-graph\">{\"@context\":\"https:\\\/\\\/schema.org\",\"@graph\":[{\"@type\":\"WebPage\",\"@id\":\"https:\\\/\\\/hotelrosa.biz\\\/de\\\/radtourismus-und-mountainbiking.html\",\"url\":\"https:\\\/\\\/hotelrosa.biz\\\/de\\\/radtourismus-und-mountainbiking.html\",\"name\":\"Radtourismus Urlaub Mountainbiking Vigo di Fassa im Fassatal\",\"isPartOf\":{\"@id\":\"https:\\\/\\\/hotelrosa.biz\\\/#website\"},\"datePublished\":\"2022-09-14T13:13:10+00:00\",\"dateModified\":\"2022-10-03T09:20:13+00:00\",\"description\":\"Das Hotel Rosa ist der ideale Ausgangspunkt f\u00fcr Rad- und Mountainbike-Urlaube im sch\u00f6nen Fassatal in den Dolomiten\",\"breadcrumb\":{\"@id\":\"https:\\\/\\\/hotelrosa.biz\\\/de\\\/radtourismus-und-mountainbiking.html#breadcrumb\"},\"inLanguage\":\"de\",\"potentialAction\":[{\"@type\":\"ReadAction\",\"target\":[\"https:\\\/\\\/hotelrosa.biz\\\/de\\\/radtourismus-und-mountainbiking.html\"]}]},{\"@type\":\"BreadcrumbList\",\"@id\":\"https:\\\/\\\/hotelrosa.biz\\\/de\\\/radtourismus-und-mountainbiking.html#breadcrumb\",\"itemListElement\":[{\"@type\":\"ListItem\",\"position\":1,\"name\":\"Home\",\"item\":\"https:\\\/\\\/hotelrosa.biz\\\/de\\\/\"},{\"@type\":\"ListItem\",\"position\":2,\"name\":\"Radtourismus und Mountainbiking\"}]},{\"@type\":\"WebSite\",\"@id\":\"https:\\\/\\\/hotelrosa.biz\\\/#website\",\"url\":\"https:\\\/\\\/hotelrosa.biz\\\/\",\"name\":\"\",\"description\":\"\",\"potentialAction\":[{\"@type\":\"SearchAction\",\"target\":{\"@type\":\"EntryPoint\",\"urlTemplate\":\"https:\\\/\\\/hotelrosa.biz\\\/?s={search_term_string}\"},\"query-input\":{\"@type\":\"PropertyValueSpecification\",\"valueRequired\":true,\"valueName\":\"search_term_string\"}}],\"inLanguage\":\"de\"}]}<\/script>\n<!-- \/ Yoast SEO plugin. -->","yoast_head_json":{"title":"Radtourismus Urlaub Mountainbiking Vigo di Fassa im Fassatal","description":"Das Hotel Rosa ist der ideale Ausgangspunkt f\u00fcr Rad- und Mountainbike-Urlaube im sch\u00f6nen Fassatal in den Dolomiten","robots":{"index":"index","follow":"follow","max-snippet":"max-snippet:-1","max-image-preview":"max-image-preview:large","max-video-preview":"max-video-preview:-1"},"canonical":"https:\/\/hotelrosa.biz\/de\/radtourismus-und-mountainbiking.html","og_locale":"de_DE","og_type":"article","og_title":"Radtourismus Urlaub Mountainbiking Vigo di Fassa im Fassatal","og_description":"Das Hotel Rosa ist der ideale Ausgangspunkt f\u00fcr Rad- und Mountainbike-Urlaube im sch\u00f6nen Fassatal in den Dolomiten","og_url":"https:\/\/hotelrosa.biz\/de\/radtourismus-und-mountainbiking.html","article_modified_time":"2022-10-03T09:20:13+00:00","twitter_card":"summary_large_image","twitter_misc":{"Gesch\u00e4tzte Lesezeit":"2\u00a0Minuten"},"schema":{"@context":"https:\/\/schema.org","@graph":[{"@type":"WebPage","@id":"https:\/\/hotelrosa.biz\/de\/radtourismus-und-mountainbiking.html","url":"https:\/\/hotelrosa.biz\/de\/radtourismus-und-mountainbiking.html","name":"Radtourismus Urlaub Mountainbiking Vigo di Fassa im Fassatal","isPartOf":{"@id":"https:\/\/hotelrosa.biz\/#website"},"datePublished":"2022-09-14T13:13:10+00:00","dateModified":"2022-10-03T09:20:13+00:00","description":"Das Hotel Rosa ist der ideale Ausgangspunkt f\u00fcr Rad- und Mountainbike-Urlaube im sch\u00f6nen Fassatal in den Dolomiten","breadcrumb":{"@id":"https:\/\/hotelrosa.biz\/de\/radtourismus-und-mountainbiking.html#breadcrumb"},"inLanguage":"de","potentialAction":[{"@type":"ReadAction","target":["https:\/\/hotelrosa.biz\/de\/radtourismus-und-mountainbiking.html"]}]},{"@type":"BreadcrumbList","@id":"https:\/\/hotelrosa.biz\/de\/radtourismus-und-mountainbiking.html#breadcrumb","itemListElement":[{"@type":"ListItem","position":1,"name":"Home","item":"https:\/\/hotelrosa.biz\/de\/"},{"@type":"ListItem","position":2,"name":"Radtourismus und Mountainbiking"}]},{"@type":"WebSite","@id":"https:\/\/hotelrosa.biz\/#website","url":"https:\/\/hotelrosa.biz\/","name":"","description":"","potentialAction":[{"@type":"SearchAction","target":{"@type":"EntryPoint","urlTemplate":"https:\/\/hotelrosa.biz\/?s={search_term_string}"},"query-input":{"@type":"PropertyValueSpecification","valueRequired":true,"valueName":"search_term_string"}}],"inLanguage":"de"}]}},"_links":{"self":[{"href":"https:\/\/hotelrosa.biz\/de\/wp-json\/wp\/v2\/pages\/2546\/"}],"collection":[{"href":"https:\/\/hotelrosa.biz\/de\/wp-json\/wp\/v2\/pages\/"}],"about":[{"href":"https:\/\/hotelrosa.biz\/de\/wp-json\/wp\/v2\/types\/page\/"}],"author":[{"embeddable":true,"href":"https:\/\/hotelrosa.biz\/de\/wp-json\/wp\/v2\/users\/2\/"}],"replies":[{"embeddable":true,"href":"https:\/\/hotelrosa.biz\/de\/wp-json\/wp\/v2\/comments\/?post=2546"}],"version-history":[{"count":4,"href":"https:\/\/hotelrosa.biz\/de\/wp-json\/wp\/v2\/pages\/2546\/revisions\/"}],"predecessor-version":[{"id":2585,"href":"https:\/\/hotelrosa.biz\/de\/wp-json\/wp\/v2\/pages\/2546\/revisions\/2585\/"}],"wp:attachment":[{"href":"https:\/\/hotelrosa.biz\/de\/wp-json\/wp\/v2\/media\/?parent=2546"}],"curies":[{"name":"wp","href":"https:\/\/api.w.org\/{rel}","templated":true}]}}