{"id":2543,"date":"2022-09-24T21:28:01","date_gmt":"2022-09-24T19:28:01","guid":{"rendered":"https:\/\/hotelrosa.biz\/parchi-avventura-val-di-fassa.html"},"modified":"2022-10-03T11:30:16","modified_gmt":"2022-10-03T09:30:16","slug":"natur-parks-fassatal","status":"publish","type":"page","link":"https:\/\/hotelrosa.biz\/de\/natur-parks-fassatal.html","title":{"rendered":"Natur und Erlebnisparks"},"content":{"rendered":"<p>[vc_row][vc_column][vc_column_text]<\/p>\n<h1 style=\"text-align: center;\"><span style=\"color: #cc9933;\">Natur- und Erlebnisparks im Val di Fassa<\/span><\/h1>\n<p>Das Fassatal, umgeben von den majest\u00e4tischen Dolomiten, ist ein privilegiertes Gebiet mit einer \u00fcppigen Natur von unvergleichlicher Sch\u00f6nheit.<\/p>\n<p>Man braucht sich nur umzuschauen oder den Blick zum Horizont zu heben, um eine herrliche, unber\u00fchrte Umgebung mit samtigen W\u00e4ldern, T\u00e4lern, Wiesen und felsigen Gipfeln zu bewundern, \u00fcber denen ein blauer Himmel liegt.<\/p>\n<p>Alle diese Orte sind \u00fcber Wege zu erreichen, die zu Fu\u00df, mit Nordic-Walking-St\u00f6cken oder mit dem Mountainbike befahren werden k\u00f6nnen, um die unvergleichliche Naturlandschaft zu genie\u00dfen.<\/p>\n<p>Beim Durchqueren von W\u00e4ldern und T\u00e4lern k\u00f6nnen wir auch einen Blick auf die in diesem Gebiet lebenden Tiere wie Hirsche, Rehe, Eichh\u00f6rnchen oder Murmeltiere erhaschen oder den majest\u00e4tischen Flug des Adlers bewundern.<\/p>\n<p>Unter den Naturparks, die in der Touristenregion eingerichtet wurden, sind der Park Paneveggio-Pale di San Martino, das Integralreservat Lusia-Bocche und die Oase Schlern-Rosengarten hervorzuheben.<\/p>\n<p>Als Abenteuerparks im Fassatal sind stattdessen der Dolomiti Action Adventure Park und der Adventure Park Piciocaa zu nennen[\/vc_column_text][\/vc_column][\/vc_row][vc_row full_width=&#8220;stretch_row_content_no_spaces&#8220; css=&#8220;.vc_custom_1664134021818{background-color: #000000 !important;}&#8220;][vc_column][vc_gallery type=&#8220;image_grid&#8220; images=&#8220;2301,2309,2317,2325,2333,2341&#8243;][\/vc_column][\/vc_row]<\/p>\n","protected":false},"excerpt":{"rendered":"<p>[vc_row][vc_column][vc_column_text] Natur- und Erlebnisparks im Val di Fassa Das Fassatal, umgeben von den majest\u00e4tischen Dolomiten, ist ein privilegiertes Gebiet mit einer \u00fcppigen Natur von unvergleichlicher Sch\u00f6nheit. Man braucht sich nur umzuschauen oder den Blick zum Horizont zu heben, um eine herrliche, unber\u00fchrte Umgebung mit samtigen W\u00e4ldern, T\u00e4lern, Wiesen und felsigen Gipfeln zu bewundern, \u00fcber denen [&hellip;]<\/p>\n","protected":false},"author":2,"featured_media":0,"parent":0,"menu_order":0,"comment_status":"closed","ping_status":"closed","template":"","meta":{"_acf_changed":false,"footnotes":""},"class_list":["post-2543","page","type-page","status-publish","hentry"],"acf":[],"yoast_head":"<!-- This site is optimized with the Yoast SEO plugin v27.5 - https:\/\/yoast.com\/product\/yoast-seo-wordpress\/ -->\n<title>Natururlaub in den Parks des Fassatals<\/title>\n<meta name=\"description\" content=\"Das Hotel Rosa in Vigo di Fassa ist ideal f\u00fcr einen Urlaub zur Entdeckung der Natur und der Parks im Fassatal\" \/>\n<meta name=\"robots\" content=\"index, follow, max-snippet:-1, max-image-preview:large, max-video-preview:-1\" \/>\n<link rel=\"canonical\" href=\"https:\/\/hotelrosa.biz\/de\/natur-parks-fassatal.html\" \/>\n<meta property=\"og:locale\" content=\"de_DE\" \/>\n<meta property=\"og:type\" content=\"article\" \/>\n<meta property=\"og:title\" content=\"Natururlaub in den Parks des Fassatals\" \/>\n<meta property=\"og:description\" content=\"Das Hotel Rosa in Vigo di Fassa ist ideal f\u00fcr einen Urlaub zur Entdeckung der Natur und der Parks im Fassatal\" \/>\n<meta property=\"og:url\" content=\"https:\/\/hotelrosa.biz\/de\/natur-parks-fassatal.html\" \/>\n<meta property=\"article:modified_time\" content=\"2022-10-03T09:30:16+00:00\" \/>\n<meta name=\"twitter:card\" content=\"summary_large_image\" \/>\n<meta name=\"twitter:label1\" content=\"Gesch\u00e4tzte Lesezeit\" \/>\n\t<meta name=\"twitter:data1\" content=\"1\u00a0Minute\" \/>\n<script type=\"application\/ld+json\" class=\"yoast-schema-graph\">{\"@context\":\"https:\\\/\\\/schema.org\",\"@graph\":[{\"@type\":\"WebPage\",\"@id\":\"https:\\\/\\\/hotelrosa.biz\\\/de\\\/natur-parks-fassatal.html\",\"url\":\"https:\\\/\\\/hotelrosa.biz\\\/de\\\/natur-parks-fassatal.html\",\"name\":\"Natururlaub in den Parks des Fassatals\",\"isPartOf\":{\"@id\":\"https:\\\/\\\/hotelrosa.biz\\\/#website\"},\"datePublished\":\"2022-09-24T19:28:01+00:00\",\"dateModified\":\"2022-10-03T09:30:16+00:00\",\"description\":\"Das Hotel Rosa in Vigo di Fassa ist ideal f\u00fcr einen Urlaub zur Entdeckung der Natur und der Parks im Fassatal\",\"breadcrumb\":{\"@id\":\"https:\\\/\\\/hotelrosa.biz\\\/de\\\/natur-parks-fassatal.html#breadcrumb\"},\"inLanguage\":\"de\",\"potentialAction\":[{\"@type\":\"ReadAction\",\"target\":[\"https:\\\/\\\/hotelrosa.biz\\\/de\\\/natur-parks-fassatal.html\"]}]},{\"@type\":\"BreadcrumbList\",\"@id\":\"https:\\\/\\\/hotelrosa.biz\\\/de\\\/natur-parks-fassatal.html#breadcrumb\",\"itemListElement\":[{\"@type\":\"ListItem\",\"position\":1,\"name\":\"Home\",\"item\":\"https:\\\/\\\/hotelrosa.biz\\\/de\\\/\"},{\"@type\":\"ListItem\",\"position\":2,\"name\":\"Natur und Erlebnisparks\"}]},{\"@type\":\"WebSite\",\"@id\":\"https:\\\/\\\/hotelrosa.biz\\\/#website\",\"url\":\"https:\\\/\\\/hotelrosa.biz\\\/\",\"name\":\"\",\"description\":\"\",\"potentialAction\":[{\"@type\":\"SearchAction\",\"target\":{\"@type\":\"EntryPoint\",\"urlTemplate\":\"https:\\\/\\\/hotelrosa.biz\\\/?s={search_term_string}\"},\"query-input\":{\"@type\":\"PropertyValueSpecification\",\"valueRequired\":true,\"valueName\":\"search_term_string\"}}],\"inLanguage\":\"de\"}]}<\/script>\n<!-- \/ Yoast SEO plugin. -->","yoast_head_json":{"title":"Natururlaub in den Parks des Fassatals","description":"Das Hotel Rosa in Vigo di Fassa ist ideal f\u00fcr einen Urlaub zur Entdeckung der Natur und der Parks im Fassatal","robots":{"index":"index","follow":"follow","max-snippet":"max-snippet:-1","max-image-preview":"max-image-preview:large","max-video-preview":"max-video-preview:-1"},"canonical":"https:\/\/hotelrosa.biz\/de\/natur-parks-fassatal.html","og_locale":"de_DE","og_type":"article","og_title":"Natururlaub in den Parks des Fassatals","og_description":"Das Hotel Rosa in Vigo di Fassa ist ideal f\u00fcr einen Urlaub zur Entdeckung der Natur und der Parks im Fassatal","og_url":"https:\/\/hotelrosa.biz\/de\/natur-parks-fassatal.html","article_modified_time":"2022-10-03T09:30:16+00:00","twitter_card":"summary_large_image","twitter_misc":{"Gesch\u00e4tzte Lesezeit":"1\u00a0Minute"},"schema":{"@context":"https:\/\/schema.org","@graph":[{"@type":"WebPage","@id":"https:\/\/hotelrosa.biz\/de\/natur-parks-fassatal.html","url":"https:\/\/hotelrosa.biz\/de\/natur-parks-fassatal.html","name":"Natururlaub in den Parks des Fassatals","isPartOf":{"@id":"https:\/\/hotelrosa.biz\/#website"},"datePublished":"2022-09-24T19:28:01+00:00","dateModified":"2022-10-03T09:30:16+00:00","description":"Das Hotel Rosa in Vigo di Fassa ist ideal f\u00fcr einen Urlaub zur Entdeckung der Natur und der Parks im Fassatal","breadcrumb":{"@id":"https:\/\/hotelrosa.biz\/de\/natur-parks-fassatal.html#breadcrumb"},"inLanguage":"de","potentialAction":[{"@type":"ReadAction","target":["https:\/\/hotelrosa.biz\/de\/natur-parks-fassatal.html"]}]},{"@type":"BreadcrumbList","@id":"https:\/\/hotelrosa.biz\/de\/natur-parks-fassatal.html#breadcrumb","itemListElement":[{"@type":"ListItem","position":1,"name":"Home","item":"https:\/\/hotelrosa.biz\/de\/"},{"@type":"ListItem","position":2,"name":"Natur und Erlebnisparks"}]},{"@type":"WebSite","@id":"https:\/\/hotelrosa.biz\/#website","url":"https:\/\/hotelrosa.biz\/","name":"","description":"","potentialAction":[{"@type":"SearchAction","target":{"@type":"EntryPoint","urlTemplate":"https:\/\/hotelrosa.biz\/?s={search_term_string}"},"query-input":{"@type":"PropertyValueSpecification","valueRequired":true,"valueName":"search_term_string"}}],"inLanguage":"de"}]}},"_links":{"self":[{"href":"https:\/\/hotelrosa.biz\/de\/wp-json\/wp\/v2\/pages\/2543\/"}],"collection":[{"href":"https:\/\/hotelrosa.biz\/de\/wp-json\/wp\/v2\/pages\/"}],"about":[{"href":"https:\/\/hotelrosa.biz\/de\/wp-json\/wp\/v2\/types\/page\/"}],"author":[{"embeddable":true,"href":"https:\/\/hotelrosa.biz\/de\/wp-json\/wp\/v2\/users\/2\/"}],"replies":[{"embeddable":true,"href":"https:\/\/hotelrosa.biz\/de\/wp-json\/wp\/v2\/comments\/?post=2543"}],"version-history":[{"count":2,"href":"https:\/\/hotelrosa.biz\/de\/wp-json\/wp\/v2\/pages\/2543\/revisions\/"}],"predecessor-version":[{"id":2545,"href":"https:\/\/hotelrosa.biz\/de\/wp-json\/wp\/v2\/pages\/2543\/revisions\/2545\/"}],"wp:attachment":[{"href":"https:\/\/hotelrosa.biz\/de\/wp-json\/wp\/v2\/media\/?parent=2543"}],"curies":[{"name":"wp","href":"https:\/\/api.w.org\/{rel}","templated":true}]}}