{"id":2540,"date":"2022-09-24T11:46:43","date_gmt":"2022-09-24T09:46:43","guid":{"rendered":"https:\/\/hotelrosa.biz\/arte-cultura-in-val-di-fassa.html"},"modified":"2022-10-03T11:15:10","modified_gmt":"2022-10-03T09:15:10","slug":"kunst-und-kultur-im-val-di-fassa","status":"publish","type":"page","link":"https:\/\/hotelrosa.biz\/de\/kunst-und-kultur-im-val-di-fassa.html","title":{"rendered":"Kunst und Kultur im Val di Fassa"},"content":{"rendered":"<p>[vc_row][vc_column][vc_column_text]<\/p>\n<h1 style=\"text-align: center;\"><span style=\"color: #cc9933;\">Kunst und Kultur im Val di Fassa, dem alten Land der Ladiner<\/span><\/h1>\n<p>[\/vc_column_text][vc_column_text]Neben den Dolomiten und der unber\u00fchrten Natur bietet das Fassatal ein bedeutendes kulturelles, historisches und k\u00fcnstlerisches Erbe des ladinischen Landes, das mit Stolz seine kulturellen, sprachlichen und gastronomischen Wurzeln bewahrt.<\/p>\n<p>Touristen k\u00f6nnen im Fassatal die tausendj\u00e4hrige ladinische Kultur kennen lernen, die ihre Br\u00e4uche und Traditionen \u00fcber Jahrhunderte hinweg bewahrt hat.<\/p>\n<p>In der Kultur des Fassatals werden Traditionen, das Gef\u00fchl der Zugeh\u00f6rigkeit zur Gemeinschaft und die gro\u00dfe Liebe zu den Bergen gro\u00df geschrieben.<br \/>\nWir finden diese Werte in den Legenden, die in zahlreichen literarischen Werken aufgezeichnet sind, in den Erz\u00e4hlungen vor dem Kamin, in den zahlreichen Festen und folkloristischen Veranstaltungen.<br \/>\nHervorzuheben ist die Kultur des Holzkunsthandwerks im Fassatal mit seinen charakteristischen Werkst\u00e4tten, in denen flei\u00dfige Handwerker mit Hilfe von Mei\u00dfel und Hammer das Holz bearbeiten und fantastische Kunstwerke schaffen.<\/p>\n<p>Erw\u00e4hnenswert sind auch das ladinische Museum von Fassa, Kirchen, Ausstellungen \u00fcber den Ersten Weltkrieg, Kunstgalerien, Mineralienausstellungen usw.<\/p>\n<p>Nicht zu vergessen die Veranstaltungen und Volksfeste wie der ladinische Karneval, die den Urlaub bereichern und die Touristen einbeziehen.[\/vc_column_text][\/vc_column][\/vc_row][vc_row full_width=&#8220;stretch_row_content_no_spaces&#8220; css=&#8220;.vc_custom_1664133984417{background-color: #000000 !important;}&#8220;][vc_column][vc_gallery type=&#8220;image_grid&#8220; images=&#8220;2350,2358,2366,2374,2382,2390&#8243;][\/vc_column][\/vc_row]<\/p>\n","protected":false},"excerpt":{"rendered":"<p>[vc_row][vc_column][vc_column_text] Kunst und Kultur im Val di Fassa, dem alten Land der Ladiner [\/vc_column_text][vc_column_text]Neben den Dolomiten und der unber\u00fchrten Natur bietet das Fassatal ein bedeutendes kulturelles, historisches und k\u00fcnstlerisches Erbe des ladinischen Landes, das mit Stolz seine kulturellen, sprachlichen und gastronomischen Wurzeln bewahrt. Touristen k\u00f6nnen im Fassatal die tausendj\u00e4hrige ladinische Kultur kennen lernen, die ihre [&hellip;]<\/p>\n","protected":false},"author":2,"featured_media":0,"parent":0,"menu_order":0,"comment_status":"closed","ping_status":"closed","template":"","meta":{"_acf_changed":false,"footnotes":""},"class_list":["post-2540","page","type-page","status-publish","hentry"],"acf":[],"yoast_head":"<!-- This site is optimized with the Yoast SEO plugin v27.4 - https:\/\/yoast.com\/product\/yoast-seo-wordpress\/ -->\n<title>Kunst- und Kultururlaub in Val di Fassa<\/title>\n<meta name=\"description\" content=\"Kunst- und Kultururlaub im Fassatal : Das Hotel Rosa ist der Ausgangspunkt f\u00fcr einen Kultururlaub im Fassatal\" \/>\n<meta name=\"robots\" content=\"index, follow, max-snippet:-1, max-image-preview:large, max-video-preview:-1\" \/>\n<link rel=\"canonical\" href=\"https:\/\/hotelrosa.biz\/de\/kunst-und-kultur-im-val-di-fassa.html\" \/>\n<meta property=\"og:locale\" content=\"de_DE\" \/>\n<meta property=\"og:type\" content=\"article\" \/>\n<meta property=\"og:title\" content=\"Kunst- und Kultururlaub in Val di Fassa\" \/>\n<meta property=\"og:description\" content=\"Kunst- und Kultururlaub im Fassatal : Das Hotel Rosa ist der Ausgangspunkt f\u00fcr einen Kultururlaub im Fassatal\" \/>\n<meta property=\"og:url\" content=\"https:\/\/hotelrosa.biz\/de\/kunst-und-kultur-im-val-di-fassa.html\" \/>\n<meta property=\"article:modified_time\" content=\"2022-10-03T09:15:10+00:00\" \/>\n<meta name=\"twitter:card\" content=\"summary_large_image\" \/>\n<meta name=\"twitter:label1\" content=\"Gesch\u00e4tzte Lesezeit\" \/>\n\t<meta name=\"twitter:data1\" content=\"1\u00a0Minute\" \/>\n<script type=\"application\/ld+json\" class=\"yoast-schema-graph\">{\"@context\":\"https:\\\/\\\/schema.org\",\"@graph\":[{\"@type\":\"WebPage\",\"@id\":\"https:\\\/\\\/hotelrosa.biz\\\/de\\\/kunst-und-kultur-im-val-di-fassa.html\",\"url\":\"https:\\\/\\\/hotelrosa.biz\\\/de\\\/kunst-und-kultur-im-val-di-fassa.html\",\"name\":\"Kunst- und Kultururlaub in Val di Fassa\",\"isPartOf\":{\"@id\":\"https:\\\/\\\/hotelrosa.biz\\\/#website\"},\"datePublished\":\"2022-09-24T09:46:43+00:00\",\"dateModified\":\"2022-10-03T09:15:10+00:00\",\"description\":\"Kunst- und Kultururlaub im Fassatal : Das Hotel Rosa ist der Ausgangspunkt f\u00fcr einen Kultururlaub im Fassatal\",\"breadcrumb\":{\"@id\":\"https:\\\/\\\/hotelrosa.biz\\\/de\\\/kunst-und-kultur-im-val-di-fassa.html#breadcrumb\"},\"inLanguage\":\"de\",\"potentialAction\":[{\"@type\":\"ReadAction\",\"target\":[\"https:\\\/\\\/hotelrosa.biz\\\/de\\\/kunst-und-kultur-im-val-di-fassa.html\"]}]},{\"@type\":\"BreadcrumbList\",\"@id\":\"https:\\\/\\\/hotelrosa.biz\\\/de\\\/kunst-und-kultur-im-val-di-fassa.html#breadcrumb\",\"itemListElement\":[{\"@type\":\"ListItem\",\"position\":1,\"name\":\"Home\",\"item\":\"https:\\\/\\\/hotelrosa.biz\\\/de\\\/\"},{\"@type\":\"ListItem\",\"position\":2,\"name\":\"Kunst und Kultur im Val di Fassa\"}]},{\"@type\":\"WebSite\",\"@id\":\"https:\\\/\\\/hotelrosa.biz\\\/#website\",\"url\":\"https:\\\/\\\/hotelrosa.biz\\\/\",\"name\":\"\",\"description\":\"\",\"potentialAction\":[{\"@type\":\"SearchAction\",\"target\":{\"@type\":\"EntryPoint\",\"urlTemplate\":\"https:\\\/\\\/hotelrosa.biz\\\/?s={search_term_string}\"},\"query-input\":{\"@type\":\"PropertyValueSpecification\",\"valueRequired\":true,\"valueName\":\"search_term_string\"}}],\"inLanguage\":\"de\"}]}<\/script>\n<!-- \/ Yoast SEO plugin. -->","yoast_head_json":{"title":"Kunst- und Kultururlaub in Val di Fassa","description":"Kunst- und Kultururlaub im Fassatal : Das Hotel Rosa ist der Ausgangspunkt f\u00fcr einen Kultururlaub im Fassatal","robots":{"index":"index","follow":"follow","max-snippet":"max-snippet:-1","max-image-preview":"max-image-preview:large","max-video-preview":"max-video-preview:-1"},"canonical":"https:\/\/hotelrosa.biz\/de\/kunst-und-kultur-im-val-di-fassa.html","og_locale":"de_DE","og_type":"article","og_title":"Kunst- und Kultururlaub in Val di Fassa","og_description":"Kunst- und Kultururlaub im Fassatal : Das Hotel Rosa ist der Ausgangspunkt f\u00fcr einen Kultururlaub im Fassatal","og_url":"https:\/\/hotelrosa.biz\/de\/kunst-und-kultur-im-val-di-fassa.html","article_modified_time":"2022-10-03T09:15:10+00:00","twitter_card":"summary_large_image","twitter_misc":{"Gesch\u00e4tzte Lesezeit":"1\u00a0Minute"},"schema":{"@context":"https:\/\/schema.org","@graph":[{"@type":"WebPage","@id":"https:\/\/hotelrosa.biz\/de\/kunst-und-kultur-im-val-di-fassa.html","url":"https:\/\/hotelrosa.biz\/de\/kunst-und-kultur-im-val-di-fassa.html","name":"Kunst- und Kultururlaub in Val di Fassa","isPartOf":{"@id":"https:\/\/hotelrosa.biz\/#website"},"datePublished":"2022-09-24T09:46:43+00:00","dateModified":"2022-10-03T09:15:10+00:00","description":"Kunst- und Kultururlaub im Fassatal : Das Hotel Rosa ist der Ausgangspunkt f\u00fcr einen Kultururlaub im Fassatal","breadcrumb":{"@id":"https:\/\/hotelrosa.biz\/de\/kunst-und-kultur-im-val-di-fassa.html#breadcrumb"},"inLanguage":"de","potentialAction":[{"@type":"ReadAction","target":["https:\/\/hotelrosa.biz\/de\/kunst-und-kultur-im-val-di-fassa.html"]}]},{"@type":"BreadcrumbList","@id":"https:\/\/hotelrosa.biz\/de\/kunst-und-kultur-im-val-di-fassa.html#breadcrumb","itemListElement":[{"@type":"ListItem","position":1,"name":"Home","item":"https:\/\/hotelrosa.biz\/de\/"},{"@type":"ListItem","position":2,"name":"Kunst und Kultur im Val di Fassa"}]},{"@type":"WebSite","@id":"https:\/\/hotelrosa.biz\/#website","url":"https:\/\/hotelrosa.biz\/","name":"","description":"","potentialAction":[{"@type":"SearchAction","target":{"@type":"EntryPoint","urlTemplate":"https:\/\/hotelrosa.biz\/?s={search_term_string}"},"query-input":{"@type":"PropertyValueSpecification","valueRequired":true,"valueName":"search_term_string"}}],"inLanguage":"de"}]}},"_links":{"self":[{"href":"https:\/\/hotelrosa.biz\/de\/wp-json\/wp\/v2\/pages\/2540\/"}],"collection":[{"href":"https:\/\/hotelrosa.biz\/de\/wp-json\/wp\/v2\/pages\/"}],"about":[{"href":"https:\/\/hotelrosa.biz\/de\/wp-json\/wp\/v2\/types\/page\/"}],"author":[{"embeddable":true,"href":"https:\/\/hotelrosa.biz\/de\/wp-json\/wp\/v2\/users\/2\/"}],"replies":[{"embeddable":true,"href":"https:\/\/hotelrosa.biz\/de\/wp-json\/wp\/v2\/comments\/?post=2540"}],"version-history":[{"count":2,"href":"https:\/\/hotelrosa.biz\/de\/wp-json\/wp\/v2\/pages\/2540\/revisions\/"}],"predecessor-version":[{"id":2542,"href":"https:\/\/hotelrosa.biz\/de\/wp-json\/wp\/v2\/pages\/2540\/revisions\/2542\/"}],"wp:attachment":[{"href":"https:\/\/hotelrosa.biz\/de\/wp-json\/wp\/v2\/media\/?parent=2540"}],"curies":[{"name":"wp","href":"https:\/\/api.w.org\/{rel}","templated":true}]}}