{"id":2537,"date":"2022-09-14T15:11:03","date_gmt":"2022-09-14T13:11:03","guid":{"rendered":"https:\/\/hotelrosa.biz\/val-di-fassa-experience.html"},"modified":"2022-10-05T09:34:14","modified_gmt":"2022-10-05T07:34:14","slug":"val-di-fassa-erfahrung","status":"publish","type":"page","link":"https:\/\/hotelrosa.biz\/de\/val-di-fassa-erfahrung.html","title":{"rendered":"Val di Fassa Erfahrung"},"content":{"rendered":"<p>[vc_row][vc_column][vc_column_text]<\/p>\n<h1 style=\"text-align: center;\"><span style=\"color: #cc9933;\">Val di Fassa Experience: wundersch\u00f6ne Ferien in Vigo di Fassa<\/span><\/h1>\n<p>&nbsp;<\/p>\n<p>Vigo di Fassa ist der ideale Ort f\u00fcr einen Urlaub in den Dolomiten, das Hotel Rosa ist die touristische Einrichtung f\u00fcr Ihren erholsamen Urlaub in den Bergen des Trentino<\/p>\n<p>Der Sommerurlaub im Fassatal ist ideal f\u00fcr Ausfl\u00fcge und Wanderungen auf den Pfaden der Dolomiten, der Roda di Vael oder der Torri del Vaiolet, der Monzonigruppe und des Langkofels, der Marmolada oder auf den Wanderwegen im Talgrund.<\/p>\n<p>Sie werden die Qual der Wahl haben! Von den Routen der Dolomitenp\u00e4sse wie Costalunga, Pordoi, Sella, Fedaia am Fu\u00dfe der Marmolada, \u00fcber Mountainbiking, Trekking und Nordic Walking bis hin zu romantischen Spazierg\u00e4ngen in den W\u00e4ldern oder an den charakteristischen Alpenseen, in direktem Kontakt mit der Natur.<\/p>\n<p>F\u00fcr Kletterbegeisterte bieten die Dolomiten die besten Voraussetzungen f\u00fcr Klettertouren verschiedener Schwierigkeitsgrade; in allen Dolomiten besteht die M\u00f6glichkeit, in Bergh\u00fctten zu \u00fcbernachten, um den Sonnenaufgang und den Sonnenuntergang zu erleben.<\/p>\n<p>Schlie\u00dflich gibt es Ausfl\u00fcge zu den M\u00e4lzereien, wo man bei der K\u00e4seherstellung zuschauen und sich mit den Spezialit\u00e4ten der schmackhaften und nahrhaften Trentiner Bergk\u00fcche st\u00e4rken kann.<\/p>\n<p>Sommerferien in Vigo di Fassa in den Dolomiten des Fassatals hinterlassen Emotionen und Erinnerungen f\u00fcr immer.[\/vc_column_text][\/vc_column][\/vc_row][vc_row full_width=&#8220;stretch_row_content_no_spaces&#8220; css=&#8220;.vc_custom_1663929285883{background-color: #000000 !important;}&#8220;][vc_column][vc_gallery type=&#8220;image_grid&#8220; images=&#8220;154,1031,1039,1055,1140,1108,1967,1976&#8243; img_size=&#8220;300&#215;200&#8243;][\/vc_column][\/vc_row]<\/p>\n","protected":false},"excerpt":{"rendered":"<p>[vc_row][vc_column][vc_column_text] Val di Fassa Experience: wundersch\u00f6ne Ferien in Vigo di Fassa &nbsp; Vigo di Fassa ist der ideale Ort f\u00fcr einen Urlaub in den Dolomiten, das Hotel Rosa ist die touristische Einrichtung f\u00fcr Ihren erholsamen Urlaub in den Bergen des Trentino Der Sommerurlaub im Fassatal ist ideal f\u00fcr Ausfl\u00fcge und Wanderungen auf den Pfaden der [&hellip;]<\/p>\n","protected":false},"author":2,"featured_media":0,"parent":0,"menu_order":0,"comment_status":"closed","ping_status":"closed","template":"","meta":{"_acf_changed":false,"footnotes":""},"class_list":["post-2537","page","type-page","status-publish","hentry"],"acf":[],"yoast_head":"<!-- This site is optimized with the Yoast SEO plugin v27.4 - https:\/\/yoast.com\/product\/yoast-seo-wordpress\/ -->\n<title>Ferien in Vigo di Fassa Sommer Winter Val di Fassa<\/title>\n<meta name=\"description\" content=\"Hotel Rosa f\u00fcr Ihre Urlaubserlebnisse im Fassatal im Winter und Sommer in der wundersch\u00f6nen Natur der Dolomiten\" \/>\n<meta name=\"robots\" content=\"index, follow, max-snippet:-1, max-image-preview:large, max-video-preview:-1\" \/>\n<link rel=\"canonical\" href=\"https:\/\/hotelrosa.biz\/de\/val-di-fassa-erfahrung.html\" \/>\n<meta property=\"og:locale\" content=\"de_DE\" \/>\n<meta property=\"og:type\" content=\"article\" \/>\n<meta property=\"og:title\" content=\"Ferien in Vigo di Fassa Sommer Winter Val di Fassa\" \/>\n<meta property=\"og:description\" content=\"Hotel Rosa f\u00fcr Ihre Urlaubserlebnisse im Fassatal im Winter und Sommer in der wundersch\u00f6nen Natur der Dolomiten\" \/>\n<meta property=\"og:url\" content=\"https:\/\/hotelrosa.biz\/de\/val-di-fassa-erfahrung.html\" \/>\n<meta property=\"article:modified_time\" content=\"2022-10-05T07:34:14+00:00\" \/>\n<meta name=\"twitter:card\" content=\"summary_large_image\" \/>\n<meta name=\"twitter:label1\" content=\"Gesch\u00e4tzte Lesezeit\" \/>\n\t<meta name=\"twitter:data1\" content=\"2\u00a0Minuten\" \/>\n<script type=\"application\/ld+json\" class=\"yoast-schema-graph\">{\"@context\":\"https:\\\/\\\/schema.org\",\"@graph\":[{\"@type\":\"WebPage\",\"@id\":\"https:\\\/\\\/hotelrosa.biz\\\/de\\\/val-di-fassa-erfahrung.html\",\"url\":\"https:\\\/\\\/hotelrosa.biz\\\/de\\\/val-di-fassa-erfahrung.html\",\"name\":\"Ferien in Vigo di Fassa Sommer Winter Val di Fassa\",\"isPartOf\":{\"@id\":\"https:\\\/\\\/hotelrosa.biz\\\/#website\"},\"datePublished\":\"2022-09-14T13:11:03+00:00\",\"dateModified\":\"2022-10-05T07:34:14+00:00\",\"description\":\"Hotel Rosa f\u00fcr Ihre Urlaubserlebnisse im Fassatal im Winter und Sommer in der wundersch\u00f6nen Natur der Dolomiten\",\"breadcrumb\":{\"@id\":\"https:\\\/\\\/hotelrosa.biz\\\/de\\\/val-di-fassa-erfahrung.html#breadcrumb\"},\"inLanguage\":\"de\",\"potentialAction\":[{\"@type\":\"ReadAction\",\"target\":[\"https:\\\/\\\/hotelrosa.biz\\\/de\\\/val-di-fassa-erfahrung.html\"]}]},{\"@type\":\"BreadcrumbList\",\"@id\":\"https:\\\/\\\/hotelrosa.biz\\\/de\\\/val-di-fassa-erfahrung.html#breadcrumb\",\"itemListElement\":[{\"@type\":\"ListItem\",\"position\":1,\"name\":\"Home\",\"item\":\"https:\\\/\\\/hotelrosa.biz\\\/de\\\/\"},{\"@type\":\"ListItem\",\"position\":2,\"name\":\"Val di Fassa Erfahrung\"}]},{\"@type\":\"WebSite\",\"@id\":\"https:\\\/\\\/hotelrosa.biz\\\/#website\",\"url\":\"https:\\\/\\\/hotelrosa.biz\\\/\",\"name\":\"\",\"description\":\"\",\"potentialAction\":[{\"@type\":\"SearchAction\",\"target\":{\"@type\":\"EntryPoint\",\"urlTemplate\":\"https:\\\/\\\/hotelrosa.biz\\\/?s={search_term_string}\"},\"query-input\":{\"@type\":\"PropertyValueSpecification\",\"valueRequired\":true,\"valueName\":\"search_term_string\"}}],\"inLanguage\":\"de\"}]}<\/script>\n<!-- \/ Yoast SEO plugin. -->","yoast_head_json":{"title":"Ferien in Vigo di Fassa Sommer Winter Val di Fassa","description":"Hotel Rosa f\u00fcr Ihre Urlaubserlebnisse im Fassatal im Winter und Sommer in der wundersch\u00f6nen Natur der Dolomiten","robots":{"index":"index","follow":"follow","max-snippet":"max-snippet:-1","max-image-preview":"max-image-preview:large","max-video-preview":"max-video-preview:-1"},"canonical":"https:\/\/hotelrosa.biz\/de\/val-di-fassa-erfahrung.html","og_locale":"de_DE","og_type":"article","og_title":"Ferien in Vigo di Fassa Sommer Winter Val di Fassa","og_description":"Hotel Rosa f\u00fcr Ihre Urlaubserlebnisse im Fassatal im Winter und Sommer in der wundersch\u00f6nen Natur der Dolomiten","og_url":"https:\/\/hotelrosa.biz\/de\/val-di-fassa-erfahrung.html","article_modified_time":"2022-10-05T07:34:14+00:00","twitter_card":"summary_large_image","twitter_misc":{"Gesch\u00e4tzte Lesezeit":"2\u00a0Minuten"},"schema":{"@context":"https:\/\/schema.org","@graph":[{"@type":"WebPage","@id":"https:\/\/hotelrosa.biz\/de\/val-di-fassa-erfahrung.html","url":"https:\/\/hotelrosa.biz\/de\/val-di-fassa-erfahrung.html","name":"Ferien in Vigo di Fassa Sommer Winter Val di Fassa","isPartOf":{"@id":"https:\/\/hotelrosa.biz\/#website"},"datePublished":"2022-09-14T13:11:03+00:00","dateModified":"2022-10-05T07:34:14+00:00","description":"Hotel Rosa f\u00fcr Ihre Urlaubserlebnisse im Fassatal im Winter und Sommer in der wundersch\u00f6nen Natur der Dolomiten","breadcrumb":{"@id":"https:\/\/hotelrosa.biz\/de\/val-di-fassa-erfahrung.html#breadcrumb"},"inLanguage":"de","potentialAction":[{"@type":"ReadAction","target":["https:\/\/hotelrosa.biz\/de\/val-di-fassa-erfahrung.html"]}]},{"@type":"BreadcrumbList","@id":"https:\/\/hotelrosa.biz\/de\/val-di-fassa-erfahrung.html#breadcrumb","itemListElement":[{"@type":"ListItem","position":1,"name":"Home","item":"https:\/\/hotelrosa.biz\/de\/"},{"@type":"ListItem","position":2,"name":"Val di Fassa Erfahrung"}]},{"@type":"WebSite","@id":"https:\/\/hotelrosa.biz\/#website","url":"https:\/\/hotelrosa.biz\/","name":"","description":"","potentialAction":[{"@type":"SearchAction","target":{"@type":"EntryPoint","urlTemplate":"https:\/\/hotelrosa.biz\/?s={search_term_string}"},"query-input":{"@type":"PropertyValueSpecification","valueRequired":true,"valueName":"search_term_string"}}],"inLanguage":"de"}]}},"_links":{"self":[{"href":"https:\/\/hotelrosa.biz\/de\/wp-json\/wp\/v2\/pages\/2537\/"}],"collection":[{"href":"https:\/\/hotelrosa.biz\/de\/wp-json\/wp\/v2\/pages\/"}],"about":[{"href":"https:\/\/hotelrosa.biz\/de\/wp-json\/wp\/v2\/types\/page\/"}],"author":[{"embeddable":true,"href":"https:\/\/hotelrosa.biz\/de\/wp-json\/wp\/v2\/users\/2\/"}],"replies":[{"embeddable":true,"href":"https:\/\/hotelrosa.biz\/de\/wp-json\/wp\/v2\/comments\/?post=2537"}],"version-history":[{"count":2,"href":"https:\/\/hotelrosa.biz\/de\/wp-json\/wp\/v2\/pages\/2537\/revisions\/"}],"predecessor-version":[{"id":2539,"href":"https:\/\/hotelrosa.biz\/de\/wp-json\/wp\/v2\/pages\/2537\/revisions\/2539\/"}],"wp:attachment":[{"href":"https:\/\/hotelrosa.biz\/de\/wp-json\/wp\/v2\/media\/?parent=2537"}],"curies":[{"name":"wp","href":"https:\/\/api.w.org\/{rel}","templated":true}]}}