{"id":2534,"date":"2022-09-14T15:09:06","date_gmt":"2022-09-14T13:09:06","guid":{"rendered":"https:\/\/hotelrosa.biz\/wellness-spa.html"},"modified":"2023-04-26T17:20:56","modified_gmt":"2023-04-26T15:20:56","slug":"wellness-spa","status":"publish","type":"page","link":"https:\/\/hotelrosa.biz\/de\/wellness-spa.html","title":{"rendered":"Wellness"},"content":{"rendered":"<p>[vc_row][vc_column][vc_column_text]<\/p>\n<h1 style=\"text-align: center;\"><span style=\"color: #cc9933;\">Hotel mit Wellness-Center &amp; Spa in Vigo di Fassa<\/span><\/h1>\n<h1 style=\"text-align: center;\"><span style=\"color: #cc9933;\">Sich verw\u00f6hnen lassen &amp; entspannen<\/span><\/h1>\n<p>Am Ende eines Tages in den Bergen, auf den Skipisten oder auf den Wanderwegen der Dolomiten, ist es fantastisch, sich bei der R\u00fcckkehr ins Hotel in der warmen und gem\u00fctlichen Atmosph\u00e4re des neuen Wellness Centers &amp; Spa des Hotel Rosa in Vigo di Fassa zu entspannen, um den Geist zu befl\u00fcgeln und das Gleichgewicht und die Vitalit\u00e4t wiederzufinden!<\/p>\n<p>Unser Wellness-Angebot verw\u00f6hnt Sie, l\u00e4sst Sie den Alltagsstress vergessen und gibt Ihnen neue Energie, um mit neuem Schwung durchzustarten.\u00a0 Unser Spa bietet Wellness und Entspannung pur, mit zahlreichen M\u00f6glichkeiten zur Regeneration von K\u00f6rper und Geist:<\/p>\n<ul>\n<li><strong>Das Schwimmbad<\/strong> und die Vorteile der Hydrotherapie: Der Druck der Wasserd\u00fcsen auf die Haut erzeugt eine regenerierende Wirkung, die Muskelverspannungen abbaut und den Blut- und Lymphkreislauf anregt. Dar\u00fcber hinaus wird Schwimmen als aerobe k\u00f6rperliche Aktivit\u00e4t empfohlen, um den Stoffwechsel zu verbessern;<\/li>\n<li><strong>Die Sauna<\/strong> f\u00f6rdert die Entspannung, baut Angst und Stress ab, optimiert die Erholung der Muskeln, hat eine beruhigende Wirkung auf die Nervenenden und verbessert die zentrale und periphere Durchblutung;<\/li>\n<li><strong>Der Whirlpool<\/strong> wirkt sich besonders positiv auf den Kreislauf aus: Gewebe und Muskeln werden stimuliert, was eine entw\u00e4ssernde Wirkung hat. Der Whirlpool ist besonders durchblutungsf\u00f6rdernd: Gewebe und Muskeln werden stimuliert und wirken entw\u00e4ssernd, und die straffende Massage des Wassers auf der Haut strafft Beine, Po, Arme und Bauch;<\/li>\n<li><strong>Das t\u00fcrkische Bad<\/strong> hat zahlreiche Vorteile, insbesondere: es baut Stress ab und baut auf nat\u00fcrliche Weise Spannungen ab; es f\u00f6rdert die Durchblutung; es hat eine tonisierende, entw\u00e4ssernde und entspannende Wirkung; es hilft bei Schlaflosigkeit, Muskelverspannungen und rheumatischen Schmerzen; es tr\u00e4gt zu einem regelm\u00e4\u00dfigen Funktionieren der Atemwege bei; es ist gut f\u00fcr die Haut, da der Dampf die Poren erweitert und so \u00fcbersch\u00fcssige Unreinheiten beseitigt;<\/li>\n<li><strong>Die Tropendusche bietet<\/strong> ein wunderbares Gef\u00fchl: verschiedene Wasserstrahlen mit speziellen Aromen und Farbtherapie. Die Tropendusche besteht aus einer leichten Dusche mit mikrovernebeltem Wasser, das reich an \u00d6len und aromatischen Essenzen ist, die f\u00fcr die Aufrechterhaltung des richtigen Feuchtigkeitsgehalts und die Erfrischung des K\u00f6rpers sorgen;<\/li>\n<li><strong>Die Eiskaskade besteht<\/strong> aus einer Wanne mit fein zerkleinerten Eisflocken. Wenn man sich nach dem Saunagang oder dem Dampfbad einer k\u00fchleren Temperatur aussetzt, erh\u00e4lt man nicht nur eine sofortige Erfrischung, sondern auch ein angenehmes Gef\u00fchl des Wohlbefindens. Auch das Immunsystem und der Kreislauf profitieren davon;<\/li>\n<li><strong>Der Entspannungsbereich<\/strong> ist mit Liegen und Liegest\u00fchlen ausgestattet, damit sich die G\u00e4ste w\u00e4hrend der verschiedenen Wellnessbehandlungen entspannen und erholen k\u00f6nnen;<\/li>\n<li><strong>Auf der Panorama-Sonnenterrasse<\/strong> kann man sich entspannen und dabei das herrliche Panorama der Dolomiten genie\u00dfen;<\/li>\n<li><strong>Die Kr\u00e4uterteestube bietet<\/strong> die M\u00f6glichkeit, verschiedene Kr\u00e4utertees zu genie\u00dfen, um sich zu entspannen und das Wohlbefinden wiederzuerlangen;<\/li>\n<li><strong>Der Kneipp-Pfad<\/strong> hat eine sofortige Wirkung auf den Kreislauf und das Immunsystem; die Behandlung strafft und belebt den K\u00f6rper und hat eine entw\u00e4ssernde Wirkung, die Wassereinlagerungen und Cellulite bek\u00e4mpft;<br \/>\n<strong>Und vieles mehr &#8230;<\/strong><\/li>\n<\/ul>\n<p>An sch\u00f6nen Sommertagen k\u00f6nnen Sie die Sonne auf der Terrasse des Hotel Rosa oder im gro\u00dfen, von Gr\u00fcn umgebenen Privatgarten genie\u00dfen oder das UV-A-Solarium im Wellness-Center in Anspruch nehmen.[\/vc_column_text][\/vc_column][\/vc_row][vc_row][vc_column width=&#8220;1\/2&#8243;][vc_single_image image=&#8220;4783&#8243; img_size=&#8220;400&#215;300&#8243;][\/vc_column][vc_column width=&#8220;1\/2&#8243;][vc_column_text]<\/p>\n<p style=\"text-align: justify;\"><strong>Das Schwimmbad<\/strong><\/p>\n<p style=\"text-align: justify;\">Im brandneuen SPA gibt es einen wundersch\u00f6nen Warmwasserpool, in dem Sie sich nach einem Tag in den Dolomiten entspannen k\u00f6nnen. Der Pool ist mit einem Whirlpool ausgestattet.<\/p>\n<p>[\/vc_column_text][\/vc_column][\/vc_row][vc_row][vc_column][vc_separator border_width=&#8220;2&#8243;][\/vc_column][\/vc_row][vc_row][vc_column width=&#8220;1\/2&#8243;][vc_column_text]<strong>Die Sauna<\/strong><\/p>\n<p>Das Schwitzen in der finnischen Sauna erm\u00f6glicht es dem K\u00f6rper, sich von den durch den t\u00e4glichen Stress angesammelten Giftstoffen zu befreien. Lehnen Sie sich einfach zur\u00fcck und genie\u00dfen Sie den Moment.[\/vc_column_text][\/vc_column][vc_column width=&#8220;1\/2&#8243;][vc_single_image image=&#8220;4382&#8243; img_size=&#8220;400&#215;300&#8243; alignment=&#8220;right&#8220;][\/vc_column][\/vc_row][vc_row][vc_column][vc_separator border_width=&#8220;2&#8243;][\/vc_column][\/vc_row][vc_row][vc_column width=&#8220;1\/2&#8243;][vc_single_image image=&#8220;4299&#8243; img_size=&#8220;400&#215;300&#8243;][\/vc_column][vc_column width=&#8220;1\/2&#8243;][vc_column_text]<strong>Entspannungsbereich<\/strong><\/p>\n<p>Im Ruheraum k\u00f6nnen Sie sich nach einem Saunagang oder einem Dampfbad erholen, gute Musik h\u00f6ren, Kr\u00e4utertee trinken oder sich einfach mit anderen G\u00e4sten unterhalten.[\/vc_column_text][\/vc_column][\/vc_row][vc_row full_width=&#8220;stretch_row_content_no_spaces&#8220; css=&#8220;.vc_custom_1663927376058{background-color: #000000 !important;}&#8220;][vc_column][vc_gallery type=&#8220;image_grid&#8220; images=&#8220;4791,4787,4692,4362,4704,4700,4732,4736,4740,4716,4728,4712,4326,4330,4334,4338,4342,4346,4350,4354,4358,4366,4370,4374,4378,4382,4684,4688,4744,4748,4752&#8243; img_size=&#8220;300&#215;200&#8243;][\/vc_column][\/vc_row]<\/p>\n","protected":false},"excerpt":{"rendered":"<p>[vc_row][vc_column][vc_column_text] Hotel mit Wellness-Center &amp; Spa in Vigo di Fassa Sich verw\u00f6hnen lassen &amp; entspannen Am Ende eines Tages in den Bergen, auf den Skipisten oder auf den Wanderwegen der Dolomiten, ist es fantastisch, sich bei der R\u00fcckkehr ins Hotel in der warmen und gem\u00fctlichen Atmosph\u00e4re des neuen Wellness Centers &amp; Spa des Hotel Rosa [&hellip;]<\/p>\n","protected":false},"author":2,"featured_media":0,"parent":0,"menu_order":0,"comment_status":"closed","ping_status":"closed","template":"","meta":{"_acf_changed":false,"footnotes":""},"class_list":["post-2534","page","type-page","status-publish","hentry"],"acf":[],"yoast_head":"<!-- This site is optimized with the Yoast SEO plugin v27.4 - https:\/\/yoast.com\/product\/yoast-seo-wordpress\/ -->\n<title>SPA Vigo Fassa Wellness Hotel Val Fassa<\/title>\n<meta name=\"description\" content=\"Das Hotel Rosa verf\u00fcgt \u00fcber ein neues Wellness-Center und SPA in Vigo di Fassa. Das Wellness Hotel ist ideal f\u00fcr einen Wellness-Urlaub\" \/>\n<meta name=\"robots\" content=\"index, follow, max-snippet:-1, max-image-preview:large, max-video-preview:-1\" \/>\n<link rel=\"canonical\" href=\"https:\/\/hotelrosa.biz\/de\/wellness-spa.html\" \/>\n<meta property=\"og:locale\" content=\"de_DE\" \/>\n<meta property=\"og:type\" content=\"article\" \/>\n<meta property=\"og:title\" content=\"SPA Vigo Fassa Wellness Hotel Val Fassa\" \/>\n<meta property=\"og:description\" content=\"Das Hotel Rosa verf\u00fcgt \u00fcber ein neues Wellness-Center und SPA in Vigo di Fassa. Das Wellness Hotel ist ideal f\u00fcr einen Wellness-Urlaub\" \/>\n<meta property=\"og:url\" content=\"https:\/\/hotelrosa.biz\/de\/wellness-spa.html\" \/>\n<meta property=\"article:modified_time\" content=\"2023-04-26T15:20:56+00:00\" \/>\n<meta name=\"twitter:card\" content=\"summary_large_image\" \/>\n<meta name=\"twitter:label1\" content=\"Gesch\u00e4tzte Lesezeit\" \/>\n\t<meta name=\"twitter:data1\" content=\"4\u00a0Minuten\" \/>\n<script type=\"application\/ld+json\" class=\"yoast-schema-graph\">{\"@context\":\"https:\\\/\\\/schema.org\",\"@graph\":[{\"@type\":\"WebPage\",\"@id\":\"https:\\\/\\\/hotelrosa.biz\\\/de\\\/wellness-spa.html\",\"url\":\"https:\\\/\\\/hotelrosa.biz\\\/de\\\/wellness-spa.html\",\"name\":\"SPA Vigo Fassa Wellness Hotel Val Fassa\",\"isPartOf\":{\"@id\":\"https:\\\/\\\/hotelrosa.biz\\\/#website\"},\"datePublished\":\"2022-09-14T13:09:06+00:00\",\"dateModified\":\"2023-04-26T15:20:56+00:00\",\"description\":\"Das Hotel Rosa verf\u00fcgt \u00fcber ein neues Wellness-Center und SPA in Vigo di Fassa. Das Wellness Hotel ist ideal f\u00fcr einen Wellness-Urlaub\",\"breadcrumb\":{\"@id\":\"https:\\\/\\\/hotelrosa.biz\\\/de\\\/wellness-spa.html#breadcrumb\"},\"inLanguage\":\"de\",\"potentialAction\":[{\"@type\":\"ReadAction\",\"target\":[\"https:\\\/\\\/hotelrosa.biz\\\/de\\\/wellness-spa.html\"]}]},{\"@type\":\"BreadcrumbList\",\"@id\":\"https:\\\/\\\/hotelrosa.biz\\\/de\\\/wellness-spa.html#breadcrumb\",\"itemListElement\":[{\"@type\":\"ListItem\",\"position\":1,\"name\":\"Home\",\"item\":\"https:\\\/\\\/hotelrosa.biz\\\/de\\\/\"},{\"@type\":\"ListItem\",\"position\":2,\"name\":\"Wellness\"}]},{\"@type\":\"WebSite\",\"@id\":\"https:\\\/\\\/hotelrosa.biz\\\/#website\",\"url\":\"https:\\\/\\\/hotelrosa.biz\\\/\",\"name\":\"\",\"description\":\"\",\"potentialAction\":[{\"@type\":\"SearchAction\",\"target\":{\"@type\":\"EntryPoint\",\"urlTemplate\":\"https:\\\/\\\/hotelrosa.biz\\\/?s={search_term_string}\"},\"query-input\":{\"@type\":\"PropertyValueSpecification\",\"valueRequired\":true,\"valueName\":\"search_term_string\"}}],\"inLanguage\":\"de\"}]}<\/script>\n<!-- \/ Yoast SEO plugin. -->","yoast_head_json":{"title":"SPA Vigo Fassa Wellness Hotel Val Fassa","description":"Das Hotel Rosa verf\u00fcgt \u00fcber ein neues Wellness-Center und SPA in Vigo di Fassa. Das Wellness Hotel ist ideal f\u00fcr einen Wellness-Urlaub","robots":{"index":"index","follow":"follow","max-snippet":"max-snippet:-1","max-image-preview":"max-image-preview:large","max-video-preview":"max-video-preview:-1"},"canonical":"https:\/\/hotelrosa.biz\/de\/wellness-spa.html","og_locale":"de_DE","og_type":"article","og_title":"SPA Vigo Fassa Wellness Hotel Val Fassa","og_description":"Das Hotel Rosa verf\u00fcgt \u00fcber ein neues Wellness-Center und SPA in Vigo di Fassa. Das Wellness Hotel ist ideal f\u00fcr einen Wellness-Urlaub","og_url":"https:\/\/hotelrosa.biz\/de\/wellness-spa.html","article_modified_time":"2023-04-26T15:20:56+00:00","twitter_card":"summary_large_image","twitter_misc":{"Gesch\u00e4tzte Lesezeit":"4\u00a0Minuten"},"schema":{"@context":"https:\/\/schema.org","@graph":[{"@type":"WebPage","@id":"https:\/\/hotelrosa.biz\/de\/wellness-spa.html","url":"https:\/\/hotelrosa.biz\/de\/wellness-spa.html","name":"SPA Vigo Fassa Wellness Hotel Val Fassa","isPartOf":{"@id":"https:\/\/hotelrosa.biz\/#website"},"datePublished":"2022-09-14T13:09:06+00:00","dateModified":"2023-04-26T15:20:56+00:00","description":"Das Hotel Rosa verf\u00fcgt \u00fcber ein neues Wellness-Center und SPA in Vigo di Fassa. Das Wellness Hotel ist ideal f\u00fcr einen Wellness-Urlaub","breadcrumb":{"@id":"https:\/\/hotelrosa.biz\/de\/wellness-spa.html#breadcrumb"},"inLanguage":"de","potentialAction":[{"@type":"ReadAction","target":["https:\/\/hotelrosa.biz\/de\/wellness-spa.html"]}]},{"@type":"BreadcrumbList","@id":"https:\/\/hotelrosa.biz\/de\/wellness-spa.html#breadcrumb","itemListElement":[{"@type":"ListItem","position":1,"name":"Home","item":"https:\/\/hotelrosa.biz\/de\/"},{"@type":"ListItem","position":2,"name":"Wellness"}]},{"@type":"WebSite","@id":"https:\/\/hotelrosa.biz\/#website","url":"https:\/\/hotelrosa.biz\/","name":"","description":"","potentialAction":[{"@type":"SearchAction","target":{"@type":"EntryPoint","urlTemplate":"https:\/\/hotelrosa.biz\/?s={search_term_string}"},"query-input":{"@type":"PropertyValueSpecification","valueRequired":true,"valueName":"search_term_string"}}],"inLanguage":"de"}]}},"_links":{"self":[{"href":"https:\/\/hotelrosa.biz\/de\/wp-json\/wp\/v2\/pages\/2534\/"}],"collection":[{"href":"https:\/\/hotelrosa.biz\/de\/wp-json\/wp\/v2\/pages\/"}],"about":[{"href":"https:\/\/hotelrosa.biz\/de\/wp-json\/wp\/v2\/types\/page\/"}],"author":[{"embeddable":true,"href":"https:\/\/hotelrosa.biz\/de\/wp-json\/wp\/v2\/users\/2\/"}],"replies":[{"embeddable":true,"href":"https:\/\/hotelrosa.biz\/de\/wp-json\/wp\/v2\/comments\/?post=2534"}],"version-history":[{"count":15,"href":"https:\/\/hotelrosa.biz\/de\/wp-json\/wp\/v2\/pages\/2534\/revisions\/"}],"predecessor-version":[{"id":4823,"href":"https:\/\/hotelrosa.biz\/de\/wp-json\/wp\/v2\/pages\/2534\/revisions\/4823\/"}],"wp:attachment":[{"href":"https:\/\/hotelrosa.biz\/de\/wp-json\/wp\/v2\/media\/?parent=2534"}],"curies":[{"name":"wp","href":"https:\/\/api.w.org\/{rel}","templated":true}]}}