{"id":2531,"date":"2022-09-14T15:08:29","date_gmt":"2022-09-14T13:08:29","guid":{"rendered":"https:\/\/hotelrosa.biz\/camere-suite.html"},"modified":"2025-10-13T17:58:13","modified_gmt":"2025-10-13T15:58:13","slug":"zimmer","status":"publish","type":"page","link":"https:\/\/hotelrosa.biz\/de\/zimmer.html","title":{"rendered":"Zimmer"},"content":{"rendered":"<p>[vc_row][vc_column][vc_column_text]<\/p>\n<h1 style=\"text-align: center;\"><span style=\"color: #cc9933;\">Zimmer &amp; Suiten in Vigo di Fassa<\/span><\/h1>\n<h1 style=\"text-align: center;\"><span style=\"color: #cc9933;\">S\u00fc\u00dfer Schlaf in den Dolomiten<\/span><\/h1>\n<p>&nbsp;<\/p>\n<p>Das Hotel Rosa bietet seinen G\u00e4sten die brandneuen und gem\u00fctlichen 26 Zimmer und 6 Suiten, die f\u00fcr ihren Komfort und f\u00fcr eine reichhaltige Ausstattung gesch\u00e4tzt werden, die in der Lage ist, alle Bed\u00fcrfnisse zu befriedigen, ideal zum Schlafen und Ausruhen in Vigo di Fassa, umgeben von den Dolomiten, um Ihr k\u00f6rperliches Wohlbefinden wieder zu erlangen.<\/p>\n<p>Die Hotelzimmer sind in verschiedene Typen eingeteilt, aber jedes bietet maximalen Komfort dank des Vorhandenseins eines privaten Badezimmers, eines eigenen Badezimmers mit Dusche, WC, Haartrockner und Satellitenfernsehen.<\/p>\n<p>F\u00fcr anspruchsvollere G\u00e4ste und gro\u00dfe Familien besteht die M\u00f6glichkeit, im Zentrum von Vigo di Fassa Wohnungen zu mieten, in denen man sich wie zu Hause f\u00fchlen kann. Die Wohnungen im Tal sind die ideale L\u00f6sung, um einen wundersch\u00f6nen Urlaub mit Ihren Kindern in maximalem Komfort zu verbringen.[\/vc_column_text][\/vc_column][\/vc_row][vc_row][vc_column width=&#8220;1\/2&#8243;][vc_column_text]<\/p>\n<h3><strong>Economy Zimmer<\/strong><\/h3>\n<p>Doppelzimmer, 14 qm, ausgestattet mit einem Doppelbett.<br \/>\n<strong>Ausstattung<\/strong><br \/>\nWIFI<br \/>\nSafe<br \/>\nTelefon mit Direktwahl<br \/>\nFernseher mit Satellitenempfang<br \/>\nDusche, WC, Waschbecken, Bidet<br \/>\nHaartrockner<br \/>\nPflegeprodukte f\u00fcr das Badezimmer<br \/>\nKostenlose Hausschuhe<br \/>\nKostenloses Saunatuch[\/vc_column_text][\/vc_column][vc_column width=&#8220;1\/2&#8243;][vc_column_text]<\/p>\n<p style=\"text-align: center;\"><strong>BEISPIEL F\u00dcR EIN ECONOMY-ZIMMER<\/strong><\/p>\n<p>[\/vc_column_text][vc_images_carousel images=&#8220;4588,4592,4604,4600,4596,4584,4608,4612,4616,4620,4624&#8243; img_size=&#8220;full&#8220;][\/vc_column][\/vc_row][vc_row][vc_column][vc_separator border_width=&#8220;2&#8243;][\/vc_column][\/vc_row][vc_row][vc_column width=&#8220;1\/2&#8243;][vc_column_text]<\/p>\n<p style=\"text-align: center;\"><strong>BEISPIEL F\u00dcR EIN KLASSISCHES ZIMMER<\/strong><\/p>\n<p>[\/vc_column_text][vc_images_carousel images=&#8220;7119,7143,7139,7135,7131,7127,7123&#8243; img_size=&#8220;full&#8220;][\/vc_column][vc_column width=&#8220;1\/2&#8243;][vc_column_text]<\/p>\n<h3><strong>Klassisches Zimmer<\/strong><\/h3>\n<p>Komfortables, modern eingerichtetes Doppelzimmer mit einem Doppelbett. Kann bis zu 3 Personen beherbergen, mit einem zus\u00e4tzlichen Kinderbett.<br \/>\n<strong>Ausr\u00fcstung<\/strong><br \/>\nWIFI<br \/>\nSicher<br \/>\nDirektwahltelefon<br \/>\nSatellitenfernsehen<br \/>\nDusche, WC, Waschbecken, Bidet<br \/>\nHaartrockner<br \/>\nH\u00f6flichkeitsprodukte f\u00fcr das Badezimmer[\/vc_column_text][\/vc_column][\/vc_row][vc_row][vc_column][vc_separator border_width=&#8220;2&#8243;][\/vc_column][\/vc_row][vc_row][vc_column width=&#8220;1\/2&#8243;][vc_column_text]<\/p>\n<h3><strong>Junior Suite<\/strong><\/h3>\n<p>Ger\u00e4umiges Doppelzimmer mit einer Fl\u00e4che von 36 Quadratmetern, das mit zus\u00e4tzlichen Sofabetten bis zu vier Personen beherbergen kann.<br \/>\nAusr\u00fcstung<br \/>\nWIFI<br \/>\nSicher<br \/>\nDirektwahltelefon<br \/>\nSatellitenfernsehen<br \/>\nDusche oder Bad, WC, Waschbecken, Bidet<br \/>\nHaartrockner<br \/>\nH\u00f6flichkeitsprodukte f\u00fcr das Badezimmer[\/vc_column_text][\/vc_column][vc_column width=&#8220;1\/2&#8243;][vc_column_text]<\/p>\n<p style=\"text-align: center;\"><strong>BEISPIEL F\u00dcR EINE JUNIOR-SUITE<\/strong><\/p>\n<p>[\/vc_column_text][vc_images_carousel images=&#8220;3920,3924,3928,3932,3936,3941,3945,3949,3953,3957,3961,3965,3969,3973,3977&#8243; img_size=&#8220;full&#8220;][\/vc_column][\/vc_row][vc_row full_width=&#8220;stretch_row_content_no_spaces&#8220; css=&#8220;.vc_custom_1663926300173{background-color: #000000 !important;}&#8220;][vc_column][vc_gallery type=&#8220;image_grid&#8220; images=&#8220;7131,7139,7135,7143,703,482,3062,3058,3054,3050,3044,3807,3811,3815,3819,3823,3827,3831,3835,3839,3843,3847,3851,3855,3859,3863,3867,3871,3875,3879,3883,3887,3891,3895,3899,3903,3907,3911,3920,3924,3928,3932,3936,3941,3945,3949,3953,3957,3961,3965,3969,3973&#8243; img_size=&#8220;300&#215;200&#8243; onclick=&#8220;img_link_large&#8220;][\/vc_column][\/vc_row]<\/p>\n","protected":false},"excerpt":{"rendered":"<p>[vc_row][vc_column][vc_column_text] Zimmer &amp; Suiten in Vigo di Fassa S\u00fc\u00dfer Schlaf in den Dolomiten &nbsp; Das Hotel Rosa bietet seinen G\u00e4sten die brandneuen und gem\u00fctlichen 26 Zimmer und 6 Suiten, die f\u00fcr ihren Komfort und f\u00fcr eine reichhaltige Ausstattung gesch\u00e4tzt werden, die in der Lage ist, alle Bed\u00fcrfnisse zu befriedigen, ideal zum Schlafen und Ausruhen in [&hellip;]<\/p>\n","protected":false},"author":2,"featured_media":0,"parent":0,"menu_order":0,"comment_status":"closed","ping_status":"closed","template":"","meta":{"_acf_changed":false,"footnotes":""},"class_list":["post-2531","page","type-page","status-publish","hentry"],"acf":[],"yoast_head":"<!-- This site is optimized with the Yoast SEO plugin v27.4 - https:\/\/yoast.com\/product\/yoast-seo-wordpress\/ -->\n<title>Zimmer und Suiten Vigo di Fassa Schlafen Vigo di Fassa<\/title>\n<meta name=\"description\" content=\"Das Hotel Rosa in Vigo di Fassa verf\u00fcgt \u00fcber Zimmer und Suiten, um in absoluter Entspannung in Vigo di Fassa in den Dolomiten zu schlafen\" \/>\n<meta name=\"robots\" content=\"index, follow, max-snippet:-1, max-image-preview:large, max-video-preview:-1\" \/>\n<link rel=\"canonical\" href=\"https:\/\/hotelrosa.biz\/de\/zimmer.html\" \/>\n<meta property=\"og:locale\" content=\"de_DE\" \/>\n<meta property=\"og:type\" content=\"article\" \/>\n<meta property=\"og:title\" content=\"Zimmer und Suiten Vigo di Fassa Schlafen Vigo di Fassa\" \/>\n<meta property=\"og:description\" content=\"Das Hotel Rosa in Vigo di Fassa verf\u00fcgt \u00fcber Zimmer und Suiten, um in absoluter Entspannung in Vigo di Fassa in den Dolomiten zu schlafen\" \/>\n<meta property=\"og:url\" content=\"https:\/\/hotelrosa.biz\/de\/zimmer.html\" \/>\n<meta property=\"article:modified_time\" content=\"2025-10-13T15:58:13+00:00\" \/>\n<meta name=\"twitter:card\" content=\"summary_large_image\" \/>\n<meta name=\"twitter:label1\" content=\"Gesch\u00e4tzte Lesezeit\" \/>\n\t<meta name=\"twitter:data1\" content=\"19\u00a0Minuten\" \/>\n<script type=\"application\/ld+json\" class=\"yoast-schema-graph\">{\"@context\":\"https:\\\/\\\/schema.org\",\"@graph\":[{\"@type\":\"WebPage\",\"@id\":\"https:\\\/\\\/hotelrosa.biz\\\/de\\\/zimmer.html\",\"url\":\"https:\\\/\\\/hotelrosa.biz\\\/de\\\/zimmer.html\",\"name\":\"Zimmer und Suiten Vigo di Fassa Schlafen Vigo di Fassa\",\"isPartOf\":{\"@id\":\"https:\\\/\\\/hotelrosa.biz\\\/#website\"},\"datePublished\":\"2022-09-14T13:08:29+00:00\",\"dateModified\":\"2025-10-13T15:58:13+00:00\",\"description\":\"Das Hotel Rosa in Vigo di Fassa verf\u00fcgt \u00fcber Zimmer und Suiten, um in absoluter Entspannung in Vigo di Fassa in den Dolomiten zu schlafen\",\"breadcrumb\":{\"@id\":\"https:\\\/\\\/hotelrosa.biz\\\/de\\\/zimmer.html#breadcrumb\"},\"inLanguage\":\"de\",\"potentialAction\":[{\"@type\":\"ReadAction\",\"target\":[\"https:\\\/\\\/hotelrosa.biz\\\/de\\\/zimmer.html\"]}]},{\"@type\":\"BreadcrumbList\",\"@id\":\"https:\\\/\\\/hotelrosa.biz\\\/de\\\/zimmer.html#breadcrumb\",\"itemListElement\":[{\"@type\":\"ListItem\",\"position\":1,\"name\":\"Home\",\"item\":\"https:\\\/\\\/hotelrosa.biz\\\/de\\\/\"},{\"@type\":\"ListItem\",\"position\":2,\"name\":\"Zimmer\"}]},{\"@type\":\"WebSite\",\"@id\":\"https:\\\/\\\/hotelrosa.biz\\\/#website\",\"url\":\"https:\\\/\\\/hotelrosa.biz\\\/\",\"name\":\"\",\"description\":\"\",\"potentialAction\":[{\"@type\":\"SearchAction\",\"target\":{\"@type\":\"EntryPoint\",\"urlTemplate\":\"https:\\\/\\\/hotelrosa.biz\\\/?s={search_term_string}\"},\"query-input\":{\"@type\":\"PropertyValueSpecification\",\"valueRequired\":true,\"valueName\":\"search_term_string\"}}],\"inLanguage\":\"de\"}]}<\/script>\n<!-- \/ Yoast SEO plugin. -->","yoast_head_json":{"title":"Zimmer und Suiten Vigo di Fassa Schlafen Vigo di Fassa","description":"Das Hotel Rosa in Vigo di Fassa verf\u00fcgt \u00fcber Zimmer und Suiten, um in absoluter Entspannung in Vigo di Fassa in den Dolomiten zu schlafen","robots":{"index":"index","follow":"follow","max-snippet":"max-snippet:-1","max-image-preview":"max-image-preview:large","max-video-preview":"max-video-preview:-1"},"canonical":"https:\/\/hotelrosa.biz\/de\/zimmer.html","og_locale":"de_DE","og_type":"article","og_title":"Zimmer und Suiten Vigo di Fassa Schlafen Vigo di Fassa","og_description":"Das Hotel Rosa in Vigo di Fassa verf\u00fcgt \u00fcber Zimmer und Suiten, um in absoluter Entspannung in Vigo di Fassa in den Dolomiten zu schlafen","og_url":"https:\/\/hotelrosa.biz\/de\/zimmer.html","article_modified_time":"2025-10-13T15:58:13+00:00","twitter_card":"summary_large_image","twitter_misc":{"Gesch\u00e4tzte Lesezeit":"19\u00a0Minuten"},"schema":{"@context":"https:\/\/schema.org","@graph":[{"@type":"WebPage","@id":"https:\/\/hotelrosa.biz\/de\/zimmer.html","url":"https:\/\/hotelrosa.biz\/de\/zimmer.html","name":"Zimmer und Suiten Vigo di Fassa Schlafen Vigo di Fassa","isPartOf":{"@id":"https:\/\/hotelrosa.biz\/#website"},"datePublished":"2022-09-14T13:08:29+00:00","dateModified":"2025-10-13T15:58:13+00:00","description":"Das Hotel Rosa in Vigo di Fassa verf\u00fcgt \u00fcber Zimmer und Suiten, um in absoluter Entspannung in Vigo di Fassa in den Dolomiten zu schlafen","breadcrumb":{"@id":"https:\/\/hotelrosa.biz\/de\/zimmer.html#breadcrumb"},"inLanguage":"de","potentialAction":[{"@type":"ReadAction","target":["https:\/\/hotelrosa.biz\/de\/zimmer.html"]}]},{"@type":"BreadcrumbList","@id":"https:\/\/hotelrosa.biz\/de\/zimmer.html#breadcrumb","itemListElement":[{"@type":"ListItem","position":1,"name":"Home","item":"https:\/\/hotelrosa.biz\/de\/"},{"@type":"ListItem","position":2,"name":"Zimmer"}]},{"@type":"WebSite","@id":"https:\/\/hotelrosa.biz\/#website","url":"https:\/\/hotelrosa.biz\/","name":"","description":"","potentialAction":[{"@type":"SearchAction","target":{"@type":"EntryPoint","urlTemplate":"https:\/\/hotelrosa.biz\/?s={search_term_string}"},"query-input":{"@type":"PropertyValueSpecification","valueRequired":true,"valueName":"search_term_string"}}],"inLanguage":"de"}]}},"_links":{"self":[{"href":"https:\/\/hotelrosa.biz\/de\/wp-json\/wp\/v2\/pages\/2531\/"}],"collection":[{"href":"https:\/\/hotelrosa.biz\/de\/wp-json\/wp\/v2\/pages\/"}],"about":[{"href":"https:\/\/hotelrosa.biz\/de\/wp-json\/wp\/v2\/types\/page\/"}],"author":[{"embeddable":true,"href":"https:\/\/hotelrosa.biz\/de\/wp-json\/wp\/v2\/users\/2\/"}],"replies":[{"embeddable":true,"href":"https:\/\/hotelrosa.biz\/de\/wp-json\/wp\/v2\/comments\/?post=2531"}],"version-history":[{"count":15,"href":"https:\/\/hotelrosa.biz\/de\/wp-json\/wp\/v2\/pages\/2531\/revisions\/"}],"predecessor-version":[{"id":7148,"href":"https:\/\/hotelrosa.biz\/de\/wp-json\/wp\/v2\/pages\/2531\/revisions\/7148\/"}],"wp:attachment":[{"href":"https:\/\/hotelrosa.biz\/de\/wp-json\/wp\/v2\/media\/?parent=2531"}],"curies":[{"name":"wp","href":"https:\/\/api.w.org\/{rel}","templated":true}]}}