{"id":2526,"date":"2022-09-14T15:10:06","date_gmt":"2022-09-14T13:10:06","guid":{"rendered":"https:\/\/hotelrosa.biz\/ristorante.html"},"modified":"2022-10-03T11:33:01","modified_gmt":"2022-10-03T09:33:01","slug":"restaurant","status":"publish","type":"page","link":"https:\/\/hotelrosa.biz\/de\/restaurant.html","title":{"rendered":"Restaurant"},"content":{"rendered":"<p>[vc_row][vc_column][vc_column_text]<\/p>\n<h1 style=\"text-align: center;\"><span style=\"color: #cc9933;\">Verpflegung im Hotel Rosa<\/span><\/h1>\n<h1 style=\"text-align: center;\"><span style=\"color: #cc9933;\">Authentische Trentiner Geschm\u00e4cker<\/span><\/h1>\n<p>Catering im Hotel Rosa bedeutet Authentizit\u00e4t und Qualit\u00e4t. Das sind die Regeln, die in der K\u00fcche des Hotel Rosa herrschen. Unser K\u00fcchenchef w\u00e4hlt jeden Tag frische Qualit\u00e4tsprodukte aus, um Gerichte und Spezialit\u00e4ten auf den Tisch zu bringen, die allen Anspr\u00fcchen gerecht werden.<\/p>\n<p>Auf der Speisekarte finden sich die beliebtesten Gerichte der regionalen und nationalen K\u00fcche, typisch italienische Rezepte und die ber\u00fchmtesten Gerichte der Trentiner K\u00fcche, die sowohl in traditioneller Form als auch in interessanten modernen Bearbeitungen interpretiert und serviert werden.<\/p>\n<p>Im Restaurant des Hotel Rosa in Vigo di Fassa k\u00f6nnen Sie die authentischen Geschm\u00e4cker des Trentino genie\u00dfen und echte lokale und regionale Gerichte probieren, die nach den alten Rezepten der kulinarischen Tradition des Trentino von unserem K\u00fcchenchef gekonnt zubereitet werden.<\/p>\n<p>Fr\u00fchst\u00fcck: die goodiono&#8230;&#8230;.<\/p>\n<p>Ihr Urlaubstag im Hotel Rosa beginnt immer mit einem reichhaltigen Fr\u00fchst\u00fccksbuffet, das mit einer gro\u00dfen Auswahl an s\u00fc\u00dfen und herzhaften Spezialit\u00e4ten, Kaffee, Milch, Schokolade, Tee, Fruchts\u00e4ften usw. alles bietet, was Sie brauchen, um sich f\u00fcr einen langen Tag in den Bergen zu st\u00e4rken.<\/p>\n<p>Zum Mittag- und Abendessen stehen verschiedene kulinarische Angebote im Mittelpunkt, mit Gerichten, die auch den anspruchsvollsten Gaumen zufrieden stellen, Gerichte, die von der traditionellen italienischen K\u00fcche inspiriert und von der Kreativit\u00e4t unseres K\u00fcchenchefs kreiert wurden.<\/p>\n<p>Im Speisesaal des Restaurants des Hotel Rosa finden Sie ein gem\u00fctliches und warmes Ambiente; die Stube und die typischen Holzm\u00f6bel aus den Bergen machen auch die Mahlzeiten angenehm und entspannend.<\/p>\n<p>Die K\u00fcche des Restaurants bietet t\u00e4glich regionale und nationale Gerichte, Vorspeisen mit typischen Produkten aus dem Fassatal, erste G\u00e4nge der S\u00fcdtiroler Tradition, wie die charakteristischen Strangolapreti, Canederli und Tiroler Sp\u00e4tzle, aber auch zweite G\u00e4nge mit Fleisch, die nach alten lokalen Rezepten zubereitet werden, wie z.B. Pilze, Schweinshaxe und Wildragout.<\/p>\n<p>Das Restaurant ist sowohl f\u00fcr Hotelg\u00e4ste als auch f\u00fcr vorbeikommende Touristen ge\u00f6ffnet.[\/vc_column_text][\/vc_column][\/vc_row][vc_row][vc_column width=&#8220;1\/2&#8243;][vc_single_image image=&#8220;2172&#8243; img_size=&#8220;full&#8220;][\/vc_column][vc_column width=&#8220;1\/2&#8243;][vc_column_text]<\/p>\n<h2><span style=\"color: #cc9933;\">Fr\u00fchst\u00fcck<\/span><\/h2>\n<p>Das reichhaltige Fr\u00fchst\u00fccksbuffet erwartet Sie mit einer gro\u00dfen Auswahl an s\u00fc\u00dfen und herzhaften Spezialit\u00e4ten: Croissants, Kuchen, Aufschnitt, K\u00e4se, Eier, Obst, warme und kalte Getr\u00e4nke usw.[\/vc_column_text][\/vc_column][\/vc_row][vc_row][vc_column][vc_separator border_width=&#8220;2&#8243;][\/vc_column][\/vc_row][vc_row][vc_column width=&#8220;1\/2&#8243;][vc_column_text]<\/p>\n<h2><span style=\"color: #cc9933;\">Pranzo<\/span><\/h2>\n<p>A pranzo proponiamo un&#8217;ampia scelta di piatti leggeri e sfiziosi che vengono serviti nell\u2019ampio salone del ristorante, affacciato sul giardino. Un pranzo leggero,\u00a0 ideale per chi vuole fare una gustosa pausa.[\/vc_column_text][\/vc_column][vc_column width=&#8220;1\/2&#8243;][vc_single_image image=&#8220;1985&#8243; img_size=&#8220;400&#215;300&#8243; alignment=&#8220;right&#8220;][\/vc_column][\/vc_row][vc_row][vc_column][vc_separator border_width=&#8220;2&#8243;][\/vc_column][\/vc_row][vc_row][vc_column width=&#8220;1\/2&#8243;][vc_single_image image=&#8220;1151&#8243; img_size=&#8220;400&#215;300&#8243;][\/vc_column][vc_column width=&#8220;1\/2&#8243;][vc_column_text]<\/p>\n<h2><span style=\"color: #cc9933;\">Abendessen<\/span><\/h2>\n<p style=\"text-align: justify;\">Zum Abendessen bieten wir Gerichte nach traditionellen italienischen Rezepten an, die nach einem Tag in den Bergen f\u00fcr die richtige Ern\u00e4hrung sorgen: Vorspeisen, Hauptgerichte, Beilagen und verschiedene Desserts in Buffetform. Begleitet wird das Ganze von den ber\u00fchmten Weinen des Trentino.<\/p>\n<p>[\/vc_column_text][\/vc_column][\/vc_row][vc_row full_width=&#8220;stretch_row_content_no_spaces&#8220; css=&#8220;.vc_custom_1663929741680{background-color: #000000 !important;}&#8220;][vc_column][vc_gallery type=&#8220;image_grid&#8220; images=&#8220;783,727,735,743,1088,1167,1151,1985&#8243; img_size=&#8220;300&#215;200&#8243;][\/vc_column][\/vc_row]<\/p>\n","protected":false},"excerpt":{"rendered":"<p>[vc_row][vc_column][vc_column_text] Verpflegung im Hotel Rosa Authentische Trentiner Geschm\u00e4cker Catering im Hotel Rosa bedeutet Authentizit\u00e4t und Qualit\u00e4t. Das sind die Regeln, die in der K\u00fcche des Hotel Rosa herrschen. Unser K\u00fcchenchef w\u00e4hlt jeden Tag frische Qualit\u00e4tsprodukte aus, um Gerichte und Spezialit\u00e4ten auf den Tisch zu bringen, die allen Anspr\u00fcchen gerecht werden. Auf der Speisekarte finden sich [&hellip;]<\/p>\n","protected":false},"author":2,"featured_media":0,"parent":0,"menu_order":0,"comment_status":"closed","ping_status":"closed","template":"","meta":{"_acf_changed":false,"footnotes":""},"class_list":["post-2526","page","type-page","status-publish","hentry"],"acf":[],"yoast_head":"<!-- This site is optimized with the Yoast SEO plugin v27.3 - https:\/\/yoast.com\/product\/yoast-seo-wordpress\/ -->\n<title>Restaurant in Vigo di Fassa Hotel Rosa<\/title>\n<meta name=\"description\" content=\"Das Restaurant des Hotel Rosa in Vigo di Fassa bietet schmackhafte Gerichte der traditionellen Trentiner Bergk\u00fcche\" \/>\n<meta name=\"robots\" content=\"index, follow, max-snippet:-1, max-image-preview:large, max-video-preview:-1\" \/>\n<link rel=\"canonical\" href=\"https:\/\/hotelrosa.biz\/de\/restaurant.html\" \/>\n<meta property=\"og:locale\" content=\"de_DE\" \/>\n<meta property=\"og:type\" content=\"article\" \/>\n<meta property=\"og:title\" content=\"Restaurant in Vigo di Fassa Hotel Rosa\" \/>\n<meta property=\"og:description\" content=\"Das Restaurant des Hotel Rosa in Vigo di Fassa bietet schmackhafte Gerichte der traditionellen Trentiner Bergk\u00fcche\" \/>\n<meta property=\"og:url\" content=\"https:\/\/hotelrosa.biz\/de\/restaurant.html\" \/>\n<meta property=\"article:modified_time\" content=\"2022-10-03T09:33:01+00:00\" \/>\n<meta name=\"twitter:card\" content=\"summary_large_image\" \/>\n<meta name=\"twitter:label1\" content=\"Gesch\u00e4tzte Lesezeit\" \/>\n\t<meta name=\"twitter:data1\" content=\"3\u00a0Minuten\" \/>\n<script type=\"application\/ld+json\" class=\"yoast-schema-graph\">{\"@context\":\"https:\\\/\\\/schema.org\",\"@graph\":[{\"@type\":\"WebPage\",\"@id\":\"https:\\\/\\\/hotelrosa.biz\\\/de\\\/restaurant.html\",\"url\":\"https:\\\/\\\/hotelrosa.biz\\\/de\\\/restaurant.html\",\"name\":\"Restaurant in Vigo di Fassa Hotel Rosa\",\"isPartOf\":{\"@id\":\"https:\\\/\\\/hotelrosa.biz\\\/#website\"},\"datePublished\":\"2022-09-14T13:10:06+00:00\",\"dateModified\":\"2022-10-03T09:33:01+00:00\",\"description\":\"Das Restaurant des Hotel Rosa in Vigo di Fassa bietet schmackhafte Gerichte der traditionellen Trentiner Bergk\u00fcche\",\"breadcrumb\":{\"@id\":\"https:\\\/\\\/hotelrosa.biz\\\/de\\\/restaurant.html#breadcrumb\"},\"inLanguage\":\"de\",\"potentialAction\":[{\"@type\":\"ReadAction\",\"target\":[\"https:\\\/\\\/hotelrosa.biz\\\/de\\\/restaurant.html\"]}]},{\"@type\":\"BreadcrumbList\",\"@id\":\"https:\\\/\\\/hotelrosa.biz\\\/de\\\/restaurant.html#breadcrumb\",\"itemListElement\":[{\"@type\":\"ListItem\",\"position\":1,\"name\":\"Home\",\"item\":\"https:\\\/\\\/hotelrosa.biz\\\/de\\\/\"},{\"@type\":\"ListItem\",\"position\":2,\"name\":\"Restaurant\"}]},{\"@type\":\"WebSite\",\"@id\":\"https:\\\/\\\/hotelrosa.biz\\\/#website\",\"url\":\"https:\\\/\\\/hotelrosa.biz\\\/\",\"name\":\"\",\"description\":\"\",\"potentialAction\":[{\"@type\":\"SearchAction\",\"target\":{\"@type\":\"EntryPoint\",\"urlTemplate\":\"https:\\\/\\\/hotelrosa.biz\\\/?s={search_term_string}\"},\"query-input\":{\"@type\":\"PropertyValueSpecification\",\"valueRequired\":true,\"valueName\":\"search_term_string\"}}],\"inLanguage\":\"de\"}]}<\/script>\n<!-- \/ Yoast SEO plugin. -->","yoast_head_json":{"title":"Restaurant in Vigo di Fassa Hotel Rosa","description":"Das Restaurant des Hotel Rosa in Vigo di Fassa bietet schmackhafte Gerichte der traditionellen Trentiner Bergk\u00fcche","robots":{"index":"index","follow":"follow","max-snippet":"max-snippet:-1","max-image-preview":"max-image-preview:large","max-video-preview":"max-video-preview:-1"},"canonical":"https:\/\/hotelrosa.biz\/de\/restaurant.html","og_locale":"de_DE","og_type":"article","og_title":"Restaurant in Vigo di Fassa Hotel Rosa","og_description":"Das Restaurant des Hotel Rosa in Vigo di Fassa bietet schmackhafte Gerichte der traditionellen Trentiner Bergk\u00fcche","og_url":"https:\/\/hotelrosa.biz\/de\/restaurant.html","article_modified_time":"2022-10-03T09:33:01+00:00","twitter_card":"summary_large_image","twitter_misc":{"Gesch\u00e4tzte Lesezeit":"3\u00a0Minuten"},"schema":{"@context":"https:\/\/schema.org","@graph":[{"@type":"WebPage","@id":"https:\/\/hotelrosa.biz\/de\/restaurant.html","url":"https:\/\/hotelrosa.biz\/de\/restaurant.html","name":"Restaurant in Vigo di Fassa Hotel Rosa","isPartOf":{"@id":"https:\/\/hotelrosa.biz\/#website"},"datePublished":"2022-09-14T13:10:06+00:00","dateModified":"2022-10-03T09:33:01+00:00","description":"Das Restaurant des Hotel Rosa in Vigo di Fassa bietet schmackhafte Gerichte der traditionellen Trentiner Bergk\u00fcche","breadcrumb":{"@id":"https:\/\/hotelrosa.biz\/de\/restaurant.html#breadcrumb"},"inLanguage":"de","potentialAction":[{"@type":"ReadAction","target":["https:\/\/hotelrosa.biz\/de\/restaurant.html"]}]},{"@type":"BreadcrumbList","@id":"https:\/\/hotelrosa.biz\/de\/restaurant.html#breadcrumb","itemListElement":[{"@type":"ListItem","position":1,"name":"Home","item":"https:\/\/hotelrosa.biz\/de\/"},{"@type":"ListItem","position":2,"name":"Restaurant"}]},{"@type":"WebSite","@id":"https:\/\/hotelrosa.biz\/#website","url":"https:\/\/hotelrosa.biz\/","name":"","description":"","potentialAction":[{"@type":"SearchAction","target":{"@type":"EntryPoint","urlTemplate":"https:\/\/hotelrosa.biz\/?s={search_term_string}"},"query-input":{"@type":"PropertyValueSpecification","valueRequired":true,"valueName":"search_term_string"}}],"inLanguage":"de"}]}},"_links":{"self":[{"href":"https:\/\/hotelrosa.biz\/de\/wp-json\/wp\/v2\/pages\/2526\/"}],"collection":[{"href":"https:\/\/hotelrosa.biz\/de\/wp-json\/wp\/v2\/pages\/"}],"about":[{"href":"https:\/\/hotelrosa.biz\/de\/wp-json\/wp\/v2\/types\/page\/"}],"author":[{"embeddable":true,"href":"https:\/\/hotelrosa.biz\/de\/wp-json\/wp\/v2\/users\/2\/"}],"replies":[{"embeddable":true,"href":"https:\/\/hotelrosa.biz\/de\/wp-json\/wp\/v2\/comments\/?post=2526"}],"version-history":[{"count":3,"href":"https:\/\/hotelrosa.biz\/de\/wp-json\/wp\/v2\/pages\/2526\/revisions\/"}],"predecessor-version":[{"id":2529,"href":"https:\/\/hotelrosa.biz\/de\/wp-json\/wp\/v2\/pages\/2526\/revisions\/2529\/"}],"wp:attachment":[{"href":"https:\/\/hotelrosa.biz\/de\/wp-json\/wp\/v2\/media\/?parent=2526"}],"curies":[{"name":"wp","href":"https:\/\/api.w.org\/{rel}","templated":true}]}}