{"id":2523,"date":"2022-09-10T16:17:06","date_gmt":"2022-09-10T14:17:06","guid":{"rendered":"https:\/\/hotelrosa.biz\/offerte.html"},"modified":"2025-09-22T18:00:02","modified_gmt":"2025-09-22T16:00:02","slug":"preis-angebot","status":"publish","type":"page","link":"https:\/\/hotelrosa.biz\/de\/preis-angebot.html","title":{"rendered":"Angebote"},"content":{"rendered":"<p>[vc_row][vc_column][vc_column_text]<\/p>\n<h1 style=\"text-align: center;\"><span style=\"color: #cc9933;\">Angebote Hotel Rosa in Vigo di Fassa<\/span><\/h1>\n<p>Urlaubsangebote in Vigo di Fassa in den Dolomiten des Val di Fassa im Trentino.<\/p>\n<p data-start=\"330\" data-end=\"474\">Die Preise k\u00f6nnen je nach folgenden Faktoren variieren:<br data-start=\"404\" data-end=\"407\" \/>\u00b7 Zeitraum<br data-start=\"417\" data-end=\"420\" \/>\u00b7 Zimmertyp<br data-start=\"431\" data-end=\"434\" \/>\u00b7 Verpflegungsart<br data-start=\"451\" data-end=\"454\" \/>\u00b7 Aufenthaltsdauer<\/p>\n<p data-start=\"476\" data-end=\"641\"><strong data-start=\"476\" data-end=\"567\">Wir empfehlen Ihnen daher, ein ma\u00dfgeschneidertes Angebot f\u00fcr Ihren Urlaub anzufordern!!<\/strong><br data-start=\"567\" data-end=\"570\" \/>Bitte senden Sie Ihre Anfrage an folgende Adresse: <a class=\"decorated-link cursor-pointer\" href=\"mailto:info@hotelrosa.biz\" rel=\"noopener\" data-start=\"621\" data-end=\"639\">info@hotelrosa.biz<\/a><\/p>\n<hr \/>\n<p><strong>Radsportbegeisterte sind im Hotel Rosa herzlich willkommen.<\/strong> Es ist der Bezugspunkt f\u00fcr alle, die ihren Urlaub im Herzen der Dolomiten verbringen m\u00f6chten. Ein Hotel, das guten Service mit einem freundlichen Empfang verbindet.<br \/>\nWir haben eine Garage f\u00fcr Motorr\u00e4der und ausreichend Parkpl\u00e4tze f\u00fcr Ihre Motorradtrolleys.<br \/>\n5% Rabatt auf die Listenpreise (Mindestaufenthalt 3 N\u00e4chte)<\/p>\n<hr \/>\n<h2 data-start=\"1610\" data-end=\"1686\"><strong data-start=\"1610\" data-end=\"1684\">Angebot: Der Fr\u00fchling bringt dich auf die Piste (mit 1 Tag geschenkt!)<\/strong><\/h2>\n<p data-start=\"1688\" data-end=\"2116\">Vom 15. M\u00e4rz bis 7. April 2026 zeigt dir das Val di Fassa die energiegeladenste Seite des Winters: lange Tage, strahlende Sonne, Panoramah\u00fctten, entspannte Pausen auf der Terrasse, weicher Schnee und die gem\u00fctliche Stimmung der letzten Schw\u00fcnge der Saison.<br data-start=\"1944\" data-end=\"1947\" \/>Mit dem Angebot <strong data-start=\"1963\" data-end=\"1986\">Dolomiti Springdays<\/strong> kannst du zwischen zwei attraktiven Formeln w\u00e4hlen, um die Saison perfekt abzuschlie\u00dfen\u2026 und schon von der n\u00e4chsten zu tr\u00e4umen!<\/p>\n<p data-start=\"2118\" data-end=\"2652\"><strong data-start=\"2118\" data-end=\"2174\">Dolomiti Springdays L (7=6), 15.03.2026 \u2013 21.03.2026<\/strong><br data-start=\"2174\" data-end=\"2177\" \/>Das Angebot umfasst:<br data-start=\"2197\" data-end=\"2200\" \/>\u00b7 Unterkunft. Buche 7 N\u00e4chte (im Hotel, Appartement oder Campingplatz) und zahle nur 6<br data-start=\"2286\" data-end=\"2289\" \/>\u00b7 Skipass. 6 Tage auf den Pisten zum Preis von 5, g\u00fcltig f\u00fcr die Skip\u00e4sse Val di Fassa\/Carezza, Alpe Lusia\/San Pellegrino oder Dolomiti Superski<br data-start=\"2433\" data-end=\"2436\" \/>\u00b7 Skischule. Lerne von Grund auf oder verbessere deine Technik mit einem Gruppenkurs Ski oder Snowboard (mindestens 5 Tage) f\u00fcr Erwachsene und Kinder mit 15% Rabatt<br data-start=\"2600\" data-end=\"2603\" \/>Aufenthalt ab 14.03.2026; Skipass ab 15.03.2026<\/p>\n<p data-start=\"2654\" data-end=\"3117\"><strong data-start=\"2654\" data-end=\"2710\">Dolomiti Springdays S (4=3), 22.03.2026 \u2013 07.04.2026<\/strong><br data-start=\"2710\" data-end=\"2713\" \/>Das Angebot umfasst:<br data-start=\"2733\" data-end=\"2736\" \/>\u00b7 Unterkunft. Buche 4 N\u00e4chte (im Hotel, Appartement oder Campingplatz) und zahle nur 3<br data-start=\"2822\" data-end=\"2825\" \/>\u00b7 Skipass. 4 Tage auf den Pisten zum Preis von 3, g\u00fcltig f\u00fcr die Skip\u00e4sse Val di Fassa\/Carezza, Alpe Lusia\/San Pellegrino oder Dolomiti Superski<br data-start=\"2969\" data-end=\"2972\" \/>\u00b7 Skischule. Lerne von Grund auf oder verbessere deine Technik mit 4 Privatstunden Ski oder Snowboard f\u00fcr Erwachsene und Kinder zum Preis von 3<\/p>\n<hr \/>\n<p><strong>Folgende Leistungen sind au\u00dferdem inbegriffen:<\/strong><br \/>\n&#8211; Garage f\u00fcr Motorr\u00e4der je nach Verf\u00fcgbarkeit und\/oder Motorradabstellplatz;<br \/>\n&#8211; Beratung zu Dolomitentouren mit Karten und Erkl\u00e4rungen;<br \/>\n&#8211; Raum zum Trocknen nasser Kleidung;<br \/>\n&#8211; Kostenlose Nutzung der finnischen Sauna;<br \/>\n&#8211; Kostenlose Nutzung des Whirlpools[\/vc_column_text][\/vc_column][\/vc_row][vc_row][vc_column][vc_separator color=&#8220;chino&#8220; style=&#8220;shadow&#8220;][vc_column_text]<strong>N\u00fctzliche Informationen<\/strong><br \/>\nCheck-In Zeiten:Am Anreisetag sind die Zimmer ab 14:00 Uhr verf\u00fcgbar.<br \/>\nCheck-out und sp\u00e4te Check-out Zeiten:<br \/>\nBei der Abreise werden die G\u00e4ste gebeten, ihr Zimmer bis 10:00 Uhr zu verlassen. Es ist jedoch m\u00f6glich, das Zimmer bis 17:00 Uhr gegen einen Aufpreis von 35 \u20ac pro Zimmer zu behalten.<\/p>\n<p>Essenszeiten:<br \/>\nFr\u00fchst\u00fcck: 07:30 bis 10:00 Uhr.<br \/>\nAbendessen: 19:30 Uhr bis 20:00 Uhr<br \/>\n\u00d6ffnungszeiten Wellness-Center<\/p>\n<p>Wellness-Center: 15:00 bis 19:00 Uhr.<br \/>\nDer Wellnessbereich (Saunalandschaft) ist f\u00fcr Erwachsene reserviert.<br \/>\nKinder unter 16 Jahren d\u00fcrfen nur den Poolbereich betreten.<br \/>\n&#8211; gegen Geb\u00fchr, Bademantelverleih \u20ac 20,00<br \/>\nKostenloses WI-FI-Internet: Sie k\u00f6nnen Ihren Benutzernamen und Ihr Passwort f\u00fcr den Zugang zum WI-FI des Hotels direkt im Hotel beim Einchecken anfordern.[\/vc_column_text][\/vc_column][\/vc_row]<\/p>\n","protected":false},"excerpt":{"rendered":"<p>[vc_row][vc_column][vc_column_text] Angebote Hotel Rosa in Vigo di Fassa Urlaubsangebote in Vigo di Fassa in den Dolomiten des Val di Fassa im Trentino. Die Preise k\u00f6nnen je nach folgenden Faktoren variieren:\u00b7 Zeitraum\u00b7 Zimmertyp\u00b7 Verpflegungsart\u00b7 Aufenthaltsdauer Wir empfehlen Ihnen daher, ein ma\u00dfgeschneidertes Angebot f\u00fcr Ihren Urlaub anzufordern!!Bitte senden Sie Ihre Anfrage an folgende Adresse: info@hotelrosa.biz Radsportbegeisterte sind [&hellip;]<\/p>\n","protected":false},"author":2,"featured_media":0,"parent":0,"menu_order":0,"comment_status":"closed","ping_status":"closed","template":"","meta":{"_acf_changed":false,"footnotes":""},"class_list":["post-2523","page","type-page","status-publish","hentry"],"acf":[],"yoast_head":"<!-- This site is optimized with the Yoast SEO plugin v27.4 - https:\/\/yoast.com\/product\/yoast-seo-wordpress\/ -->\n<title>Hotelangebote Vigo di Fassa<\/title>\n<meta name=\"description\" content=\"Hotel Rosa Angebote f\u00fcr Aufenthalte, Ferien und Wochenenden in Vigo di Fassa im sch\u00f6nen Fassatal im Trentino\" \/>\n<meta name=\"robots\" content=\"index, follow, max-snippet:-1, max-image-preview:large, max-video-preview:-1\" \/>\n<link rel=\"canonical\" href=\"https:\/\/hotelrosa.biz\/de\/preis-angebot.html\" \/>\n<meta property=\"og:locale\" content=\"de_DE\" \/>\n<meta property=\"og:type\" content=\"article\" \/>\n<meta property=\"og:title\" content=\"Hotelangebote Vigo di Fassa\" \/>\n<meta property=\"og:description\" content=\"Hotel Rosa Angebote f\u00fcr Aufenthalte, Ferien und Wochenenden in Vigo di Fassa im sch\u00f6nen Fassatal im Trentino\" \/>\n<meta property=\"og:url\" content=\"https:\/\/hotelrosa.biz\/de\/preis-angebot.html\" \/>\n<meta property=\"article:modified_time\" content=\"2025-09-22T16:00:02+00:00\" \/>\n<meta name=\"twitter:card\" content=\"summary_large_image\" \/>\n<meta name=\"twitter:label1\" content=\"Gesch\u00e4tzte Lesezeit\" \/>\n\t<meta name=\"twitter:data1\" content=\"3\u00a0Minuten\" \/>\n<script type=\"application\/ld+json\" class=\"yoast-schema-graph\">{\"@context\":\"https:\\\/\\\/schema.org\",\"@graph\":[{\"@type\":\"WebPage\",\"@id\":\"https:\\\/\\\/hotelrosa.biz\\\/de\\\/preis-angebot.html\",\"url\":\"https:\\\/\\\/hotelrosa.biz\\\/de\\\/preis-angebot.html\",\"name\":\"Hotelangebote Vigo di Fassa\",\"isPartOf\":{\"@id\":\"https:\\\/\\\/hotelrosa.biz\\\/#website\"},\"datePublished\":\"2022-09-10T14:17:06+00:00\",\"dateModified\":\"2025-09-22T16:00:02+00:00\",\"description\":\"Hotel Rosa Angebote f\u00fcr Aufenthalte, Ferien und Wochenenden in Vigo di Fassa im sch\u00f6nen Fassatal im Trentino\",\"breadcrumb\":{\"@id\":\"https:\\\/\\\/hotelrosa.biz\\\/de\\\/preis-angebot.html#breadcrumb\"},\"inLanguage\":\"de\",\"potentialAction\":[{\"@type\":\"ReadAction\",\"target\":[\"https:\\\/\\\/hotelrosa.biz\\\/de\\\/preis-angebot.html\"]}]},{\"@type\":\"BreadcrumbList\",\"@id\":\"https:\\\/\\\/hotelrosa.biz\\\/de\\\/preis-angebot.html#breadcrumb\",\"itemListElement\":[{\"@type\":\"ListItem\",\"position\":1,\"name\":\"Home\",\"item\":\"https:\\\/\\\/hotelrosa.biz\\\/de\\\/\"},{\"@type\":\"ListItem\",\"position\":2,\"name\":\"Angebote\"}]},{\"@type\":\"WebSite\",\"@id\":\"https:\\\/\\\/hotelrosa.biz\\\/#website\",\"url\":\"https:\\\/\\\/hotelrosa.biz\\\/\",\"name\":\"\",\"description\":\"\",\"potentialAction\":[{\"@type\":\"SearchAction\",\"target\":{\"@type\":\"EntryPoint\",\"urlTemplate\":\"https:\\\/\\\/hotelrosa.biz\\\/?s={search_term_string}\"},\"query-input\":{\"@type\":\"PropertyValueSpecification\",\"valueRequired\":true,\"valueName\":\"search_term_string\"}}],\"inLanguage\":\"de\"}]}<\/script>\n<!-- \/ Yoast SEO plugin. -->","yoast_head_json":{"title":"Hotelangebote Vigo di Fassa","description":"Hotel Rosa Angebote f\u00fcr Aufenthalte, Ferien und Wochenenden in Vigo di Fassa im sch\u00f6nen Fassatal im Trentino","robots":{"index":"index","follow":"follow","max-snippet":"max-snippet:-1","max-image-preview":"max-image-preview:large","max-video-preview":"max-video-preview:-1"},"canonical":"https:\/\/hotelrosa.biz\/de\/preis-angebot.html","og_locale":"de_DE","og_type":"article","og_title":"Hotelangebote Vigo di Fassa","og_description":"Hotel Rosa Angebote f\u00fcr Aufenthalte, Ferien und Wochenenden in Vigo di Fassa im sch\u00f6nen Fassatal im Trentino","og_url":"https:\/\/hotelrosa.biz\/de\/preis-angebot.html","article_modified_time":"2025-09-22T16:00:02+00:00","twitter_card":"summary_large_image","twitter_misc":{"Gesch\u00e4tzte Lesezeit":"3\u00a0Minuten"},"schema":{"@context":"https:\/\/schema.org","@graph":[{"@type":"WebPage","@id":"https:\/\/hotelrosa.biz\/de\/preis-angebot.html","url":"https:\/\/hotelrosa.biz\/de\/preis-angebot.html","name":"Hotelangebote Vigo di Fassa","isPartOf":{"@id":"https:\/\/hotelrosa.biz\/#website"},"datePublished":"2022-09-10T14:17:06+00:00","dateModified":"2025-09-22T16:00:02+00:00","description":"Hotel Rosa Angebote f\u00fcr Aufenthalte, Ferien und Wochenenden in Vigo di Fassa im sch\u00f6nen Fassatal im Trentino","breadcrumb":{"@id":"https:\/\/hotelrosa.biz\/de\/preis-angebot.html#breadcrumb"},"inLanguage":"de","potentialAction":[{"@type":"ReadAction","target":["https:\/\/hotelrosa.biz\/de\/preis-angebot.html"]}]},{"@type":"BreadcrumbList","@id":"https:\/\/hotelrosa.biz\/de\/preis-angebot.html#breadcrumb","itemListElement":[{"@type":"ListItem","position":1,"name":"Home","item":"https:\/\/hotelrosa.biz\/de\/"},{"@type":"ListItem","position":2,"name":"Angebote"}]},{"@type":"WebSite","@id":"https:\/\/hotelrosa.biz\/#website","url":"https:\/\/hotelrosa.biz\/","name":"","description":"","potentialAction":[{"@type":"SearchAction","target":{"@type":"EntryPoint","urlTemplate":"https:\/\/hotelrosa.biz\/?s={search_term_string}"},"query-input":{"@type":"PropertyValueSpecification","valueRequired":true,"valueName":"search_term_string"}}],"inLanguage":"de"}]}},"_links":{"self":[{"href":"https:\/\/hotelrosa.biz\/de\/wp-json\/wp\/v2\/pages\/2523\/"}],"collection":[{"href":"https:\/\/hotelrosa.biz\/de\/wp-json\/wp\/v2\/pages\/"}],"about":[{"href":"https:\/\/hotelrosa.biz\/de\/wp-json\/wp\/v2\/types\/page\/"}],"author":[{"embeddable":true,"href":"https:\/\/hotelrosa.biz\/de\/wp-json\/wp\/v2\/users\/2\/"}],"replies":[{"embeddable":true,"href":"https:\/\/hotelrosa.biz\/de\/wp-json\/wp\/v2\/comments\/?post=2523"}],"version-history":[{"count":19,"href":"https:\/\/hotelrosa.biz\/de\/wp-json\/wp\/v2\/pages\/2523\/revisions\/"}],"predecessor-version":[{"id":7085,"href":"https:\/\/hotelrosa.biz\/de\/wp-json\/wp\/v2\/pages\/2523\/revisions\/7085\/"}],"wp:attachment":[{"href":"https:\/\/hotelrosa.biz\/de\/wp-json\/wp\/v2\/media\/?parent=2523"}],"curies":[{"name":"wp","href":"https:\/\/api.w.org\/{rel}","templated":true}]}}