{"id":2515,"date":"2022-09-10T16:16:17","date_gmt":"2022-09-10T14:16:17","guid":{"rendered":"https:\/\/hotelrosa.biz\/hotel.html"},"modified":"2025-07-03T19:49:26","modified_gmt":"2025-07-03T17:49:26","slug":"hotel-3-stern-vigo-fassa","status":"publish","type":"page","link":"https:\/\/hotelrosa.biz\/de\/hotel-3-stern-vigo-fassa.html","title":{"rendered":"Hotels"},"content":{"rendered":"<p>[vc_row][vc_column][vc_column_text]<\/p>\n<h1 style=\"text-align: center;\"><span style=\"color: #cc9933;\">3-Sterne-Hotel in Vigo di Fassa<\/span><\/h1>\n<h1 style=\"text-align: center;\"><span style=\"color: #cc9933;\">Traditionelle Berghotel-Gastfreundschaft<\/span><\/h1>\n<p>Das Hotel Rosa zeichnet sich durch seine wunderbare Lage im Zentrum des Fassatals aus. Jeden Tag, von morgens bis abends, wird es von der Sonne gek\u00fcsst, die es mit ihrer W\u00e4rme umarmt und die Ferien seiner G\u00e4ste erhellt.<\/p>\n<p>Seine echte Gastfreundschaft und seine Dienstleistungen machen es zu einem ausgezeichneten 3-Sterne-Hotel in Vigo di Fassa, ideal f\u00fcr alle, die einen Urlaub im Fassatal inmitten des herrlichen Tourismusgebiets der Trentiner Dolomiten erleben m\u00f6chten.<\/p>\n<p>Man muss nur aus dem Hotel heraustreten, um auf den Pfaden zu wandern, die in die W\u00e4lder f\u00fchren, oder zum Costalunga-Pass hinaufgehen, um die Emotionen der Natur zu erleben. Wer die majest\u00e4tische Kulisse der Dolomiten bewundern m\u00f6chte, nimmt einfach die etwa 300 Meter vom Hotel entfernte Seilbahn zum Rosengarten und genie\u00dft die Aussicht.<\/p>\n<p>Das Hotel Rosa, ein 3-Sterne-Hotel auf 1396 m H\u00f6he im Zentrum des charakteristischen Bergdorfes Vigo di Fassa, wurde komplett renoviert und neu ausgestattet. 26 Zimmer verschiedener Typen und 6 Suiten sind mit allem Komfort ausgestattet: mit Panoramablick auf das Fassatal und die Dolomiten.<\/p>\n<p>Das Aush\u00e4ngeschild des Hotels ist das brandneue Wellness Center &amp; SPA, das mit den neuesten Technologien ausgestattet ist und alle Bed\u00fcrfnisse befriedigen kann.[\/vc_column_text][\/vc_column][\/vc_row][vc_row][vc_column width=&#8220;1\/4&#8243;][vc_single_image image=&#8220;2218&#8243; img_size=&#8220;400&#215;300&#8243;][\/vc_column][vc_column width=&#8220;1\/4&#8243;][vc_single_image image=&#8220;2242&#8243; img_size=&#8220;400&#215;300&#8243;][\/vc_column][vc_column width=&#8220;1\/4&#8243;][vc_single_image image=&#8220;2234&#8243; img_size=&#8220;400&#215;300&#8243;][\/vc_column][vc_column width=&#8220;1\/4&#8243;][vc_single_image image=&#8220;719&#8243; img_size=&#8220;400&#215;300&#8243;][\/vc_column][\/vc_row][vc_row][vc_column][vc_column_text]Den G\u00e4sten stehen ein gro\u00dfer Aufenthaltsraum mit einer Stube f\u00fcr angenehme Abende in Gesellschaft, eine gut ausgestattete Bar und ein Restaurant mit traditionellen Trentiner Gerichten zur Verf\u00fcgung.<\/p>\n<p>Den G\u00e4sten stehen mehrere wichtige Serviceleistungen zur Verf\u00fcgung, wie z. B. eine Garage mit \u00fcberdachten Stellpl\u00e4tzen, ein nicht \u00fcberdachter Parkplatz und ein gro\u00dfer Raum zur Aufbewahrung von Skiern und Schuhen.<\/p>\n<p>Dank seiner privilegierten Lage, nur wenige Schritte von den Skiliften entfernt, die man mit den Skiern erreichen kann, ist das Hotel der Ausgangspunkt f\u00fcr Wanderungen und Ausfl\u00fcge im ganzen Tal.<\/p>\n<p>Das Hotel Rosa ist der Bezugspunkt f\u00fcr alle, die die authentischsten Erlebnisse in den Bergen, sportliche Aktivit\u00e4ten, Ausfl\u00fcge, Natur, Kultur usw. genie\u00dfen wollen, aber auch f\u00fcr diejenigen, die das einfache Vergn\u00fcgen der absoluten Entspannung suchen, um K\u00f6rper und Geist zu regenerieren[\/vc_column_text][\/vc_column][\/vc_row][vc_row full_width=&#8220;stretch_row_content_no_spaces&#8220; css=&#8220;.vc_custom_1664101642789{background-color: #000000 !important;}&#8220;][vc_column][vc_gallery type=&#8220;image_grid&#8220; images=&#8220;5874,799,783,775,767,759,751,6842,3407,3519,3515,4538,4534,4530,4526,4522,4518,4514,4510,4506,6742,6786,6729,6762&#8243; img_size=&#8220;300&#215;200&#8243;][\/vc_column][\/vc_row]<\/p>\n","protected":false},"excerpt":{"rendered":"<p>[vc_row][vc_column][vc_column_text] 3-Sterne-Hotel in Vigo di Fassa Traditionelle Berghotel-Gastfreundschaft Das Hotel Rosa zeichnet sich durch seine wunderbare Lage im Zentrum des Fassatals aus. Jeden Tag, von morgens bis abends, wird es von der Sonne gek\u00fcsst, die es mit ihrer W\u00e4rme umarmt und die Ferien seiner G\u00e4ste erhellt. Seine echte Gastfreundschaft und seine Dienstleistungen machen es zu [&hellip;]<\/p>\n","protected":false},"author":2,"featured_media":0,"parent":0,"menu_order":0,"comment_status":"closed","ping_status":"closed","template":"","meta":{"_acf_changed":false,"footnotes":""},"class_list":["post-2515","page","type-page","status-publish","hentry"],"acf":[],"yoast_head":"<!-- This site is optimized with the Yoast SEO plugin v27.4 - https:\/\/yoast.com\/product\/yoast-seo-wordpress\/ -->\n<title>3-Sterne-Hotels in Vigo di Fassa<\/title>\n<meta name=\"description\" content=\"Das 3-Sterne-Hotel in Vigo di Fassa ist ein ideales Hotel f\u00fcr einen Urlaub im Fassatal in den Dolomiten des Trentino\" \/>\n<meta name=\"robots\" content=\"index, follow, max-snippet:-1, max-image-preview:large, max-video-preview:-1\" \/>\n<link rel=\"canonical\" href=\"https:\/\/hotelrosa.biz\/de\/hotel-3-stern-vigo-fassa.html\" \/>\n<meta property=\"og:locale\" content=\"de_DE\" \/>\n<meta property=\"og:type\" content=\"article\" \/>\n<meta property=\"og:title\" content=\"3-Sterne-Hotels in Vigo di Fassa\" \/>\n<meta property=\"og:description\" content=\"Das 3-Sterne-Hotel in Vigo di Fassa ist ein ideales Hotel f\u00fcr einen Urlaub im Fassatal in den Dolomiten des Trentino\" \/>\n<meta property=\"og:url\" content=\"https:\/\/hotelrosa.biz\/de\/hotel-3-stern-vigo-fassa.html\" \/>\n<meta property=\"article:modified_time\" content=\"2025-07-03T17:49:26+00:00\" \/>\n<meta name=\"twitter:card\" content=\"summary_large_image\" \/>\n<meta name=\"twitter:label1\" content=\"Gesch\u00e4tzte Lesezeit\" \/>\n\t<meta name=\"twitter:data1\" content=\"8\u00a0Minuten\" \/>\n<script type=\"application\/ld+json\" class=\"yoast-schema-graph\">{\"@context\":\"https:\\\/\\\/schema.org\",\"@graph\":[{\"@type\":\"WebPage\",\"@id\":\"https:\\\/\\\/hotelrosa.biz\\\/de\\\/hotel-3-stern-vigo-fassa.html\",\"url\":\"https:\\\/\\\/hotelrosa.biz\\\/de\\\/hotel-3-stern-vigo-fassa.html\",\"name\":\"3-Sterne-Hotels in Vigo di Fassa\",\"isPartOf\":{\"@id\":\"https:\\\/\\\/hotelrosa.biz\\\/#website\"},\"datePublished\":\"2022-09-10T14:16:17+00:00\",\"dateModified\":\"2025-07-03T17:49:26+00:00\",\"description\":\"Das 3-Sterne-Hotel in Vigo di Fassa ist ein ideales Hotel f\u00fcr einen Urlaub im Fassatal in den Dolomiten des Trentino\",\"breadcrumb\":{\"@id\":\"https:\\\/\\\/hotelrosa.biz\\\/de\\\/hotel-3-stern-vigo-fassa.html#breadcrumb\"},\"inLanguage\":\"de\",\"potentialAction\":[{\"@type\":\"ReadAction\",\"target\":[\"https:\\\/\\\/hotelrosa.biz\\\/de\\\/hotel-3-stern-vigo-fassa.html\"]}]},{\"@type\":\"BreadcrumbList\",\"@id\":\"https:\\\/\\\/hotelrosa.biz\\\/de\\\/hotel-3-stern-vigo-fassa.html#breadcrumb\",\"itemListElement\":[{\"@type\":\"ListItem\",\"position\":1,\"name\":\"Home\",\"item\":\"https:\\\/\\\/hotelrosa.biz\\\/de\\\/\"},{\"@type\":\"ListItem\",\"position\":2,\"name\":\"Hotels\"}]},{\"@type\":\"WebSite\",\"@id\":\"https:\\\/\\\/hotelrosa.biz\\\/#website\",\"url\":\"https:\\\/\\\/hotelrosa.biz\\\/\",\"name\":\"\",\"description\":\"\",\"potentialAction\":[{\"@type\":\"SearchAction\",\"target\":{\"@type\":\"EntryPoint\",\"urlTemplate\":\"https:\\\/\\\/hotelrosa.biz\\\/?s={search_term_string}\"},\"query-input\":{\"@type\":\"PropertyValueSpecification\",\"valueRequired\":true,\"valueName\":\"search_term_string\"}}],\"inLanguage\":\"de\"}]}<\/script>\n<!-- \/ Yoast SEO plugin. -->","yoast_head_json":{"title":"3-Sterne-Hotels in Vigo di Fassa","description":"Das 3-Sterne-Hotel in Vigo di Fassa ist ein ideales Hotel f\u00fcr einen Urlaub im Fassatal in den Dolomiten des Trentino","robots":{"index":"index","follow":"follow","max-snippet":"max-snippet:-1","max-image-preview":"max-image-preview:large","max-video-preview":"max-video-preview:-1"},"canonical":"https:\/\/hotelrosa.biz\/de\/hotel-3-stern-vigo-fassa.html","og_locale":"de_DE","og_type":"article","og_title":"3-Sterne-Hotels in Vigo di Fassa","og_description":"Das 3-Sterne-Hotel in Vigo di Fassa ist ein ideales Hotel f\u00fcr einen Urlaub im Fassatal in den Dolomiten des Trentino","og_url":"https:\/\/hotelrosa.biz\/de\/hotel-3-stern-vigo-fassa.html","article_modified_time":"2025-07-03T17:49:26+00:00","twitter_card":"summary_large_image","twitter_misc":{"Gesch\u00e4tzte Lesezeit":"8\u00a0Minuten"},"schema":{"@context":"https:\/\/schema.org","@graph":[{"@type":"WebPage","@id":"https:\/\/hotelrosa.biz\/de\/hotel-3-stern-vigo-fassa.html","url":"https:\/\/hotelrosa.biz\/de\/hotel-3-stern-vigo-fassa.html","name":"3-Sterne-Hotels in Vigo di Fassa","isPartOf":{"@id":"https:\/\/hotelrosa.biz\/#website"},"datePublished":"2022-09-10T14:16:17+00:00","dateModified":"2025-07-03T17:49:26+00:00","description":"Das 3-Sterne-Hotel in Vigo di Fassa ist ein ideales Hotel f\u00fcr einen Urlaub im Fassatal in den Dolomiten des Trentino","breadcrumb":{"@id":"https:\/\/hotelrosa.biz\/de\/hotel-3-stern-vigo-fassa.html#breadcrumb"},"inLanguage":"de","potentialAction":[{"@type":"ReadAction","target":["https:\/\/hotelrosa.biz\/de\/hotel-3-stern-vigo-fassa.html"]}]},{"@type":"BreadcrumbList","@id":"https:\/\/hotelrosa.biz\/de\/hotel-3-stern-vigo-fassa.html#breadcrumb","itemListElement":[{"@type":"ListItem","position":1,"name":"Home","item":"https:\/\/hotelrosa.biz\/de\/"},{"@type":"ListItem","position":2,"name":"Hotels"}]},{"@type":"WebSite","@id":"https:\/\/hotelrosa.biz\/#website","url":"https:\/\/hotelrosa.biz\/","name":"","description":"","potentialAction":[{"@type":"SearchAction","target":{"@type":"EntryPoint","urlTemplate":"https:\/\/hotelrosa.biz\/?s={search_term_string}"},"query-input":{"@type":"PropertyValueSpecification","valueRequired":true,"valueName":"search_term_string"}}],"inLanguage":"de"}]}},"_links":{"self":[{"href":"https:\/\/hotelrosa.biz\/de\/wp-json\/wp\/v2\/pages\/2515\/"}],"collection":[{"href":"https:\/\/hotelrosa.biz\/de\/wp-json\/wp\/v2\/pages\/"}],"about":[{"href":"https:\/\/hotelrosa.biz\/de\/wp-json\/wp\/v2\/types\/page\/"}],"author":[{"embeddable":true,"href":"https:\/\/hotelrosa.biz\/de\/wp-json\/wp\/v2\/users\/2\/"}],"replies":[{"embeddable":true,"href":"https:\/\/hotelrosa.biz\/de\/wp-json\/wp\/v2\/comments\/?post=2515"}],"version-history":[{"count":8,"href":"https:\/\/hotelrosa.biz\/de\/wp-json\/wp\/v2\/pages\/2515\/revisions\/"}],"predecessor-version":[{"id":6863,"href":"https:\/\/hotelrosa.biz\/de\/wp-json\/wp\/v2\/pages\/2515\/revisions\/6863\/"}],"wp:attachment":[{"href":"https:\/\/hotelrosa.biz\/de\/wp-json\/wp\/v2\/media\/?parent=2515"}],"curies":[{"name":"wp","href":"https:\/\/api.w.org\/{rel}","templated":true}]}}