{"id":2514,"date":"2022-08-27T09:51:33","date_gmt":"2022-08-27T07:51:33","guid":{"rendered":"https:\/\/hotelrosa.biz\/pagina-di-esempio.html"},"modified":"2025-07-26T09:33:37","modified_gmt":"2025-07-26T07:33:37","slug":"pagina-di-esempio","status":"publish","type":"page","link":"https:\/\/hotelrosa.biz\/de\/","title":{"rendered":"Home"},"content":{"rendered":"[vc_row][vc_column][vc_column_text]\r\n<div class=\"n2_ss_slider_publish__option_code\" dir=\"ltr\" data-mode=\"id\"><\/div>\r\n[\/vc_column_text][\/vc_column][\/vc_row][vc_row css=&#8220;.vc_custom_1663920012423{background-position: center !important;background-repeat: no-repeat !important;background-size: cover !important;}&#8220;][vc_column][vc_column_text]\r\n<h1 style=\"text-align: center;\"><span style=\"color: #cc9933;\">Willkommen im Hotel Rosa *** in Vigo di Fassa<\/span><\/h1>\r\n<h1 style=\"text-align: center;\"><span style=\"color: #cc9933;\">Erleben Sie einen Urlaub in den Dolomiten des Trentino<\/span><\/h1>\r\n[\/vc_column_text][\/vc_column][\/vc_row][vc_row css=&#8220;.vc_custom_1663920012423{background-position: center !important;background-repeat: no-repeat !important;background-size: cover !important;}&#8220;][vc_column width=&#8220;1\/2&#8243;][vc_column_text]\r\n<p style=\"text-align: justify;\">Majest\u00e4tische Landschaften, atemberaubende Panoramen und Gebiete von unermesslichem naturalistischem Wert umgeben das Hotel Rosa in Vigo di Fassa, das dank seiner neuen Renovierung ein neues Konzept der Gastfreundschaft geschaffen hat, in dem Komfort und Wohlbefinden zusammenkommen, um den Gast in einen unvergesslichen Urlaub zu verwickeln.<\/p>\r\n<p style=\"text-align: justify;\">Die Umgebung des Fassatals, umgeben von den Dolomiten, die zum Unesco-Kulturerbe geh\u00f6ren, macht jeden Moment, den man im Kontakt mit der Natur verbringt, magisch und ewig, und der Charme des Dolomitenpanoramas bewahrt die wertvollste Authentizit\u00e4t der gelebten Erfahrung, in jedem Moment des Tages.<\/p>\r\n<p style=\"text-align: justify;\">In dieser zauberhaften Atmosph\u00e4re erwartet Sie das Hotel Rosa in Vigo di Fassa, um Sie einen Urlaub in den Trentiner Dolomiten erleben zu lassen, inmitten unber\u00fchrter Natur, zwischen T\u00e4lern, W\u00e4ldern und gr\u00fcnen Wiesen, die im Winter dank der Skilifte von Dolomiti Superski das Beste f\u00fcr die Liebhaber von Ski- und Schneeferien im Trentino bieten.<\/p>\r\n<p style=\"text-align: justify;\">Der Stolz unseres Hotels in Vigo di Fassa ist das brandneue und gut ausgestattete Wellness Center &amp; Spa Dolomiti, in dem die G\u00e4ste eintauchen k\u00f6nnen, um absolutes Wohlbefinden und Entspannung zu genie\u00dfen.<\/p>\r\n<p style=\"text-align: justify;\"><\/p>\r\n\r\n<h1 style=\"text-align: center;\"><\/h1>\r\n[\/vc_column_text][\/vc_column][vc_column width=&#8220;1\/2&#8243;][vc_video link=&#8220;https:\/\/www.youtube.com\/watch?v=btJR08UHc4Y&#8220; title=&#8220;SEHEN SIE DAS PANORAMA-VIDEO&#8220;][\/vc_column][\/vc_row][vc_row][vc_column][vc_column_text]\r\n<h1 style=\"text-align: center;\"><span style=\"color: #cc9933;\">Highlights Hotel Rosa: Gastgewerbe und Dienstleistungen<\/span><\/h1>\r\n[\/vc_column_text][\/vc_column][\/vc_row][vc_row][vc_column width=&#8220;1\/2&#8243;][vc_column_text]\r\n<p style=\"text-align: justify;\">Das Hotel Rosa liegt im Zentrum von Vigo di Fassa, in unmittelbarer N\u00e4he der Skilifte, und verf\u00fcgt \u00fcber <strong>26 ger\u00e4umige und komfortable Zimmer und 6 Suiten<\/strong>, einen<strong> gro\u00dfen Wellnessbereich<\/strong>, eine Sonnenterrasse, einen <strong>Garten<\/strong>, ein Restaurant, eine<strong> Garage<\/strong>, einen Au\u00dfenparkplatz, einen Ski- und Fahrradabstellplatz und einen herrlichen Panoramablick auf das Fassatal und die Dolomiten.<\/p>\r\n<p style=\"text-align: justify;\">Neben der komplett renovierten Struktur bietet das Hotel Rosa in Vigo di Fassa die echte Gastfreundschaft des Trentino und der Bergbev\u00f6lkerung, die sich durch Professionalit\u00e4t, Authentizit\u00e4t und menschliche W\u00e4rme auszeichnet.<\/p>\r\n[\/vc_column_text][\/vc_column][vc_column width=&#8220;1\/2&#8243;][vc_video link=&#8220;https:\/\/www.youtube.com\/watch?v=_oFhCox0pK8&#8243; title=&#8220;SEHEN SIE DAS VIDEO VOM GART&#8220;][\/vc_column][\/vc_row][vc_row full_width=&#8220;stretch_row_content_no_spaces&#8220; css=&#8220;.vc_custom_1664033625838{background-color: #a3a3a3 !important;}&#8220;][vc_column][vc_column_text]\t\t<div class=\"wpsisac-slick-carousal-wrp wpsisac-clearfix \" data-conf=\"{&quot;slidestoshow&quot;:&quot;3&quot;,&quot;slidestoscroll&quot;:1,&quot;dots&quot;:&quot;true&quot;,&quot;arrows&quot;:&quot;true&quot;,&quot;autoplay&quot;:&quot;true&quot;,&quot;autoplay_interval&quot;:3000,&quot;speed&quot;:300,&quot;rtl&quot;:&quot;false&quot;,&quot;centermode&quot;:&quot;false&quot;,&quot;lazyload&quot;:&quot;&quot;,&quot;variablewidth&quot;:&quot;false&quot;,&quot;loop&quot;:&quot;true&quot;,&quot;hover_pause&quot;:&quot;true&quot;}\">\r\t\t\t<div id=\"wpsisac-slick-carousal-1\" class=\"wpsisac-slick-init wpsisac-slick-carousal design-1  simplecarousal\">\r\r\t\t\t\t<div class=\"wpsisac-image-slide\">\r\t\t\t<a href=\"https:\/\/hotelrosa.biz\/de\/restaurant.html\">\r\t\t\t<div class=\"wpsisac-image-slide-wrap\" style=\"\">\r\t\t\t\t<img decoding=\"async\"  src=\"https:\/\/hotelrosa.biz\/wp-content\/uploads\/2022\/09\/stube1.jpg\" alt=\"Stube&#038;RestaurantTED\" \/>\r\t\t\t<\/div>\r\t\t<\/a>\r\t<\/div><div class=\"wpsisac-image-slide\">\r\t\t\t<a href=\"https:\/\/hotelrosa.biz\/de\/wellness-spa.html\">\r\t\t\t<div class=\"wpsisac-image-slide-wrap\" style=\"\">\r\t\t\t\t<img decoding=\"async\"  src=\"https:\/\/hotelrosa.biz\/wp-content\/uploads\/2022\/09\/wellnessespahotelrosa.jpg\" alt=\"WellnessTED\" \/>\r\t\t\t<\/div>\r\t\t<\/a>\r\t<\/div><div class=\"wpsisac-image-slide\">\r\t\t\t<a href=\"https:\/\/hotelrosa.biz\/de\/zimmer.html\">\r\t\t\t<div class=\"wpsisac-image-slide-wrap\" style=\"\">\r\t\t\t\t<img decoding=\"async\"  src=\"https:\/\/hotelrosa.biz\/wp-content\/uploads\/2022\/10\/Welness-SPA-5.png\" alt=\"Camere&#038;SuitesTED\" \/>\r\t\t\t<\/div>\r\t\t<\/a>\r\t<\/div><div class=\"wpsisac-image-slide\">\r\t\t\t<a href=\"https:\/\/hotelrosa.biz\/de\/hotel-3-stern-vigo-fassa.html\">\r\t\t\t<div class=\"wpsisac-image-slide-wrap\" style=\"\">\r\t\t\t\t<img decoding=\"async\"  src=\"https:\/\/hotelrosa.biz\/wp-content\/uploads\/2022\/10\/hotel-rosa-scritta-4sett.jpg\" alt=\"HotelTED\" \/>\r\t\t\t<\/div>\r\t\t<\/a>\r\t<\/div>\r\t\t\t<\/div>\r\t\t<\/div>\r\t[\/vc_column_text][\/vc_column][\/vc_row][vc_row][vc_column][vc_column_text]\r\n<h1 style=\"text-align: center;\"><span style=\"color: #cc9933;\">Ihre Erfahrungen im Fassatal<\/span><\/h1>\r\n<h1 style=\"text-align: center;\"><span style=\"color: #cc9933;\">Natur &#8211; Sport &#8211; Wellness &#8211; Kultur<\/span><\/h1>\r\n[\/vc_column_text][vc_column_text]Vigo di Fassa ist das ideale Ziel f\u00fcr Urlaubserlebnisse im Fassatal in den Dolomiten, f\u00fcr Ferien, Aufenthalte und Wochenenden im Zeichen der Natur, des Sports, der Trentiner K\u00f6stlichkeiten, der Kultur oder einfach der Entspannung und Erholung, um Ihren Urlaub in den Bergen des Trentino voll und ganz zu genie\u00dfen.\r\n\r\nSommerferienerlebnisse mit Wandern, Trekking, Mountainbiking, etc. Oder, im Winter, die Erfahrung von Skiurlauben und Skiwochen, um den Nervenkitzel des Skifahrens zu erleben.\r\n\r\nDank seiner privilegierten Lage ist das Hotel Rosa das Referenzhotel f\u00fcr Ihre Erlebnisse im Fassatal, egal ob Sie einen erholsamen Urlaub oder einen aktiven Urlaub mit sportlichen Aktivit\u00e4ten verbringen m\u00f6chten.[\/vc_column_text][\/vc_column][\/vc_row][vc_row full_width=&#8220;stretch_row_content&#8220; css=&#8220;.vc_custom_1664032296238{background-color: #a3a3a3 !important;}&#8220;][vc_column][vc_column_text]\t\t<div class=\"wpsisac-slick-carousal-wrp wpsisac-clearfix \" data-conf=\"{&quot;slidestoshow&quot;:&quot;3&quot;,&quot;slidestoscroll&quot;:1,&quot;dots&quot;:&quot;true&quot;,&quot;arrows&quot;:&quot;true&quot;,&quot;autoplay&quot;:&quot;true&quot;,&quot;autoplay_interval&quot;:3000,&quot;speed&quot;:300,&quot;rtl&quot;:&quot;false&quot;,&quot;centermode&quot;:&quot;false&quot;,&quot;lazyload&quot;:&quot;&quot;,&quot;variablewidth&quot;:&quot;false&quot;,&quot;loop&quot;:&quot;true&quot;,&quot;hover_pause&quot;:&quot;true&quot;}\">\r\t\t\t<div id=\"wpsisac-slick-carousal-2\" class=\"wpsisac-slick-init wpsisac-slick-carousal design-1  simplecarousal\">\r\r\t\t\t\t<div class=\"wpsisac-image-slide\">\r\t\t\t<a href=\"https:\/\/hotelrosa.biz\/de\/ferien-fuer-radfahrer.html\">\r\t\t\t<div class=\"wpsisac-image-slide-wrap\" style=\"\">\r\t\t\t\t<img decoding=\"async\"  src=\"https:\/\/hotelrosa.biz\/wp-content\/uploads\/2022\/09\/motorbikehotelrosa.jpg\" alt=\"ex-motorbike-ted\" \/>\r\t\t\t<\/div>\r\t\t<\/a>\r\t<\/div><div class=\"wpsisac-image-slide\">\r\t\t\t<a href=\"https:\/\/hotelrosa.biz\/de\/radtourismus-und-mountainbiking.html\">\r\t\t\t<div class=\"wpsisac-image-slide-wrap\" style=\"\">\r\t\t\t\t<img decoding=\"async\"  src=\"https:\/\/hotelrosa.biz\/wp-content\/uploads\/2022\/10\/de-5cicloturismo.jpg\" alt=\"ex-mountainbike-ted\" \/>\r\t\t\t<\/div>\r\t\t<\/a>\r\t<\/div><div class=\"wpsisac-image-slide\">\r\t\t\t<a href=\"https:\/\/hotelrosa.biz\/de\/sportliche-aktivitaet.html\">\r\t\t\t<div class=\"wpsisac-image-slide-wrap\" style=\"\">\r\t\t\t\t<img decoding=\"async\"  src=\"https:\/\/hotelrosa.biz\/wp-content\/uploads\/2022\/10\/de-4sportattivita.jpg\" alt=\"ex-sportactivity-ted\" \/>\r\t\t\t<\/div>\r\t\t<\/a>\r\t<\/div><div class=\"wpsisac-image-slide\">\r\t\t\t<a href=\"https:\/\/hotelrosa.biz\/de\/natur-parks-fassatal.html\">\r\t\t\t<div class=\"wpsisac-image-slide-wrap\" style=\"\">\r\t\t\t\t<img decoding=\"async\"  src=\"https:\/\/hotelrosa.biz\/wp-content\/uploads\/2022\/10\/de-3parchi.jpg\" alt=\"ex-parchi-ted\" \/>\r\t\t\t<\/div>\r\t\t<\/a>\r\t<\/div><div class=\"wpsisac-image-slide\">\r\t\t\t<a href=\"https:\/\/hotelrosa.biz\/de\/kunst-und-kultur-im-val-di-fassa.html\">\r\t\t\t<div class=\"wpsisac-image-slide-wrap\" style=\"\">\r\t\t\t\t<img decoding=\"async\"  src=\"https:\/\/hotelrosa.biz\/wp-content\/uploads\/2022\/10\/de-2cultura.jpg\" alt=\"ex-cultura-ted\" \/>\r\t\t\t<\/div>\r\t\t<\/a>\r\t<\/div><div class=\"wpsisac-image-slide\">\r\t\t\t<a href=\"https:\/\/hotelrosa.biz\/de\/val-di-fassa-erfahrung.html\">\r\t\t\t<div class=\"wpsisac-image-slide-wrap\" style=\"\">\r\t\t\t\t<img decoding=\"async\"  src=\"https:\/\/hotelrosa.biz\/wp-content\/uploads\/2022\/10\/de-1valdifassaexperience.jpg\" alt=\"ex-expvaldifassa-ted\" \/>\r\t\t\t<\/div>\r\t\t<\/a>\r\t<\/div><div class=\"wpsisac-image-slide\">\r\t\t\t<a href=\"https:\/\/hotelrosa.biz\/de\/winter-urlaub-val-assa.html\">\r\t\t\t<div class=\"wpsisac-image-slide-wrap\" style=\"\">\r\t\t\t\t<img decoding=\"async\"  src=\"https:\/\/hotelrosa.biz\/wp-content\/uploads\/2022\/10\/de-6ski.jpg\" alt=\"ex-ski-ted\" \/>\r\t\t\t<\/div>\r\t\t<\/a>\r\t<\/div>\r\t\t\t<\/div>\r\t\t<\/div>\r\t[\/vc_column_text][\/vc_column][\/vc_row][vc_row][vc_column][vc_column_text]\r\n<h1 style=\"text-align: center;\"><span style=\"color: #cc9933;\">Book your experiences in Val di Fassa<\/span><\/h1>\r\n<h3 style=\"text-align: center;\"><strong>Hotel Rosa is an Outdoor Hotel affiliated with FASSASPORT.COM<\/strong>\r\n<strong>Discounts up to 50% on the different experiences of the &#8222;SUMMER OUTDOOR&#8220; Package<\/strong><\/h3>\r\n<!-- FareHarbor item grid of flow #385703 -->\r\n<script src=\"https:\/\/fareharbor.com\/embeds\/script\/items\/fassasport\/?full-items=yes&#038;fallback=simple&#038;ref=rosavigo-asn&#038;asn=hotelrosavigo-eur&#038;asn-ref=rosavigo-asn&#038;flow=385703&#038;language=en-gb\"><\/script>[\/vc_column_text][\/vc_column][\/vc_row][vc_row][vc_column][vc_column_text]\r\n<h1 style=\"text-align: center;\"><span style=\"color: #cc9933;\">Fotogalerie<\/span><\/h1>\r\n[\/vc_column_text][\/vc_column][\/vc_row][vc_row full_width=&#8220;stretch_row_content_no_spaces&#8220; css=&#8220;.vc_custom_1664033838293{background-color: #a3a3a3 !important;}&#8220;][vc_column css=&#8220;.vc_custom_1664100611973{padding-left: 50px !important;}&#8220;][vc_gallery type=&#8220;image_grid&#8220; images=&#8220;474,4008,4791,4787,4238,4732,4716,4712,727,735,743,498,759,767,482,703,4661,4649,4072,4665,3928,783,791,506,514,530,538,522&#8243; css_animation=&#8220;none&#8220; css=&#8220;.vc_custom_1682518528081{padding-right: 5px !important;padding-left: 5px !important;}&#8220;][\/vc_column][\/vc_row][vc_row full_width=&#8220;stretch_row&#8220; css=&#8220;.vc_custom_1663946989080{background-color: #e5e5e5 !important;}&#8220;][vc_column width=&#8220;1\/2&#8243;][vc_column_text]\r\n\r\n<strong>Val di Fassa &#8211; Vigo di Fassa (TN) <\/strong>\r\n\r\n[\/vc_column_text][vc_single_image image=&#8220;870&#8243; img_size=&#8220;573X506&#8243;][\/vc_column][vc_column width=&#8220;1\/2&#8243; css=&#8220;.vc_custom_1663947287208{border-left-width: 1px !important;padding-left: 30px !important;background-color: #e5e5e5 !important;border-left-color: #000000 !important;border-left-style: dashed !important;}&#8220;][vc_column_text css=&#8220;.vc_custom_1664447411277{background-color: #e5e5e5 !important;}&#8220;]<strong>Formular f\u00fcr Informationsanfragen<\/strong>\r\n\r\n[\/vc_column_text][vc_column_text]\r\n\r\n\n<div class=\"wpcf7 no-js\" id=\"wpcf7-f6-o1\" lang=\"it-IT\" dir=\"ltr\" data-wpcf7-id=\"6\">\n<div class=\"screen-reader-response\"><p role=\"status\" aria-live=\"polite\" aria-atomic=\"true\"><\/p> <ul><\/ul><\/div>\n<form action=\"\/de\/wp-json\/wp\/v2\/pages\/2514\/#wpcf7-f6-o1\" method=\"post\" class=\"wpcf7-form init\" aria-label=\"Modulo di contatto\" novalidate=\"novalidate\" data-status=\"init\">\n<fieldset class=\"hidden-fields-container\"><input type=\"hidden\" name=\"_wpcf7\" value=\"6\" \/><input type=\"hidden\" name=\"_wpcf7_version\" value=\"6.1.5\" \/><input type=\"hidden\" name=\"_wpcf7_locale\" value=\"it_IT\" \/><input type=\"hidden\" name=\"_wpcf7_unit_tag\" value=\"wpcf7-f6-o1\" \/><input type=\"hidden\" name=\"_wpcf7_container_post\" value=\"0\" \/><input type=\"hidden\" name=\"_wpcf7_posted_data_hash\" value=\"\" \/>\n<\/fieldset>\n<p><label> Nome e Cognome (*)<br \/>\n<span class=\"wpcf7-form-control-wrap\" data-name=\"nome\"><input size=\"40\" maxlength=\"400\" class=\"wpcf7-form-control wpcf7-text wpcf7-validates-as-required\" aria-required=\"true\" aria-invalid=\"false\" value=\"\" type=\"text\" name=\"nome\" \/><\/span> <\/label>\n<\/p>\n<p><label> Telefono (*)<br \/>\n<span class=\"wpcf7-form-control-wrap\" data-name=\"telefono\"><input size=\"40\" maxlength=\"400\" class=\"wpcf7-form-control wpcf7-text wpcf7-validates-as-required\" aria-required=\"true\" aria-invalid=\"false\" value=\"\" type=\"text\" name=\"telefono\" \/><\/span> <\/label>\n<\/p>\n<p><label> Email (*)<br \/>\n<span class=\"wpcf7-form-control-wrap\" data-name=\"your-email\"><input size=\"40\" maxlength=\"400\" class=\"wpcf7-form-control wpcf7-text wpcf7-validates-as-required\" aria-required=\"true\" aria-invalid=\"false\" value=\"\" type=\"text\" name=\"your-email\" \/><\/span> <\/label>\n<\/p>\n<p><label> Il tuo messaggio (*)<br \/>\n<span class=\"wpcf7-form-control-wrap\" data-name=\"your-message\"><input size=\"40\" maxlength=\"400\" class=\"wpcf7-form-control wpcf7-text wpcf7-validates-as-required\" aria-required=\"true\" aria-invalid=\"false\" value=\"\" type=\"text\" name=\"your-message\" \/><\/span> <\/label>\n<\/p>\n<p><label>Cliccando il pulsante \"Invia\" autorizzi il trattamento dei tuoi dati personali ai sensi del D.Lgs 196\/2003<\/label><br \/>\n<input class=\"wpcf7-form-control wpcf7-submit has-spinner\" type=\"submit\" value=\"Invia\" \/>\n<\/p><p style=\"display: none !important;\" class=\"akismet-fields-container\" data-prefix=\"_wpcf7_ak_\"><label>&#916;<textarea name=\"_wpcf7_ak_hp_textarea\" cols=\"45\" rows=\"8\" maxlength=\"100\"><\/textarea><\/label><input type=\"hidden\" id=\"ak_js_1\" name=\"_wpcf7_ak_js\" value=\"248\"\/><script>document.getElementById( \"ak_js_1\" ).setAttribute( \"value\", ( new Date() ).getTime() );<\/script><\/p><div class=\"wpcf7-response-output\" aria-hidden=\"true\"><\/div>\n<\/form>\n<\/div>\n\r\n\r\n[\/vc_column_text][\/vc_column][\/vc_row]<!-- \/wp:post-content -->","protected":false},"excerpt":{"rendered":"<p>[vc_row][vc_column][vc_column_text] [\/vc_column_text][\/vc_column][\/vc_row][vc_row css=&#8220;.vc_custom_1663920012423{background-position: center !important;background-repeat: no-repeat !important;background-size: cover !important;}&#8220;][vc_column][vc_column_text] Willkommen im Hotel Rosa *** in Vigo di Fassa Erleben Sie einen Urlaub in den Dolomiten des Trentino [\/vc_column_text][\/vc_column][\/vc_row][vc_row css=&#8220;.vc_custom_1663920012423{background-position: center !important;background-repeat: no-repeat !important;background-size: cover !important;}&#8220;][vc_column width=&#8220;1\/2&#8243;][vc_column_text] Majest\u00e4tische Landschaften, atemberaubende Panoramen und Gebiete von unermesslichem naturalistischem Wert umgeben das Hotel Rosa in Vigo di Fassa, das [&hellip;]<\/p>\n","protected":false},"author":1,"featured_media":0,"parent":0,"menu_order":0,"comment_status":"closed","ping_status":"open","template":"","meta":{"_acf_changed":false,"footnotes":""},"class_list":["post-2514","page","type-page","status-publish","hentry"],"acf":[],"yoast_head":"<!-- This site is optimized with the Yoast SEO plugin v27.4 - https:\/\/yoast.com\/product\/yoast-seo-wordpress\/ -->\n<title>Hotels in Vigo di Fassa Hotel Vigo di Fassa<\/title>\n<meta name=\"description\" content=\"Das Hotel Rosa befindet sich in Vigo di Fassa, mit Blick auf das sch\u00f6ne Fassatal, umgeben von den Dolomiten.\" \/>\n<meta name=\"robots\" content=\"index, follow, max-snippet:-1, max-image-preview:large, max-video-preview:-1\" \/>\n<link rel=\"canonical\" href=\"https:\/\/hotelrosa.biz\/de\/\" \/>\n<meta property=\"og:locale\" content=\"de_DE\" \/>\n<meta property=\"og:type\" content=\"article\" \/>\n<meta property=\"og:title\" content=\"Hotels in Vigo di Fassa Hotel Vigo di Fassa\" \/>\n<meta property=\"og:description\" content=\"Das Hotel Rosa befindet sich in Vigo di Fassa, mit Blick auf das sch\u00f6ne Fassatal, umgeben von den Dolomiten.\" \/>\n<meta property=\"og:url\" content=\"https:\/\/hotelrosa.biz\/de\/\" \/>\n<meta property=\"article:modified_time\" content=\"2025-07-26T07:33:37+00:00\" \/>\n<meta name=\"twitter:card\" content=\"summary_large_image\" \/>\n<meta name=\"twitter:label1\" content=\"Gesch\u00e4tzte Lesezeit\" \/>\n\t<meta name=\"twitter:data1\" content=\"9\u00a0Minuten\" \/>\n<script type=\"application\/ld+json\" class=\"yoast-schema-graph\">{\"@context\":\"https:\\\/\\\/schema.org\",\"@graph\":[{\"@type\":\"WebPage\",\"@id\":\"https:\\\/\\\/hotelrosa.biz\\\/de\\\/\",\"url\":\"https:\\\/\\\/hotelrosa.biz\\\/de\\\/\",\"name\":\"Hotels in Vigo di Fassa Hotel Vigo di Fassa\",\"isPartOf\":{\"@id\":\"https:\\\/\\\/hotelrosa.biz\\\/#website\"},\"datePublished\":\"2022-08-27T07:51:33+00:00\",\"dateModified\":\"2025-07-26T07:33:37+00:00\",\"description\":\"Das Hotel Rosa befindet sich in Vigo di Fassa, mit Blick auf das sch\u00f6ne Fassatal, umgeben von den Dolomiten.\",\"breadcrumb\":{\"@id\":\"https:\\\/\\\/hotelrosa.biz\\\/de\\\/#breadcrumb\"},\"inLanguage\":\"de\",\"potentialAction\":[{\"@type\":\"ReadAction\",\"target\":[\"https:\\\/\\\/hotelrosa.biz\\\/de\\\/\"]}]},{\"@type\":\"BreadcrumbList\",\"@id\":\"https:\\\/\\\/hotelrosa.biz\\\/de\\\/#breadcrumb\",\"itemListElement\":[{\"@type\":\"ListItem\",\"position\":1,\"name\":\"Home\",\"item\":\"https:\\\/\\\/hotelrosa.biz\\\/de\\\/\"},{\"@type\":\"ListItem\",\"position\":2,\"name\":\"Home\"}]},{\"@type\":\"WebSite\",\"@id\":\"https:\\\/\\\/hotelrosa.biz\\\/#website\",\"url\":\"https:\\\/\\\/hotelrosa.biz\\\/\",\"name\":\"\",\"description\":\"\",\"potentialAction\":[{\"@type\":\"SearchAction\",\"target\":{\"@type\":\"EntryPoint\",\"urlTemplate\":\"https:\\\/\\\/hotelrosa.biz\\\/?s={search_term_string}\"},\"query-input\":{\"@type\":\"PropertyValueSpecification\",\"valueRequired\":true,\"valueName\":\"search_term_string\"}}],\"inLanguage\":\"de\"}]}<\/script>\n<!-- \/ Yoast SEO plugin. -->","yoast_head_json":{"title":"Hotels in Vigo di Fassa Hotel Vigo di Fassa","description":"Das Hotel Rosa befindet sich in Vigo di Fassa, mit Blick auf das sch\u00f6ne Fassatal, umgeben von den Dolomiten.","robots":{"index":"index","follow":"follow","max-snippet":"max-snippet:-1","max-image-preview":"max-image-preview:large","max-video-preview":"max-video-preview:-1"},"canonical":"https:\/\/hotelrosa.biz\/de\/","og_locale":"de_DE","og_type":"article","og_title":"Hotels in Vigo di Fassa Hotel Vigo di Fassa","og_description":"Das Hotel Rosa befindet sich in Vigo di Fassa, mit Blick auf das sch\u00f6ne Fassatal, umgeben von den Dolomiten.","og_url":"https:\/\/hotelrosa.biz\/de\/","article_modified_time":"2025-07-26T07:33:37+00:00","twitter_card":"summary_large_image","twitter_misc":{"Gesch\u00e4tzte Lesezeit":"9\u00a0Minuten"},"schema":{"@context":"https:\/\/schema.org","@graph":[{"@type":"WebPage","@id":"https:\/\/hotelrosa.biz\/de\/","url":"https:\/\/hotelrosa.biz\/de\/","name":"Hotels in Vigo di Fassa Hotel Vigo di Fassa","isPartOf":{"@id":"https:\/\/hotelrosa.biz\/#website"},"datePublished":"2022-08-27T07:51:33+00:00","dateModified":"2025-07-26T07:33:37+00:00","description":"Das Hotel Rosa befindet sich in Vigo di Fassa, mit Blick auf das sch\u00f6ne Fassatal, umgeben von den Dolomiten.","breadcrumb":{"@id":"https:\/\/hotelrosa.biz\/de\/#breadcrumb"},"inLanguage":"de","potentialAction":[{"@type":"ReadAction","target":["https:\/\/hotelrosa.biz\/de\/"]}]},{"@type":"BreadcrumbList","@id":"https:\/\/hotelrosa.biz\/de\/#breadcrumb","itemListElement":[{"@type":"ListItem","position":1,"name":"Home","item":"https:\/\/hotelrosa.biz\/de\/"},{"@type":"ListItem","position":2,"name":"Home"}]},{"@type":"WebSite","@id":"https:\/\/hotelrosa.biz\/#website","url":"https:\/\/hotelrosa.biz\/","name":"","description":"","potentialAction":[{"@type":"SearchAction","target":{"@type":"EntryPoint","urlTemplate":"https:\/\/hotelrosa.biz\/?s={search_term_string}"},"query-input":{"@type":"PropertyValueSpecification","valueRequired":true,"valueName":"search_term_string"}}],"inLanguage":"de"}]}},"_links":{"self":[{"href":"https:\/\/hotelrosa.biz\/de\/wp-json\/wp\/v2\/pages\/2514\/"}],"collection":[{"href":"https:\/\/hotelrosa.biz\/de\/wp-json\/wp\/v2\/pages\/"}],"about":[{"href":"https:\/\/hotelrosa.biz\/de\/wp-json\/wp\/v2\/types\/page\/"}],"author":[{"embeddable":true,"href":"https:\/\/hotelrosa.biz\/de\/wp-json\/wp\/v2\/users\/1\/"}],"replies":[{"embeddable":true,"href":"https:\/\/hotelrosa.biz\/de\/wp-json\/wp\/v2\/comments\/?post=2514"}],"version-history":[{"count":20,"href":"https:\/\/hotelrosa.biz\/de\/wp-json\/wp\/v2\/pages\/2514\/revisions\/"}],"predecessor-version":[{"id":6952,"href":"https:\/\/hotelrosa.biz\/de\/wp-json\/wp\/v2\/pages\/2514\/revisions\/6952\/"}],"wp:attachment":[{"href":"https:\/\/hotelrosa.biz\/de\/wp-json\/wp\/v2\/media\/?parent=2514"}],"curies":[{"name":"wp","href":"https:\/\/api.w.org\/{rel}","templated":true}]}}